{"id":1430,"date":"2025-06-13T14:32:32","date_gmt":"2025-06-13T13:32:32","guid":{"rendered":"https:\/\/darkorange-jay-383513.hostingersite.com\/?post_type=product&#038;p=1430"},"modified":"2025-10-02T12:33:56","modified_gmt":"2025-10-02T11:33:56","slug":"polywedge-toende-fade-plast-plombe","status":"publish","type":"product","link":"https:\/\/tyden.dk\/sv\/polywedge-toende-fade-plast-plombe\/","title":{"rendered":"Polywedge - plastf\u00f6rsegling f\u00f6r fat\/trummor"},"content":{"rendered":"<p>Enkel installation och n\u00e4r cylinderbandet \u00f6ppnas bryts f\u00f6rseglingen automatiskt.<br \/>\nPolywedge finns i 8 olika f\u00e4rger.<\/p>","protected":false},"excerpt":{"rendered":"<p>Plastt\u00e4tningen Polywedge \u00e4r en enkel, okomplicerad t\u00e4tning som uteslutande anv\u00e4nds f\u00f6r t\u00e4tning av fat\/fat.<\/p>","protected":false},"featured_media":1432,"comment_status":"open","ping_status":"closed","template":"","meta":[],"product_brand":[],"product_cat":[37],"product_tag":[],"class_list":{"0":"post-1430","1":"product","2":"type-product","3":"status-publish","4":"has-post-thumbnail","6":"product_cat-plastplomber","8":"first","9":"instock","10":"shipping-taxable","11":"product-type-simple"},"yoast_head":"<!-- This site is optimized with the Yoast SEO plugin v27.1.1 - https:\/\/yoast.com\/product\/yoast-seo-wordpress\/ -->\n<title>Polywedge - t\u00f8nde \/ fade plast plombe - Tyden<\/title>\n<meta name=\"robots\" content=\"index, follow, max-snippet:-1, max-image-preview:large, max-video-preview:-1\" \/>\n<link rel=\"canonical\" href=\"https:\/\/tyden.dk\/sv\/polywedge-toende-fade-plast-plombe\/\" \/>\n<meta property=\"og:locale\" content=\"sv_SE\" \/>\n<meta property=\"og:type\" content=\"article\" \/>\n<meta property=\"og:title\" content=\"Polywedge - t\u00f8nde \/ fade plast plombe - Tyden\" \/>\n<meta property=\"og:description\" content=\"Polywedge plast plombe er en simpel, enkel plombe, eksklusiv til brug for plombering af t\u00f8nder \/ fade.\" \/>\n<meta property=\"og:url\" content=\"https:\/\/tyden.dk\/sv\/polywedge-toende-fade-plast-plombe\/\" \/>\n<meta property=\"og:site_name\" content=\"Tyden\" \/>\n<meta property=\"article:publisher\" content=\"https:\/\/www.facebook.com\/www.tyden.dk\/\" \/>\n<meta property=\"article:modified_time\" content=\"2025-10-02T11:33:56+00:00\" \/>\n<meta property=\"og:image\" content=\"https:\/\/tyden.dk\/wp-content\/uploads\/2025\/06\/polywedge-2_1828-e1749821546120.jpg\" \/>\n\t<meta property=\"og:image:width\" content=\"178\" \/>\n\t<meta property=\"og:image:height\" content=\"178\" \/>\n\t<meta property=\"og:image:type\" content=\"image\/jpeg\" \/>\n<meta name=\"twitter:card\" content=\"summary_large_image\" \/>\n<meta name=\"twitter:label1\" content=\"Ber\u00e4knad l\u00e4stid\" \/>\n\t<meta name=\"twitter:data1\" content=\"1 minut\" \/>\n<script type=\"application\/ld+json\" class=\"yoast-schema-graph\">{\"@context\":\"https:\/\/schema.org\",\"@graph\":[{\"@type\":\"WebPage\",\"@id\":\"https:\/\/tyden.dk\/sv\/polywedge-toende-fade-plast-plombe\/\",\"url\":\"https:\/\/tyden.dk\/sv\/polywedge-toende-fade-plast-plombe\/\",\"name\":\"Polywedge - t\u00f8nde \/ fade plast plombe - Tyden\",\"isPartOf\":{\"@id\":\"https:\/\/tyden.dk\/sv\/#website\"},\"primaryImageOfPage\":{\"@id\":\"https:\/\/tyden.dk\/sv\/polywedge-toende-fade-plast-plombe\/#primaryimage\"},\"image\":{\"@id\":\"https:\/\/tyden.dk\/sv\/polywedge-toende-fade-plast-plombe\/#primaryimage\"},\"thumbnailUrl\":\"https:\/\/tyden.dk\/wp-content\/uploads\/2025\/06\/polywedge-2_1828-e1749821546120.jpg\",\"datePublished\":\"2025-06-13T13:32:32+00:00\",\"dateModified\":\"2025-10-02T11:33:56+00:00\",\"breadcrumb\":{\"@id\":\"https:\/\/tyden.dk\/sv\/polywedge-toende-fade-plast-plombe\/#breadcrumb\"},\"inLanguage\":\"sv-SE\",\"potentialAction\":[{\"@type\":\"ReadAction\",\"target\":[\"https:\/\/tyden.dk\/sv\/polywedge-toende-fade-plast-plombe\/\"]}]},{\"@type\":\"ImageObject\",\"inLanguage\":\"sv-SE\",\"@id\":\"https:\/\/tyden.dk\/sv\/polywedge-toende-fade-plast-plombe\/#primaryimage\",\"url\":\"https:\/\/tyden.dk\/wp-content\/uploads\/2025\/06\/polywedge-2_1828-e1749821546120.jpg\",\"contentUrl\":\"https:\/\/tyden.dk\/wp-content\/uploads\/2025\/06\/polywedge-2_1828-e1749821546120.jpg\",\"width\":178,\"height\":178},{\"@type\":\"BreadcrumbList\",\"@id\":\"https:\/\/tyden.dk\/sv\/polywedge-toende-fade-plast-plombe\/#breadcrumb\",\"itemListElement\":[{\"@type\":\"ListItem\",\"position\":1,\"name\":\"Hjem\",\"item\":\"https:\/\/tyden.dk\/\"},{\"@type\":\"ListItem\",\"position\":2,\"name\":\"Varer\",\"item\":\"https:\/\/tyden.dk\/shop\/\"},{\"@type\":\"ListItem\",\"position\":3,\"name\":\"Polywedge &#8211; t\u00f8nde \/ fade plast plombe\"}]},{\"@type\":\"WebSite\",\"@id\":\"https:\/\/tyden.dk\/sv\/#website\",\"url\":\"https:\/\/tyden.dk\/sv\/\",\"name\":\"Tyden\",\"description\":\"\",\"publisher\":{\"@id\":\"https:\/\/tyden.dk\/sv\/#organization\"},\"potentialAction\":[{\"@type\":\"SearchAction\",\"target\":{\"@type\":\"EntryPoint\",\"urlTemplate\":\"https:\/\/tyden.dk\/sv\/?s={search_term_string}\"},\"query-input\":{\"@type\":\"PropertyValueSpecification\",\"valueRequired\":true,\"valueName\":\"search_term_string\"}}],\"inLanguage\":\"sv-SE\"},{\"@type\":\"Organization\",\"@id\":\"https:\/\/tyden.dk\/sv\/#organization\",\"name\":\"Tyden\",\"url\":\"https:\/\/tyden.dk\/sv\/\",\"logo\":{\"@type\":\"ImageObject\",\"inLanguage\":\"sv-SE\",\"@id\":\"https:\/\/tyden.dk\/sv\/#\/schema\/logo\/image\/\",\"url\":\"https:\/\/tyden.dk\/wp-content\/uploads\/2025\/05\/logo_3_2_4286.png\",\"contentUrl\":\"https:\/\/tyden.dk\/wp-content\/uploads\/2025\/05\/logo_3_2_4286.png\",\"width\":341,\"height\":80,\"caption\":\"Tyden\"},\"image\":{\"@id\":\"https:\/\/tyden.dk\/sv\/#\/schema\/logo\/image\/\"},\"sameAs\":[\"https:\/\/www.facebook.com\/www.tyden.dk\/\"]}]}<\/script>\n<!-- \/ Yoast SEO plugin. -->","yoast_head_json":{"title":"Polywedge - plastf\u00f6rsegling f\u00f6r fat\/trummor - Tyden","robots":{"index":"index","follow":"follow","max-snippet":"max-snippet:-1","max-image-preview":"max-image-preview:large","max-video-preview":"max-video-preview:-1"},"canonical":"https:\/\/tyden.dk\/sv\/polywedge-toende-fade-plast-plombe\/","og_locale":"sv_SE","og_type":"article","og_title":"Polywedge - t\u00f8nde \/ fade plast plombe - Tyden","og_description":"Polywedge plast plombe er en simpel, enkel plombe, eksklusiv til brug for plombering af t\u00f8nder \/ fade.","og_url":"https:\/\/tyden.dk\/sv\/polywedge-toende-fade-plast-plombe\/","og_site_name":"Tyden","article_publisher":"https:\/\/www.facebook.com\/www.tyden.dk\/","article_modified_time":"2025-10-02T11:33:56+00:00","og_image":[{"width":178,"height":178,"url":"https:\/\/tyden.dk\/wp-content\/uploads\/2025\/06\/polywedge-2_1828-e1749821546120.jpg","type":"image\/jpeg"}],"twitter_card":"summary_large_image","twitter_misc":{"Ber\u00e4knad l\u00e4stid":"1 minut"},"schema":{"@context":"https:\/\/schema.org","@graph":[{"@type":"WebPage","@id":"https:\/\/tyden.dk\/sv\/polywedge-toende-fade-plast-plombe\/","url":"https:\/\/tyden.dk\/sv\/polywedge-toende-fade-plast-plombe\/","name":"Polywedge - plastf\u00f6rsegling f\u00f6r fat\/trummor - Tyden","isPartOf":{"@id":"https:\/\/tyden.dk\/sv\/#website"},"primaryImageOfPage":{"@id":"https:\/\/tyden.dk\/sv\/polywedge-toende-fade-plast-plombe\/#primaryimage"},"image":{"@id":"https:\/\/tyden.dk\/sv\/polywedge-toende-fade-plast-plombe\/#primaryimage"},"thumbnailUrl":"https:\/\/tyden.dk\/wp-content\/uploads\/2025\/06\/polywedge-2_1828-e1749821546120.jpg","datePublished":"2025-06-13T13:32:32+00:00","dateModified":"2025-10-02T11:33:56+00:00","breadcrumb":{"@id":"https:\/\/tyden.dk\/sv\/polywedge-toende-fade-plast-plombe\/#breadcrumb"},"inLanguage":"sv-SE","potentialAction":[{"@type":"ReadAction","target":["https:\/\/tyden.dk\/sv\/polywedge-toende-fade-plast-plombe\/"]}]},{"@type":"ImageObject","inLanguage":"sv-SE","@id":"https:\/\/tyden.dk\/sv\/polywedge-toende-fade-plast-plombe\/#primaryimage","url":"https:\/\/tyden.dk\/wp-content\/uploads\/2025\/06\/polywedge-2_1828-e1749821546120.jpg","contentUrl":"https:\/\/tyden.dk\/wp-content\/uploads\/2025\/06\/polywedge-2_1828-e1749821546120.jpg","width":178,"height":178},{"@type":"BreadcrumbList","@id":"https:\/\/tyden.dk\/sv\/polywedge-toende-fade-plast-plombe\/#breadcrumb","itemListElement":[{"@type":"ListItem","position":1,"name":"Hjem","item":"https:\/\/tyden.dk\/"},{"@type":"ListItem","position":2,"name":"Varer","item":"https:\/\/tyden.dk\/shop\/"},{"@type":"ListItem","position":3,"name":"Polywedge &#8211; t\u00f8nde \/ fade plast plombe"}]},{"@type":"WebSite","@id":"https:\/\/tyden.dk\/sv\/#website","url":"https:\/\/tyden.dk\/sv\/","name":"Tyden","description":"","publisher":{"@id":"https:\/\/tyden.dk\/sv\/#organization"},"potentialAction":[{"@type":"SearchAction","target":{"@type":"EntryPoint","urlTemplate":"https:\/\/tyden.dk\/sv\/?s={search_term_string}"},"query-input":{"@type":"PropertyValueSpecification","valueRequired":true,"valueName":"search_term_string"}}],"inLanguage":"sv-SE"},{"@type":"Organization","@id":"https:\/\/tyden.dk\/sv\/#organization","name":"Tyden","url":"https:\/\/tyden.dk\/sv\/","logo":{"@type":"ImageObject","inLanguage":"sv-SE","@id":"https:\/\/tyden.dk\/sv\/#\/schema\/logo\/image\/","url":"https:\/\/tyden.dk\/wp-content\/uploads\/2025\/05\/logo_3_2_4286.png","contentUrl":"https:\/\/tyden.dk\/wp-content\/uploads\/2025\/05\/logo_3_2_4286.png","width":341,"height":80,"caption":"Tyden"},"image":{"@id":"https:\/\/tyden.dk\/sv\/#\/schema\/logo\/image\/"},"sameAs":["https:\/\/www.facebook.com\/www.tyden.dk\/"]}]}},"_links":{"self":[{"href":"https:\/\/tyden.dk\/sv\/wp-json\/wp\/v2\/product\/1430","targetHints":{"allow":["GET"]}}],"collection":[{"href":"https:\/\/tyden.dk\/sv\/wp-json\/wp\/v2\/product"}],"about":[{"href":"https:\/\/tyden.dk\/sv\/wp-json\/wp\/v2\/types\/product"}],"replies":[{"embeddable":true,"href":"https:\/\/tyden.dk\/sv\/wp-json\/wp\/v2\/comments?post=1430"}],"wp:featuredmedia":[{"embeddable":true,"href":"https:\/\/tyden.dk\/sv\/wp-json\/wp\/v2\/media\/1432"}],"wp:attachment":[{"href":"https:\/\/tyden.dk\/sv\/wp-json\/wp\/v2\/media?parent=1430"}],"wp:term":[{"taxonomy":"product_brand","embeddable":true,"href":"https:\/\/tyden.dk\/sv\/wp-json\/wp\/v2\/product_brand?post=1430"},{"taxonomy":"product_cat","embeddable":true,"href":"https:\/\/tyden.dk\/sv\/wp-json\/wp\/v2\/product_cat?post=1430"},{"taxonomy":"product_tag","embeddable":true,"href":"https:\/\/tyden.dk\/sv\/wp-json\/wp\/v2\/product_tag?post=1430"}],"curies":[{"name":"wp","href":"https:\/\/api.w.org\/{rel}","templated":true}]}}