{"id":1417,"date":"2025-06-13T14:20:00","date_gmt":"2025-06-13T13:20:00","guid":{"rendered":"https:\/\/darkorange-jay-383513.hostingersite.com\/?post_type=product&#038;p=1417"},"modified":"2025-10-29T09:03:50","modified_gmt":"2025-10-29T08:03:50","slug":"cralu-rullforseglingar-tatningstaang","status":"publish","type":"product","link":"https:\/\/tyden.dk\/sv\/cralu-rullforseglingar-tatningstaang\/","title":{"rendered":"Cralu rullf\u00f6rseglingar &amp; rullf\u00f6rseglingst\u00e4nger"},"content":{"rendered":"<p>F\u00f6r att st\u00e4nga Cralu-rullt\u00e4tningen beh\u00f6ver du en t\u00e5ng f\u00f6r rullt\u00e4tning, som vi ocks\u00e5 har i v\u00e5rt sortiment.<\/p>\n<p>Cralu finns i antingen rund eller rektangul\u00e4r form.<br \/>\nse datablad<br \/>\nRoll seal-t\u00e4nger kan pr\u00e4glas med upp till max. 7 tecken i matrisen.<\/p>","protected":false},"excerpt":{"rendered":"<p>Cralu rullt\u00e4tningar \u00e4r tillverkade av aluminium och kan anv\u00e4ndas f\u00f6r m\u00e5nga olika applikationer.<\/p>","protected":false},"featured_media":1419,"comment_status":"open","ping_status":"closed","template":"","meta":[],"product_brand":[],"product_cat":[41],"product_tag":[],"class_list":{"0":"post-1417","1":"product","2":"type-product","3":"status-publish","4":"has-post-thumbnail","6":"product_cat-haandlukke-rulleplomber-9-mm-oe","8":"first","9":"instock","10":"shipping-taxable","11":"product-type-simple"},"yoast_head":"<!-- This site is optimized with the Yoast SEO plugin v27.1.1 - https:\/\/yoast.com\/product\/yoast-seo-wordpress\/ -->\n<title>Cralu rulleplomber &amp; rulle plombetang - Tyden<\/title>\n<meta name=\"robots\" content=\"index, follow, max-snippet:-1, max-image-preview:large, max-video-preview:-1\" \/>\n<link rel=\"canonical\" href=\"https:\/\/tyden.dk\/sv\/cralu-rullforseglingar-tatningstaang\/\" \/>\n<meta property=\"og:locale\" content=\"sv_SE\" \/>\n<meta property=\"og:type\" content=\"article\" \/>\n<meta property=\"og:title\" content=\"Cralu rulleplomber &amp; rulle plombetang - Tyden\" \/>\n<meta property=\"og:description\" content=\"Cralu rulleplombe er fremstillet i aluminium, og kan anvendes til mange forskellige applikationer.\" \/>\n<meta property=\"og:url\" content=\"https:\/\/tyden.dk\/sv\/cralu-rullforseglingar-tatningstaang\/\" \/>\n<meta property=\"og:site_name\" content=\"Tyden\" \/>\n<meta property=\"article:publisher\" content=\"https:\/\/www.facebook.com\/www.tyden.dk\/\" \/>\n<meta property=\"article:modified_time\" content=\"2025-10-29T08:03:50+00:00\" \/>\n<meta property=\"og:image\" content=\"https:\/\/tyden.dk\/wp-content\/uploads\/2025\/06\/cralu-2_1757-e1749820793824.jpg\" \/>\n\t<meta property=\"og:image:width\" content=\"209\" \/>\n\t<meta property=\"og:image:height\" content=\"207\" \/>\n\t<meta property=\"og:image:type\" content=\"image\/jpeg\" \/>\n<meta name=\"twitter:card\" content=\"summary_large_image\" \/>\n<meta name=\"twitter:label1\" content=\"Ber\u00e4knad l\u00e4stid\" \/>\n\t<meta name=\"twitter:data1\" content=\"1 minut\" \/>\n<script type=\"application\/ld+json\" class=\"yoast-schema-graph\">{\"@context\":\"https:\/\/schema.org\",\"@graph\":[{\"@type\":\"WebPage\",\"@id\":\"https:\/\/tyden.dk\/sv\/cralu-rullforseglingar-tatningstaang\/\",\"url\":\"https:\/\/tyden.dk\/sv\/cralu-rullforseglingar-tatningstaang\/\",\"name\":\"Cralu rulleplomber & rulle plombetang - Tyden\",\"isPartOf\":{\"@id\":\"https:\/\/tyden.dk\/sv\/#website\"},\"primaryImageOfPage\":{\"@id\":\"https:\/\/tyden.dk\/sv\/cralu-rullforseglingar-tatningstaang\/#primaryimage\"},\"image\":{\"@id\":\"https:\/\/tyden.dk\/sv\/cralu-rullforseglingar-tatningstaang\/#primaryimage\"},\"thumbnailUrl\":\"https:\/\/tyden.dk\/wp-content\/uploads\/2025\/06\/cralu-2_1757-e1749820793824.jpg\",\"datePublished\":\"2025-06-13T13:20:00+00:00\",\"dateModified\":\"2025-10-29T08:03:50+00:00\",\"breadcrumb\":{\"@id\":\"https:\/\/tyden.dk\/sv\/cralu-rullforseglingar-tatningstaang\/#breadcrumb\"},\"inLanguage\":\"sv-SE\",\"potentialAction\":[{\"@type\":\"ReadAction\",\"target\":[\"https:\/\/tyden.dk\/sv\/cralu-rullforseglingar-tatningstaang\/\"]}]},{\"@type\":\"ImageObject\",\"inLanguage\":\"sv-SE\",\"@id\":\"https:\/\/tyden.dk\/sv\/cralu-rullforseglingar-tatningstaang\/#primaryimage\",\"url\":\"https:\/\/tyden.dk\/wp-content\/uploads\/2025\/06\/cralu-2_1757-e1749820793824.jpg\",\"contentUrl\":\"https:\/\/tyden.dk\/wp-content\/uploads\/2025\/06\/cralu-2_1757-e1749820793824.jpg\",\"width\":209,\"height\":207},{\"@type\":\"BreadcrumbList\",\"@id\":\"https:\/\/tyden.dk\/sv\/cralu-rullforseglingar-tatningstaang\/#breadcrumb\",\"itemListElement\":[{\"@type\":\"ListItem\",\"position\":1,\"name\":\"Hjem\",\"item\":\"https:\/\/tyden.dk\/\"},{\"@type\":\"ListItem\",\"position\":2,\"name\":\"Varer\",\"item\":\"https:\/\/tyden.dk\/shop\/\"},{\"@type\":\"ListItem\",\"position\":3,\"name\":\"Cralu rulleplomber &#038; rulle plombetang\"}]},{\"@type\":\"WebSite\",\"@id\":\"https:\/\/tyden.dk\/sv\/#website\",\"url\":\"https:\/\/tyden.dk\/sv\/\",\"name\":\"Tyden\",\"description\":\"\",\"publisher\":{\"@id\":\"https:\/\/tyden.dk\/sv\/#organization\"},\"potentialAction\":[{\"@type\":\"SearchAction\",\"target\":{\"@type\":\"EntryPoint\",\"urlTemplate\":\"https:\/\/tyden.dk\/sv\/?s={search_term_string}\"},\"query-input\":{\"@type\":\"PropertyValueSpecification\",\"valueRequired\":true,\"valueName\":\"search_term_string\"}}],\"inLanguage\":\"sv-SE\"},{\"@type\":\"Organization\",\"@id\":\"https:\/\/tyden.dk\/sv\/#organization\",\"name\":\"Tyden\",\"url\":\"https:\/\/tyden.dk\/sv\/\",\"logo\":{\"@type\":\"ImageObject\",\"inLanguage\":\"sv-SE\",\"@id\":\"https:\/\/tyden.dk\/sv\/#\/schema\/logo\/image\/\",\"url\":\"https:\/\/tyden.dk\/wp-content\/uploads\/2025\/05\/logo_3_2_4286.png\",\"contentUrl\":\"https:\/\/tyden.dk\/wp-content\/uploads\/2025\/05\/logo_3_2_4286.png\",\"width\":341,\"height\":80,\"caption\":\"Tyden\"},\"image\":{\"@id\":\"https:\/\/tyden.dk\/sv\/#\/schema\/logo\/image\/\"},\"sameAs\":[\"https:\/\/www.facebook.com\/www.tyden.dk\/\"]}]}<\/script>\n<!-- \/ Yoast SEO plugin. -->","yoast_head_json":{"title":"Cralu rullf\u00f6rseglingar &amp; t\u00e4nger f\u00f6r rullf\u00f6rsegling - Tyden","robots":{"index":"index","follow":"follow","max-snippet":"max-snippet:-1","max-image-preview":"max-image-preview:large","max-video-preview":"max-video-preview:-1"},"canonical":"https:\/\/tyden.dk\/sv\/cralu-rullforseglingar-tatningstaang\/","og_locale":"sv_SE","og_type":"article","og_title":"Cralu rulleplomber & rulle plombetang - Tyden","og_description":"Cralu rulleplombe er fremstillet i aluminium, og kan anvendes til mange forskellige applikationer.","og_url":"https:\/\/tyden.dk\/sv\/cralu-rullforseglingar-tatningstaang\/","og_site_name":"Tyden","article_publisher":"https:\/\/www.facebook.com\/www.tyden.dk\/","article_modified_time":"2025-10-29T08:03:50+00:00","og_image":[{"width":209,"height":207,"url":"https:\/\/tyden.dk\/wp-content\/uploads\/2025\/06\/cralu-2_1757-e1749820793824.jpg","type":"image\/jpeg"}],"twitter_card":"summary_large_image","twitter_misc":{"Ber\u00e4knad l\u00e4stid":"1 minut"},"schema":{"@context":"https:\/\/schema.org","@graph":[{"@type":"WebPage","@id":"https:\/\/tyden.dk\/sv\/cralu-rullforseglingar-tatningstaang\/","url":"https:\/\/tyden.dk\/sv\/cralu-rullforseglingar-tatningstaang\/","name":"Cralu rullf\u00f6rseglingar &amp; t\u00e4nger f\u00f6r rullf\u00f6rsegling - Tyden","isPartOf":{"@id":"https:\/\/tyden.dk\/sv\/#website"},"primaryImageOfPage":{"@id":"https:\/\/tyden.dk\/sv\/cralu-rullforseglingar-tatningstaang\/#primaryimage"},"image":{"@id":"https:\/\/tyden.dk\/sv\/cralu-rullforseglingar-tatningstaang\/#primaryimage"},"thumbnailUrl":"https:\/\/tyden.dk\/wp-content\/uploads\/2025\/06\/cralu-2_1757-e1749820793824.jpg","datePublished":"2025-06-13T13:20:00+00:00","dateModified":"2025-10-29T08:03:50+00:00","breadcrumb":{"@id":"https:\/\/tyden.dk\/sv\/cralu-rullforseglingar-tatningstaang\/#breadcrumb"},"inLanguage":"sv-SE","potentialAction":[{"@type":"ReadAction","target":["https:\/\/tyden.dk\/sv\/cralu-rullforseglingar-tatningstaang\/"]}]},{"@type":"ImageObject","inLanguage":"sv-SE","@id":"https:\/\/tyden.dk\/sv\/cralu-rullforseglingar-tatningstaang\/#primaryimage","url":"https:\/\/tyden.dk\/wp-content\/uploads\/2025\/06\/cralu-2_1757-e1749820793824.jpg","contentUrl":"https:\/\/tyden.dk\/wp-content\/uploads\/2025\/06\/cralu-2_1757-e1749820793824.jpg","width":209,"height":207},{"@type":"BreadcrumbList","@id":"https:\/\/tyden.dk\/sv\/cralu-rullforseglingar-tatningstaang\/#breadcrumb","itemListElement":[{"@type":"ListItem","position":1,"name":"Hjem","item":"https:\/\/tyden.dk\/"},{"@type":"ListItem","position":2,"name":"Varer","item":"https:\/\/tyden.dk\/shop\/"},{"@type":"ListItem","position":3,"name":"Cralu rulleplomber &#038; rulle plombetang"}]},{"@type":"WebSite","@id":"https:\/\/tyden.dk\/sv\/#website","url":"https:\/\/tyden.dk\/sv\/","name":"Tyden","description":"","publisher":{"@id":"https:\/\/tyden.dk\/sv\/#organization"},"potentialAction":[{"@type":"SearchAction","target":{"@type":"EntryPoint","urlTemplate":"https:\/\/tyden.dk\/sv\/?s={search_term_string}"},"query-input":{"@type":"PropertyValueSpecification","valueRequired":true,"valueName":"search_term_string"}}],"inLanguage":"sv-SE"},{"@type":"Organization","@id":"https:\/\/tyden.dk\/sv\/#organization","name":"Tyden","url":"https:\/\/tyden.dk\/sv\/","logo":{"@type":"ImageObject","inLanguage":"sv-SE","@id":"https:\/\/tyden.dk\/sv\/#\/schema\/logo\/image\/","url":"https:\/\/tyden.dk\/wp-content\/uploads\/2025\/05\/logo_3_2_4286.png","contentUrl":"https:\/\/tyden.dk\/wp-content\/uploads\/2025\/05\/logo_3_2_4286.png","width":341,"height":80,"caption":"Tyden"},"image":{"@id":"https:\/\/tyden.dk\/sv\/#\/schema\/logo\/image\/"},"sameAs":["https:\/\/www.facebook.com\/www.tyden.dk\/"]}]}},"_links":{"self":[{"href":"https:\/\/tyden.dk\/sv\/wp-json\/wp\/v2\/product\/1417","targetHints":{"allow":["GET"]}}],"collection":[{"href":"https:\/\/tyden.dk\/sv\/wp-json\/wp\/v2\/product"}],"about":[{"href":"https:\/\/tyden.dk\/sv\/wp-json\/wp\/v2\/types\/product"}],"replies":[{"embeddable":true,"href":"https:\/\/tyden.dk\/sv\/wp-json\/wp\/v2\/comments?post=1417"}],"wp:featuredmedia":[{"embeddable":true,"href":"https:\/\/tyden.dk\/sv\/wp-json\/wp\/v2\/media\/1419"}],"wp:attachment":[{"href":"https:\/\/tyden.dk\/sv\/wp-json\/wp\/v2\/media?parent=1417"}],"wp:term":[{"taxonomy":"product_brand","embeddable":true,"href":"https:\/\/tyden.dk\/sv\/wp-json\/wp\/v2\/product_brand?post=1417"},{"taxonomy":"product_cat","embeddable":true,"href":"https:\/\/tyden.dk\/sv\/wp-json\/wp\/v2\/product_cat?post=1417"},{"taxonomy":"product_tag","embeddable":true,"href":"https:\/\/tyden.dk\/sv\/wp-json\/wp\/v2\/product_tag?post=1417"}],"curies":[{"name":"wp","href":"https:\/\/api.w.org\/{rel}","templated":true}]}}