{"id":1412,"date":"2025-06-13T14:13:19","date_gmt":"2025-06-13T13:13:19","guid":{"rendered":"https:\/\/darkorange-jay-383513.hostingersite.com\/?post_type=product&#038;p=1412"},"modified":"2025-06-13T14:13:19","modified_gmt":"2025-06-13T13:13:19","slug":"superbult-hss-blytatning","status":"publish","type":"product","link":"https:\/\/tyden.dk\/sv\/superbult-hss-blytatning\/","title":{"rendered":"SUPERBULT HSS BLYT\u00c4TNING"},"content":{"rendered":"<p>Maximal styrka och ett f\u00f6rdelaktigt pris \u00e4r k\u00e4nnetecknen f\u00f6r detta containerbultl\u00e5s.<\/p>\n<p>Tillverkad med en kraftig st\u00e5lbult som enkelt l\u00e5ses med den medf\u00f6ljande l\u00e5skroppen i st\u00e5l.<\/p>\n<p>Denna bult i h\u00e4rdat st\u00e5l \u00e4r mycket motst\u00e5ndskraftig mot b\u00f6jning och f\u00f6rs\u00f6k att sk\u00e4ra igenom.<\/p>\n<p>Bult: SAE 1045 st\u00e5l med en h\u00e5rdhet p\u00e5 RC 40-48. V\u00e4lj mellan 15 cm eller 10 cm l\u00e4ngd. Bulthuvud \u00d8 antingen 9 mm eller 22 mm. Sn\u00e4ppl\u00e5shus: SAE 12L14 - 22 mm \u00d8.<\/p>\n<p>Lockbolt kan m\u00e4rkas med 1 till 5 tecken och upp till 6 siffror.<\/p>\n<p>Typiska anv\u00e4ndningsomr\u00e5den: Containrar \/ Lastbilar \/ J\u00e4rnv\u00e4gsvagnar.<br \/>\n(Kr\u00e4ver specialverktyg f\u00f6r borttagning fr\u00e5n programmet, se Verktyg f\u00f6r borttagning)<\/p>","protected":false},"excerpt":{"rendered":"<p>UPPFYLLER KRAVEN ENLIGT F\u00d6RESKRIFTERNA I ISO17712 MARS 2013.<\/p>","protected":false},"featured_media":1414,"comment_status":"open","ping_status":"closed","template":"","meta":[],"product_brand":[],"product_cat":[40],"product_tag":[],"class_list":{"0":"post-1412","1":"product","2":"type-product","3":"status-publish","4":"has-post-thumbnail","6":"product_cat-containerplomber","8":"first","9":"instock","10":"shipping-taxable","11":"product-type-simple"},"yoast_head":"<!-- This site is optimized with the Yoast SEO plugin v27.1.1 - https:\/\/yoast.com\/product\/yoast-seo-wordpress\/ -->\n<title>SUPER BOLT HSS PLOMBE - Tyden<\/title>\n<meta name=\"robots\" content=\"index, follow, max-snippet:-1, max-image-preview:large, max-video-preview:-1\" \/>\n<link rel=\"canonical\" href=\"https:\/\/tyden.dk\/sv\/superbult-hss-blytatning\/\" \/>\n<meta property=\"og:locale\" content=\"sv_SE\" \/>\n<meta property=\"og:type\" content=\"article\" \/>\n<meta property=\"og:title\" content=\"SUPER BOLT HSS PLOMBE - Tyden\" \/>\n<meta property=\"og:description\" content=\"OPFYLDER KRAV TIL ISO17712 MARTS 2013 REGLER.\" \/>\n<meta property=\"og:url\" content=\"https:\/\/tyden.dk\/sv\/superbult-hss-blytatning\/\" \/>\n<meta property=\"og:site_name\" content=\"Tyden\" \/>\n<meta property=\"article:publisher\" content=\"https:\/\/www.facebook.com\/www.tyden.dk\/\" \/>\n<meta property=\"og:image\" content=\"https:\/\/tyden.dk\/wp-content\/uploads\/2025\/06\/20_53-e1749820390368.jpg\" \/>\n\t<meta property=\"og:image:width\" content=\"141\" \/>\n\t<meta property=\"og:image:height\" content=\"142\" \/>\n\t<meta property=\"og:image:type\" content=\"image\/jpeg\" \/>\n<meta name=\"twitter:card\" content=\"summary_large_image\" \/>\n<meta name=\"twitter:label1\" content=\"Ber\u00e4knad l\u00e4stid\" \/>\n\t<meta name=\"twitter:data1\" content=\"1 minut\" \/>\n<script type=\"application\/ld+json\" class=\"yoast-schema-graph\">{\"@context\":\"https:\/\/schema.org\",\"@graph\":[{\"@type\":\"WebPage\",\"@id\":\"https:\/\/tyden.dk\/sv\/superbult-hss-blytatning\/\",\"url\":\"https:\/\/tyden.dk\/sv\/superbult-hss-blytatning\/\",\"name\":\"SUPER BOLT HSS PLOMBE - Tyden\",\"isPartOf\":{\"@id\":\"https:\/\/tyden.dk\/sv\/#website\"},\"primaryImageOfPage\":{\"@id\":\"https:\/\/tyden.dk\/sv\/superbult-hss-blytatning\/#primaryimage\"},\"image\":{\"@id\":\"https:\/\/tyden.dk\/sv\/superbult-hss-blytatning\/#primaryimage\"},\"thumbnailUrl\":\"https:\/\/tyden.dk\/wp-content\/uploads\/2025\/06\/20_53-e1749820390368.jpg\",\"datePublished\":\"2025-06-13T13:13:19+00:00\",\"breadcrumb\":{\"@id\":\"https:\/\/tyden.dk\/sv\/superbult-hss-blytatning\/#breadcrumb\"},\"inLanguage\":\"sv-SE\",\"potentialAction\":[{\"@type\":\"ReadAction\",\"target\":[\"https:\/\/tyden.dk\/sv\/superbult-hss-blytatning\/\"]}]},{\"@type\":\"ImageObject\",\"inLanguage\":\"sv-SE\",\"@id\":\"https:\/\/tyden.dk\/sv\/superbult-hss-blytatning\/#primaryimage\",\"url\":\"https:\/\/tyden.dk\/wp-content\/uploads\/2025\/06\/20_53-e1749820390368.jpg\",\"contentUrl\":\"https:\/\/tyden.dk\/wp-content\/uploads\/2025\/06\/20_53-e1749820390368.jpg\",\"width\":141,\"height\":142},{\"@type\":\"BreadcrumbList\",\"@id\":\"https:\/\/tyden.dk\/sv\/superbult-hss-blytatning\/#breadcrumb\",\"itemListElement\":[{\"@type\":\"ListItem\",\"position\":1,\"name\":\"Hjem\",\"item\":\"https:\/\/tyden.dk\/\"},{\"@type\":\"ListItem\",\"position\":2,\"name\":\"Varer\",\"item\":\"https:\/\/tyden.dk\/shop\/\"},{\"@type\":\"ListItem\",\"position\":3,\"name\":\"SUPER BOLT HSS PLOMBE\"}]},{\"@type\":\"WebSite\",\"@id\":\"https:\/\/tyden.dk\/sv\/#website\",\"url\":\"https:\/\/tyden.dk\/sv\/\",\"name\":\"Tyden\",\"description\":\"\",\"publisher\":{\"@id\":\"https:\/\/tyden.dk\/sv\/#organization\"},\"potentialAction\":[{\"@type\":\"SearchAction\",\"target\":{\"@type\":\"EntryPoint\",\"urlTemplate\":\"https:\/\/tyden.dk\/sv\/?s={search_term_string}\"},\"query-input\":{\"@type\":\"PropertyValueSpecification\",\"valueRequired\":true,\"valueName\":\"search_term_string\"}}],\"inLanguage\":\"sv-SE\"},{\"@type\":\"Organization\",\"@id\":\"https:\/\/tyden.dk\/sv\/#organization\",\"name\":\"Tyden\",\"url\":\"https:\/\/tyden.dk\/sv\/\",\"logo\":{\"@type\":\"ImageObject\",\"inLanguage\":\"sv-SE\",\"@id\":\"https:\/\/tyden.dk\/sv\/#\/schema\/logo\/image\/\",\"url\":\"https:\/\/tyden.dk\/wp-content\/uploads\/2025\/05\/logo_3_2_4286.png\",\"contentUrl\":\"https:\/\/tyden.dk\/wp-content\/uploads\/2025\/05\/logo_3_2_4286.png\",\"width\":341,\"height\":80,\"caption\":\"Tyden\"},\"image\":{\"@id\":\"https:\/\/tyden.dk\/sv\/#\/schema\/logo\/image\/\"},\"sameAs\":[\"https:\/\/www.facebook.com\/www.tyden.dk\/\"]}]}<\/script>\n<!-- \/ Yoast SEO plugin. -->","yoast_head_json":{"title":"SUPER BOLT HSS PLUMB - Tyden","robots":{"index":"index","follow":"follow","max-snippet":"max-snippet:-1","max-image-preview":"max-image-preview:large","max-video-preview":"max-video-preview:-1"},"canonical":"https:\/\/tyden.dk\/sv\/superbult-hss-blytatning\/","og_locale":"sv_SE","og_type":"article","og_title":"SUPER BOLT HSS PLOMBE - Tyden","og_description":"OPFYLDER KRAV TIL ISO17712 MARTS 2013 REGLER.","og_url":"https:\/\/tyden.dk\/sv\/superbult-hss-blytatning\/","og_site_name":"Tyden","article_publisher":"https:\/\/www.facebook.com\/www.tyden.dk\/","og_image":[{"width":141,"height":142,"url":"https:\/\/tyden.dk\/wp-content\/uploads\/2025\/06\/20_53-e1749820390368.jpg","type":"image\/jpeg"}],"twitter_card":"summary_large_image","twitter_misc":{"Ber\u00e4knad l\u00e4stid":"1 minut"},"schema":{"@context":"https:\/\/schema.org","@graph":[{"@type":"WebPage","@id":"https:\/\/tyden.dk\/sv\/superbult-hss-blytatning\/","url":"https:\/\/tyden.dk\/sv\/superbult-hss-blytatning\/","name":"SUPER BOLT HSS PLUMB - Tyden","isPartOf":{"@id":"https:\/\/tyden.dk\/sv\/#website"},"primaryImageOfPage":{"@id":"https:\/\/tyden.dk\/sv\/superbult-hss-blytatning\/#primaryimage"},"image":{"@id":"https:\/\/tyden.dk\/sv\/superbult-hss-blytatning\/#primaryimage"},"thumbnailUrl":"https:\/\/tyden.dk\/wp-content\/uploads\/2025\/06\/20_53-e1749820390368.jpg","datePublished":"2025-06-13T13:13:19+00:00","breadcrumb":{"@id":"https:\/\/tyden.dk\/sv\/superbult-hss-blytatning\/#breadcrumb"},"inLanguage":"sv-SE","potentialAction":[{"@type":"ReadAction","target":["https:\/\/tyden.dk\/sv\/superbult-hss-blytatning\/"]}]},{"@type":"ImageObject","inLanguage":"sv-SE","@id":"https:\/\/tyden.dk\/sv\/superbult-hss-blytatning\/#primaryimage","url":"https:\/\/tyden.dk\/wp-content\/uploads\/2025\/06\/20_53-e1749820390368.jpg","contentUrl":"https:\/\/tyden.dk\/wp-content\/uploads\/2025\/06\/20_53-e1749820390368.jpg","width":141,"height":142},{"@type":"BreadcrumbList","@id":"https:\/\/tyden.dk\/sv\/superbult-hss-blytatning\/#breadcrumb","itemListElement":[{"@type":"ListItem","position":1,"name":"Hjem","item":"https:\/\/tyden.dk\/"},{"@type":"ListItem","position":2,"name":"Varer","item":"https:\/\/tyden.dk\/shop\/"},{"@type":"ListItem","position":3,"name":"SUPER BOLT HSS PLOMBE"}]},{"@type":"WebSite","@id":"https:\/\/tyden.dk\/sv\/#website","url":"https:\/\/tyden.dk\/sv\/","name":"Tyden","description":"","publisher":{"@id":"https:\/\/tyden.dk\/sv\/#organization"},"potentialAction":[{"@type":"SearchAction","target":{"@type":"EntryPoint","urlTemplate":"https:\/\/tyden.dk\/sv\/?s={search_term_string}"},"query-input":{"@type":"PropertyValueSpecification","valueRequired":true,"valueName":"search_term_string"}}],"inLanguage":"sv-SE"},{"@type":"Organization","@id":"https:\/\/tyden.dk\/sv\/#organization","name":"Tyden","url":"https:\/\/tyden.dk\/sv\/","logo":{"@type":"ImageObject","inLanguage":"sv-SE","@id":"https:\/\/tyden.dk\/sv\/#\/schema\/logo\/image\/","url":"https:\/\/tyden.dk\/wp-content\/uploads\/2025\/05\/logo_3_2_4286.png","contentUrl":"https:\/\/tyden.dk\/wp-content\/uploads\/2025\/05\/logo_3_2_4286.png","width":341,"height":80,"caption":"Tyden"},"image":{"@id":"https:\/\/tyden.dk\/sv\/#\/schema\/logo\/image\/"},"sameAs":["https:\/\/www.facebook.com\/www.tyden.dk\/"]}]}},"_links":{"self":[{"href":"https:\/\/tyden.dk\/sv\/wp-json\/wp\/v2\/product\/1412","targetHints":{"allow":["GET"]}}],"collection":[{"href":"https:\/\/tyden.dk\/sv\/wp-json\/wp\/v2\/product"}],"about":[{"href":"https:\/\/tyden.dk\/sv\/wp-json\/wp\/v2\/types\/product"}],"replies":[{"embeddable":true,"href":"https:\/\/tyden.dk\/sv\/wp-json\/wp\/v2\/comments?post=1412"}],"wp:featuredmedia":[{"embeddable":true,"href":"https:\/\/tyden.dk\/sv\/wp-json\/wp\/v2\/media\/1414"}],"wp:attachment":[{"href":"https:\/\/tyden.dk\/sv\/wp-json\/wp\/v2\/media?parent=1412"}],"wp:term":[{"taxonomy":"product_brand","embeddable":true,"href":"https:\/\/tyden.dk\/sv\/wp-json\/wp\/v2\/product_brand?post=1412"},{"taxonomy":"product_cat","embeddable":true,"href":"https:\/\/tyden.dk\/sv\/wp-json\/wp\/v2\/product_cat?post=1412"},{"taxonomy":"product_tag","embeddable":true,"href":"https:\/\/tyden.dk\/sv\/wp-json\/wp\/v2\/product_tag?post=1412"}],"curies":[{"name":"wp","href":"https:\/\/api.w.org\/{rel}","templated":true}]}}