{"id":1383,"date":"2025-06-13T13:39:11","date_gmt":"2025-06-13T12:39:11","guid":{"rendered":"https:\/\/darkorange-jay-383513.hostingersite.com\/?post_type=product&#038;p=1383"},"modified":"2025-11-26T12:27:41","modified_gmt":"2025-11-26T11:27:41","slug":"kt-matartatning","status":"publish","type":"product","link":"https:\/\/tyden.dk\/sv\/kt-matartatning\/","title":{"rendered":"KT-Meter t\u00e4tning"},"content":{"rendered":"<p><span data-olk-copy-source=\"MessageBody\">SNABB LEVERANS , Billiga priser\u00a0<\/span><\/p>\n<p>Plomberna uppfyller kravet p\u00e5 en brottkraft mellan 20 N och 100 N enligt DS\/EN 3-7 punkt 10.3 och kan d\u00e4rf\u00f6r anv\u00e4ndas f\u00f6r DS-m\u00e4rkta brandsl\u00e4ckare. Plomberingen m\u00e5ste dock f\u00f6rses med ett motsvarande DS-ID-nummer som \u00e4r giltigt f\u00f6r den aktuella certifierade serviceverkstaden.<\/p>\n<p>Kan \u00e4ven anv\u00e4ndas f\u00f6r att s\u00e4kra n\u00f6dutg\u00e5ngar tack vare den l\u00e5ga brottstyrkan.<\/p>\n<p>Vi kan pr\u00e4gla med LASER- och HOTFOIL-utskrift - ID-nr. \/ Logotyper \/ text \/ l\u00f6pnummer.<\/p>","protected":false},"excerpt":{"rendered":"<p><span data-olk-copy-source=\"MessageBody\">Uppfyller NM:s krav f\u00f6r anv\u00e4ndning f\u00f6r att s\u00e4kra t.ex. brandsl\u00e4ckare.<\/span><\/p>\n<p>Kan \u00e4ven anv\u00e4ndas f\u00f6r att s\u00e4kra n\u00f6dutg\u00e5ngar tack vare den l\u00e5ga brottstyrkan.<\/p>","protected":false},"featured_media":1590,"comment_status":"open","ping_status":"closed","template":"","meta":[],"product_brand":[],"product_cat":[39,37,36],"product_tag":[],"class_list":{"0":"post-1383","1":"product","2":"type-product","3":"status-publish","4":"has-post-thumbnail","6":"product_cat-lastbilplomber","7":"product_cat-plastplomber","8":"product_cat-plomber-til-maalere-brandslukkere-noedudgange","10":"first","11":"instock","12":"shipping-taxable","13":"product-type-simple"},"yoast_head":"<!-- This site is optimized with the Yoast SEO plugin v27.1.1 - https:\/\/yoast.com\/product\/yoast-seo-wordpress\/ -->\n<title>KT-Meter Seal - Tyden<\/title>\n<meta name=\"robots\" content=\"index, follow, max-snippet:-1, max-image-preview:large, max-video-preview:-1\" \/>\n<link rel=\"canonical\" href=\"https:\/\/tyden.dk\/sv\/kt-matartatning\/\" \/>\n<meta property=\"og:locale\" content=\"sv_SE\" \/>\n<meta property=\"og:type\" content=\"article\" \/>\n<meta property=\"og:title\" content=\"KT-Meter Seal - Tyden\" \/>\n<meta property=\"og:description\" content=\"Overholder NM krav til anvendelse til sikring af bl.a. brandslukkere.  Kan ogs\u00e5 anvendes til sikring af n\u00f8dudgange, grundet lav brudstyrke.\" \/>\n<meta property=\"og:url\" content=\"https:\/\/tyden.dk\/sv\/kt-matartatning\/\" \/>\n<meta property=\"og:site_name\" content=\"Tyden\" \/>\n<meta property=\"article:publisher\" content=\"https:\/\/www.facebook.com\/www.tyden.dk\/\" \/>\n<meta property=\"article:modified_time\" content=\"2025-11-26T11:27:41+00:00\" \/>\n<meta property=\"og:image\" content=\"https:\/\/tyden.dk\/wp-content\/uploads\/2025\/06\/brandslukker-e1755684784796.png\" \/>\n\t<meta property=\"og:image:width\" content=\"250\" \/>\n\t<meta property=\"og:image:height\" content=\"250\" \/>\n\t<meta property=\"og:image:type\" content=\"image\/png\" \/>\n<meta name=\"twitter:card\" content=\"summary_large_image\" \/>\n<meta name=\"twitter:label1\" content=\"Ber\u00e4knad l\u00e4stid\" \/>\n\t<meta name=\"twitter:data1\" content=\"1 minut\" \/>\n<script type=\"application\/ld+json\" class=\"yoast-schema-graph\">{\"@context\":\"https:\/\/schema.org\",\"@graph\":[{\"@type\":\"WebPage\",\"@id\":\"https:\/\/tyden.dk\/sv\/kt-matartatning\/\",\"url\":\"https:\/\/tyden.dk\/sv\/kt-matartatning\/\",\"name\":\"KT-Meter Seal - Tyden\",\"isPartOf\":{\"@id\":\"https:\/\/tyden.dk\/sv\/#website\"},\"primaryImageOfPage\":{\"@id\":\"https:\/\/tyden.dk\/sv\/kt-matartatning\/#primaryimage\"},\"image\":{\"@id\":\"https:\/\/tyden.dk\/sv\/kt-matartatning\/#primaryimage\"},\"thumbnailUrl\":\"https:\/\/tyden.dk\/wp-content\/uploads\/2025\/06\/brandslukker-e1755684784796.png\",\"datePublished\":\"2025-06-13T12:39:11+00:00\",\"dateModified\":\"2025-11-26T11:27:41+00:00\",\"breadcrumb\":{\"@id\":\"https:\/\/tyden.dk\/sv\/kt-matartatning\/#breadcrumb\"},\"inLanguage\":\"sv-SE\",\"potentialAction\":[{\"@type\":\"ReadAction\",\"target\":[\"https:\/\/tyden.dk\/sv\/kt-matartatning\/\"]}]},{\"@type\":\"ImageObject\",\"inLanguage\":\"sv-SE\",\"@id\":\"https:\/\/tyden.dk\/sv\/kt-matartatning\/#primaryimage\",\"url\":\"https:\/\/tyden.dk\/wp-content\/uploads\/2025\/06\/brandslukker-e1755684784796.png\",\"contentUrl\":\"https:\/\/tyden.dk\/wp-content\/uploads\/2025\/06\/brandslukker-e1755684784796.png\",\"width\":250,\"height\":250},{\"@type\":\"BreadcrumbList\",\"@id\":\"https:\/\/tyden.dk\/sv\/kt-matartatning\/#breadcrumb\",\"itemListElement\":[{\"@type\":\"ListItem\",\"position\":1,\"name\":\"Hjem\",\"item\":\"https:\/\/tyden.dk\/\"},{\"@type\":\"ListItem\",\"position\":2,\"name\":\"Varer\",\"item\":\"https:\/\/tyden.dk\/shop\/\"},{\"@type\":\"ListItem\",\"position\":3,\"name\":\"KT-Meter Seal\"}]},{\"@type\":\"WebSite\",\"@id\":\"https:\/\/tyden.dk\/sv\/#website\",\"url\":\"https:\/\/tyden.dk\/sv\/\",\"name\":\"Tyden\",\"description\":\"\",\"publisher\":{\"@id\":\"https:\/\/tyden.dk\/sv\/#organization\"},\"potentialAction\":[{\"@type\":\"SearchAction\",\"target\":{\"@type\":\"EntryPoint\",\"urlTemplate\":\"https:\/\/tyden.dk\/sv\/?s={search_term_string}\"},\"query-input\":{\"@type\":\"PropertyValueSpecification\",\"valueRequired\":true,\"valueName\":\"search_term_string\"}}],\"inLanguage\":\"sv-SE\"},{\"@type\":\"Organization\",\"@id\":\"https:\/\/tyden.dk\/sv\/#organization\",\"name\":\"Tyden\",\"url\":\"https:\/\/tyden.dk\/sv\/\",\"logo\":{\"@type\":\"ImageObject\",\"inLanguage\":\"sv-SE\",\"@id\":\"https:\/\/tyden.dk\/sv\/#\/schema\/logo\/image\/\",\"url\":\"https:\/\/tyden.dk\/wp-content\/uploads\/2025\/05\/logo_3_2_4286.png\",\"contentUrl\":\"https:\/\/tyden.dk\/wp-content\/uploads\/2025\/05\/logo_3_2_4286.png\",\"width\":341,\"height\":80,\"caption\":\"Tyden\"},\"image\":{\"@id\":\"https:\/\/tyden.dk\/sv\/#\/schema\/logo\/image\/\"},\"sameAs\":[\"https:\/\/www.facebook.com\/www.tyden.dk\/\"]}]}<\/script>\n<!-- \/ Yoast SEO plugin. -->","yoast_head_json":{"title":"KT-Meter t\u00e4tning - Tyden","robots":{"index":"index","follow":"follow","max-snippet":"max-snippet:-1","max-image-preview":"max-image-preview:large","max-video-preview":"max-video-preview:-1"},"canonical":"https:\/\/tyden.dk\/sv\/kt-matartatning\/","og_locale":"sv_SE","og_type":"article","og_title":"KT-Meter Seal - Tyden","og_description":"Overholder NM krav til anvendelse til sikring af bl.a. brandslukkere.  Kan ogs\u00e5 anvendes til sikring af n\u00f8dudgange, grundet lav brudstyrke.","og_url":"https:\/\/tyden.dk\/sv\/kt-matartatning\/","og_site_name":"Tyden","article_publisher":"https:\/\/www.facebook.com\/www.tyden.dk\/","article_modified_time":"2025-11-26T11:27:41+00:00","og_image":[{"width":250,"height":250,"url":"https:\/\/tyden.dk\/wp-content\/uploads\/2025\/06\/brandslukker-e1755684784796.png","type":"image\/png"}],"twitter_card":"summary_large_image","twitter_misc":{"Ber\u00e4knad l\u00e4stid":"1 minut"},"schema":{"@context":"https:\/\/schema.org","@graph":[{"@type":"WebPage","@id":"https:\/\/tyden.dk\/sv\/kt-matartatning\/","url":"https:\/\/tyden.dk\/sv\/kt-matartatning\/","name":"KT-Meter t\u00e4tning - Tyden","isPartOf":{"@id":"https:\/\/tyden.dk\/sv\/#website"},"primaryImageOfPage":{"@id":"https:\/\/tyden.dk\/sv\/kt-matartatning\/#primaryimage"},"image":{"@id":"https:\/\/tyden.dk\/sv\/kt-matartatning\/#primaryimage"},"thumbnailUrl":"https:\/\/tyden.dk\/wp-content\/uploads\/2025\/06\/brandslukker-e1755684784796.png","datePublished":"2025-06-13T12:39:11+00:00","dateModified":"2025-11-26T11:27:41+00:00","breadcrumb":{"@id":"https:\/\/tyden.dk\/sv\/kt-matartatning\/#breadcrumb"},"inLanguage":"sv-SE","potentialAction":[{"@type":"ReadAction","target":["https:\/\/tyden.dk\/sv\/kt-matartatning\/"]}]},{"@type":"ImageObject","inLanguage":"sv-SE","@id":"https:\/\/tyden.dk\/sv\/kt-matartatning\/#primaryimage","url":"https:\/\/tyden.dk\/wp-content\/uploads\/2025\/06\/brandslukker-e1755684784796.png","contentUrl":"https:\/\/tyden.dk\/wp-content\/uploads\/2025\/06\/brandslukker-e1755684784796.png","width":250,"height":250},{"@type":"BreadcrumbList","@id":"https:\/\/tyden.dk\/sv\/kt-matartatning\/#breadcrumb","itemListElement":[{"@type":"ListItem","position":1,"name":"Hjem","item":"https:\/\/tyden.dk\/"},{"@type":"ListItem","position":2,"name":"Varer","item":"https:\/\/tyden.dk\/shop\/"},{"@type":"ListItem","position":3,"name":"KT-Meter Seal"}]},{"@type":"WebSite","@id":"https:\/\/tyden.dk\/sv\/#website","url":"https:\/\/tyden.dk\/sv\/","name":"Tyden","description":"","publisher":{"@id":"https:\/\/tyden.dk\/sv\/#organization"},"potentialAction":[{"@type":"SearchAction","target":{"@type":"EntryPoint","urlTemplate":"https:\/\/tyden.dk\/sv\/?s={search_term_string}"},"query-input":{"@type":"PropertyValueSpecification","valueRequired":true,"valueName":"search_term_string"}}],"inLanguage":"sv-SE"},{"@type":"Organization","@id":"https:\/\/tyden.dk\/sv\/#organization","name":"Tyden","url":"https:\/\/tyden.dk\/sv\/","logo":{"@type":"ImageObject","inLanguage":"sv-SE","@id":"https:\/\/tyden.dk\/sv\/#\/schema\/logo\/image\/","url":"https:\/\/tyden.dk\/wp-content\/uploads\/2025\/05\/logo_3_2_4286.png","contentUrl":"https:\/\/tyden.dk\/wp-content\/uploads\/2025\/05\/logo_3_2_4286.png","width":341,"height":80,"caption":"Tyden"},"image":{"@id":"https:\/\/tyden.dk\/sv\/#\/schema\/logo\/image\/"},"sameAs":["https:\/\/www.facebook.com\/www.tyden.dk\/"]}]}},"_links":{"self":[{"href":"https:\/\/tyden.dk\/sv\/wp-json\/wp\/v2\/product\/1383","targetHints":{"allow":["GET"]}}],"collection":[{"href":"https:\/\/tyden.dk\/sv\/wp-json\/wp\/v2\/product"}],"about":[{"href":"https:\/\/tyden.dk\/sv\/wp-json\/wp\/v2\/types\/product"}],"replies":[{"embeddable":true,"href":"https:\/\/tyden.dk\/sv\/wp-json\/wp\/v2\/comments?post=1383"}],"wp:featuredmedia":[{"embeddable":true,"href":"https:\/\/tyden.dk\/sv\/wp-json\/wp\/v2\/media\/1590"}],"wp:attachment":[{"href":"https:\/\/tyden.dk\/sv\/wp-json\/wp\/v2\/media?parent=1383"}],"wp:term":[{"taxonomy":"product_brand","embeddable":true,"href":"https:\/\/tyden.dk\/sv\/wp-json\/wp\/v2\/product_brand?post=1383"},{"taxonomy":"product_cat","embeddable":true,"href":"https:\/\/tyden.dk\/sv\/wp-json\/wp\/v2\/product_cat?post=1383"},{"taxonomy":"product_tag","embeddable":true,"href":"https:\/\/tyden.dk\/sv\/wp-json\/wp\/v2\/product_tag?post=1383"}],"curies":[{"name":"wp","href":"https:\/\/api.w.org\/{rel}","templated":true}]}}