{"id":1346,"date":"2025-06-13T11:13:50","date_gmt":"2025-06-13T10:13:50","guid":{"rendered":"https:\/\/darkorange-jay-383513.hostingersite.com\/?post_type=product&#038;p=1346"},"modified":"2025-06-13T11:13:50","modified_gmt":"2025-06-13T10:13:50","slug":"type-kl-tamper-evident-label","status":"publish","type":"product","link":"https:\/\/tyden.dk\/sv\/type-kl-tamper-evident-label\/","title":{"rendered":"Typ KL Tamper Evident Etikett"},"content":{"rendered":"<p>Denna s\u00e4kerhetsetikett avlamineras permanent n\u00e4r den tas bort och l\u00e4mnar ett \u201cvoid\u201d-meddelande p\u00e5 ytan, vilket g\u00f6r fuskf\u00f6rs\u00f6k uppenbara.<\/p>","protected":false},"excerpt":{"rendered":"<p>Permanent n\u00e4r den tas bort<\/p>","protected":false},"featured_media":1348,"comment_status":"open","ping_status":"closed","template":"","meta":[],"product_brand":[],"product_cat":[38],"product_tag":[],"class_list":{"0":"post-1346","1":"product","2":"type-product","3":"status-publish","4":"has-post-thumbnail","6":"product_cat-etiketplomber-sikkerhedstape","8":"first","9":"instock","10":"shipping-taxable","11":"product-type-simple"},"yoast_head":"<!-- This site is optimized with the Yoast SEO plugin v27.1.1 - https:\/\/yoast.com\/product\/yoast-seo-wordpress\/ -->\n<title>Type KL Tamper Evident Label - Tyden<\/title>\n<meta name=\"robots\" content=\"index, follow, max-snippet:-1, max-image-preview:large, max-video-preview:-1\" \/>\n<link rel=\"canonical\" href=\"https:\/\/tyden.dk\/sv\/type-kl-tamper-evident-label\/\" \/>\n<meta property=\"og:locale\" content=\"sv_SE\" \/>\n<meta property=\"og:type\" content=\"article\" \/>\n<meta property=\"og:title\" content=\"Type KL Tamper Evident Label - Tyden\" \/>\n<meta property=\"og:description\" content=\"Permanent n\u00e5r den tages af\" \/>\n<meta property=\"og:url\" content=\"https:\/\/tyden.dk\/sv\/type-kl-tamper-evident-label\/\" \/>\n<meta property=\"og:site_name\" content=\"Tyden\" \/>\n<meta property=\"article:publisher\" content=\"https:\/\/www.facebook.com\/www.tyden.dk\/\" \/>\n<meta property=\"og:image\" content=\"https:\/\/tyden.dk\/wp-content\/uploads\/2025\/06\/20_311_5677-e1749809623256.jpg\" \/>\n\t<meta property=\"og:image:width\" content=\"210\" \/>\n\t<meta property=\"og:image:height\" content=\"210\" \/>\n\t<meta property=\"og:image:type\" content=\"image\/jpeg\" \/>\n<meta name=\"twitter:card\" content=\"summary_large_image\" \/>\n<script type=\"application\/ld+json\" class=\"yoast-schema-graph\">{\"@context\":\"https:\/\/schema.org\",\"@graph\":[{\"@type\":\"WebPage\",\"@id\":\"https:\/\/tyden.dk\/sv\/type-kl-tamper-evident-label\/\",\"url\":\"https:\/\/tyden.dk\/sv\/type-kl-tamper-evident-label\/\",\"name\":\"Type KL Tamper Evident Label - Tyden\",\"isPartOf\":{\"@id\":\"https:\/\/tyden.dk\/sv\/#website\"},\"primaryImageOfPage\":{\"@id\":\"https:\/\/tyden.dk\/sv\/type-kl-tamper-evident-label\/#primaryimage\"},\"image\":{\"@id\":\"https:\/\/tyden.dk\/sv\/type-kl-tamper-evident-label\/#primaryimage\"},\"thumbnailUrl\":\"https:\/\/tyden.dk\/wp-content\/uploads\/2025\/06\/20_311_5677-e1749809623256.jpg\",\"datePublished\":\"2025-06-13T10:13:50+00:00\",\"breadcrumb\":{\"@id\":\"https:\/\/tyden.dk\/sv\/type-kl-tamper-evident-label\/#breadcrumb\"},\"inLanguage\":\"sv-SE\",\"potentialAction\":[{\"@type\":\"ReadAction\",\"target\":[\"https:\/\/tyden.dk\/sv\/type-kl-tamper-evident-label\/\"]}]},{\"@type\":\"ImageObject\",\"inLanguage\":\"sv-SE\",\"@id\":\"https:\/\/tyden.dk\/sv\/type-kl-tamper-evident-label\/#primaryimage\",\"url\":\"https:\/\/tyden.dk\/wp-content\/uploads\/2025\/06\/20_311_5677-e1749809623256.jpg\",\"contentUrl\":\"https:\/\/tyden.dk\/wp-content\/uploads\/2025\/06\/20_311_5677-e1749809623256.jpg\",\"width\":210,\"height\":210},{\"@type\":\"BreadcrumbList\",\"@id\":\"https:\/\/tyden.dk\/sv\/type-kl-tamper-evident-label\/#breadcrumb\",\"itemListElement\":[{\"@type\":\"ListItem\",\"position\":1,\"name\":\"Hjem\",\"item\":\"https:\/\/tyden.dk\/\"},{\"@type\":\"ListItem\",\"position\":2,\"name\":\"Varer\",\"item\":\"https:\/\/tyden.dk\/shop\/\"},{\"@type\":\"ListItem\",\"position\":3,\"name\":\"Type KL Tamper Evident Label\"}]},{\"@type\":\"WebSite\",\"@id\":\"https:\/\/tyden.dk\/sv\/#website\",\"url\":\"https:\/\/tyden.dk\/sv\/\",\"name\":\"Tyden\",\"description\":\"\",\"publisher\":{\"@id\":\"https:\/\/tyden.dk\/sv\/#organization\"},\"potentialAction\":[{\"@type\":\"SearchAction\",\"target\":{\"@type\":\"EntryPoint\",\"urlTemplate\":\"https:\/\/tyden.dk\/sv\/?s={search_term_string}\"},\"query-input\":{\"@type\":\"PropertyValueSpecification\",\"valueRequired\":true,\"valueName\":\"search_term_string\"}}],\"inLanguage\":\"sv-SE\"},{\"@type\":\"Organization\",\"@id\":\"https:\/\/tyden.dk\/sv\/#organization\",\"name\":\"Tyden\",\"url\":\"https:\/\/tyden.dk\/sv\/\",\"logo\":{\"@type\":\"ImageObject\",\"inLanguage\":\"sv-SE\",\"@id\":\"https:\/\/tyden.dk\/sv\/#\/schema\/logo\/image\/\",\"url\":\"https:\/\/tyden.dk\/wp-content\/uploads\/2025\/05\/logo_3_2_4286.png\",\"contentUrl\":\"https:\/\/tyden.dk\/wp-content\/uploads\/2025\/05\/logo_3_2_4286.png\",\"width\":341,\"height\":80,\"caption\":\"Tyden\"},\"image\":{\"@id\":\"https:\/\/tyden.dk\/sv\/#\/schema\/logo\/image\/\"},\"sameAs\":[\"https:\/\/www.facebook.com\/www.tyden.dk\/\"]}]}<\/script>\n<!-- \/ Yoast SEO plugin. -->","yoast_head_json":{"title":"S\u00e4kerhetsetikett typ KL - Tyden","robots":{"index":"index","follow":"follow","max-snippet":"max-snippet:-1","max-image-preview":"max-image-preview:large","max-video-preview":"max-video-preview:-1"},"canonical":"https:\/\/tyden.dk\/sv\/type-kl-tamper-evident-label\/","og_locale":"sv_SE","og_type":"article","og_title":"Type KL Tamper Evident Label - Tyden","og_description":"Permanent n\u00e5r den tages af","og_url":"https:\/\/tyden.dk\/sv\/type-kl-tamper-evident-label\/","og_site_name":"Tyden","article_publisher":"https:\/\/www.facebook.com\/www.tyden.dk\/","og_image":[{"width":210,"height":210,"url":"https:\/\/tyden.dk\/wp-content\/uploads\/2025\/06\/20_311_5677-e1749809623256.jpg","type":"image\/jpeg"}],"twitter_card":"summary_large_image","schema":{"@context":"https:\/\/schema.org","@graph":[{"@type":"WebPage","@id":"https:\/\/tyden.dk\/sv\/type-kl-tamper-evident-label\/","url":"https:\/\/tyden.dk\/sv\/type-kl-tamper-evident-label\/","name":"S\u00e4kerhetsetikett typ KL - Tyden","isPartOf":{"@id":"https:\/\/tyden.dk\/sv\/#website"},"primaryImageOfPage":{"@id":"https:\/\/tyden.dk\/sv\/type-kl-tamper-evident-label\/#primaryimage"},"image":{"@id":"https:\/\/tyden.dk\/sv\/type-kl-tamper-evident-label\/#primaryimage"},"thumbnailUrl":"https:\/\/tyden.dk\/wp-content\/uploads\/2025\/06\/20_311_5677-e1749809623256.jpg","datePublished":"2025-06-13T10:13:50+00:00","breadcrumb":{"@id":"https:\/\/tyden.dk\/sv\/type-kl-tamper-evident-label\/#breadcrumb"},"inLanguage":"sv-SE","potentialAction":[{"@type":"ReadAction","target":["https:\/\/tyden.dk\/sv\/type-kl-tamper-evident-label\/"]}]},{"@type":"ImageObject","inLanguage":"sv-SE","@id":"https:\/\/tyden.dk\/sv\/type-kl-tamper-evident-label\/#primaryimage","url":"https:\/\/tyden.dk\/wp-content\/uploads\/2025\/06\/20_311_5677-e1749809623256.jpg","contentUrl":"https:\/\/tyden.dk\/wp-content\/uploads\/2025\/06\/20_311_5677-e1749809623256.jpg","width":210,"height":210},{"@type":"BreadcrumbList","@id":"https:\/\/tyden.dk\/sv\/type-kl-tamper-evident-label\/#breadcrumb","itemListElement":[{"@type":"ListItem","position":1,"name":"Hjem","item":"https:\/\/tyden.dk\/"},{"@type":"ListItem","position":2,"name":"Varer","item":"https:\/\/tyden.dk\/shop\/"},{"@type":"ListItem","position":3,"name":"Type KL Tamper Evident Label"}]},{"@type":"WebSite","@id":"https:\/\/tyden.dk\/sv\/#website","url":"https:\/\/tyden.dk\/sv\/","name":"Tyden","description":"","publisher":{"@id":"https:\/\/tyden.dk\/sv\/#organization"},"potentialAction":[{"@type":"SearchAction","target":{"@type":"EntryPoint","urlTemplate":"https:\/\/tyden.dk\/sv\/?s={search_term_string}"},"query-input":{"@type":"PropertyValueSpecification","valueRequired":true,"valueName":"search_term_string"}}],"inLanguage":"sv-SE"},{"@type":"Organization","@id":"https:\/\/tyden.dk\/sv\/#organization","name":"Tyden","url":"https:\/\/tyden.dk\/sv\/","logo":{"@type":"ImageObject","inLanguage":"sv-SE","@id":"https:\/\/tyden.dk\/sv\/#\/schema\/logo\/image\/","url":"https:\/\/tyden.dk\/wp-content\/uploads\/2025\/05\/logo_3_2_4286.png","contentUrl":"https:\/\/tyden.dk\/wp-content\/uploads\/2025\/05\/logo_3_2_4286.png","width":341,"height":80,"caption":"Tyden"},"image":{"@id":"https:\/\/tyden.dk\/sv\/#\/schema\/logo\/image\/"},"sameAs":["https:\/\/www.facebook.com\/www.tyden.dk\/"]}]}},"_links":{"self":[{"href":"https:\/\/tyden.dk\/sv\/wp-json\/wp\/v2\/product\/1346","targetHints":{"allow":["GET"]}}],"collection":[{"href":"https:\/\/tyden.dk\/sv\/wp-json\/wp\/v2\/product"}],"about":[{"href":"https:\/\/tyden.dk\/sv\/wp-json\/wp\/v2\/types\/product"}],"replies":[{"embeddable":true,"href":"https:\/\/tyden.dk\/sv\/wp-json\/wp\/v2\/comments?post=1346"}],"wp:featuredmedia":[{"embeddable":true,"href":"https:\/\/tyden.dk\/sv\/wp-json\/wp\/v2\/media\/1348"}],"wp:attachment":[{"href":"https:\/\/tyden.dk\/sv\/wp-json\/wp\/v2\/media?parent=1346"}],"wp:term":[{"taxonomy":"product_brand","embeddable":true,"href":"https:\/\/tyden.dk\/sv\/wp-json\/wp\/v2\/product_brand?post=1346"},{"taxonomy":"product_cat","embeddable":true,"href":"https:\/\/tyden.dk\/sv\/wp-json\/wp\/v2\/product_cat?post=1346"},{"taxonomy":"product_tag","embeddable":true,"href":"https:\/\/tyden.dk\/sv\/wp-json\/wp\/v2\/product_tag?post=1346"}],"curies":[{"name":"wp","href":"https:\/\/api.w.org\/{rel}","templated":true}]}}