{"id":1343,"date":"2025-06-13T11:10:34","date_gmt":"2025-06-13T10:10:34","guid":{"rendered":"https:\/\/darkorange-jay-383513.hostingersite.com\/?post_type=product&#038;p=1343"},"modified":"2025-06-13T11:10:34","modified_gmt":"2025-06-13T10:10:34","slug":"kndm","status":"publish","type":"product","link":"https:\/\/tyden.dk\/sv\/kndm\/","title":{"rendered":"KNDM"},"content":{"rendered":"<div class=\"column step-3-12 step-2-6\">\n<div id=\"site-container-195652\" class=\"Container Placeholder AutoResizable con-121\" data-snap=\"1\">\n<div class=\"row\">\n<div class=\"column step-3-12\">\n<div id=\"site-container-195638\" class=\"Container ModuleElement Textarea AutoResizable con-82\" data-snap=\"1\" data-containertype=\"Textarea\" data-moduleelement=\"53710\">\n<div class=\"Module-53710 Textarea\">\n<p>KNDM \u00e4r en s\u00e4kerhetsetikett \/ etikettf\u00f6rsegling f\u00f6r anv\u00e4ndning som Air Cargo Security och eller f\u00f6r v\u00e4gtransporter, p\u00e5 d\u00f6rren till sk\u00e5pbilen eller p\u00e5 transportl\u00e5dan - ja, den kan anv\u00e4ndas f\u00f6r en m\u00e4ngd olika uppgifter.<\/p>\n<p>KNDM innehar SDOC (Single Direction on Cargo) och (DOT) Department for Transport.<\/p>\n<p>SDOC kr\u00e4ver att det under hela transportprocessen, fr\u00e5n avs\u00e4ndare till AIRPORT \/ flygplats - och hela v\u00e4gen till slutdestinationen, finns m\u00f6jlighet till kontrollerad s\u00e4kerhetssp\u00e5rning, och det \u00e4r h\u00e4r det unika serienumret kommer till sin r\u00e4tt.<\/p>\n<p>KNDM har speciella SECURITY CUSTS \/ SECURITY CUTS i mitten av etikettf\u00f6rseglingen, ist\u00e4llet f\u00f6r sj\u00e4lvh\u00e4ftande, vilket inneb\u00e4r att n\u00e4r etikettf\u00f6rseglingen \/ s\u00e4kerhetsetiketten \u00e4r bruten - kan den inte s\u00e4ttas ihop och anv\u00e4ndas igen, det kommer att finnas tydliga tecken p\u00e5 att etiketten \/ f\u00f6rseglingen har f\u00f6rs\u00f6kts brytas eller \u00f6ppnas.<\/p>\n<p>KNDM \u00e4r s\u00e4rskilt l\u00e4mplig f\u00f6r s\u00e4kring av flygplansvagnar d\u00e4r taxfree-varor f\u00f6rvaras - KNDM kan avsev\u00e4rt minska st\u00f6ld och svinn - KNDM \u00e4r utrustad med ett unikt l\u00f6pnummer samt en extra nummersedel (DNT) - som kan anv\u00e4ndas f\u00f6r att h\u00e5lla reda p\u00e5 vilka vagnar som \u00e4r f\u00f6rseglade med vilken s\u00e4kerhetsetikett.<\/p>\n<p>KNDM kan naturligtvis ocks\u00e5 anv\u00e4ndas f\u00f6r m\u00e5nga andra saker d\u00e4r man vill skydda sig mot f\u00f6rlust, st\u00f6ld etc.<\/p>\n<\/div>\n<\/div>\n<\/div>\n<\/div>\n<\/div>\n<\/div>\n<div class=\"column step-3-12 step-2-6\">\n<div id=\"site-container-195674\" class=\"Container Placeholder AutoResizable con-346\" data-snap=\"1\">\n<div class=\"row\">\n<div class=\"column step-3-12\">\n<div id=\"site-container-195577\" class=\"Container ModuleElement Image con-52\" data-snap=\"1\" data-containertype=\"Image\" data-moduleelement=\"49727\">\n<div><\/div>\n<\/div>\n<\/div>\n<\/div>\n<\/div>\n<\/div>","protected":false},"excerpt":{"rendered":"<p>S\u00e4kerhetsetiketter f\u00f6r t.ex. bakd\u00f6rr och DUTY FREE-vagnar.<\/p>","protected":false},"featured_media":1345,"comment_status":"open","ping_status":"closed","template":"","meta":[],"product_brand":[],"product_cat":[38],"product_tag":[],"class_list":{"0":"post-1343","1":"product","2":"type-product","3":"status-publish","4":"has-post-thumbnail","6":"product_cat-etiketplomber-sikkerhedstape","8":"first","9":"instock","10":"shipping-taxable","11":"product-type-simple"},"yoast_head":"<!-- This site is optimized with the Yoast SEO plugin v27.1.1 - https:\/\/yoast.com\/product\/yoast-seo-wordpress\/ -->\n<title>KNDM - Tyden<\/title>\n<meta name=\"robots\" content=\"index, follow, max-snippet:-1, max-image-preview:large, max-video-preview:-1\" \/>\n<link rel=\"canonical\" href=\"https:\/\/tyden.dk\/sv\/kndm\/\" \/>\n<meta property=\"og:locale\" content=\"sv_SE\" \/>\n<meta property=\"og:type\" content=\"article\" \/>\n<meta property=\"og:title\" content=\"KNDM - Tyden\" \/>\n<meta property=\"og:description\" content=\"Sikkerhedslabels til bl.a. Bagd\u00f8r samt DUTY FREE vogne.\" \/>\n<meta property=\"og:url\" content=\"https:\/\/tyden.dk\/sv\/kndm\/\" \/>\n<meta property=\"og:site_name\" content=\"Tyden\" \/>\n<meta property=\"article:publisher\" content=\"https:\/\/www.facebook.com\/www.tyden.dk\/\" \/>\n<meta property=\"og:image\" content=\"https:\/\/tyden.dk\/wp-content\/uploads\/2025\/06\/17_301-1_5665-e1749809428885.jpg\" \/>\n\t<meta property=\"og:image:width\" content=\"200\" \/>\n\t<meta property=\"og:image:height\" content=\"200\" \/>\n\t<meta property=\"og:image:type\" content=\"image\/jpeg\" \/>\n<meta name=\"twitter:card\" content=\"summary_large_image\" \/>\n<meta name=\"twitter:label1\" content=\"Ber\u00e4knad l\u00e4stid\" \/>\n\t<meta name=\"twitter:data1\" content=\"1 minut\" \/>\n<script type=\"application\/ld+json\" class=\"yoast-schema-graph\">{\"@context\":\"https:\/\/schema.org\",\"@graph\":[{\"@type\":\"WebPage\",\"@id\":\"https:\/\/tyden.dk\/sv\/kndm\/\",\"url\":\"https:\/\/tyden.dk\/sv\/kndm\/\",\"name\":\"KNDM - Tyden\",\"isPartOf\":{\"@id\":\"https:\/\/tyden.dk\/sv\/#website\"},\"primaryImageOfPage\":{\"@id\":\"https:\/\/tyden.dk\/sv\/kndm\/#primaryimage\"},\"image\":{\"@id\":\"https:\/\/tyden.dk\/sv\/kndm\/#primaryimage\"},\"thumbnailUrl\":\"https:\/\/tyden.dk\/wp-content\/uploads\/2025\/06\/17_301-1_5665-e1749809428885.jpg\",\"datePublished\":\"2025-06-13T10:10:34+00:00\",\"breadcrumb\":{\"@id\":\"https:\/\/tyden.dk\/sv\/kndm\/#breadcrumb\"},\"inLanguage\":\"sv-SE\",\"potentialAction\":[{\"@type\":\"ReadAction\",\"target\":[\"https:\/\/tyden.dk\/sv\/kndm\/\"]}]},{\"@type\":\"ImageObject\",\"inLanguage\":\"sv-SE\",\"@id\":\"https:\/\/tyden.dk\/sv\/kndm\/#primaryimage\",\"url\":\"https:\/\/tyden.dk\/wp-content\/uploads\/2025\/06\/17_301-1_5665-e1749809428885.jpg\",\"contentUrl\":\"https:\/\/tyden.dk\/wp-content\/uploads\/2025\/06\/17_301-1_5665-e1749809428885.jpg\",\"width\":200,\"height\":200},{\"@type\":\"BreadcrumbList\",\"@id\":\"https:\/\/tyden.dk\/sv\/kndm\/#breadcrumb\",\"itemListElement\":[{\"@type\":\"ListItem\",\"position\":1,\"name\":\"Hjem\",\"item\":\"https:\/\/tyden.dk\/\"},{\"@type\":\"ListItem\",\"position\":2,\"name\":\"Varer\",\"item\":\"https:\/\/tyden.dk\/shop\/\"},{\"@type\":\"ListItem\",\"position\":3,\"name\":\"KNDM\"}]},{\"@type\":\"WebSite\",\"@id\":\"https:\/\/tyden.dk\/sv\/#website\",\"url\":\"https:\/\/tyden.dk\/sv\/\",\"name\":\"Tyden\",\"description\":\"\",\"publisher\":{\"@id\":\"https:\/\/tyden.dk\/sv\/#organization\"},\"potentialAction\":[{\"@type\":\"SearchAction\",\"target\":{\"@type\":\"EntryPoint\",\"urlTemplate\":\"https:\/\/tyden.dk\/sv\/?s={search_term_string}\"},\"query-input\":{\"@type\":\"PropertyValueSpecification\",\"valueRequired\":true,\"valueName\":\"search_term_string\"}}],\"inLanguage\":\"sv-SE\"},{\"@type\":\"Organization\",\"@id\":\"https:\/\/tyden.dk\/sv\/#organization\",\"name\":\"Tyden\",\"url\":\"https:\/\/tyden.dk\/sv\/\",\"logo\":{\"@type\":\"ImageObject\",\"inLanguage\":\"sv-SE\",\"@id\":\"https:\/\/tyden.dk\/sv\/#\/schema\/logo\/image\/\",\"url\":\"https:\/\/tyden.dk\/wp-content\/uploads\/2025\/05\/logo_3_2_4286.png\",\"contentUrl\":\"https:\/\/tyden.dk\/wp-content\/uploads\/2025\/05\/logo_3_2_4286.png\",\"width\":341,\"height\":80,\"caption\":\"Tyden\"},\"image\":{\"@id\":\"https:\/\/tyden.dk\/sv\/#\/schema\/logo\/image\/\"},\"sameAs\":[\"https:\/\/www.facebook.com\/www.tyden.dk\/\"]}]}<\/script>\n<!-- \/ Yoast SEO plugin. -->","yoast_head_json":{"title":"KNDM - Tyden","robots":{"index":"index","follow":"follow","max-snippet":"max-snippet:-1","max-image-preview":"max-image-preview:large","max-video-preview":"max-video-preview:-1"},"canonical":"https:\/\/tyden.dk\/sv\/kndm\/","og_locale":"sv_SE","og_type":"article","og_title":"KNDM - Tyden","og_description":"Sikkerhedslabels til bl.a. Bagd\u00f8r samt DUTY FREE vogne.","og_url":"https:\/\/tyden.dk\/sv\/kndm\/","og_site_name":"Tyden","article_publisher":"https:\/\/www.facebook.com\/www.tyden.dk\/","og_image":[{"width":200,"height":200,"url":"https:\/\/tyden.dk\/wp-content\/uploads\/2025\/06\/17_301-1_5665-e1749809428885.jpg","type":"image\/jpeg"}],"twitter_card":"summary_large_image","twitter_misc":{"Ber\u00e4knad l\u00e4stid":"1 minut"},"schema":{"@context":"https:\/\/schema.org","@graph":[{"@type":"WebPage","@id":"https:\/\/tyden.dk\/sv\/kndm\/","url":"https:\/\/tyden.dk\/sv\/kndm\/","name":"KNDM - Tyden","isPartOf":{"@id":"https:\/\/tyden.dk\/sv\/#website"},"primaryImageOfPage":{"@id":"https:\/\/tyden.dk\/sv\/kndm\/#primaryimage"},"image":{"@id":"https:\/\/tyden.dk\/sv\/kndm\/#primaryimage"},"thumbnailUrl":"https:\/\/tyden.dk\/wp-content\/uploads\/2025\/06\/17_301-1_5665-e1749809428885.jpg","datePublished":"2025-06-13T10:10:34+00:00","breadcrumb":{"@id":"https:\/\/tyden.dk\/sv\/kndm\/#breadcrumb"},"inLanguage":"sv-SE","potentialAction":[{"@type":"ReadAction","target":["https:\/\/tyden.dk\/sv\/kndm\/"]}]},{"@type":"ImageObject","inLanguage":"sv-SE","@id":"https:\/\/tyden.dk\/sv\/kndm\/#primaryimage","url":"https:\/\/tyden.dk\/wp-content\/uploads\/2025\/06\/17_301-1_5665-e1749809428885.jpg","contentUrl":"https:\/\/tyden.dk\/wp-content\/uploads\/2025\/06\/17_301-1_5665-e1749809428885.jpg","width":200,"height":200},{"@type":"BreadcrumbList","@id":"https:\/\/tyden.dk\/sv\/kndm\/#breadcrumb","itemListElement":[{"@type":"ListItem","position":1,"name":"Hjem","item":"https:\/\/tyden.dk\/"},{"@type":"ListItem","position":2,"name":"Varer","item":"https:\/\/tyden.dk\/shop\/"},{"@type":"ListItem","position":3,"name":"KNDM"}]},{"@type":"WebSite","@id":"https:\/\/tyden.dk\/sv\/#website","url":"https:\/\/tyden.dk\/sv\/","name":"Tyden","description":"","publisher":{"@id":"https:\/\/tyden.dk\/sv\/#organization"},"potentialAction":[{"@type":"SearchAction","target":{"@type":"EntryPoint","urlTemplate":"https:\/\/tyden.dk\/sv\/?s={search_term_string}"},"query-input":{"@type":"PropertyValueSpecification","valueRequired":true,"valueName":"search_term_string"}}],"inLanguage":"sv-SE"},{"@type":"Organization","@id":"https:\/\/tyden.dk\/sv\/#organization","name":"Tyden","url":"https:\/\/tyden.dk\/sv\/","logo":{"@type":"ImageObject","inLanguage":"sv-SE","@id":"https:\/\/tyden.dk\/sv\/#\/schema\/logo\/image\/","url":"https:\/\/tyden.dk\/wp-content\/uploads\/2025\/05\/logo_3_2_4286.png","contentUrl":"https:\/\/tyden.dk\/wp-content\/uploads\/2025\/05\/logo_3_2_4286.png","width":341,"height":80,"caption":"Tyden"},"image":{"@id":"https:\/\/tyden.dk\/sv\/#\/schema\/logo\/image\/"},"sameAs":["https:\/\/www.facebook.com\/www.tyden.dk\/"]}]}},"_links":{"self":[{"href":"https:\/\/tyden.dk\/sv\/wp-json\/wp\/v2\/product\/1343","targetHints":{"allow":["GET"]}}],"collection":[{"href":"https:\/\/tyden.dk\/sv\/wp-json\/wp\/v2\/product"}],"about":[{"href":"https:\/\/tyden.dk\/sv\/wp-json\/wp\/v2\/types\/product"}],"replies":[{"embeddable":true,"href":"https:\/\/tyden.dk\/sv\/wp-json\/wp\/v2\/comments?post=1343"}],"wp:featuredmedia":[{"embeddable":true,"href":"https:\/\/tyden.dk\/sv\/wp-json\/wp\/v2\/media\/1345"}],"wp:attachment":[{"href":"https:\/\/tyden.dk\/sv\/wp-json\/wp\/v2\/media?parent=1343"}],"wp:term":[{"taxonomy":"product_brand","embeddable":true,"href":"https:\/\/tyden.dk\/sv\/wp-json\/wp\/v2\/product_brand?post=1343"},{"taxonomy":"product_cat","embeddable":true,"href":"https:\/\/tyden.dk\/sv\/wp-json\/wp\/v2\/product_cat?post=1343"},{"taxonomy":"product_tag","embeddable":true,"href":"https:\/\/tyden.dk\/sv\/wp-json\/wp\/v2\/product_tag?post=1343"}],"curies":[{"name":"wp","href":"https:\/\/api.w.org\/{rel}","templated":true}]}}