{"id":1336,"date":"2025-06-13T11:03:46","date_gmt":"2025-06-13T10:03:46","guid":{"rendered":"https:\/\/darkorange-jay-383513.hostingersite.com\/?post_type=product&#038;p=1336"},"modified":"2025-06-13T11:05:17","modified_gmt":"2025-06-13T10:05:17","slug":"ktll-total-transfer-etikett","status":"publish","type":"product","link":"https:\/\/tyden.dk\/sv\/ktll-total-transfer-etikett\/","title":{"rendered":"KTLL Total Transfer etikett"},"content":{"rendered":"<div class=\"column step-3-12 step-2-6\">\n<div id=\"site-container-195609\" class=\"Container Placeholder AutoResizable con-121\" data-snap=\"1\">\n<div class=\"row\">\n<div class=\"column step-3-12\">\n<div id=\"site-container-195640\" class=\"Container ModuleElement Textarea AutoResizable con-82\" data-snap=\"1\" data-containertype=\"Textarea\" data-moduleelement=\"53707\">\n<div class=\"Module-53707 Textarea\">\n<p>Standardstorlekar och f\u00e4rger visas p\u00e5 databladet - Specialstorlekar kan tillverkas - men kr\u00e4ver min. best\u00e4llning. Liksom KTL-tejpen \u00e4r KTLL l\u00e4mplig f\u00f6r de flesta rena och torra fettfria ytor och \u00e4r speciellt utformad f\u00f6r alla typer av kartong, papper, papp, plast och tr\u00e4. Alla f\u00f6rs\u00f6k att avl\u00e4gsna eller \u00f6ppna tejpen leder till delaminering av toppskiktet fr\u00e5n bottenskiktet och l\u00e4mnar ett tydligt s\u00e4kerhetstecken p\u00e5 brott.<\/p>\n<p>F\u00d6R ALLA ETIKETTER, TESTA P\u00c5 OBJEKTET INNAN SLUTLIG TYPBEST\u00c4MNING.<\/p>\n<\/div>\n<\/div>\n<\/div>\n<\/div>\n<\/div>\n<\/div>","protected":false},"excerpt":{"rendered":"<p>KTLL \u00e4r den m\u00e4rkta versionen av v\u00e5r KTL-s\u00e4kerhetstejp f\u00f6r f\u00f6rpackningar, med samma specifikationer.<\/p>","protected":false},"featured_media":1338,"comment_status":"open","ping_status":"closed","template":"","meta":[],"product_brand":[],"product_cat":[38],"product_tag":[],"class_list":{"0":"post-1336","1":"product","2":"type-product","3":"status-publish","4":"has-post-thumbnail","6":"product_cat-etiketplomber-sikkerhedstape","8":"first","9":"instock","10":"shipping-taxable","11":"product-type-simple"},"yoast_head":"<!-- This site is optimized with the Yoast SEO plugin v27.1.1 - https:\/\/yoast.com\/product\/yoast-seo-wordpress\/ -->\n<title>\u200bKTLL Total Transfer label - Tyden<\/title>\n<meta name=\"robots\" content=\"index, follow, max-snippet:-1, max-image-preview:large, max-video-preview:-1\" \/>\n<link rel=\"canonical\" href=\"https:\/\/tyden.dk\/sv\/ktll-total-transfer-etikett\/\" \/>\n<meta property=\"og:locale\" content=\"sv_SE\" \/>\n<meta property=\"og:type\" content=\"article\" \/>\n<meta property=\"og:title\" content=\"\u200bKTLL Total Transfer label - Tyden\" \/>\n<meta property=\"og:description\" content=\"KTLL er label version af vores KTL emballage sikkerheds tape, med de samme specifikationer.\" \/>\n<meta property=\"og:url\" content=\"https:\/\/tyden.dk\/sv\/ktll-total-transfer-etikett\/\" \/>\n<meta property=\"og:site_name\" content=\"Tyden\" \/>\n<meta property=\"article:publisher\" content=\"https:\/\/www.facebook.com\/www.tyden.dk\/\" \/>\n<meta property=\"article:modified_time\" content=\"2025-06-13T10:05:17+00:00\" \/>\n<meta property=\"og:image\" content=\"https:\/\/tyden.dk\/wp-content\/uploads\/2025\/06\/15_295-1_5656-e1749809063889.png\" \/>\n\t<meta property=\"og:image:width\" content=\"250\" \/>\n\t<meta property=\"og:image:height\" content=\"250\" \/>\n\t<meta property=\"og:image:type\" content=\"image\/png\" \/>\n<meta name=\"twitter:card\" content=\"summary_large_image\" \/>\n<script type=\"application\/ld+json\" class=\"yoast-schema-graph\">{\"@context\":\"https:\/\/schema.org\",\"@graph\":[{\"@type\":\"WebPage\",\"@id\":\"https:\/\/tyden.dk\/sv\/ktll-total-transfer-etikett\/\",\"url\":\"https:\/\/tyden.dk\/sv\/ktll-total-transfer-etikett\/\",\"name\":\"\u200bKTLL Total Transfer label - Tyden\",\"isPartOf\":{\"@id\":\"https:\/\/tyden.dk\/sv\/#website\"},\"primaryImageOfPage\":{\"@id\":\"https:\/\/tyden.dk\/sv\/ktll-total-transfer-etikett\/#primaryimage\"},\"image\":{\"@id\":\"https:\/\/tyden.dk\/sv\/ktll-total-transfer-etikett\/#primaryimage\"},\"thumbnailUrl\":\"https:\/\/tyden.dk\/wp-content\/uploads\/2025\/06\/15_295-1_5656-e1749809063889.png\",\"datePublished\":\"2025-06-13T10:03:46+00:00\",\"dateModified\":\"2025-06-13T10:05:17+00:00\",\"breadcrumb\":{\"@id\":\"https:\/\/tyden.dk\/sv\/ktll-total-transfer-etikett\/#breadcrumb\"},\"inLanguage\":\"sv-SE\",\"potentialAction\":[{\"@type\":\"ReadAction\",\"target\":[\"https:\/\/tyden.dk\/sv\/ktll-total-transfer-etikett\/\"]}]},{\"@type\":\"ImageObject\",\"inLanguage\":\"sv-SE\",\"@id\":\"https:\/\/tyden.dk\/sv\/ktll-total-transfer-etikett\/#primaryimage\",\"url\":\"https:\/\/tyden.dk\/wp-content\/uploads\/2025\/06\/15_295-1_5656-e1749809063889.png\",\"contentUrl\":\"https:\/\/tyden.dk\/wp-content\/uploads\/2025\/06\/15_295-1_5656-e1749809063889.png\",\"width\":250,\"height\":250},{\"@type\":\"BreadcrumbList\",\"@id\":\"https:\/\/tyden.dk\/sv\/ktll-total-transfer-etikett\/#breadcrumb\",\"itemListElement\":[{\"@type\":\"ListItem\",\"position\":1,\"name\":\"Hjem\",\"item\":\"https:\/\/tyden.dk\/\"},{\"@type\":\"ListItem\",\"position\":2,\"name\":\"Varer\",\"item\":\"https:\/\/tyden.dk\/shop\/\"},{\"@type\":\"ListItem\",\"position\":3,\"name\":\"\u200bKTLL Total Transfer label\"}]},{\"@type\":\"WebSite\",\"@id\":\"https:\/\/tyden.dk\/sv\/#website\",\"url\":\"https:\/\/tyden.dk\/sv\/\",\"name\":\"Tyden\",\"description\":\"\",\"publisher\":{\"@id\":\"https:\/\/tyden.dk\/sv\/#organization\"},\"potentialAction\":[{\"@type\":\"SearchAction\",\"target\":{\"@type\":\"EntryPoint\",\"urlTemplate\":\"https:\/\/tyden.dk\/sv\/?s={search_term_string}\"},\"query-input\":{\"@type\":\"PropertyValueSpecification\",\"valueRequired\":true,\"valueName\":\"search_term_string\"}}],\"inLanguage\":\"sv-SE\"},{\"@type\":\"Organization\",\"@id\":\"https:\/\/tyden.dk\/sv\/#organization\",\"name\":\"Tyden\",\"url\":\"https:\/\/tyden.dk\/sv\/\",\"logo\":{\"@type\":\"ImageObject\",\"inLanguage\":\"sv-SE\",\"@id\":\"https:\/\/tyden.dk\/sv\/#\/schema\/logo\/image\/\",\"url\":\"https:\/\/tyden.dk\/wp-content\/uploads\/2025\/05\/logo_3_2_4286.png\",\"contentUrl\":\"https:\/\/tyden.dk\/wp-content\/uploads\/2025\/05\/logo_3_2_4286.png\",\"width\":341,\"height\":80,\"caption\":\"Tyden\"},\"image\":{\"@id\":\"https:\/\/tyden.dk\/sv\/#\/schema\/logo\/image\/\"},\"sameAs\":[\"https:\/\/www.facebook.com\/www.tyden.dk\/\"]}]}<\/script>\n<!-- \/ Yoast SEO plugin. -->","yoast_head_json":{"title":"KTLL Total Transfer etikett - Tyden","robots":{"index":"index","follow":"follow","max-snippet":"max-snippet:-1","max-image-preview":"max-image-preview:large","max-video-preview":"max-video-preview:-1"},"canonical":"https:\/\/tyden.dk\/sv\/ktll-total-transfer-etikett\/","og_locale":"sv_SE","og_type":"article","og_title":"\u200bKTLL Total Transfer label - Tyden","og_description":"KTLL er label version af vores KTL emballage sikkerheds tape, med de samme specifikationer.","og_url":"https:\/\/tyden.dk\/sv\/ktll-total-transfer-etikett\/","og_site_name":"Tyden","article_publisher":"https:\/\/www.facebook.com\/www.tyden.dk\/","article_modified_time":"2025-06-13T10:05:17+00:00","og_image":[{"width":250,"height":250,"url":"https:\/\/tyden.dk\/wp-content\/uploads\/2025\/06\/15_295-1_5656-e1749809063889.png","type":"image\/png"}],"twitter_card":"summary_large_image","schema":{"@context":"https:\/\/schema.org","@graph":[{"@type":"WebPage","@id":"https:\/\/tyden.dk\/sv\/ktll-total-transfer-etikett\/","url":"https:\/\/tyden.dk\/sv\/ktll-total-transfer-etikett\/","name":"KTLL Total Transfer etikett - Tyden","isPartOf":{"@id":"https:\/\/tyden.dk\/sv\/#website"},"primaryImageOfPage":{"@id":"https:\/\/tyden.dk\/sv\/ktll-total-transfer-etikett\/#primaryimage"},"image":{"@id":"https:\/\/tyden.dk\/sv\/ktll-total-transfer-etikett\/#primaryimage"},"thumbnailUrl":"https:\/\/tyden.dk\/wp-content\/uploads\/2025\/06\/15_295-1_5656-e1749809063889.png","datePublished":"2025-06-13T10:03:46+00:00","dateModified":"2025-06-13T10:05:17+00:00","breadcrumb":{"@id":"https:\/\/tyden.dk\/sv\/ktll-total-transfer-etikett\/#breadcrumb"},"inLanguage":"sv-SE","potentialAction":[{"@type":"ReadAction","target":["https:\/\/tyden.dk\/sv\/ktll-total-transfer-etikett\/"]}]},{"@type":"ImageObject","inLanguage":"sv-SE","@id":"https:\/\/tyden.dk\/sv\/ktll-total-transfer-etikett\/#primaryimage","url":"https:\/\/tyden.dk\/wp-content\/uploads\/2025\/06\/15_295-1_5656-e1749809063889.png","contentUrl":"https:\/\/tyden.dk\/wp-content\/uploads\/2025\/06\/15_295-1_5656-e1749809063889.png","width":250,"height":250},{"@type":"BreadcrumbList","@id":"https:\/\/tyden.dk\/sv\/ktll-total-transfer-etikett\/#breadcrumb","itemListElement":[{"@type":"ListItem","position":1,"name":"Hjem","item":"https:\/\/tyden.dk\/"},{"@type":"ListItem","position":2,"name":"Varer","item":"https:\/\/tyden.dk\/shop\/"},{"@type":"ListItem","position":3,"name":"\u200bKTLL Total Transfer label"}]},{"@type":"WebSite","@id":"https:\/\/tyden.dk\/sv\/#website","url":"https:\/\/tyden.dk\/sv\/","name":"Tyden","description":"","publisher":{"@id":"https:\/\/tyden.dk\/sv\/#organization"},"potentialAction":[{"@type":"SearchAction","target":{"@type":"EntryPoint","urlTemplate":"https:\/\/tyden.dk\/sv\/?s={search_term_string}"},"query-input":{"@type":"PropertyValueSpecification","valueRequired":true,"valueName":"search_term_string"}}],"inLanguage":"sv-SE"},{"@type":"Organization","@id":"https:\/\/tyden.dk\/sv\/#organization","name":"Tyden","url":"https:\/\/tyden.dk\/sv\/","logo":{"@type":"ImageObject","inLanguage":"sv-SE","@id":"https:\/\/tyden.dk\/sv\/#\/schema\/logo\/image\/","url":"https:\/\/tyden.dk\/wp-content\/uploads\/2025\/05\/logo_3_2_4286.png","contentUrl":"https:\/\/tyden.dk\/wp-content\/uploads\/2025\/05\/logo_3_2_4286.png","width":341,"height":80,"caption":"Tyden"},"image":{"@id":"https:\/\/tyden.dk\/sv\/#\/schema\/logo\/image\/"},"sameAs":["https:\/\/www.facebook.com\/www.tyden.dk\/"]}]}},"_links":{"self":[{"href":"https:\/\/tyden.dk\/sv\/wp-json\/wp\/v2\/product\/1336","targetHints":{"allow":["GET"]}}],"collection":[{"href":"https:\/\/tyden.dk\/sv\/wp-json\/wp\/v2\/product"}],"about":[{"href":"https:\/\/tyden.dk\/sv\/wp-json\/wp\/v2\/types\/product"}],"replies":[{"embeddable":true,"href":"https:\/\/tyden.dk\/sv\/wp-json\/wp\/v2\/comments?post=1336"}],"wp:featuredmedia":[{"embeddable":true,"href":"https:\/\/tyden.dk\/sv\/wp-json\/wp\/v2\/media\/1338"}],"wp:attachment":[{"href":"https:\/\/tyden.dk\/sv\/wp-json\/wp\/v2\/media?parent=1336"}],"wp:term":[{"taxonomy":"product_brand","embeddable":true,"href":"https:\/\/tyden.dk\/sv\/wp-json\/wp\/v2\/product_brand?post=1336"},{"taxonomy":"product_cat","embeddable":true,"href":"https:\/\/tyden.dk\/sv\/wp-json\/wp\/v2\/product_cat?post=1336"},{"taxonomy":"product_tag","embeddable":true,"href":"https:\/\/tyden.dk\/sv\/wp-json\/wp\/v2\/product_tag?post=1336"}],"curies":[{"name":"wp","href":"https:\/\/api.w.org\/{rel}","templated":true}]}}