{"id":1326,"date":"2025-06-13T10:30:43","date_gmt":"2025-06-13T09:30:43","guid":{"rendered":"https:\/\/darkorange-jay-383513.hostingersite.com\/?post_type=product&#038;p=1326"},"modified":"2025-08-21T09:52:06","modified_gmt":"2025-08-21T08:52:06","slug":"sikkerhedstape-model-ktl-ktl","status":"publish","type":"product","link":"https:\/\/tyden.dk\/sv\/sikkerhedstape-model-ktl-ktl\/","title":{"rendered":"S\u00e4kerhetstejp - Modell KTL &amp; KTL +"},"content":{"rendered":"<div class=\"column step-3-12 step-2-6\">\n<div id=\"site-container-195595\" class=\"Container Placeholder AutoResizable con-121\" data-snap=\"1\">\n<div class=\"row\">\n<div class=\"column step-3-12\">\n<div id=\"site-container-195611\" class=\"Container ModuleElement Textarea AutoResizable con-82\" data-snap=\"1\" data-containertype=\"Textarea\" data-moduleelement=\"53704\">\n<div class=\"Module-53704 Textarea\">\n<p>Det finns perforeringar var 15:e cm, s\u00e5 det finns cirka 330 enskilda etiketter p\u00e5 en rulle - K T L \u00e4r utan l\u00f6pnummer - f\u00e4ster p\u00e5 de flesta ytor. K T L + Council s\u00e4kerhetstejp i rullar om 50 meter - var 15:e cm \u00e4r perforerad, vilket inneb\u00e4r att det finns ca 330 enskilda etiketter p\u00e5 en rulle - K T L + \u00e4r l\u00f6pande numrerad. Vi har rullar i lager fr\u00e5n 1 styck och upp\u00e5t i bl\u00e5tt och r\u00f6tt (r\u00f6tt med nummer)<\/p>\n<\/div>\n<\/div>\n<\/div>\n<\/div>\n<\/div>\n<\/div>","protected":false},"excerpt":{"rendered":"<p>Bl\u00e5 &amp; R\u00d6D s\u00e4kerhetstejp i rullar om 50 meter - kan kundanpassas min. best\u00e4llning 60 rullar eller 5000 etiketter p\u00e5 ark<\/p>","protected":false},"featured_media":1328,"comment_status":"open","ping_status":"closed","template":"","meta":[],"product_brand":[],"product_cat":[38],"product_tag":[],"class_list":{"0":"post-1326","1":"product","2":"type-product","3":"status-publish","4":"has-post-thumbnail","6":"product_cat-etiketplomber-sikkerhedstape","8":"first","9":"instock","10":"shipping-taxable","11":"product-type-simple"},"yoast_head":"<!-- This site is optimized with the Yoast SEO plugin v27.1.1 - https:\/\/yoast.com\/product\/yoast-seo-wordpress\/ -->\n<title>Sikkerhedstape - Model KTL &amp; KTL + - Tyden<\/title>\n<meta name=\"robots\" content=\"index, follow, max-snippet:-1, max-image-preview:large, max-video-preview:-1\" \/>\n<link rel=\"canonical\" href=\"https:\/\/tyden.dk\/sv\/sikkerhedstape-model-ktl-ktl\/\" \/>\n<meta property=\"og:locale\" content=\"sv_SE\" \/>\n<meta property=\"og:type\" content=\"article\" \/>\n<meta property=\"og:title\" content=\"Sikkerhedstape - Model KTL &amp; KTL + - Tyden\" \/>\n<meta property=\"og:description\" content=\"Bl\u00e5 &amp; R\u00d8D\u00a0 sikkerhedstape i ruller \u00e1 50 meter - kan kundetilpasses min. ordre 60 ruller eller 5000 stk. labels p\u00e5 ark\" \/>\n<meta property=\"og:url\" content=\"https:\/\/tyden.dk\/sv\/sikkerhedstape-model-ktl-ktl\/\" \/>\n<meta property=\"og:site_name\" content=\"Tyden\" \/>\n<meta property=\"article:publisher\" content=\"https:\/\/www.facebook.com\/www.tyden.dk\/\" \/>\n<meta property=\"article:modified_time\" content=\"2025-08-21T08:52:06+00:00\" \/>\n<meta property=\"og:image\" content=\"https:\/\/tyden.dk\/wp-content\/uploads\/2025\/06\/13_288-1_5647.png\" \/>\n\t<meta property=\"og:image:width\" content=\"250\" \/>\n\t<meta property=\"og:image:height\" content=\"334\" \/>\n\t<meta property=\"og:image:type\" content=\"image\/png\" \/>\n<meta name=\"twitter:card\" content=\"summary_large_image\" \/>\n<meta name=\"twitter:label1\" content=\"Ber\u00e4knad l\u00e4stid\" \/>\n\t<meta name=\"twitter:data1\" content=\"1 minut\" \/>\n<script type=\"application\/ld+json\" class=\"yoast-schema-graph\">{\"@context\":\"https:\/\/schema.org\",\"@graph\":[{\"@type\":\"WebPage\",\"@id\":\"https:\/\/tyden.dk\/sv\/sikkerhedstape-model-ktl-ktl\/\",\"url\":\"https:\/\/tyden.dk\/sv\/sikkerhedstape-model-ktl-ktl\/\",\"name\":\"Sikkerhedstape - Model KTL & KTL + - Tyden\",\"isPartOf\":{\"@id\":\"https:\/\/tyden.dk\/sv\/#website\"},\"primaryImageOfPage\":{\"@id\":\"https:\/\/tyden.dk\/sv\/sikkerhedstape-model-ktl-ktl\/#primaryimage\"},\"image\":{\"@id\":\"https:\/\/tyden.dk\/sv\/sikkerhedstape-model-ktl-ktl\/#primaryimage\"},\"thumbnailUrl\":\"https:\/\/tyden.dk\/wp-content\/uploads\/2025\/06\/13_288-1_5647.png\",\"datePublished\":\"2025-06-13T09:30:43+00:00\",\"dateModified\":\"2025-08-21T08:52:06+00:00\",\"breadcrumb\":{\"@id\":\"https:\/\/tyden.dk\/sv\/sikkerhedstape-model-ktl-ktl\/#breadcrumb\"},\"inLanguage\":\"sv-SE\",\"potentialAction\":[{\"@type\":\"ReadAction\",\"target\":[\"https:\/\/tyden.dk\/sv\/sikkerhedstape-model-ktl-ktl\/\"]}]},{\"@type\":\"ImageObject\",\"inLanguage\":\"sv-SE\",\"@id\":\"https:\/\/tyden.dk\/sv\/sikkerhedstape-model-ktl-ktl\/#primaryimage\",\"url\":\"https:\/\/tyden.dk\/wp-content\/uploads\/2025\/06\/13_288-1_5647.png\",\"contentUrl\":\"https:\/\/tyden.dk\/wp-content\/uploads\/2025\/06\/13_288-1_5647.png\",\"width\":250,\"height\":334},{\"@type\":\"BreadcrumbList\",\"@id\":\"https:\/\/tyden.dk\/sv\/sikkerhedstape-model-ktl-ktl\/#breadcrumb\",\"itemListElement\":[{\"@type\":\"ListItem\",\"position\":1,\"name\":\"Hjem\",\"item\":\"https:\/\/tyden.dk\/\"},{\"@type\":\"ListItem\",\"position\":2,\"name\":\"Varer\",\"item\":\"https:\/\/tyden.dk\/shop\/\"},{\"@type\":\"ListItem\",\"position\":3,\"name\":\"Sikkerhedstape &#8211; Model KTL &#038; KTL +\"}]},{\"@type\":\"WebSite\",\"@id\":\"https:\/\/tyden.dk\/sv\/#website\",\"url\":\"https:\/\/tyden.dk\/sv\/\",\"name\":\"Tyden\",\"description\":\"\",\"publisher\":{\"@id\":\"https:\/\/tyden.dk\/sv\/#organization\"},\"potentialAction\":[{\"@type\":\"SearchAction\",\"target\":{\"@type\":\"EntryPoint\",\"urlTemplate\":\"https:\/\/tyden.dk\/sv\/?s={search_term_string}\"},\"query-input\":{\"@type\":\"PropertyValueSpecification\",\"valueRequired\":true,\"valueName\":\"search_term_string\"}}],\"inLanguage\":\"sv-SE\"},{\"@type\":\"Organization\",\"@id\":\"https:\/\/tyden.dk\/sv\/#organization\",\"name\":\"Tyden\",\"url\":\"https:\/\/tyden.dk\/sv\/\",\"logo\":{\"@type\":\"ImageObject\",\"inLanguage\":\"sv-SE\",\"@id\":\"https:\/\/tyden.dk\/sv\/#\/schema\/logo\/image\/\",\"url\":\"https:\/\/tyden.dk\/wp-content\/uploads\/2025\/05\/logo_3_2_4286.png\",\"contentUrl\":\"https:\/\/tyden.dk\/wp-content\/uploads\/2025\/05\/logo_3_2_4286.png\",\"width\":341,\"height\":80,\"caption\":\"Tyden\"},\"image\":{\"@id\":\"https:\/\/tyden.dk\/sv\/#\/schema\/logo\/image\/\"},\"sameAs\":[\"https:\/\/www.facebook.com\/www.tyden.dk\/\"]}]}<\/script>\n<!-- \/ Yoast SEO plugin. -->","yoast_head_json":{"title":"S\u00e4kerhetstejp - Modell KTL &amp; KTL + - Tyden","robots":{"index":"index","follow":"follow","max-snippet":"max-snippet:-1","max-image-preview":"max-image-preview:large","max-video-preview":"max-video-preview:-1"},"canonical":"https:\/\/tyden.dk\/sv\/sikkerhedstape-model-ktl-ktl\/","og_locale":"sv_SE","og_type":"article","og_title":"Sikkerhedstape - Model KTL & KTL + - Tyden","og_description":"Bl\u00e5 &amp; R\u00d8D\u00a0 sikkerhedstape i ruller \u00e1 50 meter - kan kundetilpasses min. ordre 60 ruller eller 5000 stk. labels p\u00e5 ark","og_url":"https:\/\/tyden.dk\/sv\/sikkerhedstape-model-ktl-ktl\/","og_site_name":"Tyden","article_publisher":"https:\/\/www.facebook.com\/www.tyden.dk\/","article_modified_time":"2025-08-21T08:52:06+00:00","og_image":[{"width":250,"height":334,"url":"https:\/\/tyden.dk\/wp-content\/uploads\/2025\/06\/13_288-1_5647.png","type":"image\/png"}],"twitter_card":"summary_large_image","twitter_misc":{"Ber\u00e4knad l\u00e4stid":"1 minut"},"schema":{"@context":"https:\/\/schema.org","@graph":[{"@type":"WebPage","@id":"https:\/\/tyden.dk\/sv\/sikkerhedstape-model-ktl-ktl\/","url":"https:\/\/tyden.dk\/sv\/sikkerhedstape-model-ktl-ktl\/","name":"S\u00e4kerhetstejp - Modell KTL &amp; KTL + - Tyden","isPartOf":{"@id":"https:\/\/tyden.dk\/sv\/#website"},"primaryImageOfPage":{"@id":"https:\/\/tyden.dk\/sv\/sikkerhedstape-model-ktl-ktl\/#primaryimage"},"image":{"@id":"https:\/\/tyden.dk\/sv\/sikkerhedstape-model-ktl-ktl\/#primaryimage"},"thumbnailUrl":"https:\/\/tyden.dk\/wp-content\/uploads\/2025\/06\/13_288-1_5647.png","datePublished":"2025-06-13T09:30:43+00:00","dateModified":"2025-08-21T08:52:06+00:00","breadcrumb":{"@id":"https:\/\/tyden.dk\/sv\/sikkerhedstape-model-ktl-ktl\/#breadcrumb"},"inLanguage":"sv-SE","potentialAction":[{"@type":"ReadAction","target":["https:\/\/tyden.dk\/sv\/sikkerhedstape-model-ktl-ktl\/"]}]},{"@type":"ImageObject","inLanguage":"sv-SE","@id":"https:\/\/tyden.dk\/sv\/sikkerhedstape-model-ktl-ktl\/#primaryimage","url":"https:\/\/tyden.dk\/wp-content\/uploads\/2025\/06\/13_288-1_5647.png","contentUrl":"https:\/\/tyden.dk\/wp-content\/uploads\/2025\/06\/13_288-1_5647.png","width":250,"height":334},{"@type":"BreadcrumbList","@id":"https:\/\/tyden.dk\/sv\/sikkerhedstape-model-ktl-ktl\/#breadcrumb","itemListElement":[{"@type":"ListItem","position":1,"name":"Hjem","item":"https:\/\/tyden.dk\/"},{"@type":"ListItem","position":2,"name":"Varer","item":"https:\/\/tyden.dk\/shop\/"},{"@type":"ListItem","position":3,"name":"Sikkerhedstape &#8211; Model KTL &#038; KTL +"}]},{"@type":"WebSite","@id":"https:\/\/tyden.dk\/sv\/#website","url":"https:\/\/tyden.dk\/sv\/","name":"Tyden","description":"","publisher":{"@id":"https:\/\/tyden.dk\/sv\/#organization"},"potentialAction":[{"@type":"SearchAction","target":{"@type":"EntryPoint","urlTemplate":"https:\/\/tyden.dk\/sv\/?s={search_term_string}"},"query-input":{"@type":"PropertyValueSpecification","valueRequired":true,"valueName":"search_term_string"}}],"inLanguage":"sv-SE"},{"@type":"Organization","@id":"https:\/\/tyden.dk\/sv\/#organization","name":"Tyden","url":"https:\/\/tyden.dk\/sv\/","logo":{"@type":"ImageObject","inLanguage":"sv-SE","@id":"https:\/\/tyden.dk\/sv\/#\/schema\/logo\/image\/","url":"https:\/\/tyden.dk\/wp-content\/uploads\/2025\/05\/logo_3_2_4286.png","contentUrl":"https:\/\/tyden.dk\/wp-content\/uploads\/2025\/05\/logo_3_2_4286.png","width":341,"height":80,"caption":"Tyden"},"image":{"@id":"https:\/\/tyden.dk\/sv\/#\/schema\/logo\/image\/"},"sameAs":["https:\/\/www.facebook.com\/www.tyden.dk\/"]}]}},"_links":{"self":[{"href":"https:\/\/tyden.dk\/sv\/wp-json\/wp\/v2\/product\/1326","targetHints":{"allow":["GET"]}}],"collection":[{"href":"https:\/\/tyden.dk\/sv\/wp-json\/wp\/v2\/product"}],"about":[{"href":"https:\/\/tyden.dk\/sv\/wp-json\/wp\/v2\/types\/product"}],"replies":[{"embeddable":true,"href":"https:\/\/tyden.dk\/sv\/wp-json\/wp\/v2\/comments?post=1326"}],"wp:featuredmedia":[{"embeddable":true,"href":"https:\/\/tyden.dk\/sv\/wp-json\/wp\/v2\/media\/1328"}],"wp:attachment":[{"href":"https:\/\/tyden.dk\/sv\/wp-json\/wp\/v2\/media?parent=1326"}],"wp:term":[{"taxonomy":"product_brand","embeddable":true,"href":"https:\/\/tyden.dk\/sv\/wp-json\/wp\/v2\/product_brand?post=1326"},{"taxonomy":"product_cat","embeddable":true,"href":"https:\/\/tyden.dk\/sv\/wp-json\/wp\/v2\/product_cat?post=1326"},{"taxonomy":"product_tag","embeddable":true,"href":"https:\/\/tyden.dk\/sv\/wp-json\/wp\/v2\/product_tag?post=1326"}],"curies":[{"name":"wp","href":"https:\/\/api.w.org\/{rel}","templated":true}]}}