{"id":1186,"date":"2025-06-12T13:24:42","date_gmt":"2025-06-12T12:24:42","guid":{"rendered":"https:\/\/darkorange-jay-383513.hostingersite.com\/?post_type=product&#038;p=1186"},"modified":"2025-08-28T12:44:57","modified_gmt":"2025-08-28T11:44:57","slug":"slidstaerke-nylon-maerker","status":"publish","type":"product","link":"https:\/\/tyden.dk\/sv\/slidstaerke-nylon-maerker\/","title":{"rendered":"Slitstarka nylonm\u00e4rken"},"content":{"rendered":"<p>2 modeller - 175 mm och 300 mm - pr\u00e4glingsomr\u00e5det p\u00e5 175 mm \u00e4r 30\u00d79 mm och p\u00e5 300 mm 46x 9 mm<br \/>\nLeveranstid: 3-4 veckor - O B S - BETALAS P\u00c5 ORDERDAGEN !!!!!!<\/p>\n<p>Slitstarka nylonbrickor anv\u00e4nds f\u00f6r s\u00e4kerhetsinspektion av lyftutrustning i gruvor och tung industri. Dessa inspektionstaggar kan anpassas med din logotyp och l\u00f6pande numrering. Taggarna \u00e4r speciellt utformade f\u00f6r lyftindustrin. Den h\u00e4r robusta taggen klarar tidens tand i alla gruv- och tunga industrif\u00f6rh\u00e5llanden. N\u00e4r taggen dras \u00e5t har du ett n\u00e4stan okrossbart band som s\u00e4kerst\u00e4ller att taggen sitter p\u00e5 plats \u00e4ven under tuffa f\u00f6rh\u00e5llanden. Tillverkad av v\u00e4rldens b\u00e4sta nylonkvalitet, stabiliserad mot ultraviolett ljus, dessa taggar bleknar aldrig.<br \/>\nHOT FOIL-m\u00e4rkning, f\u00f6retagslogotyp, datum f\u00f6r omtestning och l\u00f6pande numrering \u00e4r ocks\u00e5 m\u00f6jligt.<\/p>\n<ul>\n<li>Kostnadseffektivt<\/li>\n<li>Slitstark, flexibel, st\u00f6tt\u00e5lig<\/li>\n<li>Hopf\u00e4llbar s\u00e5 att etiketterna f\u00e5r plats p\u00e5 stora f\u00f6rem\u00e5l<\/li>\n<\/ul>\n<p>F\u00f6r validering av lyftredskap och selar, drift av utrustning och s\u00e4kerhetsinspektioner, gruvor, offshore-riggar, bang\u00e5rdar eller tekniska anl\u00e4ggningar. 3, 6 och 12 m\u00e5naders inspektionsvalidering. Tillverkad av v\u00e4rldens h\u00f6gsta kvalitet UV-stabiliserad NYLON enligt ISO-kvalitetsstandarder, den \u00e4r enkel att anv\u00e4nda och extremt robust under alla f\u00f6rh\u00e5llanden och i alla klimat. Vi kan leverera inom tv\u00e5 till fyra veckor. 13 olika starka f\u00e4rger som inte bleknar. Djupt termiskt folietryck, f\u00f6retagslogotyp och detaljer st\u00e4mplade i 3 rader med data; 7-siffrig sekventiell numrering tillg\u00e4nglig.<\/p>","protected":false},"excerpt":{"rendered":"<p>Anv\u00e4nds f\u00f6r m\u00e4rkning av t.ex. fallskyddsutrustning - min. Best\u00e4llning 200 stycken.<\/p>","protected":false},"featured_media":1650,"comment_status":"open","ping_status":"closed","template":"","meta":[],"product_brand":[],"product_cat":[39,37],"product_tag":[],"class_list":{"0":"post-1186","1":"product","2":"type-product","3":"status-publish","4":"has-post-thumbnail","6":"product_cat-lastbilplomber","7":"product_cat-plastplomber","9":"first","10":"instock","11":"shipping-taxable","12":"product-type-simple"},"yoast_head":"<!-- This site is optimized with the Yoast SEO plugin v27.1.1 - https:\/\/yoast.com\/product\/yoast-seo-wordpress\/ -->\n<title>Slidst\u00e6rke nylon m\u00e6rker - Tyden<\/title>\n<meta name=\"robots\" content=\"index, follow, max-snippet:-1, max-image-preview:large, max-video-preview:-1\" \/>\n<link rel=\"canonical\" href=\"https:\/\/tyden.dk\/sv\/slidstaerke-nylon-maerker\/\" \/>\n<meta property=\"og:locale\" content=\"sv_SE\" \/>\n<meta property=\"og:type\" content=\"article\" \/>\n<meta property=\"og:title\" content=\"Slidst\u00e6rke nylon m\u00e6rker - Tyden\" \/>\n<meta property=\"og:description\" content=\"Bruges til m\u00e6rkning af b.La faldsikrings udstyr - min. Ordre 200 stk.\" \/>\n<meta property=\"og:url\" content=\"https:\/\/tyden.dk\/sv\/slidstaerke-nylon-maerker\/\" \/>\n<meta property=\"og:site_name\" content=\"Tyden\" \/>\n<meta property=\"article:publisher\" content=\"https:\/\/www.facebook.com\/www.tyden.dk\/\" \/>\n<meta property=\"article:modified_time\" content=\"2025-08-28T11:44:57+00:00\" \/>\n<meta property=\"og:image\" content=\"https:\/\/tyden.dk\/wp-content\/uploads\/2025\/06\/jkt-tag-hvid.jpg\" \/>\n\t<meta property=\"og:image:width\" content=\"800\" \/>\n\t<meta property=\"og:image:height\" content=\"576\" \/>\n\t<meta property=\"og:image:type\" content=\"image\/jpeg\" \/>\n<meta name=\"twitter:card\" content=\"summary_large_image\" \/>\n<meta name=\"twitter:label1\" content=\"Ber\u00e4knad l\u00e4stid\" \/>\n\t<meta name=\"twitter:data1\" content=\"2 minuter\" \/>\n<script type=\"application\/ld+json\" class=\"yoast-schema-graph\">{\"@context\":\"https:\/\/schema.org\",\"@graph\":[{\"@type\":\"WebPage\",\"@id\":\"https:\/\/tyden.dk\/sv\/slidstaerke-nylon-maerker\/\",\"url\":\"https:\/\/tyden.dk\/sv\/slidstaerke-nylon-maerker\/\",\"name\":\"Slidst\u00e6rke nylon m\u00e6rker - Tyden\",\"isPartOf\":{\"@id\":\"https:\/\/tyden.dk\/sv\/#website\"},\"primaryImageOfPage\":{\"@id\":\"https:\/\/tyden.dk\/sv\/slidstaerke-nylon-maerker\/#primaryimage\"},\"image\":{\"@id\":\"https:\/\/tyden.dk\/sv\/slidstaerke-nylon-maerker\/#primaryimage\"},\"thumbnailUrl\":\"https:\/\/tyden.dk\/wp-content\/uploads\/2025\/06\/jkt-tag-hvid.jpg\",\"datePublished\":\"2025-06-12T12:24:42+00:00\",\"dateModified\":\"2025-08-28T11:44:57+00:00\",\"breadcrumb\":{\"@id\":\"https:\/\/tyden.dk\/sv\/slidstaerke-nylon-maerker\/#breadcrumb\"},\"inLanguage\":\"sv-SE\",\"potentialAction\":[{\"@type\":\"ReadAction\",\"target\":[\"https:\/\/tyden.dk\/sv\/slidstaerke-nylon-maerker\/\"]}]},{\"@type\":\"ImageObject\",\"inLanguage\":\"sv-SE\",\"@id\":\"https:\/\/tyden.dk\/sv\/slidstaerke-nylon-maerker\/#primaryimage\",\"url\":\"https:\/\/tyden.dk\/wp-content\/uploads\/2025\/06\/jkt-tag-hvid.jpg\",\"contentUrl\":\"https:\/\/tyden.dk\/wp-content\/uploads\/2025\/06\/jkt-tag-hvid.jpg\",\"width\":800,\"height\":576},{\"@type\":\"BreadcrumbList\",\"@id\":\"https:\/\/tyden.dk\/sv\/slidstaerke-nylon-maerker\/#breadcrumb\",\"itemListElement\":[{\"@type\":\"ListItem\",\"position\":1,\"name\":\"Hjem\",\"item\":\"https:\/\/tyden.dk\/\"},{\"@type\":\"ListItem\",\"position\":2,\"name\":\"Varer\",\"item\":\"https:\/\/tyden.dk\/shop\/\"},{\"@type\":\"ListItem\",\"position\":3,\"name\":\"Slidst\u00e6rke nylon m\u00e6rker\"}]},{\"@type\":\"WebSite\",\"@id\":\"https:\/\/tyden.dk\/sv\/#website\",\"url\":\"https:\/\/tyden.dk\/sv\/\",\"name\":\"Tyden\",\"description\":\"\",\"publisher\":{\"@id\":\"https:\/\/tyden.dk\/sv\/#organization\"},\"potentialAction\":[{\"@type\":\"SearchAction\",\"target\":{\"@type\":\"EntryPoint\",\"urlTemplate\":\"https:\/\/tyden.dk\/sv\/?s={search_term_string}\"},\"query-input\":{\"@type\":\"PropertyValueSpecification\",\"valueRequired\":true,\"valueName\":\"search_term_string\"}}],\"inLanguage\":\"sv-SE\"},{\"@type\":\"Organization\",\"@id\":\"https:\/\/tyden.dk\/sv\/#organization\",\"name\":\"Tyden\",\"url\":\"https:\/\/tyden.dk\/sv\/\",\"logo\":{\"@type\":\"ImageObject\",\"inLanguage\":\"sv-SE\",\"@id\":\"https:\/\/tyden.dk\/sv\/#\/schema\/logo\/image\/\",\"url\":\"https:\/\/tyden.dk\/wp-content\/uploads\/2025\/05\/logo_3_2_4286.png\",\"contentUrl\":\"https:\/\/tyden.dk\/wp-content\/uploads\/2025\/05\/logo_3_2_4286.png\",\"width\":341,\"height\":80,\"caption\":\"Tyden\"},\"image\":{\"@id\":\"https:\/\/tyden.dk\/sv\/#\/schema\/logo\/image\/\"},\"sameAs\":[\"https:\/\/www.facebook.com\/www.tyden.dk\/\"]}]}<\/script>\n<!-- \/ Yoast SEO plugin. -->","yoast_head_json":{"title":"Slitstarka nylonm\u00e4rken - Tyden","robots":{"index":"index","follow":"follow","max-snippet":"max-snippet:-1","max-image-preview":"max-image-preview:large","max-video-preview":"max-video-preview:-1"},"canonical":"https:\/\/tyden.dk\/sv\/slidstaerke-nylon-maerker\/","og_locale":"sv_SE","og_type":"article","og_title":"Slidst\u00e6rke nylon m\u00e6rker - Tyden","og_description":"Bruges til m\u00e6rkning af b.La faldsikrings udstyr - min. Ordre 200 stk.","og_url":"https:\/\/tyden.dk\/sv\/slidstaerke-nylon-maerker\/","og_site_name":"Tyden","article_publisher":"https:\/\/www.facebook.com\/www.tyden.dk\/","article_modified_time":"2025-08-28T11:44:57+00:00","og_image":[{"width":800,"height":576,"url":"https:\/\/tyden.dk\/wp-content\/uploads\/2025\/06\/jkt-tag-hvid.jpg","type":"image\/jpeg"}],"twitter_card":"summary_large_image","twitter_misc":{"Ber\u00e4knad l\u00e4stid":"2 minuter"},"schema":{"@context":"https:\/\/schema.org","@graph":[{"@type":"WebPage","@id":"https:\/\/tyden.dk\/sv\/slidstaerke-nylon-maerker\/","url":"https:\/\/tyden.dk\/sv\/slidstaerke-nylon-maerker\/","name":"Slitstarka nylonm\u00e4rken - Tyden","isPartOf":{"@id":"https:\/\/tyden.dk\/sv\/#website"},"primaryImageOfPage":{"@id":"https:\/\/tyden.dk\/sv\/slidstaerke-nylon-maerker\/#primaryimage"},"image":{"@id":"https:\/\/tyden.dk\/sv\/slidstaerke-nylon-maerker\/#primaryimage"},"thumbnailUrl":"https:\/\/tyden.dk\/wp-content\/uploads\/2025\/06\/jkt-tag-hvid.jpg","datePublished":"2025-06-12T12:24:42+00:00","dateModified":"2025-08-28T11:44:57+00:00","breadcrumb":{"@id":"https:\/\/tyden.dk\/sv\/slidstaerke-nylon-maerker\/#breadcrumb"},"inLanguage":"sv-SE","potentialAction":[{"@type":"ReadAction","target":["https:\/\/tyden.dk\/sv\/slidstaerke-nylon-maerker\/"]}]},{"@type":"ImageObject","inLanguage":"sv-SE","@id":"https:\/\/tyden.dk\/sv\/slidstaerke-nylon-maerker\/#primaryimage","url":"https:\/\/tyden.dk\/wp-content\/uploads\/2025\/06\/jkt-tag-hvid.jpg","contentUrl":"https:\/\/tyden.dk\/wp-content\/uploads\/2025\/06\/jkt-tag-hvid.jpg","width":800,"height":576},{"@type":"BreadcrumbList","@id":"https:\/\/tyden.dk\/sv\/slidstaerke-nylon-maerker\/#breadcrumb","itemListElement":[{"@type":"ListItem","position":1,"name":"Hjem","item":"https:\/\/tyden.dk\/"},{"@type":"ListItem","position":2,"name":"Varer","item":"https:\/\/tyden.dk\/shop\/"},{"@type":"ListItem","position":3,"name":"Slidst\u00e6rke nylon m\u00e6rker"}]},{"@type":"WebSite","@id":"https:\/\/tyden.dk\/sv\/#website","url":"https:\/\/tyden.dk\/sv\/","name":"Tyden","description":"","publisher":{"@id":"https:\/\/tyden.dk\/sv\/#organization"},"potentialAction":[{"@type":"SearchAction","target":{"@type":"EntryPoint","urlTemplate":"https:\/\/tyden.dk\/sv\/?s={search_term_string}"},"query-input":{"@type":"PropertyValueSpecification","valueRequired":true,"valueName":"search_term_string"}}],"inLanguage":"sv-SE"},{"@type":"Organization","@id":"https:\/\/tyden.dk\/sv\/#organization","name":"Tyden","url":"https:\/\/tyden.dk\/sv\/","logo":{"@type":"ImageObject","inLanguage":"sv-SE","@id":"https:\/\/tyden.dk\/sv\/#\/schema\/logo\/image\/","url":"https:\/\/tyden.dk\/wp-content\/uploads\/2025\/05\/logo_3_2_4286.png","contentUrl":"https:\/\/tyden.dk\/wp-content\/uploads\/2025\/05\/logo_3_2_4286.png","width":341,"height":80,"caption":"Tyden"},"image":{"@id":"https:\/\/tyden.dk\/sv\/#\/schema\/logo\/image\/"},"sameAs":["https:\/\/www.facebook.com\/www.tyden.dk\/"]}]}},"_links":{"self":[{"href":"https:\/\/tyden.dk\/sv\/wp-json\/wp\/v2\/product\/1186","targetHints":{"allow":["GET"]}}],"collection":[{"href":"https:\/\/tyden.dk\/sv\/wp-json\/wp\/v2\/product"}],"about":[{"href":"https:\/\/tyden.dk\/sv\/wp-json\/wp\/v2\/types\/product"}],"replies":[{"embeddable":true,"href":"https:\/\/tyden.dk\/sv\/wp-json\/wp\/v2\/comments?post=1186"}],"wp:featuredmedia":[{"embeddable":true,"href":"https:\/\/tyden.dk\/sv\/wp-json\/wp\/v2\/media\/1650"}],"wp:attachment":[{"href":"https:\/\/tyden.dk\/sv\/wp-json\/wp\/v2\/media?parent=1186"}],"wp:term":[{"taxonomy":"product_brand","embeddable":true,"href":"https:\/\/tyden.dk\/sv\/wp-json\/wp\/v2\/product_brand?post=1186"},{"taxonomy":"product_cat","embeddable":true,"href":"https:\/\/tyden.dk\/sv\/wp-json\/wp\/v2\/product_cat?post=1186"},{"taxonomy":"product_tag","embeddable":true,"href":"https:\/\/tyden.dk\/sv\/wp-json\/wp\/v2\/product_tag?post=1186"}],"curies":[{"name":"wp","href":"https:\/\/api.w.org\/{rel}","templated":true}]}}