{"id":1146,"date":"2025-06-12T12:52:12","date_gmt":"2025-06-12T11:52:12","guid":{"rendered":"https:\/\/darkorange-jay-383513.hostingersite.com\/?post_type=product&#038;p=1146"},"modified":"2026-02-22T12:15:14","modified_gmt":"2026-02-22T11:15:14","slug":"the-91","status":"publish","type":"product","link":"https:\/\/tyden.dk\/sv\/the-91\/","title":{"rendered":"THE 91 Pull Up-plugg - stark plastplugg - finns i 4 l\u00e4ngder"},"content":{"rendered":"<p>Vi har THE 91 - 38 cm i lager i 4 f\u00e4rger - m\u00e4rkta med Sealed and a number f\u00f6r omg\u00e5ende leverans.<\/p>\n<p>THE 91 kan best\u00e4llas i 4 l\u00e4ngder - 18 cm \/ 26 cm \/ 32 cm \/ 38 cm. \u00d8 2,8 mm \/ 3,8 mm \/ 4,5 mm.<br \/>\nTHE 91-sigillet kan pr\u00e4glas med upp till 6 bokst\u00e4ver \/ 6 siffror. Alternativ f\u00f6r pr\u00e4gling av logotyp.<br \/>\nFinns i m\u00e5nga olika f\u00e4rger och snabb leverans.<\/p>\n<p>&nbsp;<\/p>","protected":false},"excerpt":{"rendered":"<p>Justerbar plastf\u00f6rsegling som dras upp.<\/p>","protected":false},"featured_media":1913,"comment_status":"open","ping_status":"closed","template":"","meta":[],"product_brand":[],"product_cat":[39,37],"product_tag":[],"class_list":{"0":"post-1146","1":"product","2":"type-product","3":"status-publish","4":"has-post-thumbnail","6":"product_cat-lastbilplomber","7":"product_cat-plastplomber","9":"first","10":"instock","11":"shipping-taxable","12":"product-type-simple"},"yoast_head":"<!-- This site is optimized with the Yoast SEO plugin v27.1.1 - https:\/\/yoast.com\/product\/yoast-seo-wordpress\/ -->\n<title>THE 91 Pull Up plombe - st\u00e6rk plast plombe - kommer i 4 l\u00e6ngder - Tyden<\/title>\n<meta name=\"robots\" content=\"index, follow, max-snippet:-1, max-image-preview:large, max-video-preview:-1\" \/>\n<link rel=\"canonical\" href=\"https:\/\/tyden.dk\/sv\/the-91\/\" \/>\n<meta property=\"og:locale\" content=\"sv_SE\" \/>\n<meta property=\"og:type\" content=\"article\" \/>\n<meta property=\"og:title\" content=\"THE 91 Pull Up plombe - st\u00e6rk plast plombe - kommer i 4 l\u00e6ngder - Tyden\" \/>\n<meta property=\"og:description\" content=\"Justerbar PULL up plastik plombe.\" \/>\n<meta property=\"og:url\" content=\"https:\/\/tyden.dk\/sv\/the-91\/\" \/>\n<meta property=\"og:site_name\" content=\"Tyden\" \/>\n<meta property=\"article:publisher\" content=\"https:\/\/www.facebook.com\/www.tyden.dk\/\" \/>\n<meta property=\"article:modified_time\" content=\"2026-02-22T11:15:14+00:00\" \/>\n<meta property=\"og:image\" content=\"https:\/\/tyden.dk\/wp-content\/uploads\/2025\/06\/THE-91-38-cm-roed-plombe-22.02.jpg\" \/>\n\t<meta property=\"og:image:width\" content=\"2016\" \/>\n\t<meta property=\"og:image:height\" content=\"1134\" \/>\n\t<meta property=\"og:image:type\" content=\"image\/jpeg\" \/>\n<meta name=\"twitter:card\" content=\"summary_large_image\" \/>\n<meta name=\"twitter:label1\" content=\"Ber\u00e4knad l\u00e4stid\" \/>\n\t<meta name=\"twitter:data1\" content=\"1 minut\" \/>\n<script type=\"application\/ld+json\" class=\"yoast-schema-graph\">{\"@context\":\"https:\/\/schema.org\",\"@graph\":[{\"@type\":\"WebPage\",\"@id\":\"https:\/\/tyden.dk\/sv\/the-91\/\",\"url\":\"https:\/\/tyden.dk\/sv\/the-91\/\",\"name\":\"THE 91 Pull Up plombe - st\u00e6rk plast plombe - kommer i 4 l\u00e6ngder - Tyden\",\"isPartOf\":{\"@id\":\"https:\/\/tyden.dk\/sv\/#website\"},\"primaryImageOfPage\":{\"@id\":\"https:\/\/tyden.dk\/sv\/the-91\/#primaryimage\"},\"image\":{\"@id\":\"https:\/\/tyden.dk\/sv\/the-91\/#primaryimage\"},\"thumbnailUrl\":\"https:\/\/tyden.dk\/wp-content\/uploads\/2025\/06\/THE-91-38-cm-roed-plombe-22.02.jpg\",\"datePublished\":\"2025-06-12T11:52:12+00:00\",\"dateModified\":\"2026-02-22T11:15:14+00:00\",\"breadcrumb\":{\"@id\":\"https:\/\/tyden.dk\/sv\/the-91\/#breadcrumb\"},\"inLanguage\":\"sv-SE\",\"potentialAction\":[{\"@type\":\"ReadAction\",\"target\":[\"https:\/\/tyden.dk\/sv\/the-91\/\"]}]},{\"@type\":\"ImageObject\",\"inLanguage\":\"sv-SE\",\"@id\":\"https:\/\/tyden.dk\/sv\/the-91\/#primaryimage\",\"url\":\"https:\/\/tyden.dk\/wp-content\/uploads\/2025\/06\/THE-91-38-cm-roed-plombe-22.02.jpg\",\"contentUrl\":\"https:\/\/tyden.dk\/wp-content\/uploads\/2025\/06\/THE-91-38-cm-roed-plombe-22.02.jpg\",\"width\":2016,\"height\":1134},{\"@type\":\"BreadcrumbList\",\"@id\":\"https:\/\/tyden.dk\/sv\/the-91\/#breadcrumb\",\"itemListElement\":[{\"@type\":\"ListItem\",\"position\":1,\"name\":\"Hjem\",\"item\":\"https:\/\/darkorange-jay-383513.hostingersite.com\/\"},{\"@type\":\"ListItem\",\"position\":2,\"name\":\"Varer\",\"item\":\"https:\/\/darkorange-jay-383513.hostingersite.com\/shop\/\"},{\"@type\":\"ListItem\",\"position\":3,\"name\":\"THE 91 Pull Up plombe &#8211; st\u00e6rk plast plombe &#8211; kommer i 4 l\u00e6ngder\"}]},{\"@type\":\"WebSite\",\"@id\":\"https:\/\/tyden.dk\/sv\/#website\",\"url\":\"https:\/\/tyden.dk\/sv\/\",\"name\":\"Tyden\",\"description\":\"\",\"publisher\":{\"@id\":\"https:\/\/tyden.dk\/sv\/#organization\"},\"potentialAction\":[{\"@type\":\"SearchAction\",\"target\":{\"@type\":\"EntryPoint\",\"urlTemplate\":\"https:\/\/tyden.dk\/sv\/?s={search_term_string}\"},\"query-input\":{\"@type\":\"PropertyValueSpecification\",\"valueRequired\":true,\"valueName\":\"search_term_string\"}}],\"inLanguage\":\"sv-SE\"},{\"@type\":\"Organization\",\"@id\":\"https:\/\/tyden.dk\/sv\/#organization\",\"name\":\"Tyden\",\"url\":\"https:\/\/tyden.dk\/sv\/\",\"logo\":{\"@type\":\"ImageObject\",\"inLanguage\":\"sv-SE\",\"@id\":\"https:\/\/tyden.dk\/sv\/#\/schema\/logo\/image\/\",\"url\":\"https:\/\/tyden.dk\/wp-content\/uploads\/2025\/05\/logo_3_2_4286.png\",\"contentUrl\":\"https:\/\/tyden.dk\/wp-content\/uploads\/2025\/05\/logo_3_2_4286.png\",\"width\":341,\"height\":80,\"caption\":\"Tyden\"},\"image\":{\"@id\":\"https:\/\/tyden.dk\/sv\/#\/schema\/logo\/image\/\"},\"sameAs\":[\"https:\/\/www.facebook.com\/www.tyden.dk\/\"]}]}<\/script>\n<!-- \/ Yoast SEO plugin. -->","yoast_head_json":{"title":"THE 91 Pull Up-plugg - stark plastplugg - finns i 4 l\u00e4ngder - Tyden","robots":{"index":"index","follow":"follow","max-snippet":"max-snippet:-1","max-image-preview":"max-image-preview:large","max-video-preview":"max-video-preview:-1"},"canonical":"https:\/\/tyden.dk\/sv\/the-91\/","og_locale":"sv_SE","og_type":"article","og_title":"THE 91 Pull Up plombe - st\u00e6rk plast plombe - kommer i 4 l\u00e6ngder - Tyden","og_description":"Justerbar PULL up plastik plombe.","og_url":"https:\/\/tyden.dk\/sv\/the-91\/","og_site_name":"Tyden","article_publisher":"https:\/\/www.facebook.com\/www.tyden.dk\/","article_modified_time":"2026-02-22T11:15:14+00:00","og_image":[{"width":2016,"height":1134,"url":"https:\/\/tyden.dk\/wp-content\/uploads\/2025\/06\/THE-91-38-cm-roed-plombe-22.02.jpg","type":"image\/jpeg"}],"twitter_card":"summary_large_image","twitter_misc":{"Ber\u00e4knad l\u00e4stid":"1 minut"},"schema":{"@context":"https:\/\/schema.org","@graph":[{"@type":"WebPage","@id":"https:\/\/tyden.dk\/sv\/the-91\/","url":"https:\/\/tyden.dk\/sv\/the-91\/","name":"THE 91 Pull Up-plugg - stark plastplugg - finns i 4 l\u00e4ngder - Tyden","isPartOf":{"@id":"https:\/\/tyden.dk\/sv\/#website"},"primaryImageOfPage":{"@id":"https:\/\/tyden.dk\/sv\/the-91\/#primaryimage"},"image":{"@id":"https:\/\/tyden.dk\/sv\/the-91\/#primaryimage"},"thumbnailUrl":"https:\/\/tyden.dk\/wp-content\/uploads\/2025\/06\/THE-91-38-cm-roed-plombe-22.02.jpg","datePublished":"2025-06-12T11:52:12+00:00","dateModified":"2026-02-22T11:15:14+00:00","breadcrumb":{"@id":"https:\/\/tyden.dk\/sv\/the-91\/#breadcrumb"},"inLanguage":"sv-SE","potentialAction":[{"@type":"ReadAction","target":["https:\/\/tyden.dk\/sv\/the-91\/"]}]},{"@type":"ImageObject","inLanguage":"sv-SE","@id":"https:\/\/tyden.dk\/sv\/the-91\/#primaryimage","url":"https:\/\/tyden.dk\/wp-content\/uploads\/2025\/06\/THE-91-38-cm-roed-plombe-22.02.jpg","contentUrl":"https:\/\/tyden.dk\/wp-content\/uploads\/2025\/06\/THE-91-38-cm-roed-plombe-22.02.jpg","width":2016,"height":1134},{"@type":"BreadcrumbList","@id":"https:\/\/tyden.dk\/sv\/the-91\/#breadcrumb","itemListElement":[{"@type":"ListItem","position":1,"name":"Hjem","item":"https:\/\/darkorange-jay-383513.hostingersite.com\/"},{"@type":"ListItem","position":2,"name":"Varer","item":"https:\/\/darkorange-jay-383513.hostingersite.com\/shop\/"},{"@type":"ListItem","position":3,"name":"THE 91 Pull Up plombe &#8211; st\u00e6rk plast plombe &#8211; kommer i 4 l\u00e6ngder"}]},{"@type":"WebSite","@id":"https:\/\/tyden.dk\/sv\/#website","url":"https:\/\/tyden.dk\/sv\/","name":"Tyden","description":"","publisher":{"@id":"https:\/\/tyden.dk\/sv\/#organization"},"potentialAction":[{"@type":"SearchAction","target":{"@type":"EntryPoint","urlTemplate":"https:\/\/tyden.dk\/sv\/?s={search_term_string}"},"query-input":{"@type":"PropertyValueSpecification","valueRequired":true,"valueName":"search_term_string"}}],"inLanguage":"sv-SE"},{"@type":"Organization","@id":"https:\/\/tyden.dk\/sv\/#organization","name":"Tyden","url":"https:\/\/tyden.dk\/sv\/","logo":{"@type":"ImageObject","inLanguage":"sv-SE","@id":"https:\/\/tyden.dk\/sv\/#\/schema\/logo\/image\/","url":"https:\/\/tyden.dk\/wp-content\/uploads\/2025\/05\/logo_3_2_4286.png","contentUrl":"https:\/\/tyden.dk\/wp-content\/uploads\/2025\/05\/logo_3_2_4286.png","width":341,"height":80,"caption":"Tyden"},"image":{"@id":"https:\/\/tyden.dk\/sv\/#\/schema\/logo\/image\/"},"sameAs":["https:\/\/www.facebook.com\/www.tyden.dk\/"]}]}},"_links":{"self":[{"href":"https:\/\/tyden.dk\/sv\/wp-json\/wp\/v2\/product\/1146","targetHints":{"allow":["GET"]}}],"collection":[{"href":"https:\/\/tyden.dk\/sv\/wp-json\/wp\/v2\/product"}],"about":[{"href":"https:\/\/tyden.dk\/sv\/wp-json\/wp\/v2\/types\/product"}],"replies":[{"embeddable":true,"href":"https:\/\/tyden.dk\/sv\/wp-json\/wp\/v2\/comments?post=1146"}],"wp:featuredmedia":[{"embeddable":true,"href":"https:\/\/tyden.dk\/sv\/wp-json\/wp\/v2\/media\/1913"}],"wp:attachment":[{"href":"https:\/\/tyden.dk\/sv\/wp-json\/wp\/v2\/media?parent=1146"}],"wp:term":[{"taxonomy":"product_brand","embeddable":true,"href":"https:\/\/tyden.dk\/sv\/wp-json\/wp\/v2\/product_brand?post=1146"},{"taxonomy":"product_cat","embeddable":true,"href":"https:\/\/tyden.dk\/sv\/wp-json\/wp\/v2\/product_cat?post=1146"},{"taxonomy":"product_tag","embeddable":true,"href":"https:\/\/tyden.dk\/sv\/wp-json\/wp\/v2\/product_tag?post=1146"}],"curies":[{"name":"wp","href":"https:\/\/api.w.org\/{rel}","templated":true}]}}