{"id":1123,"date":"2025-06-12T11:37:41","date_gmt":"2025-06-12T10:37:41","guid":{"rendered":"https:\/\/darkorange-jay-383513.hostingersite.com\/?post_type=product&#038;p=1123"},"modified":"2025-06-13T13:13:22","modified_gmt":"2025-06-13T12:13:22","slug":"secure-tite","status":"publish","type":"product","link":"https:\/\/tyden.dk\/sv\/secure-tite\/","title":{"rendered":"S\u00e4ker kryssning"},"content":{"rendered":"<p>Secure Tite \u00e4r en justerbar plastf\u00f6rsegling f\u00f6r anv\u00e4ndning i en m\u00e4ngd olika applikationer - finns med och utan t\u00e4nder och i olika l\u00e4ngder. Denna t\u00e4tning har ingen metall i l\u00e5set - vi kan pr\u00e4gla text och eller logotyp snabbt fr\u00e5n v\u00e5r fabrik i Storbritannien - f\u00e4rger - vad vi har i lager f\u00f6r omedelbar leverans\u00a0<a class=\"custom7\" href=\"https:\/\/darkorange-jay-383513.hostingersite.com\/kontakt\/\" target=\"_self\">ring<\/a>\u00a0f\u00f6r mer information.<\/p>","protected":false},"excerpt":{"rendered":"<p>Justerbar t\u00e4tning<\/p>","protected":false},"featured_media":1125,"comment_status":"open","ping_status":"closed","template":"","meta":[],"product_brand":[],"product_cat":[39,37],"product_tag":[],"class_list":{"0":"post-1123","1":"product","2":"type-product","3":"status-publish","4":"has-post-thumbnail","6":"product_cat-lastbilplomber","7":"product_cat-plastplomber","9":"first","10":"instock","11":"shipping-taxable","12":"product-type-simple"},"yoast_head":"<!-- This site is optimized with the Yoast SEO plugin v27.1.1 - https:\/\/yoast.com\/product\/yoast-seo-wordpress\/ -->\n<title>Secure tite - Tyden<\/title>\n<meta name=\"robots\" content=\"index, follow, max-snippet:-1, max-image-preview:large, max-video-preview:-1\" \/>\n<link rel=\"canonical\" href=\"https:\/\/tyden.dk\/sv\/secure-tite\/\" \/>\n<meta property=\"og:locale\" content=\"sv_SE\" \/>\n<meta property=\"og:type\" content=\"article\" \/>\n<meta property=\"og:title\" content=\"Secure tite - Tyden\" \/>\n<meta property=\"og:description\" content=\"Justerbar plombe\" \/>\n<meta property=\"og:url\" content=\"https:\/\/tyden.dk\/sv\/secure-tite\/\" \/>\n<meta property=\"og:site_name\" content=\"Tyden\" \/>\n<meta property=\"article:publisher\" content=\"https:\/\/www.facebook.com\/www.tyden.dk\/\" \/>\n<meta property=\"article:modified_time\" content=\"2025-06-13T12:13:22+00:00\" \/>\n<meta property=\"og:image\" content=\"https:\/\/tyden.dk\/wp-content\/uploads\/2025\/06\/12_1018_5461-e1749724655982.jpg\" \/>\n\t<meta property=\"og:image:width\" content=\"148\" \/>\n\t<meta property=\"og:image:height\" content=\"148\" \/>\n\t<meta property=\"og:image:type\" content=\"image\/jpeg\" \/>\n<meta name=\"twitter:card\" content=\"summary_large_image\" \/>\n<script type=\"application\/ld+json\" class=\"yoast-schema-graph\">{\"@context\":\"https:\/\/schema.org\",\"@graph\":[{\"@type\":\"WebPage\",\"@id\":\"https:\/\/tyden.dk\/sv\/secure-tite\/\",\"url\":\"https:\/\/tyden.dk\/sv\/secure-tite\/\",\"name\":\"Secure tite - Tyden\",\"isPartOf\":{\"@id\":\"https:\/\/tyden.dk\/sv\/#website\"},\"primaryImageOfPage\":{\"@id\":\"https:\/\/tyden.dk\/sv\/secure-tite\/#primaryimage\"},\"image\":{\"@id\":\"https:\/\/tyden.dk\/sv\/secure-tite\/#primaryimage\"},\"thumbnailUrl\":\"https:\/\/tyden.dk\/wp-content\/uploads\/2025\/06\/12_1018_5461-e1749724655982.jpg\",\"datePublished\":\"2025-06-12T10:37:41+00:00\",\"dateModified\":\"2025-06-13T12:13:22+00:00\",\"breadcrumb\":{\"@id\":\"https:\/\/tyden.dk\/sv\/secure-tite\/#breadcrumb\"},\"inLanguage\":\"sv-SE\",\"potentialAction\":[{\"@type\":\"ReadAction\",\"target\":[\"https:\/\/tyden.dk\/sv\/secure-tite\/\"]}]},{\"@type\":\"ImageObject\",\"inLanguage\":\"sv-SE\",\"@id\":\"https:\/\/tyden.dk\/sv\/secure-tite\/#primaryimage\",\"url\":\"https:\/\/tyden.dk\/wp-content\/uploads\/2025\/06\/12_1018_5461-e1749724655982.jpg\",\"contentUrl\":\"https:\/\/tyden.dk\/wp-content\/uploads\/2025\/06\/12_1018_5461-e1749724655982.jpg\",\"width\":148,\"height\":148},{\"@type\":\"BreadcrumbList\",\"@id\":\"https:\/\/tyden.dk\/sv\/secure-tite\/#breadcrumb\",\"itemListElement\":[{\"@type\":\"ListItem\",\"position\":1,\"name\":\"Hjem\",\"item\":\"https:\/\/darkorange-jay-383513.hostingersite.com\/\"},{\"@type\":\"ListItem\",\"position\":2,\"name\":\"Varer\",\"item\":\"https:\/\/darkorange-jay-383513.hostingersite.com\/shop\/\"},{\"@type\":\"ListItem\",\"position\":3,\"name\":\"Secure tite\"}]},{\"@type\":\"WebSite\",\"@id\":\"https:\/\/tyden.dk\/sv\/#website\",\"url\":\"https:\/\/tyden.dk\/sv\/\",\"name\":\"Tyden\",\"description\":\"\",\"publisher\":{\"@id\":\"https:\/\/tyden.dk\/sv\/#organization\"},\"potentialAction\":[{\"@type\":\"SearchAction\",\"target\":{\"@type\":\"EntryPoint\",\"urlTemplate\":\"https:\/\/tyden.dk\/sv\/?s={search_term_string}\"},\"query-input\":{\"@type\":\"PropertyValueSpecification\",\"valueRequired\":true,\"valueName\":\"search_term_string\"}}],\"inLanguage\":\"sv-SE\"},{\"@type\":\"Organization\",\"@id\":\"https:\/\/tyden.dk\/sv\/#organization\",\"name\":\"Tyden\",\"url\":\"https:\/\/tyden.dk\/sv\/\",\"logo\":{\"@type\":\"ImageObject\",\"inLanguage\":\"sv-SE\",\"@id\":\"https:\/\/tyden.dk\/sv\/#\/schema\/logo\/image\/\",\"url\":\"https:\/\/tyden.dk\/wp-content\/uploads\/2025\/05\/logo_3_2_4286.png\",\"contentUrl\":\"https:\/\/tyden.dk\/wp-content\/uploads\/2025\/05\/logo_3_2_4286.png\",\"width\":341,\"height\":80,\"caption\":\"Tyden\"},\"image\":{\"@id\":\"https:\/\/tyden.dk\/sv\/#\/schema\/logo\/image\/\"},\"sameAs\":[\"https:\/\/www.facebook.com\/www.tyden.dk\/\"]}]}<\/script>\n<!-- \/ Yoast SEO plugin. -->","yoast_head_json":{"title":"S\u00e4ker tite - Tyden","robots":{"index":"index","follow":"follow","max-snippet":"max-snippet:-1","max-image-preview":"max-image-preview:large","max-video-preview":"max-video-preview:-1"},"canonical":"https:\/\/tyden.dk\/sv\/secure-tite\/","og_locale":"sv_SE","og_type":"article","og_title":"Secure tite - Tyden","og_description":"Justerbar plombe","og_url":"https:\/\/tyden.dk\/sv\/secure-tite\/","og_site_name":"Tyden","article_publisher":"https:\/\/www.facebook.com\/www.tyden.dk\/","article_modified_time":"2025-06-13T12:13:22+00:00","og_image":[{"width":148,"height":148,"url":"https:\/\/tyden.dk\/wp-content\/uploads\/2025\/06\/12_1018_5461-e1749724655982.jpg","type":"image\/jpeg"}],"twitter_card":"summary_large_image","schema":{"@context":"https:\/\/schema.org","@graph":[{"@type":"WebPage","@id":"https:\/\/tyden.dk\/sv\/secure-tite\/","url":"https:\/\/tyden.dk\/sv\/secure-tite\/","name":"S\u00e4ker tite - Tyden","isPartOf":{"@id":"https:\/\/tyden.dk\/sv\/#website"},"primaryImageOfPage":{"@id":"https:\/\/tyden.dk\/sv\/secure-tite\/#primaryimage"},"image":{"@id":"https:\/\/tyden.dk\/sv\/secure-tite\/#primaryimage"},"thumbnailUrl":"https:\/\/tyden.dk\/wp-content\/uploads\/2025\/06\/12_1018_5461-e1749724655982.jpg","datePublished":"2025-06-12T10:37:41+00:00","dateModified":"2025-06-13T12:13:22+00:00","breadcrumb":{"@id":"https:\/\/tyden.dk\/sv\/secure-tite\/#breadcrumb"},"inLanguage":"sv-SE","potentialAction":[{"@type":"ReadAction","target":["https:\/\/tyden.dk\/sv\/secure-tite\/"]}]},{"@type":"ImageObject","inLanguage":"sv-SE","@id":"https:\/\/tyden.dk\/sv\/secure-tite\/#primaryimage","url":"https:\/\/tyden.dk\/wp-content\/uploads\/2025\/06\/12_1018_5461-e1749724655982.jpg","contentUrl":"https:\/\/tyden.dk\/wp-content\/uploads\/2025\/06\/12_1018_5461-e1749724655982.jpg","width":148,"height":148},{"@type":"BreadcrumbList","@id":"https:\/\/tyden.dk\/sv\/secure-tite\/#breadcrumb","itemListElement":[{"@type":"ListItem","position":1,"name":"Hjem","item":"https:\/\/darkorange-jay-383513.hostingersite.com\/"},{"@type":"ListItem","position":2,"name":"Varer","item":"https:\/\/darkorange-jay-383513.hostingersite.com\/shop\/"},{"@type":"ListItem","position":3,"name":"Secure tite"}]},{"@type":"WebSite","@id":"https:\/\/tyden.dk\/sv\/#website","url":"https:\/\/tyden.dk\/sv\/","name":"Tyden","description":"","publisher":{"@id":"https:\/\/tyden.dk\/sv\/#organization"},"potentialAction":[{"@type":"SearchAction","target":{"@type":"EntryPoint","urlTemplate":"https:\/\/tyden.dk\/sv\/?s={search_term_string}"},"query-input":{"@type":"PropertyValueSpecification","valueRequired":true,"valueName":"search_term_string"}}],"inLanguage":"sv-SE"},{"@type":"Organization","@id":"https:\/\/tyden.dk\/sv\/#organization","name":"Tyden","url":"https:\/\/tyden.dk\/sv\/","logo":{"@type":"ImageObject","inLanguage":"sv-SE","@id":"https:\/\/tyden.dk\/sv\/#\/schema\/logo\/image\/","url":"https:\/\/tyden.dk\/wp-content\/uploads\/2025\/05\/logo_3_2_4286.png","contentUrl":"https:\/\/tyden.dk\/wp-content\/uploads\/2025\/05\/logo_3_2_4286.png","width":341,"height":80,"caption":"Tyden"},"image":{"@id":"https:\/\/tyden.dk\/sv\/#\/schema\/logo\/image\/"},"sameAs":["https:\/\/www.facebook.com\/www.tyden.dk\/"]}]}},"_links":{"self":[{"href":"https:\/\/tyden.dk\/sv\/wp-json\/wp\/v2\/product\/1123","targetHints":{"allow":["GET"]}}],"collection":[{"href":"https:\/\/tyden.dk\/sv\/wp-json\/wp\/v2\/product"}],"about":[{"href":"https:\/\/tyden.dk\/sv\/wp-json\/wp\/v2\/types\/product"}],"replies":[{"embeddable":true,"href":"https:\/\/tyden.dk\/sv\/wp-json\/wp\/v2\/comments?post=1123"}],"wp:featuredmedia":[{"embeddable":true,"href":"https:\/\/tyden.dk\/sv\/wp-json\/wp\/v2\/media\/1125"}],"wp:attachment":[{"href":"https:\/\/tyden.dk\/sv\/wp-json\/wp\/v2\/media?parent=1123"}],"wp:term":[{"taxonomy":"product_brand","embeddable":true,"href":"https:\/\/tyden.dk\/sv\/wp-json\/wp\/v2\/product_brand?post=1123"},{"taxonomy":"product_cat","embeddable":true,"href":"https:\/\/tyden.dk\/sv\/wp-json\/wp\/v2\/product_cat?post=1123"},{"taxonomy":"product_tag","embeddable":true,"href":"https:\/\/tyden.dk\/sv\/wp-json\/wp\/v2\/product_tag?post=1123"}],"curies":[{"name":"wp","href":"https:\/\/api.w.org\/{rel}","templated":true}]}}