{"id":1103,"date":"2025-06-12T11:09:39","date_gmt":"2025-06-12T10:09:39","guid":{"rendered":"https:\/\/darkorange-jay-383513.hostingersite.com\/?post_type=product&#038;p=1103"},"modified":"2025-08-21T12:51:48","modified_gmt":"2025-08-21T11:51:48","slug":"ex-3","status":"publish","type":"product","link":"https:\/\/tyden.dk\/sv\/ex-3\/","title":{"rendered":"EX-3 m\u00e4ter plombe i PA och PP"},"content":{"rendered":"<p>EX-3 m\u00e4tarsigill - t.ex. f\u00f6r gasm\u00e4tare och elm\u00e4tare etc.<\/p>\n<p>Sigill kan anv\u00e4ndas f\u00f6r m\u00e5nga andra \u00e4ndam\u00e5l. 190 mm l\u00e5ng - sl\u00e4t rem 1,3 mm \u00d8<\/p>\n<p>Plomben kan tillverkas i PA och PP<\/p>","protected":false},"excerpt":{"rendered":"<p>Utformad f\u00f6r s\u00e4kring av elm\u00e4tarsk\u00e5p etc. - enkel anv\u00e4ndning och stark sigill<\/p>","protected":false},"featured_media":1639,"comment_status":"open","ping_status":"closed","template":"","meta":[],"product_brand":[],"product_cat":[42,37,36],"product_tag":[],"class_list":{"0":"post-1103","1":"product","2":"type-product","3":"status-publish","4":"has-post-thumbnail","6":"product_cat-maalerplomber","7":"product_cat-plastplomber","8":"product_cat-plomber-til-maalere-brandslukkere-noedudgange","10":"first","11":"instock","12":"shipping-taxable","13":"product-type-simple"},"yoast_head":"<!-- This site is optimized with the Yoast SEO plugin v27.1.1 - https:\/\/yoast.com\/product\/yoast-seo-wordpress\/ -->\n<title>EX-3 m\u00e5ler Plombe i PA og PP - Tyden<\/title>\n<meta name=\"robots\" content=\"index, follow, max-snippet:-1, max-image-preview:large, max-video-preview:-1\" \/>\n<link rel=\"canonical\" href=\"https:\/\/tyden.dk\/sv\/ex-3\/\" \/>\n<meta property=\"og:locale\" content=\"sv_SE\" \/>\n<meta property=\"og:type\" content=\"article\" \/>\n<meta property=\"og:title\" content=\"EX-3 m\u00e5ler Plombe i PA og PP - Tyden\" \/>\n<meta property=\"og:description\" content=\"Beregnet til at sikring af\u00a0 b.la el m\u00e5ler skabe m v - nem betjening og st\u00e6rk plombe\" \/>\n<meta property=\"og:url\" content=\"https:\/\/tyden.dk\/sv\/ex-3\/\" \/>\n<meta property=\"og:site_name\" content=\"Tyden\" \/>\n<meta property=\"article:publisher\" content=\"https:\/\/www.facebook.com\/www.tyden.dk\/\" \/>\n<meta property=\"article:modified_time\" content=\"2025-08-21T11:51:48+00:00\" \/>\n<meta property=\"og:image\" content=\"https:\/\/tyden.dk\/wp-content\/uploads\/2025\/06\/20250821_134034-rotated.jpg\" \/>\n\t<meta property=\"og:image:width\" content=\"1134\" \/>\n\t<meta property=\"og:image:height\" content=\"2016\" \/>\n\t<meta property=\"og:image:type\" content=\"image\/jpeg\" \/>\n<meta name=\"twitter:card\" content=\"summary_large_image\" \/>\n<meta name=\"twitter:label1\" content=\"Ber\u00e4knad l\u00e4stid\" \/>\n\t<meta name=\"twitter:data1\" content=\"1 minut\" \/>\n<script type=\"application\/ld+json\" class=\"yoast-schema-graph\">{\"@context\":\"https:\/\/schema.org\",\"@graph\":[{\"@type\":\"WebPage\",\"@id\":\"https:\/\/tyden.dk\/sv\/ex-3\/\",\"url\":\"https:\/\/tyden.dk\/sv\/ex-3\/\",\"name\":\"EX-3 m\u00e5ler Plombe i PA og PP - Tyden\",\"isPartOf\":{\"@id\":\"https:\/\/tyden.dk\/sv\/#website\"},\"primaryImageOfPage\":{\"@id\":\"https:\/\/tyden.dk\/sv\/ex-3\/#primaryimage\"},\"image\":{\"@id\":\"https:\/\/tyden.dk\/sv\/ex-3\/#primaryimage\"},\"thumbnailUrl\":\"https:\/\/tyden.dk\/wp-content\/uploads\/2025\/06\/20250821_134034-rotated.jpg\",\"datePublished\":\"2025-06-12T10:09:39+00:00\",\"dateModified\":\"2025-08-21T11:51:48+00:00\",\"breadcrumb\":{\"@id\":\"https:\/\/tyden.dk\/sv\/ex-3\/#breadcrumb\"},\"inLanguage\":\"sv-SE\",\"potentialAction\":[{\"@type\":\"ReadAction\",\"target\":[\"https:\/\/tyden.dk\/sv\/ex-3\/\"]}]},{\"@type\":\"ImageObject\",\"inLanguage\":\"sv-SE\",\"@id\":\"https:\/\/tyden.dk\/sv\/ex-3\/#primaryimage\",\"url\":\"https:\/\/tyden.dk\/wp-content\/uploads\/2025\/06\/20250821_134034-rotated.jpg\",\"contentUrl\":\"https:\/\/tyden.dk\/wp-content\/uploads\/2025\/06\/20250821_134034-rotated.jpg\",\"width\":1134,\"height\":2016},{\"@type\":\"BreadcrumbList\",\"@id\":\"https:\/\/tyden.dk\/sv\/ex-3\/#breadcrumb\",\"itemListElement\":[{\"@type\":\"ListItem\",\"position\":1,\"name\":\"Hjem\",\"item\":\"https:\/\/tyden.dk\/\"},{\"@type\":\"ListItem\",\"position\":2,\"name\":\"Varer\",\"item\":\"https:\/\/tyden.dk\/shop\/\"},{\"@type\":\"ListItem\",\"position\":3,\"name\":\"EX-3 m\u00e5ler Plombe i PA og PP\"}]},{\"@type\":\"WebSite\",\"@id\":\"https:\/\/tyden.dk\/sv\/#website\",\"url\":\"https:\/\/tyden.dk\/sv\/\",\"name\":\"Tyden\",\"description\":\"\",\"publisher\":{\"@id\":\"https:\/\/tyden.dk\/sv\/#organization\"},\"potentialAction\":[{\"@type\":\"SearchAction\",\"target\":{\"@type\":\"EntryPoint\",\"urlTemplate\":\"https:\/\/tyden.dk\/sv\/?s={search_term_string}\"},\"query-input\":{\"@type\":\"PropertyValueSpecification\",\"valueRequired\":true,\"valueName\":\"search_term_string\"}}],\"inLanguage\":\"sv-SE\"},{\"@type\":\"Organization\",\"@id\":\"https:\/\/tyden.dk\/sv\/#organization\",\"name\":\"Tyden\",\"url\":\"https:\/\/tyden.dk\/sv\/\",\"logo\":{\"@type\":\"ImageObject\",\"inLanguage\":\"sv-SE\",\"@id\":\"https:\/\/tyden.dk\/sv\/#\/schema\/logo\/image\/\",\"url\":\"https:\/\/tyden.dk\/wp-content\/uploads\/2025\/05\/logo_3_2_4286.png\",\"contentUrl\":\"https:\/\/tyden.dk\/wp-content\/uploads\/2025\/05\/logo_3_2_4286.png\",\"width\":341,\"height\":80,\"caption\":\"Tyden\"},\"image\":{\"@id\":\"https:\/\/tyden.dk\/sv\/#\/schema\/logo\/image\/\"},\"sameAs\":[\"https:\/\/www.facebook.com\/www.tyden.dk\/\"]}]}<\/script>\n<!-- \/ Yoast SEO plugin. -->","yoast_head_json":{"title":"EX-3 m\u00e4tart\u00e4tning i PA och PP - Tyden","robots":{"index":"index","follow":"follow","max-snippet":"max-snippet:-1","max-image-preview":"max-image-preview:large","max-video-preview":"max-video-preview:-1"},"canonical":"https:\/\/tyden.dk\/sv\/ex-3\/","og_locale":"sv_SE","og_type":"article","og_title":"EX-3 m\u00e5ler Plombe i PA og PP - Tyden","og_description":"Beregnet til at sikring af\u00a0 b.la el m\u00e5ler skabe m v - nem betjening og st\u00e6rk plombe","og_url":"https:\/\/tyden.dk\/sv\/ex-3\/","og_site_name":"Tyden","article_publisher":"https:\/\/www.facebook.com\/www.tyden.dk\/","article_modified_time":"2025-08-21T11:51:48+00:00","og_image":[{"width":1134,"height":2016,"url":"https:\/\/tyden.dk\/wp-content\/uploads\/2025\/06\/20250821_134034-rotated.jpg","type":"image\/jpeg"}],"twitter_card":"summary_large_image","twitter_misc":{"Ber\u00e4knad l\u00e4stid":"1 minut"},"schema":{"@context":"https:\/\/schema.org","@graph":[{"@type":"WebPage","@id":"https:\/\/tyden.dk\/sv\/ex-3\/","url":"https:\/\/tyden.dk\/sv\/ex-3\/","name":"EX-3 m\u00e4tart\u00e4tning i PA och PP - Tyden","isPartOf":{"@id":"https:\/\/tyden.dk\/sv\/#website"},"primaryImageOfPage":{"@id":"https:\/\/tyden.dk\/sv\/ex-3\/#primaryimage"},"image":{"@id":"https:\/\/tyden.dk\/sv\/ex-3\/#primaryimage"},"thumbnailUrl":"https:\/\/tyden.dk\/wp-content\/uploads\/2025\/06\/20250821_134034-rotated.jpg","datePublished":"2025-06-12T10:09:39+00:00","dateModified":"2025-08-21T11:51:48+00:00","breadcrumb":{"@id":"https:\/\/tyden.dk\/sv\/ex-3\/#breadcrumb"},"inLanguage":"sv-SE","potentialAction":[{"@type":"ReadAction","target":["https:\/\/tyden.dk\/sv\/ex-3\/"]}]},{"@type":"ImageObject","inLanguage":"sv-SE","@id":"https:\/\/tyden.dk\/sv\/ex-3\/#primaryimage","url":"https:\/\/tyden.dk\/wp-content\/uploads\/2025\/06\/20250821_134034-rotated.jpg","contentUrl":"https:\/\/tyden.dk\/wp-content\/uploads\/2025\/06\/20250821_134034-rotated.jpg","width":1134,"height":2016},{"@type":"BreadcrumbList","@id":"https:\/\/tyden.dk\/sv\/ex-3\/#breadcrumb","itemListElement":[{"@type":"ListItem","position":1,"name":"Hjem","item":"https:\/\/tyden.dk\/"},{"@type":"ListItem","position":2,"name":"Varer","item":"https:\/\/tyden.dk\/shop\/"},{"@type":"ListItem","position":3,"name":"EX-3 m\u00e5ler Plombe i PA og PP"}]},{"@type":"WebSite","@id":"https:\/\/tyden.dk\/sv\/#website","url":"https:\/\/tyden.dk\/sv\/","name":"Tyden","description":"","publisher":{"@id":"https:\/\/tyden.dk\/sv\/#organization"},"potentialAction":[{"@type":"SearchAction","target":{"@type":"EntryPoint","urlTemplate":"https:\/\/tyden.dk\/sv\/?s={search_term_string}"},"query-input":{"@type":"PropertyValueSpecification","valueRequired":true,"valueName":"search_term_string"}}],"inLanguage":"sv-SE"},{"@type":"Organization","@id":"https:\/\/tyden.dk\/sv\/#organization","name":"Tyden","url":"https:\/\/tyden.dk\/sv\/","logo":{"@type":"ImageObject","inLanguage":"sv-SE","@id":"https:\/\/tyden.dk\/sv\/#\/schema\/logo\/image\/","url":"https:\/\/tyden.dk\/wp-content\/uploads\/2025\/05\/logo_3_2_4286.png","contentUrl":"https:\/\/tyden.dk\/wp-content\/uploads\/2025\/05\/logo_3_2_4286.png","width":341,"height":80,"caption":"Tyden"},"image":{"@id":"https:\/\/tyden.dk\/sv\/#\/schema\/logo\/image\/"},"sameAs":["https:\/\/www.facebook.com\/www.tyden.dk\/"]}]}},"_links":{"self":[{"href":"https:\/\/tyden.dk\/sv\/wp-json\/wp\/v2\/product\/1103","targetHints":{"allow":["GET"]}}],"collection":[{"href":"https:\/\/tyden.dk\/sv\/wp-json\/wp\/v2\/product"}],"about":[{"href":"https:\/\/tyden.dk\/sv\/wp-json\/wp\/v2\/types\/product"}],"replies":[{"embeddable":true,"href":"https:\/\/tyden.dk\/sv\/wp-json\/wp\/v2\/comments?post=1103"}],"wp:featuredmedia":[{"embeddable":true,"href":"https:\/\/tyden.dk\/sv\/wp-json\/wp\/v2\/media\/1639"}],"wp:attachment":[{"href":"https:\/\/tyden.dk\/sv\/wp-json\/wp\/v2\/media?parent=1103"}],"wp:term":[{"taxonomy":"product_brand","embeddable":true,"href":"https:\/\/tyden.dk\/sv\/wp-json\/wp\/v2\/product_brand?post=1103"},{"taxonomy":"product_cat","embeddable":true,"href":"https:\/\/tyden.dk\/sv\/wp-json\/wp\/v2\/product_cat?post=1103"},{"taxonomy":"product_tag","embeddable":true,"href":"https:\/\/tyden.dk\/sv\/wp-json\/wp\/v2\/product_tag?post=1103"}],"curies":[{"name":"wp","href":"https:\/\/api.w.org\/{rel}","templated":true}]}}