{"id":1098,"date":"2025-06-12T11:05:26","date_gmt":"2025-06-12T10:05:26","guid":{"rendered":"https:\/\/darkorange-jay-383513.hostingersite.com\/?post_type=product&#038;p=1098"},"modified":"2025-08-28T12:28:44","modified_gmt":"2025-08-28T11:28:44","slug":"tatning-for-vridkvarn","status":"publish","type":"product","link":"https:\/\/tyden.dk\/sv\/tatning-for-vridkvarn\/","title":{"rendered":"T\u00e4tning med vridm\u00e4tare"},"content":{"rendered":"<p>Wire-l\u00e4ngd \u00e4r valfri - beg\u00e4r offert \/ laserpr\u00e4glad - M\u00f6jlighet att montera t\u00e4tningen med AISI 316 rostfri st\u00e5lwire, belagd med transparent PVC - I valfri wire-l\u00e4ngd<br \/>\nF\u00e4rgalternativ f\u00f6r vingarna: Bl\u00e5, gr\u00f6n, gul, gul, r\u00f6d, vit, svart, orange, lila<\/p>\n<p>Vi har f\u00f6r n\u00e4rvarande BL\u00c5, GUL och SVART i lager i l\u00e5dor om 1000 st. med 60 cm 0,9 mm \u00d8 tr\u00e5d i rostfritt st\u00e5l PVC-belagd tr\u00e5d<\/p>","protected":false},"excerpt":{"rendered":"<p>Vi har f\u00f6r n\u00e4rvarande BL\u00c5, GUL och SVART i lager i l\u00e5dor om 1000 st. med 60 cm 0,9 mm \u00d8 tr\u00e5d i rostfritt st\u00e5l PVC-belagd tr\u00e5d<\/p>","protected":false},"featured_media":1619,"comment_status":"open","ping_status":"closed","template":"","meta":[],"product_brand":[],"product_cat":[44,42,36],"product_tag":[],"class_list":{"0":"post-1098","1":"product","2":"type-product","3":"status-publish","4":"has-post-thumbnail","6":"product_cat-kabelforsegling","7":"product_cat-maalerplomber","8":"product_cat-plomber-til-maalere-brandslukkere-noedudgange","10":"first","11":"instock","12":"shipping-taxable","13":"product-type-simple"},"yoast_head":"<!-- This site is optimized with the Yoast SEO plugin v27.1.1 - https:\/\/yoast.com\/product\/yoast-seo-wordpress\/ -->\n<title>Twist m\u00e5ler plombe - Tyden<\/title>\n<meta name=\"robots\" content=\"index, follow, max-snippet:-1, max-image-preview:large, max-video-preview:-1\" \/>\n<link rel=\"canonical\" href=\"https:\/\/tyden.dk\/sv\/tatning-for-vridkvarn\/\" \/>\n<meta property=\"og:locale\" content=\"sv_SE\" \/>\n<meta property=\"og:type\" content=\"article\" \/>\n<meta property=\"og:title\" content=\"Twist m\u00e5ler plombe - Tyden\" \/>\n<meta property=\"og:description\" content=\"Vi har p.t. BL\u00c5, GUL og SORT p\u00e5 lager i kasser \u00e1 1000 stk. med 60 cm 0,9 mm \u00d8 wire i rustfri PVC betrukket wire\" \/>\n<meta property=\"og:url\" content=\"https:\/\/tyden.dk\/sv\/tatning-for-vridkvarn\/\" \/>\n<meta property=\"og:site_name\" content=\"Tyden\" \/>\n<meta property=\"article:publisher\" content=\"https:\/\/www.facebook.com\/www.tyden.dk\/\" \/>\n<meta property=\"article:modified_time\" content=\"2025-08-28T11:28:44+00:00\" \/>\n<meta property=\"og:image\" content=\"https:\/\/tyden.dk\/wp-content\/uploads\/2025\/06\/20250821_094134-rotated.jpg\" \/>\n\t<meta property=\"og:image:width\" content=\"1134\" \/>\n\t<meta property=\"og:image:height\" content=\"2016\" \/>\n\t<meta property=\"og:image:type\" content=\"image\/jpeg\" \/>\n<meta name=\"twitter:card\" content=\"summary_large_image\" \/>\n<meta name=\"twitter:label1\" content=\"Ber\u00e4knad l\u00e4stid\" \/>\n\t<meta name=\"twitter:data1\" content=\"1 minut\" \/>\n<script type=\"application\/ld+json\" class=\"yoast-schema-graph\">{\"@context\":\"https:\/\/schema.org\",\"@graph\":[{\"@type\":\"WebPage\",\"@id\":\"https:\/\/tyden.dk\/sv\/tatning-for-vridkvarn\/\",\"url\":\"https:\/\/tyden.dk\/sv\/tatning-for-vridkvarn\/\",\"name\":\"Twist m\u00e5ler plombe - Tyden\",\"isPartOf\":{\"@id\":\"https:\/\/tyden.dk\/sv\/#website\"},\"primaryImageOfPage\":{\"@id\":\"https:\/\/tyden.dk\/sv\/tatning-for-vridkvarn\/#primaryimage\"},\"image\":{\"@id\":\"https:\/\/tyden.dk\/sv\/tatning-for-vridkvarn\/#primaryimage\"},\"thumbnailUrl\":\"https:\/\/tyden.dk\/wp-content\/uploads\/2025\/06\/20250821_094134-rotated.jpg\",\"datePublished\":\"2025-06-12T10:05:26+00:00\",\"dateModified\":\"2025-08-28T11:28:44+00:00\",\"breadcrumb\":{\"@id\":\"https:\/\/tyden.dk\/sv\/tatning-for-vridkvarn\/#breadcrumb\"},\"inLanguage\":\"sv-SE\",\"potentialAction\":[{\"@type\":\"ReadAction\",\"target\":[\"https:\/\/tyden.dk\/sv\/tatning-for-vridkvarn\/\"]}]},{\"@type\":\"ImageObject\",\"inLanguage\":\"sv-SE\",\"@id\":\"https:\/\/tyden.dk\/sv\/tatning-for-vridkvarn\/#primaryimage\",\"url\":\"https:\/\/tyden.dk\/wp-content\/uploads\/2025\/06\/20250821_094134-rotated.jpg\",\"contentUrl\":\"https:\/\/tyden.dk\/wp-content\/uploads\/2025\/06\/20250821_094134-rotated.jpg\",\"width\":1134,\"height\":2016},{\"@type\":\"BreadcrumbList\",\"@id\":\"https:\/\/tyden.dk\/sv\/tatning-for-vridkvarn\/#breadcrumb\",\"itemListElement\":[{\"@type\":\"ListItem\",\"position\":1,\"name\":\"Hjem\",\"item\":\"https:\/\/tyden.dk\/\"},{\"@type\":\"ListItem\",\"position\":2,\"name\":\"Varer\",\"item\":\"https:\/\/tyden.dk\/shop\/\"},{\"@type\":\"ListItem\",\"position\":3,\"name\":\"Twist m\u00e5ler plombe\"}]},{\"@type\":\"WebSite\",\"@id\":\"https:\/\/tyden.dk\/sv\/#website\",\"url\":\"https:\/\/tyden.dk\/sv\/\",\"name\":\"Tyden\",\"description\":\"\",\"publisher\":{\"@id\":\"https:\/\/tyden.dk\/sv\/#organization\"},\"potentialAction\":[{\"@type\":\"SearchAction\",\"target\":{\"@type\":\"EntryPoint\",\"urlTemplate\":\"https:\/\/tyden.dk\/sv\/?s={search_term_string}\"},\"query-input\":{\"@type\":\"PropertyValueSpecification\",\"valueRequired\":true,\"valueName\":\"search_term_string\"}}],\"inLanguage\":\"sv-SE\"},{\"@type\":\"Organization\",\"@id\":\"https:\/\/tyden.dk\/sv\/#organization\",\"name\":\"Tyden\",\"url\":\"https:\/\/tyden.dk\/sv\/\",\"logo\":{\"@type\":\"ImageObject\",\"inLanguage\":\"sv-SE\",\"@id\":\"https:\/\/tyden.dk\/sv\/#\/schema\/logo\/image\/\",\"url\":\"https:\/\/tyden.dk\/wp-content\/uploads\/2025\/05\/logo_3_2_4286.png\",\"contentUrl\":\"https:\/\/tyden.dk\/wp-content\/uploads\/2025\/05\/logo_3_2_4286.png\",\"width\":341,\"height\":80,\"caption\":\"Tyden\"},\"image\":{\"@id\":\"https:\/\/tyden.dk\/sv\/#\/schema\/logo\/image\/\"},\"sameAs\":[\"https:\/\/www.facebook.com\/www.tyden.dk\/\"]}]}<\/script>\n<!-- \/ Yoast SEO plugin. -->","yoast_head_json":{"title":"Vridbar m\u00e4tart\u00e4tning - Tyden","robots":{"index":"index","follow":"follow","max-snippet":"max-snippet:-1","max-image-preview":"max-image-preview:large","max-video-preview":"max-video-preview:-1"},"canonical":"https:\/\/tyden.dk\/sv\/tatning-for-vridkvarn\/","og_locale":"sv_SE","og_type":"article","og_title":"Twist m\u00e5ler plombe - Tyden","og_description":"Vi har p.t. BL\u00c5, GUL og SORT p\u00e5 lager i kasser \u00e1 1000 stk. med 60 cm 0,9 mm \u00d8 wire i rustfri PVC betrukket wire","og_url":"https:\/\/tyden.dk\/sv\/tatning-for-vridkvarn\/","og_site_name":"Tyden","article_publisher":"https:\/\/www.facebook.com\/www.tyden.dk\/","article_modified_time":"2025-08-28T11:28:44+00:00","og_image":[{"width":1134,"height":2016,"url":"https:\/\/tyden.dk\/wp-content\/uploads\/2025\/06\/20250821_094134-rotated.jpg","type":"image\/jpeg"}],"twitter_card":"summary_large_image","twitter_misc":{"Ber\u00e4knad l\u00e4stid":"1 minut"},"schema":{"@context":"https:\/\/schema.org","@graph":[{"@type":"WebPage","@id":"https:\/\/tyden.dk\/sv\/tatning-for-vridkvarn\/","url":"https:\/\/tyden.dk\/sv\/tatning-for-vridkvarn\/","name":"Vridbar m\u00e4tart\u00e4tning - Tyden","isPartOf":{"@id":"https:\/\/tyden.dk\/sv\/#website"},"primaryImageOfPage":{"@id":"https:\/\/tyden.dk\/sv\/tatning-for-vridkvarn\/#primaryimage"},"image":{"@id":"https:\/\/tyden.dk\/sv\/tatning-for-vridkvarn\/#primaryimage"},"thumbnailUrl":"https:\/\/tyden.dk\/wp-content\/uploads\/2025\/06\/20250821_094134-rotated.jpg","datePublished":"2025-06-12T10:05:26+00:00","dateModified":"2025-08-28T11:28:44+00:00","breadcrumb":{"@id":"https:\/\/tyden.dk\/sv\/tatning-for-vridkvarn\/#breadcrumb"},"inLanguage":"sv-SE","potentialAction":[{"@type":"ReadAction","target":["https:\/\/tyden.dk\/sv\/tatning-for-vridkvarn\/"]}]},{"@type":"ImageObject","inLanguage":"sv-SE","@id":"https:\/\/tyden.dk\/sv\/tatning-for-vridkvarn\/#primaryimage","url":"https:\/\/tyden.dk\/wp-content\/uploads\/2025\/06\/20250821_094134-rotated.jpg","contentUrl":"https:\/\/tyden.dk\/wp-content\/uploads\/2025\/06\/20250821_094134-rotated.jpg","width":1134,"height":2016},{"@type":"BreadcrumbList","@id":"https:\/\/tyden.dk\/sv\/tatning-for-vridkvarn\/#breadcrumb","itemListElement":[{"@type":"ListItem","position":1,"name":"Hjem","item":"https:\/\/tyden.dk\/"},{"@type":"ListItem","position":2,"name":"Varer","item":"https:\/\/tyden.dk\/shop\/"},{"@type":"ListItem","position":3,"name":"Twist m\u00e5ler plombe"}]},{"@type":"WebSite","@id":"https:\/\/tyden.dk\/sv\/#website","url":"https:\/\/tyden.dk\/sv\/","name":"Tyden","description":"","publisher":{"@id":"https:\/\/tyden.dk\/sv\/#organization"},"potentialAction":[{"@type":"SearchAction","target":{"@type":"EntryPoint","urlTemplate":"https:\/\/tyden.dk\/sv\/?s={search_term_string}"},"query-input":{"@type":"PropertyValueSpecification","valueRequired":true,"valueName":"search_term_string"}}],"inLanguage":"sv-SE"},{"@type":"Organization","@id":"https:\/\/tyden.dk\/sv\/#organization","name":"Tyden","url":"https:\/\/tyden.dk\/sv\/","logo":{"@type":"ImageObject","inLanguage":"sv-SE","@id":"https:\/\/tyden.dk\/sv\/#\/schema\/logo\/image\/","url":"https:\/\/tyden.dk\/wp-content\/uploads\/2025\/05\/logo_3_2_4286.png","contentUrl":"https:\/\/tyden.dk\/wp-content\/uploads\/2025\/05\/logo_3_2_4286.png","width":341,"height":80,"caption":"Tyden"},"image":{"@id":"https:\/\/tyden.dk\/sv\/#\/schema\/logo\/image\/"},"sameAs":["https:\/\/www.facebook.com\/www.tyden.dk\/"]}]}},"_links":{"self":[{"href":"https:\/\/tyden.dk\/sv\/wp-json\/wp\/v2\/product\/1098","targetHints":{"allow":["GET"]}}],"collection":[{"href":"https:\/\/tyden.dk\/sv\/wp-json\/wp\/v2\/product"}],"about":[{"href":"https:\/\/tyden.dk\/sv\/wp-json\/wp\/v2\/types\/product"}],"replies":[{"embeddable":true,"href":"https:\/\/tyden.dk\/sv\/wp-json\/wp\/v2\/comments?post=1098"}],"wp:featuredmedia":[{"embeddable":true,"href":"https:\/\/tyden.dk\/sv\/wp-json\/wp\/v2\/media\/1619"}],"wp:attachment":[{"href":"https:\/\/tyden.dk\/sv\/wp-json\/wp\/v2\/media?parent=1098"}],"wp:term":[{"taxonomy":"product_brand","embeddable":true,"href":"https:\/\/tyden.dk\/sv\/wp-json\/wp\/v2\/product_brand?post=1098"},{"taxonomy":"product_cat","embeddable":true,"href":"https:\/\/tyden.dk\/sv\/wp-json\/wp\/v2\/product_cat?post=1098"},{"taxonomy":"product_tag","embeddable":true,"href":"https:\/\/tyden.dk\/sv\/wp-json\/wp\/v2\/product_tag?post=1098"}],"curies":[{"name":"wp","href":"https:\/\/api.w.org\/{rel}","templated":true}]}}