{"id":1092,"date":"2025-06-12T10:05:46","date_gmt":"2025-06-12T09:05:46","guid":{"rendered":"https:\/\/darkorange-jay-383513.hostingersite.com\/?post_type=product&#038;p=1092"},"modified":"2025-08-21T09:34:10","modified_gmt":"2025-08-21T08:34:10","slug":"super-twister-blyforsegling","status":"publish","type":"product","link":"https:\/\/tyden.dk\/sv\/super-twister-blyforsegling\/","title":{"rendered":"SUPER TWISTER blyt\u00e4tning"},"content":{"rendered":"<p>M\u00f6jlighet till namn och\/eller logotyp - eventuellt streckkod och l\u00f6pnummer. F\u00f6rseglingen \u00e4r tillverkad av polykarbonat, vilket ger en h\u00e5llbar och slagt\u00e5lig f\u00f6rsegling som klarar temperaturer mellan -40C och +120C.<\/p>\n<p>Super Twister kan levereras med antingen rostfri st\u00e5ltr\u00e5d \/ plastbelagd st\u00e5ltr\u00e5d eller galvaniserad st\u00e5ltr\u00e5d. Tr\u00e5dl\u00e4ngd efter behov - standardl\u00e4ngd \u00e4r 30 cm.<\/p>\n<p>Det genomskinliga plasth\u00f6ljet avsl\u00f6jar snabbt om m\u00e4tarens f\u00f6rsegling har manipulerats.<\/p>\n<p>Super Twister = stor rund etikettplatta - pr\u00e4glad p\u00e5 b\u00e5da sidor - flera f\u00e4rgalternativ f\u00f6r skivan<\/p>\n<p>Ring f\u00f6r mer information p\u00e5 +4524213440<\/p>","protected":false},"excerpt":{"rendered":"<p>Super Twister kan kundanpassas med t.ex. f\u00e4rgtryck f\u00f6r b\u00e4sta m\u00f6jliga identifiering.<\/p>","protected":false},"featured_media":1609,"comment_status":"open","ping_status":"closed","template":"","meta":[],"product_brand":[],"product_cat":[44,42,36],"product_tag":[],"class_list":{"0":"post-1092","1":"product","2":"type-product","3":"status-publish","4":"has-post-thumbnail","6":"product_cat-kabelforsegling","7":"product_cat-maalerplomber","8":"product_cat-plomber-til-maalere-brandslukkere-noedudgange","10":"first","11":"instock","12":"shipping-taxable","13":"product-type-simple"},"yoast_head":"<!-- This site is optimized with the Yoast SEO plugin v27.1.1 - https:\/\/yoast.com\/product\/yoast-seo-wordpress\/ -->\n<title>SUPER TWISTER plombe - Tyden<\/title>\n<meta name=\"robots\" content=\"index, follow, max-snippet:-1, max-image-preview:large, max-video-preview:-1\" \/>\n<link rel=\"canonical\" href=\"https:\/\/tyden.dk\/sv\/super-twister-blyforsegling\/\" \/>\n<meta property=\"og:locale\" content=\"sv_SE\" \/>\n<meta property=\"og:type\" content=\"article\" \/>\n<meta property=\"og:title\" content=\"SUPER TWISTER plombe - Tyden\" \/>\n<meta property=\"og:description\" content=\"Super Twister kan tilpasses med f.eks farvetryk for bedst mulig identifikation.\" \/>\n<meta property=\"og:url\" content=\"https:\/\/tyden.dk\/sv\/super-twister-blyforsegling\/\" \/>\n<meta property=\"og:site_name\" content=\"Tyden\" \/>\n<meta property=\"article:publisher\" content=\"https:\/\/www.facebook.com\/www.tyden.dk\/\" \/>\n<meta property=\"article:modified_time\" content=\"2025-08-21T08:34:10+00:00\" \/>\n<meta property=\"og:image\" content=\"https:\/\/tyden.dk\/wp-content\/uploads\/2025\/06\/20250821_092022.jpg\" \/>\n\t<meta property=\"og:image:width\" content=\"2016\" \/>\n\t<meta property=\"og:image:height\" content=\"1134\" \/>\n\t<meta property=\"og:image:type\" content=\"image\/jpeg\" \/>\n<meta name=\"twitter:card\" content=\"summary_large_image\" \/>\n<meta name=\"twitter:label1\" content=\"Ber\u00e4knad l\u00e4stid\" \/>\n\t<meta name=\"twitter:data1\" content=\"1 minut\" \/>\n<script type=\"application\/ld+json\" class=\"yoast-schema-graph\">{\"@context\":\"https:\/\/schema.org\",\"@graph\":[{\"@type\":\"WebPage\",\"@id\":\"https:\/\/tyden.dk\/sv\/super-twister-blyforsegling\/\",\"url\":\"https:\/\/tyden.dk\/sv\/super-twister-blyforsegling\/\",\"name\":\"SUPER TWISTER plombe - Tyden\",\"isPartOf\":{\"@id\":\"https:\/\/tyden.dk\/sv\/#website\"},\"primaryImageOfPage\":{\"@id\":\"https:\/\/tyden.dk\/sv\/super-twister-blyforsegling\/#primaryimage\"},\"image\":{\"@id\":\"https:\/\/tyden.dk\/sv\/super-twister-blyforsegling\/#primaryimage\"},\"thumbnailUrl\":\"https:\/\/tyden.dk\/wp-content\/uploads\/2025\/06\/20250821_092022.jpg\",\"datePublished\":\"2025-06-12T09:05:46+00:00\",\"dateModified\":\"2025-08-21T08:34:10+00:00\",\"breadcrumb\":{\"@id\":\"https:\/\/tyden.dk\/sv\/super-twister-blyforsegling\/#breadcrumb\"},\"inLanguage\":\"sv-SE\",\"potentialAction\":[{\"@type\":\"ReadAction\",\"target\":[\"https:\/\/tyden.dk\/sv\/super-twister-blyforsegling\/\"]}]},{\"@type\":\"ImageObject\",\"inLanguage\":\"sv-SE\",\"@id\":\"https:\/\/tyden.dk\/sv\/super-twister-blyforsegling\/#primaryimage\",\"url\":\"https:\/\/tyden.dk\/wp-content\/uploads\/2025\/06\/20250821_092022.jpg\",\"contentUrl\":\"https:\/\/tyden.dk\/wp-content\/uploads\/2025\/06\/20250821_092022.jpg\",\"width\":2016,\"height\":1134},{\"@type\":\"BreadcrumbList\",\"@id\":\"https:\/\/tyden.dk\/sv\/super-twister-blyforsegling\/#breadcrumb\",\"itemListElement\":[{\"@type\":\"ListItem\",\"position\":1,\"name\":\"Hjem\",\"item\":\"https:\/\/tyden.dk\/\"},{\"@type\":\"ListItem\",\"position\":2,\"name\":\"Varer\",\"item\":\"https:\/\/tyden.dk\/shop\/\"},{\"@type\":\"ListItem\",\"position\":3,\"name\":\"SUPER TWISTER plombe\"}]},{\"@type\":\"WebSite\",\"@id\":\"https:\/\/tyden.dk\/sv\/#website\",\"url\":\"https:\/\/tyden.dk\/sv\/\",\"name\":\"Tyden\",\"description\":\"\",\"publisher\":{\"@id\":\"https:\/\/tyden.dk\/sv\/#organization\"},\"potentialAction\":[{\"@type\":\"SearchAction\",\"target\":{\"@type\":\"EntryPoint\",\"urlTemplate\":\"https:\/\/tyden.dk\/sv\/?s={search_term_string}\"},\"query-input\":{\"@type\":\"PropertyValueSpecification\",\"valueRequired\":true,\"valueName\":\"search_term_string\"}}],\"inLanguage\":\"sv-SE\"},{\"@type\":\"Organization\",\"@id\":\"https:\/\/tyden.dk\/sv\/#organization\",\"name\":\"Tyden\",\"url\":\"https:\/\/tyden.dk\/sv\/\",\"logo\":{\"@type\":\"ImageObject\",\"inLanguage\":\"sv-SE\",\"@id\":\"https:\/\/tyden.dk\/sv\/#\/schema\/logo\/image\/\",\"url\":\"https:\/\/tyden.dk\/wp-content\/uploads\/2025\/05\/logo_3_2_4286.png\",\"contentUrl\":\"https:\/\/tyden.dk\/wp-content\/uploads\/2025\/05\/logo_3_2_4286.png\",\"width\":341,\"height\":80,\"caption\":\"Tyden\"},\"image\":{\"@id\":\"https:\/\/tyden.dk\/sv\/#\/schema\/logo\/image\/\"},\"sameAs\":[\"https:\/\/www.facebook.com\/www.tyden.dk\/\"]}]}<\/script>\n<!-- \/ Yoast SEO plugin. -->","yoast_head_json":{"title":"SUPER TWISTER blyf\u00f6rsegling - Tyden","robots":{"index":"index","follow":"follow","max-snippet":"max-snippet:-1","max-image-preview":"max-image-preview:large","max-video-preview":"max-video-preview:-1"},"canonical":"https:\/\/tyden.dk\/sv\/super-twister-blyforsegling\/","og_locale":"sv_SE","og_type":"article","og_title":"SUPER TWISTER plombe - Tyden","og_description":"Super Twister kan tilpasses med f.eks farvetryk for bedst mulig identifikation.","og_url":"https:\/\/tyden.dk\/sv\/super-twister-blyforsegling\/","og_site_name":"Tyden","article_publisher":"https:\/\/www.facebook.com\/www.tyden.dk\/","article_modified_time":"2025-08-21T08:34:10+00:00","og_image":[{"width":2016,"height":1134,"url":"https:\/\/tyden.dk\/wp-content\/uploads\/2025\/06\/20250821_092022.jpg","type":"image\/jpeg"}],"twitter_card":"summary_large_image","twitter_misc":{"Ber\u00e4knad l\u00e4stid":"1 minut"},"schema":{"@context":"https:\/\/schema.org","@graph":[{"@type":"WebPage","@id":"https:\/\/tyden.dk\/sv\/super-twister-blyforsegling\/","url":"https:\/\/tyden.dk\/sv\/super-twister-blyforsegling\/","name":"SUPER TWISTER blyf\u00f6rsegling - Tyden","isPartOf":{"@id":"https:\/\/tyden.dk\/sv\/#website"},"primaryImageOfPage":{"@id":"https:\/\/tyden.dk\/sv\/super-twister-blyforsegling\/#primaryimage"},"image":{"@id":"https:\/\/tyden.dk\/sv\/super-twister-blyforsegling\/#primaryimage"},"thumbnailUrl":"https:\/\/tyden.dk\/wp-content\/uploads\/2025\/06\/20250821_092022.jpg","datePublished":"2025-06-12T09:05:46+00:00","dateModified":"2025-08-21T08:34:10+00:00","breadcrumb":{"@id":"https:\/\/tyden.dk\/sv\/super-twister-blyforsegling\/#breadcrumb"},"inLanguage":"sv-SE","potentialAction":[{"@type":"ReadAction","target":["https:\/\/tyden.dk\/sv\/super-twister-blyforsegling\/"]}]},{"@type":"ImageObject","inLanguage":"sv-SE","@id":"https:\/\/tyden.dk\/sv\/super-twister-blyforsegling\/#primaryimage","url":"https:\/\/tyden.dk\/wp-content\/uploads\/2025\/06\/20250821_092022.jpg","contentUrl":"https:\/\/tyden.dk\/wp-content\/uploads\/2025\/06\/20250821_092022.jpg","width":2016,"height":1134},{"@type":"BreadcrumbList","@id":"https:\/\/tyden.dk\/sv\/super-twister-blyforsegling\/#breadcrumb","itemListElement":[{"@type":"ListItem","position":1,"name":"Hjem","item":"https:\/\/tyden.dk\/"},{"@type":"ListItem","position":2,"name":"Varer","item":"https:\/\/tyden.dk\/shop\/"},{"@type":"ListItem","position":3,"name":"SUPER TWISTER plombe"}]},{"@type":"WebSite","@id":"https:\/\/tyden.dk\/sv\/#website","url":"https:\/\/tyden.dk\/sv\/","name":"Tyden","description":"","publisher":{"@id":"https:\/\/tyden.dk\/sv\/#organization"},"potentialAction":[{"@type":"SearchAction","target":{"@type":"EntryPoint","urlTemplate":"https:\/\/tyden.dk\/sv\/?s={search_term_string}"},"query-input":{"@type":"PropertyValueSpecification","valueRequired":true,"valueName":"search_term_string"}}],"inLanguage":"sv-SE"},{"@type":"Organization","@id":"https:\/\/tyden.dk\/sv\/#organization","name":"Tyden","url":"https:\/\/tyden.dk\/sv\/","logo":{"@type":"ImageObject","inLanguage":"sv-SE","@id":"https:\/\/tyden.dk\/sv\/#\/schema\/logo\/image\/","url":"https:\/\/tyden.dk\/wp-content\/uploads\/2025\/05\/logo_3_2_4286.png","contentUrl":"https:\/\/tyden.dk\/wp-content\/uploads\/2025\/05\/logo_3_2_4286.png","width":341,"height":80,"caption":"Tyden"},"image":{"@id":"https:\/\/tyden.dk\/sv\/#\/schema\/logo\/image\/"},"sameAs":["https:\/\/www.facebook.com\/www.tyden.dk\/"]}]}},"_links":{"self":[{"href":"https:\/\/tyden.dk\/sv\/wp-json\/wp\/v2\/product\/1092","targetHints":{"allow":["GET"]}}],"collection":[{"href":"https:\/\/tyden.dk\/sv\/wp-json\/wp\/v2\/product"}],"about":[{"href":"https:\/\/tyden.dk\/sv\/wp-json\/wp\/v2\/types\/product"}],"replies":[{"embeddable":true,"href":"https:\/\/tyden.dk\/sv\/wp-json\/wp\/v2\/comments?post=1092"}],"wp:featuredmedia":[{"embeddable":true,"href":"https:\/\/tyden.dk\/sv\/wp-json\/wp\/v2\/media\/1609"}],"wp:attachment":[{"href":"https:\/\/tyden.dk\/sv\/wp-json\/wp\/v2\/media?parent=1092"}],"wp:term":[{"taxonomy":"product_brand","embeddable":true,"href":"https:\/\/tyden.dk\/sv\/wp-json\/wp\/v2\/product_brand?post=1092"},{"taxonomy":"product_cat","embeddable":true,"href":"https:\/\/tyden.dk\/sv\/wp-json\/wp\/v2\/product_cat?post=1092"},{"taxonomy":"product_tag","embeddable":true,"href":"https:\/\/tyden.dk\/sv\/wp-json\/wp\/v2\/product_tag?post=1092"}],"curies":[{"name":"wp","href":"https:\/\/api.w.org\/{rel}","templated":true}]}}