{"id":1067,"date":"2025-06-12T09:17:53","date_gmt":"2025-06-12T08:17:53","guid":{"rendered":"https:\/\/darkorange-jay-383513.hostingersite.com\/?post_type=product&#038;p=1067"},"modified":"2026-04-01T09:14:15","modified_gmt":"2026-04-01T08:14:15","slug":"flex-secure-kabelgenomforing","status":"publish","type":"product","link":"https:\/\/tyden.dk\/sv\/flex-secure-kabelgenomforing\/","title":{"rendered":"Flex Secure kabelgenomf\u00f6ring 1,5 mm \u00d8 - 30 cm tr\u00e5dl\u00e4ngd"},"content":{"rendered":"<div class=\"column step-3-12\">\n<div id=\"site-container-190757\" class=\"Container Placeholder AutoResizable con-121\" data-snap=\"1\">\n<div class=\"row\">\n<div class=\"column step-3-12\">\n<div id=\"site-container-190807\" class=\"Container ModuleElement Textarea AutoResizable con-82\" data-snap=\"1\" data-containertype=\"Textarea\" data-moduleelement=\"52206\">\n<div class=\"Module-52206 Textarea\">\n<p class=\"custom57\"><strong>Vi har f\u00f6r n\u00e4rvarande dessa f\u00e4rger: svart &amp; r\u00f6d i lager i l\u00e5dor om 200 st. Vi kan erbjuda att s\u00e4lja fr\u00e5n 1 st och upp\u00e5t - de \u00e4r pr\u00e4glade med Sealed and a number - ring eller skriv till oss f\u00f6r mer information.<\/strong><\/p>\n<\/div>\n<\/div>\n<\/div>\n<\/div>\n<\/div>\n<\/div>\n<div class=\"column step-3-12\">\n<div id=\"site-container-190813\" class=\"Container Placeholder AutoResizable con-135\" data-snap=\"1\">\n<div class=\"row\">\n<div class=\"column step-3-12 step-2-6\">\n<div id=\"site-container-190748\" class=\"Container Placeholder AutoResizable con-121\" data-snap=\"1\">\n<div class=\"row\">\n<div class=\"column step-3-12\">\n<div id=\"site-container-190752\" class=\"Container ModuleElement Textarea AutoResizable con-82\" data-snap=\"1\" data-containertype=\"Textarea\" data-moduleelement=\"52207\">\n<div class=\"Module-52207 Textarea\">\n<p>Detta g\u00e4ller f\u00f6r modellerna 3,5 mm \u00d8 och 4,75 mm \u00d8 med h\u00f6g s\u00e4kerhet enligt teststandarden ISO 17712:2013 och \u00e4r kompatibla med C-TPAT och PIP.<\/p>\n<p>V\u00e5r nya FlexSecure-kabelplombering \u00e4r en otroligt s\u00e4ker kabelplombering som \u00e4r mycket sv\u00e5r att manipulera.<br \/>\nFinns i 3 kablar \u00d8 1,5 mm \/ 3,5 mm \/ 5,0 mm<br \/>\nVi kan pr\u00e4gla med laser - namn - logotyp - l\u00f6pnummer och streckkod<br \/>\nVi kan erbjuda att m\u00e4rka sm\u00e5 partier (min. 1000 st.) inom 2-4 veckor fr\u00e5n v\u00e5r fabrik i Storbritannien. F\u00e4rg - som vi har i lager.<br \/>\nSpecialf\u00e4rg kan kr\u00e4va min. best\u00e4llning och l\u00e5ng leveranstid.<\/p>\n<p><a class=\"custom7\" href=\"https:\/\/darkorange-jay-383513.hostingersite.com\/kontakt\/\" target=\"_self\">Ring<\/a>\u00a0f\u00f6r ytterligare information.<\/p>\n<p>Kabelt\u00e4tning 1,5 mm \u00d8 - ISO 17712 S\u00e4kerhet <span class=\"wixui-rich-text__text\">\u200b<\/span>&gt;3 kilonewton \/ 300 kg<\/p>\n<p>Kabelt\u00e4tning 2,5 mm \u00d8 - ISO 17712 S\u00e4kerhet - &gt;6 kilonewton \/ 600kg<\/p>\n<p>Kabelt\u00e4tning 3,5 mm \u00d8 - ISO 17712 HIGH Security &amp; C-TPAT - &gt;12 kilonewton \/ 1.200kg<\/p>\n<p>Kabelt\u00e4tning 5,0 mm \u00d8 - ISO 17712 HIGH Security &amp; C-TPAT - &gt;16 kilonewton \/ 1.600kg<\/p>\n<\/div>\n<\/div>\n<\/div>\n<\/div>\n<\/div>\n<\/div>\n<\/div>\n<\/div>\n<\/div>","protected":false},"excerpt":{"rendered":"<p class=\"custom57\">Uppfyller kraven i ISO17712:2013. Anpassningsalternativ - specialtext \/ logotyp \/ streckkod.<\/p>\n<p>Kabelt\u00e4tning 1,5 mm \u00d8 - ISO 17712 S\u00e4kerhet <span class=\"wixui-rich-text__text\">\u200b<\/span>&gt;3 kilonewton \/ 300 kg<\/p>\n<p>Kabelt\u00e4tning 2,5 mm \u00d8 - ISO 17712 S\u00e4kerhet - &gt;6 kilonewton \/ 600kg<\/p>\n<p>Kabelt\u00e4tning 3,5 mm \u00d8 - ISO 17712 HIGH Security &amp; C-TPAT - &gt;12 kilonewton \/ 1.200kg<\/p>\n<p>Kabelt\u00e4tning 5,0 mm \u00d8 - ISO 17712 HIGH Security &amp; C-TPAT - &gt;16 kilonewton \/ 1.600kg<\/p>","protected":false},"featured_media":1949,"comment_status":"open","ping_status":"closed","template":"","meta":[],"product_brand":[],"product_cat":[44,27,39],"product_tag":[],"class_list":{"0":"post-1067","1":"product","2":"type-product","3":"status-publish","4":"has-post-thumbnail","6":"product_cat-kabelforsegling","7":"product_cat-kabelplomber","8":"product_cat-lastbilplomber","10":"first","11":"instock","12":"shipping-taxable","13":"product-type-simple"},"yoast_head":"<!-- This site is optimized with the Yoast SEO plugin v27.1.1 - https:\/\/yoast.com\/product\/yoast-seo-wordpress\/ -->\n<title>Flex Secure Kabel plombe 1,5 mm \u00d8 - 30 cm wire l\u00e6ngde - Tyden<\/title>\n<meta name=\"robots\" content=\"index, follow, max-snippet:-1, max-image-preview:large, max-video-preview:-1\" \/>\n<link rel=\"canonical\" href=\"https:\/\/tyden.dk\/sv\/flex-secure-kabelgenomforing\/\" \/>\n<meta property=\"og:locale\" content=\"sv_SE\" \/>\n<meta property=\"og:type\" content=\"article\" \/>\n<meta property=\"og:title\" content=\"Flex Secure Kabel plombe 1,5 mm \u00d8 - 30 cm wire l\u00e6ngde - Tyden\" \/>\n<meta property=\"og:description\" content=\"Opfylder krav til ISO17712:2013. Mulighed for eget tryk - speciel tekst \/ logo \/ stregkode. Kabelplombe 1,5 mm \u00d8 - ISO 17712 Security - \u200b&gt;3 kilonewton \/ 300kg  Kabelplombe 2,5 mm \u00d8 - ISO 17712 Security - &gt;6 kilonewton \/ 600kg  Kabelplombe 3,5 mm \u00d8 - ISO 17712 HIGH Security &amp; C-TPAT - &gt;12 kilonewton \/ 1.200kg  Kabelplombe 5,0 mm \u00d8 - ISO 17712 HIGH Security &amp; C-TPAT -\u00a0 &gt;16 kilonewton \/ 1.600kg\" \/>\n<meta property=\"og:url\" content=\"https:\/\/tyden.dk\/sv\/flex-secure-kabelgenomforing\/\" \/>\n<meta property=\"og:site_name\" content=\"Tyden\" \/>\n<meta property=\"article:publisher\" content=\"https:\/\/www.facebook.com\/www.tyden.dk\/\" \/>\n<meta property=\"article:modified_time\" content=\"2026-04-01T08:14:15+00:00\" \/>\n<meta property=\"og:image\" content=\"https:\/\/tyden.dk\/wp-content\/uploads\/2025\/06\/FS-15-blaa.webp\" \/>\n\t<meta property=\"og:image:width\" content=\"1767\" \/>\n\t<meta property=\"og:image:height\" content=\"1200\" \/>\n\t<meta property=\"og:image:type\" content=\"image\/webp\" \/>\n<meta name=\"twitter:card\" content=\"summary_large_image\" \/>\n<meta name=\"twitter:label1\" content=\"Ber\u00e4knad l\u00e4stid\" \/>\n\t<meta name=\"twitter:data1\" content=\"2 minuter\" \/>\n<script type=\"application\/ld+json\" class=\"yoast-schema-graph\">{\"@context\":\"https:\/\/schema.org\",\"@graph\":[{\"@type\":\"WebPage\",\"@id\":\"https:\/\/tyden.dk\/sv\/flex-secure-kabelgenomforing\/\",\"url\":\"https:\/\/tyden.dk\/sv\/flex-secure-kabelgenomforing\/\",\"name\":\"Flex Secure Kabel plombe 1,5 mm \u00d8 - 30 cm wire l\u00e6ngde - Tyden\",\"isPartOf\":{\"@id\":\"https:\/\/tyden.dk\/sv\/#website\"},\"primaryImageOfPage\":{\"@id\":\"https:\/\/tyden.dk\/sv\/flex-secure-kabelgenomforing\/#primaryimage\"},\"image\":{\"@id\":\"https:\/\/tyden.dk\/sv\/flex-secure-kabelgenomforing\/#primaryimage\"},\"thumbnailUrl\":\"https:\/\/tyden.dk\/wp-content\/uploads\/2025\/06\/FS-15-blaa.webp\",\"datePublished\":\"2025-06-12T08:17:53+00:00\",\"dateModified\":\"2026-04-01T08:14:15+00:00\",\"breadcrumb\":{\"@id\":\"https:\/\/tyden.dk\/sv\/flex-secure-kabelgenomforing\/#breadcrumb\"},\"inLanguage\":\"sv-SE\",\"potentialAction\":[{\"@type\":\"ReadAction\",\"target\":[\"https:\/\/tyden.dk\/sv\/flex-secure-kabelgenomforing\/\"]}]},{\"@type\":\"ImageObject\",\"inLanguage\":\"sv-SE\",\"@id\":\"https:\/\/tyden.dk\/sv\/flex-secure-kabelgenomforing\/#primaryimage\",\"url\":\"https:\/\/tyden.dk\/wp-content\/uploads\/2025\/06\/FS-15-blaa.webp\",\"contentUrl\":\"https:\/\/tyden.dk\/wp-content\/uploads\/2025\/06\/FS-15-blaa.webp\",\"width\":1767,\"height\":1200},{\"@type\":\"BreadcrumbList\",\"@id\":\"https:\/\/tyden.dk\/sv\/flex-secure-kabelgenomforing\/#breadcrumb\",\"itemListElement\":[{\"@type\":\"ListItem\",\"position\":1,\"name\":\"Hjem\",\"item\":\"https:\/\/tyden.dk\/\"},{\"@type\":\"ListItem\",\"position\":2,\"name\":\"Varer\",\"item\":\"https:\/\/tyden.dk\/shop\/\"},{\"@type\":\"ListItem\",\"position\":3,\"name\":\"Flex Secure Kabel plombe 1,5 mm \u00d8 &#8211; 30 cm wire l\u00e6ngde &#8211;\"}]},{\"@type\":\"WebSite\",\"@id\":\"https:\/\/tyden.dk\/sv\/#website\",\"url\":\"https:\/\/tyden.dk\/sv\/\",\"name\":\"Tyden\",\"description\":\"\",\"publisher\":{\"@id\":\"https:\/\/tyden.dk\/sv\/#organization\"},\"potentialAction\":[{\"@type\":\"SearchAction\",\"target\":{\"@type\":\"EntryPoint\",\"urlTemplate\":\"https:\/\/tyden.dk\/sv\/?s={search_term_string}\"},\"query-input\":{\"@type\":\"PropertyValueSpecification\",\"valueRequired\":true,\"valueName\":\"search_term_string\"}}],\"inLanguage\":\"sv-SE\"},{\"@type\":\"Organization\",\"@id\":\"https:\/\/tyden.dk\/sv\/#organization\",\"name\":\"Tyden\",\"url\":\"https:\/\/tyden.dk\/sv\/\",\"logo\":{\"@type\":\"ImageObject\",\"inLanguage\":\"sv-SE\",\"@id\":\"https:\/\/tyden.dk\/sv\/#\/schema\/logo\/image\/\",\"url\":\"https:\/\/tyden.dk\/wp-content\/uploads\/2025\/05\/logo_3_2_4286.png\",\"contentUrl\":\"https:\/\/tyden.dk\/wp-content\/uploads\/2025\/05\/logo_3_2_4286.png\",\"width\":341,\"height\":80,\"caption\":\"Tyden\"},\"image\":{\"@id\":\"https:\/\/tyden.dk\/sv\/#\/schema\/logo\/image\/\"},\"sameAs\":[\"https:\/\/www.facebook.com\/www.tyden.dk\/\"]}]}<\/script>\n<!-- \/ Yoast SEO plugin. -->","yoast_head_json":{"title":"Flex Secure kabelgenomf\u00f6ring 1,5 mm \u00d8 - 30 cm tr\u00e5dl\u00e4ngd - Tyden","robots":{"index":"index","follow":"follow","max-snippet":"max-snippet:-1","max-image-preview":"max-image-preview:large","max-video-preview":"max-video-preview:-1"},"canonical":"https:\/\/tyden.dk\/sv\/flex-secure-kabelgenomforing\/","og_locale":"sv_SE","og_type":"article","og_title":"Flex Secure Kabel plombe 1,5 mm \u00d8 - 30 cm wire l\u00e6ngde - Tyden","og_description":"Opfylder krav til ISO17712:2013. Mulighed for eget tryk - speciel tekst \/ logo \/ stregkode. Kabelplombe 1,5 mm \u00d8 - ISO 17712 Security - \u200b&gt;3 kilonewton \/ 300kg  Kabelplombe 2,5 mm \u00d8 - ISO 17712 Security - &gt;6 kilonewton \/ 600kg  Kabelplombe 3,5 mm \u00d8 - ISO 17712 HIGH Security &amp; C-TPAT - &gt;12 kilonewton \/ 1.200kg  Kabelplombe 5,0 mm \u00d8 - ISO 17712 HIGH Security &amp; C-TPAT -\u00a0 &gt;16 kilonewton \/ 1.600kg","og_url":"https:\/\/tyden.dk\/sv\/flex-secure-kabelgenomforing\/","og_site_name":"Tyden","article_publisher":"https:\/\/www.facebook.com\/www.tyden.dk\/","article_modified_time":"2026-04-01T08:14:15+00:00","og_image":[{"width":1767,"height":1200,"url":"https:\/\/tyden.dk\/wp-content\/uploads\/2025\/06\/FS-15-blaa.webp","type":"image\/webp"}],"twitter_card":"summary_large_image","twitter_misc":{"Ber\u00e4knad l\u00e4stid":"2 minuter"},"schema":{"@context":"https:\/\/schema.org","@graph":[{"@type":"WebPage","@id":"https:\/\/tyden.dk\/sv\/flex-secure-kabelgenomforing\/","url":"https:\/\/tyden.dk\/sv\/flex-secure-kabelgenomforing\/","name":"Flex Secure kabelgenomf\u00f6ring 1,5 mm \u00d8 - 30 cm tr\u00e5dl\u00e4ngd - Tyden","isPartOf":{"@id":"https:\/\/tyden.dk\/sv\/#website"},"primaryImageOfPage":{"@id":"https:\/\/tyden.dk\/sv\/flex-secure-kabelgenomforing\/#primaryimage"},"image":{"@id":"https:\/\/tyden.dk\/sv\/flex-secure-kabelgenomforing\/#primaryimage"},"thumbnailUrl":"https:\/\/tyden.dk\/wp-content\/uploads\/2025\/06\/FS-15-blaa.webp","datePublished":"2025-06-12T08:17:53+00:00","dateModified":"2026-04-01T08:14:15+00:00","breadcrumb":{"@id":"https:\/\/tyden.dk\/sv\/flex-secure-kabelgenomforing\/#breadcrumb"},"inLanguage":"sv-SE","potentialAction":[{"@type":"ReadAction","target":["https:\/\/tyden.dk\/sv\/flex-secure-kabelgenomforing\/"]}]},{"@type":"ImageObject","inLanguage":"sv-SE","@id":"https:\/\/tyden.dk\/sv\/flex-secure-kabelgenomforing\/#primaryimage","url":"https:\/\/tyden.dk\/wp-content\/uploads\/2025\/06\/FS-15-blaa.webp","contentUrl":"https:\/\/tyden.dk\/wp-content\/uploads\/2025\/06\/FS-15-blaa.webp","width":1767,"height":1200},{"@type":"BreadcrumbList","@id":"https:\/\/tyden.dk\/sv\/flex-secure-kabelgenomforing\/#breadcrumb","itemListElement":[{"@type":"ListItem","position":1,"name":"Hjem","item":"https:\/\/tyden.dk\/"},{"@type":"ListItem","position":2,"name":"Varer","item":"https:\/\/tyden.dk\/shop\/"},{"@type":"ListItem","position":3,"name":"Flex Secure Kabel plombe 1,5 mm \u00d8 &#8211; 30 cm wire l\u00e6ngde &#8211;"}]},{"@type":"WebSite","@id":"https:\/\/tyden.dk\/sv\/#website","url":"https:\/\/tyden.dk\/sv\/","name":"Tyden","description":"","publisher":{"@id":"https:\/\/tyden.dk\/sv\/#organization"},"potentialAction":[{"@type":"SearchAction","target":{"@type":"EntryPoint","urlTemplate":"https:\/\/tyden.dk\/sv\/?s={search_term_string}"},"query-input":{"@type":"PropertyValueSpecification","valueRequired":true,"valueName":"search_term_string"}}],"inLanguage":"sv-SE"},{"@type":"Organization","@id":"https:\/\/tyden.dk\/sv\/#organization","name":"Tyden","url":"https:\/\/tyden.dk\/sv\/","logo":{"@type":"ImageObject","inLanguage":"sv-SE","@id":"https:\/\/tyden.dk\/sv\/#\/schema\/logo\/image\/","url":"https:\/\/tyden.dk\/wp-content\/uploads\/2025\/05\/logo_3_2_4286.png","contentUrl":"https:\/\/tyden.dk\/wp-content\/uploads\/2025\/05\/logo_3_2_4286.png","width":341,"height":80,"caption":"Tyden"},"image":{"@id":"https:\/\/tyden.dk\/sv\/#\/schema\/logo\/image\/"},"sameAs":["https:\/\/www.facebook.com\/www.tyden.dk\/"]}]}},"_links":{"self":[{"href":"https:\/\/tyden.dk\/sv\/wp-json\/wp\/v2\/product\/1067","targetHints":{"allow":["GET"]}}],"collection":[{"href":"https:\/\/tyden.dk\/sv\/wp-json\/wp\/v2\/product"}],"about":[{"href":"https:\/\/tyden.dk\/sv\/wp-json\/wp\/v2\/types\/product"}],"replies":[{"embeddable":true,"href":"https:\/\/tyden.dk\/sv\/wp-json\/wp\/v2\/comments?post=1067"}],"wp:featuredmedia":[{"embeddable":true,"href":"https:\/\/tyden.dk\/sv\/wp-json\/wp\/v2\/media\/1949"}],"wp:attachment":[{"href":"https:\/\/tyden.dk\/sv\/wp-json\/wp\/v2\/media?parent=1067"}],"wp:term":[{"taxonomy":"product_brand","embeddable":true,"href":"https:\/\/tyden.dk\/sv\/wp-json\/wp\/v2\/product_brand?post=1067"},{"taxonomy":"product_cat","embeddable":true,"href":"https:\/\/tyden.dk\/sv\/wp-json\/wp\/v2\/product_cat?post=1067"},{"taxonomy":"product_tag","embeddable":true,"href":"https:\/\/tyden.dk\/sv\/wp-json\/wp\/v2\/product_tag?post=1067"}],"curies":[{"name":"wp","href":"https:\/\/api.w.org\/{rel}","templated":true}]}}