{"id":1058,"date":"2025-06-12T09:08:16","date_gmt":"2025-06-12T08:08:16","guid":{"rendered":"https:\/\/darkorange-jay-383513.hostingersite.com\/?post_type=product&#038;p=1058"},"modified":"2026-04-01T09:13:12","modified_gmt":"2026-04-01T08:13:12","slug":"ez-loc-tatning","status":"publish","type":"product","link":"https:\/\/tyden.dk\/sv\/ez-loc-tatning\/","title":{"rendered":"EZ LOC Kabelt\u00e4tning - finns i 1,5 mm \u00d8 \/ 2,5 mm \u00d8 \/ 3,2 mm \u00d8"},"content":{"rendered":"<p>Tre olika \u00d8-kablar \u00f6kar anv\u00e4ndningsm\u00f6jligheterna.<\/p>\n<ol>\n<li>M\u00f6jlighet att justera kabeln s\u00e5 att den passar alla applikationer. Kabel \u00d8: 1,5 mm \/ 2,5 mm \/ 3 mm alla 30 cm l\u00e5nga som standard.<\/li>\n<li>M\u00f6jlighet till streckkod och\/eller f\u00e4rgkod och\/eller laserpr\u00e4glat. Kan pr\u00e4glas med upp till 3 tecken och upp till 6 siffror - m\u00e4rkt med TBE och nummer - leverans fr\u00e5n dag till dag.<\/li>\n<li>Typiska anv\u00e4ndningsomr\u00e5den: Containrar \/ Lastbilar \/ J\u00e4rnv\u00e4gsvagnar \/ Tunnf\u00f6rsegling \/ Tankbilar \/ J\u00e4rnv\u00e4gstankbilar<\/li>\n<\/ol>\n<p>1,5 mm \u00d8 tr\u00e5dl\u00e4ngd \/ 30 cm l\u00e5ng tr\u00e5d - F\u00c4RG SVART - min. 250 st - med din egen pr\u00e4gling - leverans - 1-3 veckor fr\u00e5n best\u00e4llning !!!!! - Detsamma g\u00e4ller f\u00f6r v\u00e5r EZ -LOC 3,2 mm tr\u00e5d \u00d8 - 35 cm tr\u00e5d - fabrikspr\u00e4gling i Storbritannien - leverans inom 1-3 veckor - FAST !!!!<\/p>\n<p>Nu kan vi \u00e4ven erbjuda att pr\u00e4gla QR-koder p\u00e5 v\u00e5ra BLACK E- Z LOC - MIN. BEST\u00c4LLNING - MIN.\u00a0<a class=\"custom7\" href=\"https:\/\/darkorange-jay-383513.hostingersite.com\/kontakt\/\" target=\"_self\">RING F\u00d6R YTTERLIGARE INFORMATION<\/a><\/p>\n<p>Kabelt\u00e4tning 1,5 mm \u00d8 - ISO 17712 S\u00e4kerhet <span class=\"wixui-rich-text__text\">\u200b<\/span>&gt;3 kilonewton \/ 300 kg<\/p>\n<p>Kabelt\u00e4tning 2,5 mm \u00d8 - ISO 17712 S\u00e4kerhet - &gt;6 kilonewton \/ 600kg<\/p>\n<p>Kabelt\u00e4tning 3,5 mm \u00d8 - ISO 17712 HIGH Security &amp; C-TPAT - &gt;12 kilonewton \/ 1.200kg<\/p>\n<p>Kabelt\u00e4tning 5,0 mm \u00d8 - ISO 17712 HIGH Security &amp; C-TPAT - &gt;16 kilonewton \/ 1.600kg<\/p>","protected":false},"excerpt":{"rendered":"<p>Medeltungt l\u00e5s med m\u00e5nga m\u00e4rkningsalternativ.<\/p>\n<p>Kabelt\u00e4tning 1,5 mm \u00d8 - ISO 17712 S\u00e4kerhet <span class=\"wixui-rich-text__text\">\u200b<\/span>&gt;3 kilonewton \/ 300 kg<\/p>\n<p>Kabelt\u00e4tning 2,5 mm \u00d8 - ISO 17712 S\u00e4kerhet - &gt;6 kilonewton \/ 600kg<\/p>\n<p>Kabelt\u00e4tning 3,5 mm \u00d8 - ISO 17712 HIGH Security &amp; C-TPAT - &gt;12 kilonewton \/ 1.200kg<\/p>\n<p>Kabelt\u00e4tning 5,0 mm \u00d8 - ISO 17712 HIGH Security &amp; C-TPAT - &gt;16 kilonewton \/ 1.600kg<\/p>","protected":false},"featured_media":1945,"comment_status":"open","ping_status":"closed","template":"","meta":[],"product_brand":[],"product_cat":[44,27,39],"product_tag":[],"class_list":{"0":"post-1058","1":"product","2":"type-product","3":"status-publish","4":"has-post-thumbnail","6":"product_cat-kabelforsegling","7":"product_cat-kabelplomber","8":"product_cat-lastbilplomber","10":"first","11":"instock","12":"shipping-taxable","13":"product-type-simple"},"yoast_head":"<!-- This site is optimized with the Yoast SEO plugin v27.1.1 - https:\/\/yoast.com\/product\/yoast-seo-wordpress\/ -->\n<title>EZ LOC Kabel plombe - kommer i 1,5 mm \u00d8 \/ 2,5 mm \u00d8 \/ 3,2 mm \u00d8 - Tyden<\/title>\n<meta name=\"robots\" content=\"index, follow, max-snippet:-1, max-image-preview:large, max-video-preview:-1\" \/>\n<link rel=\"canonical\" href=\"https:\/\/tyden.dk\/sv\/ez-loc-tatning\/\" \/>\n<meta property=\"og:locale\" content=\"sv_SE\" \/>\n<meta property=\"og:type\" content=\"article\" \/>\n<meta property=\"og:title\" content=\"EZ LOC Kabel plombe - kommer i 1,5 mm \u00d8 \/ 2,5 mm \u00d8 \/ 3,2 mm \u00d8 - Tyden\" \/>\n<meta property=\"og:description\" content=\"Medium kraftig l\u00e5s, med mange muligheder for m\u00e6rkning.  Kabelplombe 1,5 mm \u00d8 - ISO 17712 Security - \u200b&gt;3 kilonewton \/ 300kg  Kabelplombe 2,5 mm \u00d8 - ISO 17712 Security - &gt;6 kilonewton \/ 600kg  Kabelplombe 3,5 mm \u00d8 - ISO 17712 HIGH Security &amp; C-TPAT - &gt;12 kilonewton \/ 1.200kg  Kabelplombe 5,0 mm \u00d8 - ISO 17712 HIGH Security &amp; C-TPAT -\u00a0 &gt;16 kilonewton \/ 1.600kg\" \/>\n<meta property=\"og:url\" content=\"https:\/\/tyden.dk\/sv\/ez-loc-tatning\/\" \/>\n<meta property=\"og:site_name\" content=\"Tyden\" \/>\n<meta property=\"article:publisher\" content=\"https:\/\/www.facebook.com\/www.tyden.dk\/\" \/>\n<meta property=\"article:modified_time\" content=\"2026-04-01T08:13:12+00:00\" \/>\n<meta property=\"og:image\" content=\"https:\/\/tyden.dk\/wp-content\/uploads\/2025\/06\/EZ-LOC-15-mm-Oe-gul.webp\" \/>\n\t<meta property=\"og:image:width\" content=\"1443\" \/>\n\t<meta property=\"og:image:height\" content=\"1200\" \/>\n\t<meta property=\"og:image:type\" content=\"image\/webp\" \/>\n<meta name=\"twitter:card\" content=\"summary_large_image\" \/>\n<meta name=\"twitter:label1\" content=\"Ber\u00e4knad l\u00e4stid\" \/>\n\t<meta name=\"twitter:data1\" content=\"2 minuter\" \/>\n<script type=\"application\/ld+json\" class=\"yoast-schema-graph\">{\"@context\":\"https:\/\/schema.org\",\"@graph\":[{\"@type\":\"WebPage\",\"@id\":\"https:\/\/tyden.dk\/sv\/ez-loc-tatning\/\",\"url\":\"https:\/\/tyden.dk\/sv\/ez-loc-tatning\/\",\"name\":\"EZ LOC Kabel plombe - kommer i 1,5 mm \u00d8 \/ 2,5 mm \u00d8 \/ 3,2 mm \u00d8 - Tyden\",\"isPartOf\":{\"@id\":\"https:\/\/tyden.dk\/sv\/#website\"},\"primaryImageOfPage\":{\"@id\":\"https:\/\/tyden.dk\/sv\/ez-loc-tatning\/#primaryimage\"},\"image\":{\"@id\":\"https:\/\/tyden.dk\/sv\/ez-loc-tatning\/#primaryimage\"},\"thumbnailUrl\":\"https:\/\/tyden.dk\/wp-content\/uploads\/2025\/06\/EZ-LOC-15-mm-Oe-gul.webp\",\"datePublished\":\"2025-06-12T08:08:16+00:00\",\"dateModified\":\"2026-04-01T08:13:12+00:00\",\"breadcrumb\":{\"@id\":\"https:\/\/tyden.dk\/sv\/ez-loc-tatning\/#breadcrumb\"},\"inLanguage\":\"sv-SE\",\"potentialAction\":[{\"@type\":\"ReadAction\",\"target\":[\"https:\/\/tyden.dk\/sv\/ez-loc-tatning\/\"]}]},{\"@type\":\"ImageObject\",\"inLanguage\":\"sv-SE\",\"@id\":\"https:\/\/tyden.dk\/sv\/ez-loc-tatning\/#primaryimage\",\"url\":\"https:\/\/tyden.dk\/wp-content\/uploads\/2025\/06\/EZ-LOC-15-mm-Oe-gul.webp\",\"contentUrl\":\"https:\/\/tyden.dk\/wp-content\/uploads\/2025\/06\/EZ-LOC-15-mm-Oe-gul.webp\",\"width\":1443,\"height\":1200},{\"@type\":\"BreadcrumbList\",\"@id\":\"https:\/\/tyden.dk\/sv\/ez-loc-tatning\/#breadcrumb\",\"itemListElement\":[{\"@type\":\"ListItem\",\"position\":1,\"name\":\"Hjem\",\"item\":\"https:\/\/tyden.dk\/\"},{\"@type\":\"ListItem\",\"position\":2,\"name\":\"Varer\",\"item\":\"https:\/\/tyden.dk\/shop\/\"},{\"@type\":\"ListItem\",\"position\":3,\"name\":\"EZ LOC Kabel plombe &#8211; kommer i 1,5 mm \u00d8 \/ 2,5 mm \u00d8 \/ 3,2 mm \u00d8\"}]},{\"@type\":\"WebSite\",\"@id\":\"https:\/\/tyden.dk\/sv\/#website\",\"url\":\"https:\/\/tyden.dk\/sv\/\",\"name\":\"Tyden\",\"description\":\"\",\"publisher\":{\"@id\":\"https:\/\/tyden.dk\/sv\/#organization\"},\"potentialAction\":[{\"@type\":\"SearchAction\",\"target\":{\"@type\":\"EntryPoint\",\"urlTemplate\":\"https:\/\/tyden.dk\/sv\/?s={search_term_string}\"},\"query-input\":{\"@type\":\"PropertyValueSpecification\",\"valueRequired\":true,\"valueName\":\"search_term_string\"}}],\"inLanguage\":\"sv-SE\"},{\"@type\":\"Organization\",\"@id\":\"https:\/\/tyden.dk\/sv\/#organization\",\"name\":\"Tyden\",\"url\":\"https:\/\/tyden.dk\/sv\/\",\"logo\":{\"@type\":\"ImageObject\",\"inLanguage\":\"sv-SE\",\"@id\":\"https:\/\/tyden.dk\/sv\/#\/schema\/logo\/image\/\",\"url\":\"https:\/\/tyden.dk\/wp-content\/uploads\/2025\/05\/logo_3_2_4286.png\",\"contentUrl\":\"https:\/\/tyden.dk\/wp-content\/uploads\/2025\/05\/logo_3_2_4286.png\",\"width\":341,\"height\":80,\"caption\":\"Tyden\"},\"image\":{\"@id\":\"https:\/\/tyden.dk\/sv\/#\/schema\/logo\/image\/\"},\"sameAs\":[\"https:\/\/www.facebook.com\/www.tyden.dk\/\"]}]}<\/script>\n<!-- \/ Yoast SEO plugin. -->","yoast_head_json":{"title":"EZ LOC Kabelt\u00e4tning - finns i 1,5 mm \u00d8 \/ 2,5 mm \u00d8 \/ 3,2 mm \u00d8 - Tyden","robots":{"index":"index","follow":"follow","max-snippet":"max-snippet:-1","max-image-preview":"max-image-preview:large","max-video-preview":"max-video-preview:-1"},"canonical":"https:\/\/tyden.dk\/sv\/ez-loc-tatning\/","og_locale":"sv_SE","og_type":"article","og_title":"EZ LOC Kabel plombe - kommer i 1,5 mm \u00d8 \/ 2,5 mm \u00d8 \/ 3,2 mm \u00d8 - Tyden","og_description":"Medium kraftig l\u00e5s, med mange muligheder for m\u00e6rkning.  Kabelplombe 1,5 mm \u00d8 - ISO 17712 Security - \u200b&gt;3 kilonewton \/ 300kg  Kabelplombe 2,5 mm \u00d8 - ISO 17712 Security - &gt;6 kilonewton \/ 600kg  Kabelplombe 3,5 mm \u00d8 - ISO 17712 HIGH Security &amp; C-TPAT - &gt;12 kilonewton \/ 1.200kg  Kabelplombe 5,0 mm \u00d8 - ISO 17712 HIGH Security &amp; C-TPAT -\u00a0 &gt;16 kilonewton \/ 1.600kg","og_url":"https:\/\/tyden.dk\/sv\/ez-loc-tatning\/","og_site_name":"Tyden","article_publisher":"https:\/\/www.facebook.com\/www.tyden.dk\/","article_modified_time":"2026-04-01T08:13:12+00:00","og_image":[{"width":1443,"height":1200,"url":"https:\/\/tyden.dk\/wp-content\/uploads\/2025\/06\/EZ-LOC-15-mm-Oe-gul.webp","type":"image\/webp"}],"twitter_card":"summary_large_image","twitter_misc":{"Ber\u00e4knad l\u00e4stid":"2 minuter"},"schema":{"@context":"https:\/\/schema.org","@graph":[{"@type":"WebPage","@id":"https:\/\/tyden.dk\/sv\/ez-loc-tatning\/","url":"https:\/\/tyden.dk\/sv\/ez-loc-tatning\/","name":"EZ LOC Kabelt\u00e4tning - finns i 1,5 mm \u00d8 \/ 2,5 mm \u00d8 \/ 3,2 mm \u00d8 - Tyden","isPartOf":{"@id":"https:\/\/tyden.dk\/sv\/#website"},"primaryImageOfPage":{"@id":"https:\/\/tyden.dk\/sv\/ez-loc-tatning\/#primaryimage"},"image":{"@id":"https:\/\/tyden.dk\/sv\/ez-loc-tatning\/#primaryimage"},"thumbnailUrl":"https:\/\/tyden.dk\/wp-content\/uploads\/2025\/06\/EZ-LOC-15-mm-Oe-gul.webp","datePublished":"2025-06-12T08:08:16+00:00","dateModified":"2026-04-01T08:13:12+00:00","breadcrumb":{"@id":"https:\/\/tyden.dk\/sv\/ez-loc-tatning\/#breadcrumb"},"inLanguage":"sv-SE","potentialAction":[{"@type":"ReadAction","target":["https:\/\/tyden.dk\/sv\/ez-loc-tatning\/"]}]},{"@type":"ImageObject","inLanguage":"sv-SE","@id":"https:\/\/tyden.dk\/sv\/ez-loc-tatning\/#primaryimage","url":"https:\/\/tyden.dk\/wp-content\/uploads\/2025\/06\/EZ-LOC-15-mm-Oe-gul.webp","contentUrl":"https:\/\/tyden.dk\/wp-content\/uploads\/2025\/06\/EZ-LOC-15-mm-Oe-gul.webp","width":1443,"height":1200},{"@type":"BreadcrumbList","@id":"https:\/\/tyden.dk\/sv\/ez-loc-tatning\/#breadcrumb","itemListElement":[{"@type":"ListItem","position":1,"name":"Hjem","item":"https:\/\/tyden.dk\/"},{"@type":"ListItem","position":2,"name":"Varer","item":"https:\/\/tyden.dk\/shop\/"},{"@type":"ListItem","position":3,"name":"EZ LOC Kabel plombe &#8211; kommer i 1,5 mm \u00d8 \/ 2,5 mm \u00d8 \/ 3,2 mm \u00d8"}]},{"@type":"WebSite","@id":"https:\/\/tyden.dk\/sv\/#website","url":"https:\/\/tyden.dk\/sv\/","name":"Tyden","description":"","publisher":{"@id":"https:\/\/tyden.dk\/sv\/#organization"},"potentialAction":[{"@type":"SearchAction","target":{"@type":"EntryPoint","urlTemplate":"https:\/\/tyden.dk\/sv\/?s={search_term_string}"},"query-input":{"@type":"PropertyValueSpecification","valueRequired":true,"valueName":"search_term_string"}}],"inLanguage":"sv-SE"},{"@type":"Organization","@id":"https:\/\/tyden.dk\/sv\/#organization","name":"Tyden","url":"https:\/\/tyden.dk\/sv\/","logo":{"@type":"ImageObject","inLanguage":"sv-SE","@id":"https:\/\/tyden.dk\/sv\/#\/schema\/logo\/image\/","url":"https:\/\/tyden.dk\/wp-content\/uploads\/2025\/05\/logo_3_2_4286.png","contentUrl":"https:\/\/tyden.dk\/wp-content\/uploads\/2025\/05\/logo_3_2_4286.png","width":341,"height":80,"caption":"Tyden"},"image":{"@id":"https:\/\/tyden.dk\/sv\/#\/schema\/logo\/image\/"},"sameAs":["https:\/\/www.facebook.com\/www.tyden.dk\/"]}]}},"_links":{"self":[{"href":"https:\/\/tyden.dk\/sv\/wp-json\/wp\/v2\/product\/1058","targetHints":{"allow":["GET"]}}],"collection":[{"href":"https:\/\/tyden.dk\/sv\/wp-json\/wp\/v2\/product"}],"about":[{"href":"https:\/\/tyden.dk\/sv\/wp-json\/wp\/v2\/types\/product"}],"replies":[{"embeddable":true,"href":"https:\/\/tyden.dk\/sv\/wp-json\/wp\/v2\/comments?post=1058"}],"wp:featuredmedia":[{"embeddable":true,"href":"https:\/\/tyden.dk\/sv\/wp-json\/wp\/v2\/media\/1945"}],"wp:attachment":[{"href":"https:\/\/tyden.dk\/sv\/wp-json\/wp\/v2\/media?parent=1058"}],"wp:term":[{"taxonomy":"product_brand","embeddable":true,"href":"https:\/\/tyden.dk\/sv\/wp-json\/wp\/v2\/product_brand?post=1058"},{"taxonomy":"product_cat","embeddable":true,"href":"https:\/\/tyden.dk\/sv\/wp-json\/wp\/v2\/product_cat?post=1058"},{"taxonomy":"product_tag","embeddable":true,"href":"https:\/\/tyden.dk\/sv\/wp-json\/wp\/v2\/product_tag?post=1058"}],"curies":[{"name":"wp","href":"https:\/\/api.w.org\/{rel}","templated":true}]}}