{"id":462,"date":"2025-06-04T14:27:48","date_gmt":"2025-06-04T13:27:48","guid":{"rendered":"https:\/\/darkorange-jay-383513.hostingersite.com\/?post_type=product&#038;p=462"},"modified":"2025-12-15T13:08:48","modified_gmt":"2025-12-15T12:08:48","slug":"tyden-metalltetninger","status":"publish","type":"product","link":"https:\/\/tyden.dk\/nb\/tyden-metalltetninger\/","title":{"rendered":"Tyden metallplomber"},"content":{"rendered":"<p>Forlengelsesb\u00e5nd er et alternativ - TYDEN TIE - ruller p\u00e5 30 meter.<\/p>\n<p>Skipsfarts- og transportbransjen har brukt Tyden Brammall of Scandinavia's tollplombe i metall - en godkjent tollplombe i metall - i mer enn hundre \u00e5r. Tyden Ball-plomben er verdens ledende tollplombe i metall og er utformet med dobbeltvirkende l\u00e5seringer, innkapslet i et manipuleringssikkert l\u00e5sehode. Tyden Brammall of Scandinavia's metallb\u00e5ndtollplombering kan utstyres med fargekoder, serienumre og andre sporings- og kontrollalternativer.<\/p>\n<p>Vi tilbyr en rekke alternativer for metallforsegling<\/p>\n<p>Ta kontakt med oss hvis det er en bestemt type du ikke finner.<\/p>\n<p>Vi sender deg gjerne uforpliktende tilbud og varepr\u00f8ver.<\/p>","protected":false},"excerpt":{"rendered":"<p>Tyden Metallplomber - Metallb\u00e5nd - Skattegodkjent - Tollplomber i metall for p\u00e5litelig, enkel montering og h\u00f8y sikkerhet. Vi har esker med 1000 stk. p\u00e5 lager, merket med SEALED og nummer for umiddelbar levering.<br \/>\nForlengelsesb\u00e5nd er et alternativ - TYDEN TIE - ruller p\u00e5 30 meter.<\/p>","protected":false},"featured_media":655,"comment_status":"open","ping_status":"closed","template":"","meta":[],"product_brand":[],"product_cat":[39,22],"product_tag":[],"class_list":{"0":"post-462","1":"product","2":"type-product","3":"status-publish","4":"has-post-thumbnail","6":"product_cat-lastbilplomber","7":"product_cat-metalplomber","9":"first","10":"instock","11":"shipping-taxable","12":"product-type-simple"},"yoast_head":"<!-- This site is optimized with the Yoast SEO plugin v27.1.1 - https:\/\/yoast.com\/product\/yoast-seo-wordpress\/ -->\n<title>Tyden Metalplomber - Tyden<\/title>\n<meta name=\"description\" content=\"\u200bShipping &amp; transport branchen har brugt Tyden Brammall of Scandinavias metaltoldplombe\" \/>\n<meta name=\"robots\" content=\"index, follow, max-snippet:-1, max-image-preview:large, max-video-preview:-1\" \/>\n<link rel=\"canonical\" href=\"https:\/\/tyden.dk\/nb\/tyden-metalltetninger\/\" \/>\n<meta property=\"og:locale\" content=\"nb_NO\" \/>\n<meta property=\"og:type\" content=\"article\" \/>\n<meta property=\"og:title\" content=\"Tyden Metalplomber - Tyden\" \/>\n<meta property=\"og:description\" content=\"\u200bShipping &amp; transport branchen har brugt Tyden Brammall of Scandinavias metaltoldplombe\" \/>\n<meta property=\"og:url\" content=\"https:\/\/tyden.dk\/nb\/tyden-metalltetninger\/\" \/>\n<meta property=\"og:site_name\" content=\"Tyden\" \/>\n<meta property=\"article:publisher\" content=\"https:\/\/www.facebook.com\/www.tyden.dk\/\" \/>\n<meta property=\"article:modified_time\" content=\"2025-12-15T12:08:48+00:00\" \/>\n<meta property=\"og:image\" content=\"https:\/\/tyden.dk\/wp-content\/uploads\/2025\/06\/tyden-metalplomber.png\" \/>\n\t<meta property=\"og:image:width\" content=\"1024\" \/>\n\t<meta property=\"og:image:height\" content=\"1024\" \/>\n\t<meta property=\"og:image:type\" content=\"image\/png\" \/>\n<meta name=\"twitter:card\" content=\"summary_large_image\" \/>\n<meta name=\"twitter:label1\" content=\"Ansl. lesetid\" \/>\n\t<meta name=\"twitter:data1\" content=\"1 minutt\" \/>\n<script type=\"application\/ld+json\" class=\"yoast-schema-graph\">{\"@context\":\"https:\/\/schema.org\",\"@graph\":[{\"@type\":\"WebPage\",\"@id\":\"https:\/\/tyden.dk\/nb\/tyden-metalltetninger\/\",\"url\":\"https:\/\/tyden.dk\/nb\/tyden-metalltetninger\/\",\"name\":\"Tyden Metalplomber - Tyden\",\"isPartOf\":{\"@id\":\"https:\/\/tyden.dk\/nb\/#website\"},\"primaryImageOfPage\":{\"@id\":\"https:\/\/tyden.dk\/nb\/tyden-metalltetninger\/#primaryimage\"},\"image\":{\"@id\":\"https:\/\/tyden.dk\/nb\/tyden-metalltetninger\/#primaryimage\"},\"thumbnailUrl\":\"https:\/\/tyden.dk\/wp-content\/uploads\/2025\/06\/tyden-metalplomber.png\",\"datePublished\":\"2025-06-04T13:27:48+00:00\",\"dateModified\":\"2025-12-15T12:08:48+00:00\",\"description\":\"\u200bShipping & transport branchen har brugt Tyden Brammall of Scandinavias metaltoldplombe\",\"breadcrumb\":{\"@id\":\"https:\/\/tyden.dk\/nb\/tyden-metalltetninger\/#breadcrumb\"},\"inLanguage\":\"nb-NO\",\"potentialAction\":[{\"@type\":\"ReadAction\",\"target\":[\"https:\/\/tyden.dk\/nb\/tyden-metalltetninger\/\"]}]},{\"@type\":\"ImageObject\",\"inLanguage\":\"nb-NO\",\"@id\":\"https:\/\/tyden.dk\/nb\/tyden-metalltetninger\/#primaryimage\",\"url\":\"https:\/\/tyden.dk\/wp-content\/uploads\/2025\/06\/tyden-metalplomber.png\",\"contentUrl\":\"https:\/\/tyden.dk\/wp-content\/uploads\/2025\/06\/tyden-metalplomber.png\",\"width\":1024,\"height\":1024},{\"@type\":\"BreadcrumbList\",\"@id\":\"https:\/\/tyden.dk\/nb\/tyden-metalltetninger\/#breadcrumb\",\"itemListElement\":[{\"@type\":\"ListItem\",\"position\":1,\"name\":\"Hjem\",\"item\":\"https:\/\/tyden.dk\/\"},{\"@type\":\"ListItem\",\"position\":2,\"name\":\"Varer\",\"item\":\"https:\/\/tyden.dk\/shop\/\"},{\"@type\":\"ListItem\",\"position\":3,\"name\":\"Tyden Metalplomber\"}]},{\"@type\":\"WebSite\",\"@id\":\"https:\/\/tyden.dk\/nb\/#website\",\"url\":\"https:\/\/tyden.dk\/nb\/\",\"name\":\"Tyden\",\"description\":\"\",\"publisher\":{\"@id\":\"https:\/\/tyden.dk\/nb\/#organization\"},\"potentialAction\":[{\"@type\":\"SearchAction\",\"target\":{\"@type\":\"EntryPoint\",\"urlTemplate\":\"https:\/\/tyden.dk\/nb\/?s={search_term_string}\"},\"query-input\":{\"@type\":\"PropertyValueSpecification\",\"valueRequired\":true,\"valueName\":\"search_term_string\"}}],\"inLanguage\":\"nb-NO\"},{\"@type\":\"Organization\",\"@id\":\"https:\/\/tyden.dk\/nb\/#organization\",\"name\":\"Tyden\",\"url\":\"https:\/\/tyden.dk\/nb\/\",\"logo\":{\"@type\":\"ImageObject\",\"inLanguage\":\"nb-NO\",\"@id\":\"https:\/\/tyden.dk\/nb\/#\/schema\/logo\/image\/\",\"url\":\"https:\/\/tyden.dk\/wp-content\/uploads\/2025\/05\/logo_3_2_4286.png\",\"contentUrl\":\"https:\/\/tyden.dk\/wp-content\/uploads\/2025\/05\/logo_3_2_4286.png\",\"width\":341,\"height\":80,\"caption\":\"Tyden\"},\"image\":{\"@id\":\"https:\/\/tyden.dk\/nb\/#\/schema\/logo\/image\/\"},\"sameAs\":[\"https:\/\/www.facebook.com\/www.tyden.dk\/\"]}]}<\/script>\n<!-- \/ Yoast SEO plugin. -->","yoast_head_json":{"title":"Tyden metallforseglinger - Tyden","description":"Skipsfarts- og transportbransjen har brukt Tyden Brammall of Scandinavias tollplomber i metall","robots":{"index":"index","follow":"follow","max-snippet":"max-snippet:-1","max-image-preview":"max-image-preview:large","max-video-preview":"max-video-preview:-1"},"canonical":"https:\/\/tyden.dk\/nb\/tyden-metalltetninger\/","og_locale":"nb_NO","og_type":"article","og_title":"Tyden Metalplomber - Tyden","og_description":"\u200bShipping & transport branchen har brugt Tyden Brammall of Scandinavias metaltoldplombe","og_url":"https:\/\/tyden.dk\/nb\/tyden-metalltetninger\/","og_site_name":"Tyden","article_publisher":"https:\/\/www.facebook.com\/www.tyden.dk\/","article_modified_time":"2025-12-15T12:08:48+00:00","og_image":[{"width":1024,"height":1024,"url":"https:\/\/tyden.dk\/wp-content\/uploads\/2025\/06\/tyden-metalplomber.png","type":"image\/png"}],"twitter_card":"summary_large_image","twitter_misc":{"Ansl. lesetid":"1 minutt"},"schema":{"@context":"https:\/\/schema.org","@graph":[{"@type":"WebPage","@id":"https:\/\/tyden.dk\/nb\/tyden-metalltetninger\/","url":"https:\/\/tyden.dk\/nb\/tyden-metalltetninger\/","name":"Tyden metallforseglinger - Tyden","isPartOf":{"@id":"https:\/\/tyden.dk\/nb\/#website"},"primaryImageOfPage":{"@id":"https:\/\/tyden.dk\/nb\/tyden-metalltetninger\/#primaryimage"},"image":{"@id":"https:\/\/tyden.dk\/nb\/tyden-metalltetninger\/#primaryimage"},"thumbnailUrl":"https:\/\/tyden.dk\/wp-content\/uploads\/2025\/06\/tyden-metalplomber.png","datePublished":"2025-06-04T13:27:48+00:00","dateModified":"2025-12-15T12:08:48+00:00","description":"Skipsfarts- og transportbransjen har brukt Tyden Brammall of Scandinavias tollplomber i metall","breadcrumb":{"@id":"https:\/\/tyden.dk\/nb\/tyden-metalltetninger\/#breadcrumb"},"inLanguage":"nb-NO","potentialAction":[{"@type":"ReadAction","target":["https:\/\/tyden.dk\/nb\/tyden-metalltetninger\/"]}]},{"@type":"ImageObject","inLanguage":"nb-NO","@id":"https:\/\/tyden.dk\/nb\/tyden-metalltetninger\/#primaryimage","url":"https:\/\/tyden.dk\/wp-content\/uploads\/2025\/06\/tyden-metalplomber.png","contentUrl":"https:\/\/tyden.dk\/wp-content\/uploads\/2025\/06\/tyden-metalplomber.png","width":1024,"height":1024},{"@type":"BreadcrumbList","@id":"https:\/\/tyden.dk\/nb\/tyden-metalltetninger\/#breadcrumb","itemListElement":[{"@type":"ListItem","position":1,"name":"Hjem","item":"https:\/\/tyden.dk\/"},{"@type":"ListItem","position":2,"name":"Varer","item":"https:\/\/tyden.dk\/shop\/"},{"@type":"ListItem","position":3,"name":"Tyden Metalplomber"}]},{"@type":"WebSite","@id":"https:\/\/tyden.dk\/nb\/#website","url":"https:\/\/tyden.dk\/nb\/","name":"Tyden","description":"","publisher":{"@id":"https:\/\/tyden.dk\/nb\/#organization"},"potentialAction":[{"@type":"SearchAction","target":{"@type":"EntryPoint","urlTemplate":"https:\/\/tyden.dk\/nb\/?s={search_term_string}"},"query-input":{"@type":"PropertyValueSpecification","valueRequired":true,"valueName":"search_term_string"}}],"inLanguage":"nb-NO"},{"@type":"Organization","@id":"https:\/\/tyden.dk\/nb\/#organization","name":"Tyden","url":"https:\/\/tyden.dk\/nb\/","logo":{"@type":"ImageObject","inLanguage":"nb-NO","@id":"https:\/\/tyden.dk\/nb\/#\/schema\/logo\/image\/","url":"https:\/\/tyden.dk\/wp-content\/uploads\/2025\/05\/logo_3_2_4286.png","contentUrl":"https:\/\/tyden.dk\/wp-content\/uploads\/2025\/05\/logo_3_2_4286.png","width":341,"height":80,"caption":"Tyden"},"image":{"@id":"https:\/\/tyden.dk\/nb\/#\/schema\/logo\/image\/"},"sameAs":["https:\/\/www.facebook.com\/www.tyden.dk\/"]}]}},"_links":{"self":[{"href":"https:\/\/tyden.dk\/nb\/wp-json\/wp\/v2\/product\/462","targetHints":{"allow":["GET"]}}],"collection":[{"href":"https:\/\/tyden.dk\/nb\/wp-json\/wp\/v2\/product"}],"about":[{"href":"https:\/\/tyden.dk\/nb\/wp-json\/wp\/v2\/types\/product"}],"replies":[{"embeddable":true,"href":"https:\/\/tyden.dk\/nb\/wp-json\/wp\/v2\/comments?post=462"}],"wp:featuredmedia":[{"embeddable":true,"href":"https:\/\/tyden.dk\/nb\/wp-json\/wp\/v2\/media\/655"}],"wp:attachment":[{"href":"https:\/\/tyden.dk\/nb\/wp-json\/wp\/v2\/media?parent=462"}],"wp:term":[{"taxonomy":"product_brand","embeddable":true,"href":"https:\/\/tyden.dk\/nb\/wp-json\/wp\/v2\/product_brand?post=462"},{"taxonomy":"product_cat","embeddable":true,"href":"https:\/\/tyden.dk\/nb\/wp-json\/wp\/v2\/product_cat?post=462"},{"taxonomy":"product_tag","embeddable":true,"href":"https:\/\/tyden.dk\/nb\/wp-json\/wp\/v2\/product_tag?post=462"}],"curies":[{"name":"wp","href":"https:\/\/api.w.org\/{rel}","templated":true}]}}