{"id":1576,"date":"2025-08-20T09:44:10","date_gmt":"2025-08-20T08:44:10","guid":{"rendered":"https:\/\/darkorange-jay-383513.hostingersite.com\/?post_type=product&#038;p=1576"},"modified":"2026-04-01T09:30:57","modified_gmt":"2026-04-01T08:30:57","slug":"mt-423-hss-h-bolt","status":"publish","type":"product","link":"https:\/\/tyden.dk\/nb\/mt-423-hss-h-bolt\/","title":{"rendered":"MT 423 HSS H BOLT"},"content":{"rendered":"<p>Laget av plastbelagt st\u00e5lbolt og l\u00e5sekropp.<\/p>\n<p>ISOPAS 17712-sertifikat er tilgjengelig. Vinger p\u00e5 bolten forhindrer at forseglingen manipuleres ved \u00e5 dreie p\u00e5 kroppen.<\/p>\n<p>ISO 17712 H\u00f8ysikkerhet - &gt;10 kilonewton \/ 1000 kg<\/p>","protected":false},"excerpt":{"rendered":"<p>Containerboltforsegling - MT 423 - Vi lagerf\u00f8rer gul og hvit - merket Secured og nummerert i esker med 100 stk.<\/p>\n<p>Tilgjengelig fra 1 stk. og oppover fra lager - Priseksempel - 10 stk. kr 199,- fritt levert eks mva. betaling via mobilepay 20871<\/p>\n<p>Dag-til-dag-levering.<\/p>\n<p>Skreddersydd - kontakt oss p\u00e5 kontakt@tyden.dk<\/p>\n<p>ISO 17712 H\u00f8ysikkerhet - &gt;10 kilonewton \/ 1000 kg<\/p>","protected":false},"featured_media":1663,"comment_status":"open","ping_status":"closed","template":"","meta":[],"product_brand":[],"product_cat":[40,39],"product_tag":[],"class_list":{"0":"post-1576","1":"product","2":"type-product","3":"status-publish","4":"has-post-thumbnail","6":"product_cat-containerplomber","7":"product_cat-lastbilplomber","9":"first","10":"instock","11":"shipping-taxable","12":"product-type-simple"},"yoast_head":"<!-- This site is optimized with the Yoast SEO plugin v27.1.1 - https:\/\/yoast.com\/product\/yoast-seo-wordpress\/ -->\n<title>MT 423 HSS H BOLT - Tyden<\/title>\n<meta name=\"robots\" content=\"index, follow, max-snippet:-1, max-image-preview:large, max-video-preview:-1\" \/>\n<link rel=\"canonical\" href=\"https:\/\/tyden.dk\/nb\/mt-423-hss-h-bolt\/\" \/>\n<meta property=\"og:locale\" content=\"nb_NO\" \/>\n<meta property=\"og:type\" content=\"article\" \/>\n<meta property=\"og:title\" content=\"MT 423 HSS H BOLT - Tyden\" \/>\n<meta property=\"og:description\" content=\"Container Bolt Plombe - MT 423 - Vi har p\u00e5 lager Gul og Hvid - m\u00e6rket Secured og nummer i kasser \u00e1 100 stk.  Kan k\u00f8bes fra 1 stk. og op fra lageret - Pris eksempel - 10 stk. dkk 199 frit leveret ex moms. betaling via mobilepay 20871  levering dag til dag.  Kundetilpasset - kontakt os p\u00e5 kontakt@tyden.dk  ISO 17712 High Security\u00a0 \u2013\u00a0 &gt;10 kilonewton \/ 1000 kg\" \/>\n<meta property=\"og:url\" content=\"https:\/\/tyden.dk\/nb\/mt-423-hss-h-bolt\/\" \/>\n<meta property=\"og:site_name\" content=\"Tyden\" \/>\n<meta property=\"article:publisher\" content=\"https:\/\/www.facebook.com\/www.tyden.dk\/\" \/>\n<meta property=\"article:modified_time\" content=\"2026-04-01T08:30:57+00:00\" \/>\n<meta property=\"og:image\" content=\"https:\/\/tyden.dk\/wp-content\/uploads\/2025\/08\/MT-423-ROeD-2.jpg\" \/>\n\t<meta property=\"og:image:width\" content=\"402\" \/>\n\t<meta property=\"og:image:height\" content=\"260\" \/>\n\t<meta property=\"og:image:type\" content=\"image\/jpeg\" \/>\n<meta name=\"twitter:card\" content=\"summary_large_image\" \/>\n<meta name=\"twitter:label1\" content=\"Ansl. lesetid\" \/>\n\t<meta name=\"twitter:data1\" content=\"1 minutt\" \/>\n<script type=\"application\/ld+json\" class=\"yoast-schema-graph\">{\"@context\":\"https:\/\/schema.org\",\"@graph\":[{\"@type\":\"WebPage\",\"@id\":\"https:\/\/tyden.dk\/nb\/mt-423-hss-h-bolt\/\",\"url\":\"https:\/\/tyden.dk\/nb\/mt-423-hss-h-bolt\/\",\"name\":\"MT 423 HSS H BOLT - Tyden\",\"isPartOf\":{\"@id\":\"https:\/\/tyden.dk\/nb\/#website\"},\"primaryImageOfPage\":{\"@id\":\"https:\/\/tyden.dk\/nb\/mt-423-hss-h-bolt\/#primaryimage\"},\"image\":{\"@id\":\"https:\/\/tyden.dk\/nb\/mt-423-hss-h-bolt\/#primaryimage\"},\"thumbnailUrl\":\"https:\/\/tyden.dk\/wp-content\/uploads\/2025\/08\/MT-423-ROeD-2.jpg\",\"datePublished\":\"2025-08-20T08:44:10+00:00\",\"dateModified\":\"2026-04-01T08:30:57+00:00\",\"breadcrumb\":{\"@id\":\"https:\/\/tyden.dk\/nb\/mt-423-hss-h-bolt\/#breadcrumb\"},\"inLanguage\":\"nb-NO\",\"potentialAction\":[{\"@type\":\"ReadAction\",\"target\":[\"https:\/\/tyden.dk\/nb\/mt-423-hss-h-bolt\/\"]}]},{\"@type\":\"ImageObject\",\"inLanguage\":\"nb-NO\",\"@id\":\"https:\/\/tyden.dk\/nb\/mt-423-hss-h-bolt\/#primaryimage\",\"url\":\"https:\/\/tyden.dk\/wp-content\/uploads\/2025\/08\/MT-423-ROeD-2.jpg\",\"contentUrl\":\"https:\/\/tyden.dk\/wp-content\/uploads\/2025\/08\/MT-423-ROeD-2.jpg\",\"width\":402,\"height\":260},{\"@type\":\"BreadcrumbList\",\"@id\":\"https:\/\/tyden.dk\/nb\/mt-423-hss-h-bolt\/#breadcrumb\",\"itemListElement\":[{\"@type\":\"ListItem\",\"position\":1,\"name\":\"Hjem\",\"item\":\"https:\/\/tyden.dk\/\"},{\"@type\":\"ListItem\",\"position\":2,\"name\":\"Varer\",\"item\":\"https:\/\/tyden.dk\/shop\/\"},{\"@type\":\"ListItem\",\"position\":3,\"name\":\"MT 423 HSS H BOLT\"}]},{\"@type\":\"WebSite\",\"@id\":\"https:\/\/tyden.dk\/nb\/#website\",\"url\":\"https:\/\/tyden.dk\/nb\/\",\"name\":\"Tyden\",\"description\":\"\",\"publisher\":{\"@id\":\"https:\/\/tyden.dk\/nb\/#organization\"},\"potentialAction\":[{\"@type\":\"SearchAction\",\"target\":{\"@type\":\"EntryPoint\",\"urlTemplate\":\"https:\/\/tyden.dk\/nb\/?s={search_term_string}\"},\"query-input\":{\"@type\":\"PropertyValueSpecification\",\"valueRequired\":true,\"valueName\":\"search_term_string\"}}],\"inLanguage\":\"nb-NO\"},{\"@type\":\"Organization\",\"@id\":\"https:\/\/tyden.dk\/nb\/#organization\",\"name\":\"Tyden\",\"url\":\"https:\/\/tyden.dk\/nb\/\",\"logo\":{\"@type\":\"ImageObject\",\"inLanguage\":\"nb-NO\",\"@id\":\"https:\/\/tyden.dk\/nb\/#\/schema\/logo\/image\/\",\"url\":\"https:\/\/tyden.dk\/wp-content\/uploads\/2025\/05\/logo_3_2_4286.png\",\"contentUrl\":\"https:\/\/tyden.dk\/wp-content\/uploads\/2025\/05\/logo_3_2_4286.png\",\"width\":341,\"height\":80,\"caption\":\"Tyden\"},\"image\":{\"@id\":\"https:\/\/tyden.dk\/nb\/#\/schema\/logo\/image\/\"},\"sameAs\":[\"https:\/\/www.facebook.com\/www.tyden.dk\/\"]}]}<\/script>\n<!-- \/ Yoast SEO plugin. -->","yoast_head_json":{"title":"MT 423 HSS H BOLT - Tyden","robots":{"index":"index","follow":"follow","max-snippet":"max-snippet:-1","max-image-preview":"max-image-preview:large","max-video-preview":"max-video-preview:-1"},"canonical":"https:\/\/tyden.dk\/nb\/mt-423-hss-h-bolt\/","og_locale":"nb_NO","og_type":"article","og_title":"MT 423 HSS H BOLT - Tyden","og_description":"Container Bolt Plombe - MT 423 - Vi har p\u00e5 lager Gul og Hvid - m\u00e6rket Secured og nummer i kasser \u00e1 100 stk.  Kan k\u00f8bes fra 1 stk. og op fra lageret - Pris eksempel - 10 stk. dkk 199 frit leveret ex moms. betaling via mobilepay 20871  levering dag til dag.  Kundetilpasset - kontakt os p\u00e5 kontakt@tyden.dk  ISO 17712 High Security\u00a0 \u2013\u00a0 &gt;10 kilonewton \/ 1000 kg","og_url":"https:\/\/tyden.dk\/nb\/mt-423-hss-h-bolt\/","og_site_name":"Tyden","article_publisher":"https:\/\/www.facebook.com\/www.tyden.dk\/","article_modified_time":"2026-04-01T08:30:57+00:00","og_image":[{"width":402,"height":260,"url":"https:\/\/tyden.dk\/wp-content\/uploads\/2025\/08\/MT-423-ROeD-2.jpg","type":"image\/jpeg"}],"twitter_card":"summary_large_image","twitter_misc":{"Ansl. lesetid":"1 minutt"},"schema":{"@context":"https:\/\/schema.org","@graph":[{"@type":"WebPage","@id":"https:\/\/tyden.dk\/nb\/mt-423-hss-h-bolt\/","url":"https:\/\/tyden.dk\/nb\/mt-423-hss-h-bolt\/","name":"MT 423 HSS H BOLT - Tyden","isPartOf":{"@id":"https:\/\/tyden.dk\/nb\/#website"},"primaryImageOfPage":{"@id":"https:\/\/tyden.dk\/nb\/mt-423-hss-h-bolt\/#primaryimage"},"image":{"@id":"https:\/\/tyden.dk\/nb\/mt-423-hss-h-bolt\/#primaryimage"},"thumbnailUrl":"https:\/\/tyden.dk\/wp-content\/uploads\/2025\/08\/MT-423-ROeD-2.jpg","datePublished":"2025-08-20T08:44:10+00:00","dateModified":"2026-04-01T08:30:57+00:00","breadcrumb":{"@id":"https:\/\/tyden.dk\/nb\/mt-423-hss-h-bolt\/#breadcrumb"},"inLanguage":"nb-NO","potentialAction":[{"@type":"ReadAction","target":["https:\/\/tyden.dk\/nb\/mt-423-hss-h-bolt\/"]}]},{"@type":"ImageObject","inLanguage":"nb-NO","@id":"https:\/\/tyden.dk\/nb\/mt-423-hss-h-bolt\/#primaryimage","url":"https:\/\/tyden.dk\/wp-content\/uploads\/2025\/08\/MT-423-ROeD-2.jpg","contentUrl":"https:\/\/tyden.dk\/wp-content\/uploads\/2025\/08\/MT-423-ROeD-2.jpg","width":402,"height":260},{"@type":"BreadcrumbList","@id":"https:\/\/tyden.dk\/nb\/mt-423-hss-h-bolt\/#breadcrumb","itemListElement":[{"@type":"ListItem","position":1,"name":"Hjem","item":"https:\/\/tyden.dk\/"},{"@type":"ListItem","position":2,"name":"Varer","item":"https:\/\/tyden.dk\/shop\/"},{"@type":"ListItem","position":3,"name":"MT 423 HSS H BOLT"}]},{"@type":"WebSite","@id":"https:\/\/tyden.dk\/nb\/#website","url":"https:\/\/tyden.dk\/nb\/","name":"Tyden","description":"","publisher":{"@id":"https:\/\/tyden.dk\/nb\/#organization"},"potentialAction":[{"@type":"SearchAction","target":{"@type":"EntryPoint","urlTemplate":"https:\/\/tyden.dk\/nb\/?s={search_term_string}"},"query-input":{"@type":"PropertyValueSpecification","valueRequired":true,"valueName":"search_term_string"}}],"inLanguage":"nb-NO"},{"@type":"Organization","@id":"https:\/\/tyden.dk\/nb\/#organization","name":"Tyden","url":"https:\/\/tyden.dk\/nb\/","logo":{"@type":"ImageObject","inLanguage":"nb-NO","@id":"https:\/\/tyden.dk\/nb\/#\/schema\/logo\/image\/","url":"https:\/\/tyden.dk\/wp-content\/uploads\/2025\/05\/logo_3_2_4286.png","contentUrl":"https:\/\/tyden.dk\/wp-content\/uploads\/2025\/05\/logo_3_2_4286.png","width":341,"height":80,"caption":"Tyden"},"image":{"@id":"https:\/\/tyden.dk\/nb\/#\/schema\/logo\/image\/"},"sameAs":["https:\/\/www.facebook.com\/www.tyden.dk\/"]}]}},"_links":{"self":[{"href":"https:\/\/tyden.dk\/nb\/wp-json\/wp\/v2\/product\/1576","targetHints":{"allow":["GET"]}}],"collection":[{"href":"https:\/\/tyden.dk\/nb\/wp-json\/wp\/v2\/product"}],"about":[{"href":"https:\/\/tyden.dk\/nb\/wp-json\/wp\/v2\/types\/product"}],"replies":[{"embeddable":true,"href":"https:\/\/tyden.dk\/nb\/wp-json\/wp\/v2\/comments?post=1576"}],"wp:featuredmedia":[{"embeddable":true,"href":"https:\/\/tyden.dk\/nb\/wp-json\/wp\/v2\/media\/1663"}],"wp:attachment":[{"href":"https:\/\/tyden.dk\/nb\/wp-json\/wp\/v2\/media?parent=1576"}],"wp:term":[{"taxonomy":"product_brand","embeddable":true,"href":"https:\/\/tyden.dk\/nb\/wp-json\/wp\/v2\/product_brand?post=1576"},{"taxonomy":"product_cat","embeddable":true,"href":"https:\/\/tyden.dk\/nb\/wp-json\/wp\/v2\/product_cat?post=1576"},{"taxonomy":"product_tag","embeddable":true,"href":"https:\/\/tyden.dk\/nb\/wp-json\/wp\/v2\/product_tag?post=1576"}],"curies":[{"name":"wp","href":"https:\/\/api.w.org\/{rel}","templated":true}]}}