{"id":1491,"date":"2025-06-13T15:40:40","date_gmt":"2025-06-13T14:40:40","guid":{"rendered":"https:\/\/darkorange-jay-383513.hostingersite.com\/?post_type=product&#038;p=1491"},"modified":"2025-11-26T14:52:15","modified_gmt":"2025-11-26T13:52:15","slug":"blanke-papirarmbaand","status":"publish","type":"product","link":"https:\/\/tyden.dk\/nb\/blanke-papirarmbaand\/","title":{"rendered":"Blanke tyvek-armb\u00e5nd av papir"},"content":{"rendered":"<p>Trenger du festivalarmb\u00e5nd - blanke fra lager? Vi kan sende, eller de kan hentes p\u00e5 din adresse etter avtale. Tilbud - f.eks. 10 000 stk = blanke papirarmb\u00e5nd for DKK 4250,00 gratis levering inkl. mva. Farger som vi har p\u00e5 lager - og tilbudene gjelder s\u00e5 lenge lageret rekker. Skriv eller ring for mer info - (farger kan ogs\u00e5 blandes fra de fargene vi har til denne tilbudsprisen) (mindre kvanta selges selvf\u00f8lgelig ogs\u00e5 - 1000 stk. koster 750,00 fritt levert inkl. mva. )<\/p>\n<p>Betaling f\u00f8r utsendelse til enten mobile pay 2 0 8 7 1 eller dansk bankoverf\u00f8ring i henhold til faktura.<\/p>\n<p>Vi selger fra 1 armb\u00e5nd og oppover - s\u00e5 lenge det finnes emner p\u00e5 lager - ring 24 21 34 40 for mer info.<\/p>\n<p>Ingen minimumsantall n\u00e5r du bestiller disse PAPIR-armb\u00e5ndene - bortsett fra tilbudet ovenfor - som er 10 esker med 1000 stykker eller 1 eske med 1000 stykker.<\/p>","protected":false},"excerpt":{"rendered":"<p>Mange farger i TYVEK papirarmb\u00e5nd - alle med fortl\u00f8pende nummer. Vi har p\u00e5 LAGER for umiddelbar utsendelse.<\/p>\n<p>Priseksempel: 1000 stk. koster 750,00 gratis levering inkl. mva. Mobilepay til 20871 f\u00f8r utsendelse eller henting p\u00e5 v\u00e5r adresse<\/p>\n<p>Kontakt oss for et tilbud p\u00e5 kontakt@tyden.dk eller ring 24213440<\/p>","protected":false},"featured_media":1795,"comment_status":"open","ping_status":"closed","template":"","meta":[],"product_brand":[],"product_cat":[49,48,51],"product_tag":[],"class_list":{"0":"post-1491","1":"product","2":"type-product","3":"status-publish","4":"has-post-thumbnail","6":"product_cat-adgangsarmbaand","7":"product_cat-festivalarmbaand","8":"product_cat-hospitalsarmbaand","10":"first","11":"instock","12":"shipping-taxable","13":"product-type-simple"},"yoast_head":"<!-- This site is optimized with the Yoast SEO plugin v27.1.1 - https:\/\/yoast.com\/product\/yoast-seo-wordpress\/ -->\n<title>Papir blanke tyvek armb\u00e5nd - Tyden<\/title>\n<meta name=\"robots\" content=\"index, follow, max-snippet:-1, max-image-preview:large, max-video-preview:-1\" \/>\n<link rel=\"canonical\" href=\"https:\/\/tyden.dk\/nb\/blanke-papirarmbaand\/\" \/>\n<meta property=\"og:locale\" content=\"nb_NO\" \/>\n<meta property=\"og:type\" content=\"article\" \/>\n<meta property=\"og:title\" content=\"Papir blanke tyvek armb\u00e5nd - Tyden\" \/>\n<meta property=\"og:description\" content=\"Mange farver i TYVEK papir armb\u00e5nd - alle med fortl\u00f8bende nummer. Vi har p\u00e5 LAGER til omg\u00e5ende afsendelse.  Priseksempel :\u00a0 1000 stk. koster 750,00 frit leveret inkl. moms. Mobilepay til 20871 f\u00f8r afsendelse eller afhentning p\u00e5 vores adresse  Kontakt os for et tilbud p\u00e5 kontakt@tyden.dk eller ring p\u00e5 24213440\" \/>\n<meta property=\"og:url\" content=\"https:\/\/tyden.dk\/nb\/blanke-papirarmbaand\/\" \/>\n<meta property=\"og:site_name\" content=\"Tyden\" \/>\n<meta property=\"article:publisher\" content=\"https:\/\/www.facebook.com\/www.tyden.dk\/\" \/>\n<meta property=\"article:modified_time\" content=\"2025-11-26T13:52:15+00:00\" \/>\n<meta property=\"og:image\" content=\"https:\/\/tyden.dk\/wp-content\/uploads\/2025\/06\/TYVEK-papir-forskellige-faver.jpg\" \/>\n\t<meta property=\"og:image:width\" content=\"2528\" \/>\n\t<meta property=\"og:image:height\" content=\"1896\" \/>\n\t<meta property=\"og:image:type\" content=\"image\/jpeg\" \/>\n<meta name=\"twitter:card\" content=\"summary_large_image\" \/>\n<meta name=\"twitter:label1\" content=\"Ansl. lesetid\" \/>\n\t<meta name=\"twitter:data1\" content=\"2 minutter\" \/>\n<script type=\"application\/ld+json\" class=\"yoast-schema-graph\">{\"@context\":\"https:\/\/schema.org\",\"@graph\":[{\"@type\":\"WebPage\",\"@id\":\"https:\/\/tyden.dk\/nb\/blanke-papirarmbaand\/\",\"url\":\"https:\/\/tyden.dk\/nb\/blanke-papirarmbaand\/\",\"name\":\"Papir blanke tyvek armb\u00e5nd - Tyden\",\"isPartOf\":{\"@id\":\"https:\/\/tyden.dk\/nb\/#website\"},\"primaryImageOfPage\":{\"@id\":\"https:\/\/tyden.dk\/nb\/blanke-papirarmbaand\/#primaryimage\"},\"image\":{\"@id\":\"https:\/\/tyden.dk\/nb\/blanke-papirarmbaand\/#primaryimage\"},\"thumbnailUrl\":\"https:\/\/tyden.dk\/wp-content\/uploads\/2025\/06\/TYVEK-papir-forskellige-faver.jpg\",\"datePublished\":\"2025-06-13T14:40:40+00:00\",\"dateModified\":\"2025-11-26T13:52:15+00:00\",\"breadcrumb\":{\"@id\":\"https:\/\/tyden.dk\/nb\/blanke-papirarmbaand\/#breadcrumb\"},\"inLanguage\":\"nb-NO\",\"potentialAction\":[{\"@type\":\"ReadAction\",\"target\":[\"https:\/\/tyden.dk\/nb\/blanke-papirarmbaand\/\"]}]},{\"@type\":\"ImageObject\",\"inLanguage\":\"nb-NO\",\"@id\":\"https:\/\/tyden.dk\/nb\/blanke-papirarmbaand\/#primaryimage\",\"url\":\"https:\/\/tyden.dk\/wp-content\/uploads\/2025\/06\/TYVEK-papir-forskellige-faver.jpg\",\"contentUrl\":\"https:\/\/tyden.dk\/wp-content\/uploads\/2025\/06\/TYVEK-papir-forskellige-faver.jpg\",\"width\":2528,\"height\":1896},{\"@type\":\"BreadcrumbList\",\"@id\":\"https:\/\/tyden.dk\/nb\/blanke-papirarmbaand\/#breadcrumb\",\"itemListElement\":[{\"@type\":\"ListItem\",\"position\":1,\"name\":\"Hjem\",\"item\":\"https:\/\/tyden.dk\/\"},{\"@type\":\"ListItem\",\"position\":2,\"name\":\"Varer\",\"item\":\"https:\/\/tyden.dk\/shop\/\"},{\"@type\":\"ListItem\",\"position\":3,\"name\":\"Papir blanke tyvek armb\u00e5nd\"}]},{\"@type\":\"WebSite\",\"@id\":\"https:\/\/tyden.dk\/nb\/#website\",\"url\":\"https:\/\/tyden.dk\/nb\/\",\"name\":\"Tyden\",\"description\":\"\",\"publisher\":{\"@id\":\"https:\/\/tyden.dk\/nb\/#organization\"},\"potentialAction\":[{\"@type\":\"SearchAction\",\"target\":{\"@type\":\"EntryPoint\",\"urlTemplate\":\"https:\/\/tyden.dk\/nb\/?s={search_term_string}\"},\"query-input\":{\"@type\":\"PropertyValueSpecification\",\"valueRequired\":true,\"valueName\":\"search_term_string\"}}],\"inLanguage\":\"nb-NO\"},{\"@type\":\"Organization\",\"@id\":\"https:\/\/tyden.dk\/nb\/#organization\",\"name\":\"Tyden\",\"url\":\"https:\/\/tyden.dk\/nb\/\",\"logo\":{\"@type\":\"ImageObject\",\"inLanguage\":\"nb-NO\",\"@id\":\"https:\/\/tyden.dk\/nb\/#\/schema\/logo\/image\/\",\"url\":\"https:\/\/tyden.dk\/wp-content\/uploads\/2025\/05\/logo_3_2_4286.png\",\"contentUrl\":\"https:\/\/tyden.dk\/wp-content\/uploads\/2025\/05\/logo_3_2_4286.png\",\"width\":341,\"height\":80,\"caption\":\"Tyden\"},\"image\":{\"@id\":\"https:\/\/tyden.dk\/nb\/#\/schema\/logo\/image\/\"},\"sameAs\":[\"https:\/\/www.facebook.com\/www.tyden.dk\/\"]}]}<\/script>\n<!-- \/ Yoast SEO plugin. -->","yoast_head_json":{"title":"Blanke tyvek-armb\u00e5nd i papir - Tyden","robots":{"index":"index","follow":"follow","max-snippet":"max-snippet:-1","max-image-preview":"max-image-preview:large","max-video-preview":"max-video-preview:-1"},"canonical":"https:\/\/tyden.dk\/nb\/blanke-papirarmbaand\/","og_locale":"nb_NO","og_type":"article","og_title":"Papir blanke tyvek armb\u00e5nd - Tyden","og_description":"Mange farver i TYVEK papir armb\u00e5nd - alle med fortl\u00f8bende nummer. Vi har p\u00e5 LAGER til omg\u00e5ende afsendelse.  Priseksempel :\u00a0 1000 stk. koster 750,00 frit leveret inkl. moms. Mobilepay til 20871 f\u00f8r afsendelse eller afhentning p\u00e5 vores adresse  Kontakt os for et tilbud p\u00e5 kontakt@tyden.dk eller ring p\u00e5 24213440","og_url":"https:\/\/tyden.dk\/nb\/blanke-papirarmbaand\/","og_site_name":"Tyden","article_publisher":"https:\/\/www.facebook.com\/www.tyden.dk\/","article_modified_time":"2025-11-26T13:52:15+00:00","og_image":[{"width":2528,"height":1896,"url":"https:\/\/tyden.dk\/wp-content\/uploads\/2025\/06\/TYVEK-papir-forskellige-faver.jpg","type":"image\/jpeg"}],"twitter_card":"summary_large_image","twitter_misc":{"Ansl. lesetid":"2 minutter"},"schema":{"@context":"https:\/\/schema.org","@graph":[{"@type":"WebPage","@id":"https:\/\/tyden.dk\/nb\/blanke-papirarmbaand\/","url":"https:\/\/tyden.dk\/nb\/blanke-papirarmbaand\/","name":"Blanke tyvek-armb\u00e5nd i papir - Tyden","isPartOf":{"@id":"https:\/\/tyden.dk\/nb\/#website"},"primaryImageOfPage":{"@id":"https:\/\/tyden.dk\/nb\/blanke-papirarmbaand\/#primaryimage"},"image":{"@id":"https:\/\/tyden.dk\/nb\/blanke-papirarmbaand\/#primaryimage"},"thumbnailUrl":"https:\/\/tyden.dk\/wp-content\/uploads\/2025\/06\/TYVEK-papir-forskellige-faver.jpg","datePublished":"2025-06-13T14:40:40+00:00","dateModified":"2025-11-26T13:52:15+00:00","breadcrumb":{"@id":"https:\/\/tyden.dk\/nb\/blanke-papirarmbaand\/#breadcrumb"},"inLanguage":"nb-NO","potentialAction":[{"@type":"ReadAction","target":["https:\/\/tyden.dk\/nb\/blanke-papirarmbaand\/"]}]},{"@type":"ImageObject","inLanguage":"nb-NO","@id":"https:\/\/tyden.dk\/nb\/blanke-papirarmbaand\/#primaryimage","url":"https:\/\/tyden.dk\/wp-content\/uploads\/2025\/06\/TYVEK-papir-forskellige-faver.jpg","contentUrl":"https:\/\/tyden.dk\/wp-content\/uploads\/2025\/06\/TYVEK-papir-forskellige-faver.jpg","width":2528,"height":1896},{"@type":"BreadcrumbList","@id":"https:\/\/tyden.dk\/nb\/blanke-papirarmbaand\/#breadcrumb","itemListElement":[{"@type":"ListItem","position":1,"name":"Hjem","item":"https:\/\/tyden.dk\/"},{"@type":"ListItem","position":2,"name":"Varer","item":"https:\/\/tyden.dk\/shop\/"},{"@type":"ListItem","position":3,"name":"Papir blanke tyvek armb\u00e5nd"}]},{"@type":"WebSite","@id":"https:\/\/tyden.dk\/nb\/#website","url":"https:\/\/tyden.dk\/nb\/","name":"Tyden","description":"","publisher":{"@id":"https:\/\/tyden.dk\/nb\/#organization"},"potentialAction":[{"@type":"SearchAction","target":{"@type":"EntryPoint","urlTemplate":"https:\/\/tyden.dk\/nb\/?s={search_term_string}"},"query-input":{"@type":"PropertyValueSpecification","valueRequired":true,"valueName":"search_term_string"}}],"inLanguage":"nb-NO"},{"@type":"Organization","@id":"https:\/\/tyden.dk\/nb\/#organization","name":"Tyden","url":"https:\/\/tyden.dk\/nb\/","logo":{"@type":"ImageObject","inLanguage":"nb-NO","@id":"https:\/\/tyden.dk\/nb\/#\/schema\/logo\/image\/","url":"https:\/\/tyden.dk\/wp-content\/uploads\/2025\/05\/logo_3_2_4286.png","contentUrl":"https:\/\/tyden.dk\/wp-content\/uploads\/2025\/05\/logo_3_2_4286.png","width":341,"height":80,"caption":"Tyden"},"image":{"@id":"https:\/\/tyden.dk\/nb\/#\/schema\/logo\/image\/"},"sameAs":["https:\/\/www.facebook.com\/www.tyden.dk\/"]}]}},"_links":{"self":[{"href":"https:\/\/tyden.dk\/nb\/wp-json\/wp\/v2\/product\/1491","targetHints":{"allow":["GET"]}}],"collection":[{"href":"https:\/\/tyden.dk\/nb\/wp-json\/wp\/v2\/product"}],"about":[{"href":"https:\/\/tyden.dk\/nb\/wp-json\/wp\/v2\/types\/product"}],"replies":[{"embeddable":true,"href":"https:\/\/tyden.dk\/nb\/wp-json\/wp\/v2\/comments?post=1491"}],"wp:featuredmedia":[{"embeddable":true,"href":"https:\/\/tyden.dk\/nb\/wp-json\/wp\/v2\/media\/1795"}],"wp:attachment":[{"href":"https:\/\/tyden.dk\/nb\/wp-json\/wp\/v2\/media?parent=1491"}],"wp:term":[{"taxonomy":"product_brand","embeddable":true,"href":"https:\/\/tyden.dk\/nb\/wp-json\/wp\/v2\/product_brand?post=1491"},{"taxonomy":"product_cat","embeddable":true,"href":"https:\/\/tyden.dk\/nb\/wp-json\/wp\/v2\/product_cat?post=1491"},{"taxonomy":"product_tag","embeddable":true,"href":"https:\/\/tyden.dk\/nb\/wp-json\/wp\/v2\/product_tag?post=1491"}],"curies":[{"name":"wp","href":"https:\/\/api.w.org\/{rel}","templated":true}]}}