{"id":1404,"date":"2025-06-13T14:07:18","date_gmt":"2025-06-13T13:07:18","guid":{"rendered":"https:\/\/darkorange-jay-383513.hostingersite.com\/?post_type=product&#038;p=1404"},"modified":"2026-04-01T09:33:47","modified_gmt":"2026-04-01T08:33:47","slug":"snaptracker-bolttetning","status":"publish","type":"product","link":"https:\/\/tyden.dk\/nb\/snaptracker-bolttetning\/","title":{"rendered":"SNAPTRACKER BOLTTETNING"},"content":{"rendered":"<p>OPPFYLLER KRAVENE I ISO17712<\/p>\n<p class=\"font_8 wixui-rich-text__text\">ISO 17712 H\u00f8ysikkerhet og C-TPAT - &gt;13 kilonewton \/ 1360 kg<\/p>","protected":false},"excerpt":{"rendered":"<p>Snaptracker Bolt HSS H boltetetninger er p\u00e5 lager i esker med 200 stk. for tiden gule - merket med Sealed og nummer - de kan kj\u00f8pes fra 1 stk. og oppover fra lager<\/p>\n<p>Skreddersydd - kontakt oss p\u00e5 kontakt@tyden.dk<\/p>\n<p>ISO 17712 H\u00f8ysikkerhet og C-TPAT - &gt;13 kilonewton \/ 1360 kg<\/p>","protected":false},"featured_media":1407,"comment_status":"open","ping_status":"closed","template":"","meta":[],"product_brand":[],"product_cat":[40,39],"product_tag":[],"class_list":{"0":"post-1404","1":"product","2":"type-product","3":"status-publish","4":"has-post-thumbnail","6":"product_cat-containerplomber","7":"product_cat-lastbilplomber","9":"first","10":"instock","11":"shipping-taxable","12":"product-type-simple"},"yoast_head":"<!-- This site is optimized with the Yoast SEO plugin v27.1.1 - https:\/\/yoast.com\/product\/yoast-seo-wordpress\/ -->\n<title>SNAPTRACKER BOLT PLOMBE - Tyden<\/title>\n<meta name=\"robots\" content=\"index, follow, max-snippet:-1, max-image-preview:large, max-video-preview:-1\" \/>\n<link rel=\"canonical\" href=\"https:\/\/tyden.dk\/nb\/snaptracker-bolttetning\/\" \/>\n<meta property=\"og:locale\" content=\"nb_NO\" \/>\n<meta property=\"og:type\" content=\"article\" \/>\n<meta property=\"og:title\" content=\"SNAPTRACKER BOLT PLOMBE - Tyden\" \/>\n<meta property=\"og:description\" content=\"Snaptracker Bolt HSS H bolt plomber har vi p\u00e5 lager i kasser \u00e1 200 stk. p.t\u00a0 gule - m\u00e6rket med Sealed og nummer - de kan k\u00f8bes fra 1 stk. og op fra lager  Kundetilpasset - kontakt os p\u00e5 kontakt@tyden.dk  ISO 17712 High Security &amp; C-TPAT - &gt;13 kilonewton \/ 1360 kg\" \/>\n<meta property=\"og:url\" content=\"https:\/\/tyden.dk\/nb\/snaptracker-bolttetning\/\" \/>\n<meta property=\"og:site_name\" content=\"Tyden\" \/>\n<meta property=\"article:publisher\" content=\"https:\/\/www.facebook.com\/www.tyden.dk\/\" \/>\n<meta property=\"article:modified_time\" content=\"2026-04-01T08:33:47+00:00\" \/>\n<meta property=\"og:image\" content=\"https:\/\/tyden.dk\/wp-content\/uploads\/2025\/06\/img_1942_63-e1749820030500.jpg\" \/>\n\t<meta property=\"og:image:width\" content=\"250\" \/>\n\t<meta property=\"og:image:height\" content=\"254\" \/>\n\t<meta property=\"og:image:type\" content=\"image\/jpeg\" \/>\n<meta name=\"twitter:card\" content=\"summary_large_image\" \/>\n<meta name=\"twitter:label1\" content=\"Ansl. lesetid\" \/>\n\t<meta name=\"twitter:data1\" content=\"1 minutt\" \/>\n<script type=\"application\/ld+json\" class=\"yoast-schema-graph\">{\"@context\":\"https:\/\/schema.org\",\"@graph\":[{\"@type\":\"WebPage\",\"@id\":\"https:\/\/tyden.dk\/nb\/snaptracker-bolttetning\/\",\"url\":\"https:\/\/tyden.dk\/nb\/snaptracker-bolttetning\/\",\"name\":\"SNAPTRACKER BOLT PLOMBE - Tyden\",\"isPartOf\":{\"@id\":\"https:\/\/tyden.dk\/nb\/#website\"},\"primaryImageOfPage\":{\"@id\":\"https:\/\/tyden.dk\/nb\/snaptracker-bolttetning\/#primaryimage\"},\"image\":{\"@id\":\"https:\/\/tyden.dk\/nb\/snaptracker-bolttetning\/#primaryimage\"},\"thumbnailUrl\":\"https:\/\/tyden.dk\/wp-content\/uploads\/2025\/06\/img_1942_63-e1749820030500.jpg\",\"datePublished\":\"2025-06-13T13:07:18+00:00\",\"dateModified\":\"2026-04-01T08:33:47+00:00\",\"breadcrumb\":{\"@id\":\"https:\/\/tyden.dk\/nb\/snaptracker-bolttetning\/#breadcrumb\"},\"inLanguage\":\"nb-NO\",\"potentialAction\":[{\"@type\":\"ReadAction\",\"target\":[\"https:\/\/tyden.dk\/nb\/snaptracker-bolttetning\/\"]}]},{\"@type\":\"ImageObject\",\"inLanguage\":\"nb-NO\",\"@id\":\"https:\/\/tyden.dk\/nb\/snaptracker-bolttetning\/#primaryimage\",\"url\":\"https:\/\/tyden.dk\/wp-content\/uploads\/2025\/06\/img_1942_63-e1749820030500.jpg\",\"contentUrl\":\"https:\/\/tyden.dk\/wp-content\/uploads\/2025\/06\/img_1942_63-e1749820030500.jpg\",\"width\":250,\"height\":254},{\"@type\":\"BreadcrumbList\",\"@id\":\"https:\/\/tyden.dk\/nb\/snaptracker-bolttetning\/#breadcrumb\",\"itemListElement\":[{\"@type\":\"ListItem\",\"position\":1,\"name\":\"Hjem\",\"item\":\"https:\/\/tyden.dk\/\"},{\"@type\":\"ListItem\",\"position\":2,\"name\":\"Varer\",\"item\":\"https:\/\/tyden.dk\/shop\/\"},{\"@type\":\"ListItem\",\"position\":3,\"name\":\"SNAPTRACKER BOLT PLOMBE\"}]},{\"@type\":\"WebSite\",\"@id\":\"https:\/\/tyden.dk\/nb\/#website\",\"url\":\"https:\/\/tyden.dk\/nb\/\",\"name\":\"Tyden\",\"description\":\"\",\"publisher\":{\"@id\":\"https:\/\/tyden.dk\/nb\/#organization\"},\"potentialAction\":[{\"@type\":\"SearchAction\",\"target\":{\"@type\":\"EntryPoint\",\"urlTemplate\":\"https:\/\/tyden.dk\/nb\/?s={search_term_string}\"},\"query-input\":{\"@type\":\"PropertyValueSpecification\",\"valueRequired\":true,\"valueName\":\"search_term_string\"}}],\"inLanguage\":\"nb-NO\"},{\"@type\":\"Organization\",\"@id\":\"https:\/\/tyden.dk\/nb\/#organization\",\"name\":\"Tyden\",\"url\":\"https:\/\/tyden.dk\/nb\/\",\"logo\":{\"@type\":\"ImageObject\",\"inLanguage\":\"nb-NO\",\"@id\":\"https:\/\/tyden.dk\/nb\/#\/schema\/logo\/image\/\",\"url\":\"https:\/\/tyden.dk\/wp-content\/uploads\/2025\/05\/logo_3_2_4286.png\",\"contentUrl\":\"https:\/\/tyden.dk\/wp-content\/uploads\/2025\/05\/logo_3_2_4286.png\",\"width\":341,\"height\":80,\"caption\":\"Tyden\"},\"image\":{\"@id\":\"https:\/\/tyden.dk\/nb\/#\/schema\/logo\/image\/\"},\"sameAs\":[\"https:\/\/www.facebook.com\/www.tyden.dk\/\"]}]}<\/script>\n<!-- \/ Yoast SEO plugin. -->","yoast_head_json":{"title":"SNAPTRACKER BOLT PLUMBE - Tyden","robots":{"index":"index","follow":"follow","max-snippet":"max-snippet:-1","max-image-preview":"max-image-preview:large","max-video-preview":"max-video-preview:-1"},"canonical":"https:\/\/tyden.dk\/nb\/snaptracker-bolttetning\/","og_locale":"nb_NO","og_type":"article","og_title":"SNAPTRACKER BOLT PLOMBE - Tyden","og_description":"Snaptracker Bolt HSS H bolt plomber har vi p\u00e5 lager i kasser \u00e1 200 stk. p.t\u00a0 gule - m\u00e6rket med Sealed og nummer - de kan k\u00f8bes fra 1 stk. og op fra lager  Kundetilpasset - kontakt os p\u00e5 kontakt@tyden.dk  ISO 17712 High Security &amp; C-TPAT - &gt;13 kilonewton \/ 1360 kg","og_url":"https:\/\/tyden.dk\/nb\/snaptracker-bolttetning\/","og_site_name":"Tyden","article_publisher":"https:\/\/www.facebook.com\/www.tyden.dk\/","article_modified_time":"2026-04-01T08:33:47+00:00","og_image":[{"width":250,"height":254,"url":"https:\/\/tyden.dk\/wp-content\/uploads\/2025\/06\/img_1942_63-e1749820030500.jpg","type":"image\/jpeg"}],"twitter_card":"summary_large_image","twitter_misc":{"Ansl. lesetid":"1 minutt"},"schema":{"@context":"https:\/\/schema.org","@graph":[{"@type":"WebPage","@id":"https:\/\/tyden.dk\/nb\/snaptracker-bolttetning\/","url":"https:\/\/tyden.dk\/nb\/snaptracker-bolttetning\/","name":"SNAPTRACKER BOLT PLUMBE - Tyden","isPartOf":{"@id":"https:\/\/tyden.dk\/nb\/#website"},"primaryImageOfPage":{"@id":"https:\/\/tyden.dk\/nb\/snaptracker-bolttetning\/#primaryimage"},"image":{"@id":"https:\/\/tyden.dk\/nb\/snaptracker-bolttetning\/#primaryimage"},"thumbnailUrl":"https:\/\/tyden.dk\/wp-content\/uploads\/2025\/06\/img_1942_63-e1749820030500.jpg","datePublished":"2025-06-13T13:07:18+00:00","dateModified":"2026-04-01T08:33:47+00:00","breadcrumb":{"@id":"https:\/\/tyden.dk\/nb\/snaptracker-bolttetning\/#breadcrumb"},"inLanguage":"nb-NO","potentialAction":[{"@type":"ReadAction","target":["https:\/\/tyden.dk\/nb\/snaptracker-bolttetning\/"]}]},{"@type":"ImageObject","inLanguage":"nb-NO","@id":"https:\/\/tyden.dk\/nb\/snaptracker-bolttetning\/#primaryimage","url":"https:\/\/tyden.dk\/wp-content\/uploads\/2025\/06\/img_1942_63-e1749820030500.jpg","contentUrl":"https:\/\/tyden.dk\/wp-content\/uploads\/2025\/06\/img_1942_63-e1749820030500.jpg","width":250,"height":254},{"@type":"BreadcrumbList","@id":"https:\/\/tyden.dk\/nb\/snaptracker-bolttetning\/#breadcrumb","itemListElement":[{"@type":"ListItem","position":1,"name":"Hjem","item":"https:\/\/tyden.dk\/"},{"@type":"ListItem","position":2,"name":"Varer","item":"https:\/\/tyden.dk\/shop\/"},{"@type":"ListItem","position":3,"name":"SNAPTRACKER BOLT PLOMBE"}]},{"@type":"WebSite","@id":"https:\/\/tyden.dk\/nb\/#website","url":"https:\/\/tyden.dk\/nb\/","name":"Tyden","description":"","publisher":{"@id":"https:\/\/tyden.dk\/nb\/#organization"},"potentialAction":[{"@type":"SearchAction","target":{"@type":"EntryPoint","urlTemplate":"https:\/\/tyden.dk\/nb\/?s={search_term_string}"},"query-input":{"@type":"PropertyValueSpecification","valueRequired":true,"valueName":"search_term_string"}}],"inLanguage":"nb-NO"},{"@type":"Organization","@id":"https:\/\/tyden.dk\/nb\/#organization","name":"Tyden","url":"https:\/\/tyden.dk\/nb\/","logo":{"@type":"ImageObject","inLanguage":"nb-NO","@id":"https:\/\/tyden.dk\/nb\/#\/schema\/logo\/image\/","url":"https:\/\/tyden.dk\/wp-content\/uploads\/2025\/05\/logo_3_2_4286.png","contentUrl":"https:\/\/tyden.dk\/wp-content\/uploads\/2025\/05\/logo_3_2_4286.png","width":341,"height":80,"caption":"Tyden"},"image":{"@id":"https:\/\/tyden.dk\/nb\/#\/schema\/logo\/image\/"},"sameAs":["https:\/\/www.facebook.com\/www.tyden.dk\/"]}]}},"_links":{"self":[{"href":"https:\/\/tyden.dk\/nb\/wp-json\/wp\/v2\/product\/1404","targetHints":{"allow":["GET"]}}],"collection":[{"href":"https:\/\/tyden.dk\/nb\/wp-json\/wp\/v2\/product"}],"about":[{"href":"https:\/\/tyden.dk\/nb\/wp-json\/wp\/v2\/types\/product"}],"replies":[{"embeddable":true,"href":"https:\/\/tyden.dk\/nb\/wp-json\/wp\/v2\/comments?post=1404"}],"wp:featuredmedia":[{"embeddable":true,"href":"https:\/\/tyden.dk\/nb\/wp-json\/wp\/v2\/media\/1407"}],"wp:attachment":[{"href":"https:\/\/tyden.dk\/nb\/wp-json\/wp\/v2\/media?parent=1404"}],"wp:term":[{"taxonomy":"product_brand","embeddable":true,"href":"https:\/\/tyden.dk\/nb\/wp-json\/wp\/v2\/product_brand?post=1404"},{"taxonomy":"product_cat","embeddable":true,"href":"https:\/\/tyden.dk\/nb\/wp-json\/wp\/v2\/product_cat?post=1404"},{"taxonomy":"product_tag","embeddable":true,"href":"https:\/\/tyden.dk\/nb\/wp-json\/wp\/v2\/product_tag?post=1404"}],"curies":[{"name":"wp","href":"https:\/\/api.w.org\/{rel}","templated":true}]}}