{"id":1336,"date":"2025-06-13T11:03:46","date_gmt":"2025-06-13T10:03:46","guid":{"rendered":"https:\/\/darkorange-jay-383513.hostingersite.com\/?post_type=product&#038;p=1336"},"modified":"2025-06-13T11:05:17","modified_gmt":"2025-06-13T10:05:17","slug":"ktll-total-transfer-label","status":"publish","type":"product","link":"https:\/\/tyden.dk\/nb\/ktll-total-transfer-label\/","title":{"rendered":"KTLL Total Transfer label"},"content":{"rendered":"<div class=\"column step-3-12 step-2-6\">\n<div id=\"site-container-195609\" class=\"Container Placeholder AutoResizable con-121\" data-snap=\"1\">\n<div class=\"row\">\n<div class=\"column step-3-12\">\n<div id=\"site-container-195640\" class=\"Container ModuleElement Textarea AutoResizable con-82\" data-snap=\"1\" data-containertype=\"Textarea\" data-moduleelement=\"53707\">\n<div class=\"Module-53707 Textarea\">\n<p>Standardst\u00f8rrelser og farger er vist p\u00e5 databladet - Spesialst\u00f8rrelser kan produseres - men krever min. bestilling. I likhet med KTL-tape er KTLL egnet for de fleste rene og t\u00f8rre, fettfrie overflater, og er spesielt utviklet for alle typer papp, papir, kartong, plast og tre. Ethvert fors\u00f8k p\u00e5 \u00e5 fjerne eller l\u00f8sne forseglingen f\u00f8rer til delaminering av topplaget fra bunnlaget og etterlater et tydelig sikkerhetstegn p\u00e5 brudd.<\/p>\n<p>FOR ALLE ETIKETTER, TEST P\u00c5 VAREN F\u00d8R ENDELIG BESTEMMELSE AV TYPE.<\/p>\n<\/div>\n<\/div>\n<\/div>\n<\/div>\n<\/div>\n<\/div>","protected":false},"excerpt":{"rendered":"<p>KTLL er den merkede versjonen av v\u00e5r KTL-emballasjesikkerhetstape, med de samme spesifikasjonene.<\/p>","protected":false},"featured_media":1338,"comment_status":"open","ping_status":"closed","template":"","meta":[],"product_brand":[],"product_cat":[38],"product_tag":[],"class_list":{"0":"post-1336","1":"product","2":"type-product","3":"status-publish","4":"has-post-thumbnail","6":"product_cat-etiketplomber-sikkerhedstape","8":"first","9":"instock","10":"shipping-taxable","11":"product-type-simple"},"yoast_head":"<!-- This site is optimized with the Yoast SEO plugin v27.1.1 - https:\/\/yoast.com\/product\/yoast-seo-wordpress\/ -->\n<title>\u200bKTLL Total Transfer label - Tyden<\/title>\n<meta name=\"robots\" content=\"index, follow, max-snippet:-1, max-image-preview:large, max-video-preview:-1\" \/>\n<link rel=\"canonical\" href=\"https:\/\/tyden.dk\/nb\/ktll-total-transfer-label\/\" \/>\n<meta property=\"og:locale\" content=\"nb_NO\" \/>\n<meta property=\"og:type\" content=\"article\" \/>\n<meta property=\"og:title\" content=\"\u200bKTLL Total Transfer label - Tyden\" \/>\n<meta property=\"og:description\" content=\"KTLL er label version af vores KTL emballage sikkerheds tape, med de samme specifikationer.\" \/>\n<meta property=\"og:url\" content=\"https:\/\/tyden.dk\/nb\/ktll-total-transfer-label\/\" \/>\n<meta property=\"og:site_name\" content=\"Tyden\" \/>\n<meta property=\"article:publisher\" content=\"https:\/\/www.facebook.com\/www.tyden.dk\/\" \/>\n<meta property=\"article:modified_time\" content=\"2025-06-13T10:05:17+00:00\" \/>\n<meta property=\"og:image\" content=\"https:\/\/tyden.dk\/wp-content\/uploads\/2025\/06\/15_295-1_5656-e1749809063889.png\" \/>\n\t<meta property=\"og:image:width\" content=\"250\" \/>\n\t<meta property=\"og:image:height\" content=\"250\" \/>\n\t<meta property=\"og:image:type\" content=\"image\/png\" \/>\n<meta name=\"twitter:card\" content=\"summary_large_image\" \/>\n<script type=\"application\/ld+json\" class=\"yoast-schema-graph\">{\"@context\":\"https:\/\/schema.org\",\"@graph\":[{\"@type\":\"WebPage\",\"@id\":\"https:\/\/tyden.dk\/nb\/ktll-total-transfer-label\/\",\"url\":\"https:\/\/tyden.dk\/nb\/ktll-total-transfer-label\/\",\"name\":\"\u200bKTLL Total Transfer label - Tyden\",\"isPartOf\":{\"@id\":\"https:\/\/tyden.dk\/nb\/#website\"},\"primaryImageOfPage\":{\"@id\":\"https:\/\/tyden.dk\/nb\/ktll-total-transfer-label\/#primaryimage\"},\"image\":{\"@id\":\"https:\/\/tyden.dk\/nb\/ktll-total-transfer-label\/#primaryimage\"},\"thumbnailUrl\":\"https:\/\/tyden.dk\/wp-content\/uploads\/2025\/06\/15_295-1_5656-e1749809063889.png\",\"datePublished\":\"2025-06-13T10:03:46+00:00\",\"dateModified\":\"2025-06-13T10:05:17+00:00\",\"breadcrumb\":{\"@id\":\"https:\/\/tyden.dk\/nb\/ktll-total-transfer-label\/#breadcrumb\"},\"inLanguage\":\"nb-NO\",\"potentialAction\":[{\"@type\":\"ReadAction\",\"target\":[\"https:\/\/tyden.dk\/nb\/ktll-total-transfer-label\/\"]}]},{\"@type\":\"ImageObject\",\"inLanguage\":\"nb-NO\",\"@id\":\"https:\/\/tyden.dk\/nb\/ktll-total-transfer-label\/#primaryimage\",\"url\":\"https:\/\/tyden.dk\/wp-content\/uploads\/2025\/06\/15_295-1_5656-e1749809063889.png\",\"contentUrl\":\"https:\/\/tyden.dk\/wp-content\/uploads\/2025\/06\/15_295-1_5656-e1749809063889.png\",\"width\":250,\"height\":250},{\"@type\":\"BreadcrumbList\",\"@id\":\"https:\/\/tyden.dk\/nb\/ktll-total-transfer-label\/#breadcrumb\",\"itemListElement\":[{\"@type\":\"ListItem\",\"position\":1,\"name\":\"Hjem\",\"item\":\"https:\/\/tyden.dk\/\"},{\"@type\":\"ListItem\",\"position\":2,\"name\":\"Varer\",\"item\":\"https:\/\/tyden.dk\/shop\/\"},{\"@type\":\"ListItem\",\"position\":3,\"name\":\"\u200bKTLL Total Transfer label\"}]},{\"@type\":\"WebSite\",\"@id\":\"https:\/\/tyden.dk\/nb\/#website\",\"url\":\"https:\/\/tyden.dk\/nb\/\",\"name\":\"Tyden\",\"description\":\"\",\"publisher\":{\"@id\":\"https:\/\/tyden.dk\/nb\/#organization\"},\"potentialAction\":[{\"@type\":\"SearchAction\",\"target\":{\"@type\":\"EntryPoint\",\"urlTemplate\":\"https:\/\/tyden.dk\/nb\/?s={search_term_string}\"},\"query-input\":{\"@type\":\"PropertyValueSpecification\",\"valueRequired\":true,\"valueName\":\"search_term_string\"}}],\"inLanguage\":\"nb-NO\"},{\"@type\":\"Organization\",\"@id\":\"https:\/\/tyden.dk\/nb\/#organization\",\"name\":\"Tyden\",\"url\":\"https:\/\/tyden.dk\/nb\/\",\"logo\":{\"@type\":\"ImageObject\",\"inLanguage\":\"nb-NO\",\"@id\":\"https:\/\/tyden.dk\/nb\/#\/schema\/logo\/image\/\",\"url\":\"https:\/\/tyden.dk\/wp-content\/uploads\/2025\/05\/logo_3_2_4286.png\",\"contentUrl\":\"https:\/\/tyden.dk\/wp-content\/uploads\/2025\/05\/logo_3_2_4286.png\",\"width\":341,\"height\":80,\"caption\":\"Tyden\"},\"image\":{\"@id\":\"https:\/\/tyden.dk\/nb\/#\/schema\/logo\/image\/\"},\"sameAs\":[\"https:\/\/www.facebook.com\/www.tyden.dk\/\"]}]}<\/script>\n<!-- \/ Yoast SEO plugin. -->","yoast_head_json":{"title":"KTLL Total Transfer label - Tyden","robots":{"index":"index","follow":"follow","max-snippet":"max-snippet:-1","max-image-preview":"max-image-preview:large","max-video-preview":"max-video-preview:-1"},"canonical":"https:\/\/tyden.dk\/nb\/ktll-total-transfer-label\/","og_locale":"nb_NO","og_type":"article","og_title":"\u200bKTLL Total Transfer label - Tyden","og_description":"KTLL er label version af vores KTL emballage sikkerheds tape, med de samme specifikationer.","og_url":"https:\/\/tyden.dk\/nb\/ktll-total-transfer-label\/","og_site_name":"Tyden","article_publisher":"https:\/\/www.facebook.com\/www.tyden.dk\/","article_modified_time":"2025-06-13T10:05:17+00:00","og_image":[{"width":250,"height":250,"url":"https:\/\/tyden.dk\/wp-content\/uploads\/2025\/06\/15_295-1_5656-e1749809063889.png","type":"image\/png"}],"twitter_card":"summary_large_image","schema":{"@context":"https:\/\/schema.org","@graph":[{"@type":"WebPage","@id":"https:\/\/tyden.dk\/nb\/ktll-total-transfer-label\/","url":"https:\/\/tyden.dk\/nb\/ktll-total-transfer-label\/","name":"KTLL Total Transfer label - Tyden","isPartOf":{"@id":"https:\/\/tyden.dk\/nb\/#website"},"primaryImageOfPage":{"@id":"https:\/\/tyden.dk\/nb\/ktll-total-transfer-label\/#primaryimage"},"image":{"@id":"https:\/\/tyden.dk\/nb\/ktll-total-transfer-label\/#primaryimage"},"thumbnailUrl":"https:\/\/tyden.dk\/wp-content\/uploads\/2025\/06\/15_295-1_5656-e1749809063889.png","datePublished":"2025-06-13T10:03:46+00:00","dateModified":"2025-06-13T10:05:17+00:00","breadcrumb":{"@id":"https:\/\/tyden.dk\/nb\/ktll-total-transfer-label\/#breadcrumb"},"inLanguage":"nb-NO","potentialAction":[{"@type":"ReadAction","target":["https:\/\/tyden.dk\/nb\/ktll-total-transfer-label\/"]}]},{"@type":"ImageObject","inLanguage":"nb-NO","@id":"https:\/\/tyden.dk\/nb\/ktll-total-transfer-label\/#primaryimage","url":"https:\/\/tyden.dk\/wp-content\/uploads\/2025\/06\/15_295-1_5656-e1749809063889.png","contentUrl":"https:\/\/tyden.dk\/wp-content\/uploads\/2025\/06\/15_295-1_5656-e1749809063889.png","width":250,"height":250},{"@type":"BreadcrumbList","@id":"https:\/\/tyden.dk\/nb\/ktll-total-transfer-label\/#breadcrumb","itemListElement":[{"@type":"ListItem","position":1,"name":"Hjem","item":"https:\/\/tyden.dk\/"},{"@type":"ListItem","position":2,"name":"Varer","item":"https:\/\/tyden.dk\/shop\/"},{"@type":"ListItem","position":3,"name":"\u200bKTLL Total Transfer label"}]},{"@type":"WebSite","@id":"https:\/\/tyden.dk\/nb\/#website","url":"https:\/\/tyden.dk\/nb\/","name":"Tyden","description":"","publisher":{"@id":"https:\/\/tyden.dk\/nb\/#organization"},"potentialAction":[{"@type":"SearchAction","target":{"@type":"EntryPoint","urlTemplate":"https:\/\/tyden.dk\/nb\/?s={search_term_string}"},"query-input":{"@type":"PropertyValueSpecification","valueRequired":true,"valueName":"search_term_string"}}],"inLanguage":"nb-NO"},{"@type":"Organization","@id":"https:\/\/tyden.dk\/nb\/#organization","name":"Tyden","url":"https:\/\/tyden.dk\/nb\/","logo":{"@type":"ImageObject","inLanguage":"nb-NO","@id":"https:\/\/tyden.dk\/nb\/#\/schema\/logo\/image\/","url":"https:\/\/tyden.dk\/wp-content\/uploads\/2025\/05\/logo_3_2_4286.png","contentUrl":"https:\/\/tyden.dk\/wp-content\/uploads\/2025\/05\/logo_3_2_4286.png","width":341,"height":80,"caption":"Tyden"},"image":{"@id":"https:\/\/tyden.dk\/nb\/#\/schema\/logo\/image\/"},"sameAs":["https:\/\/www.facebook.com\/www.tyden.dk\/"]}]}},"_links":{"self":[{"href":"https:\/\/tyden.dk\/nb\/wp-json\/wp\/v2\/product\/1336","targetHints":{"allow":["GET"]}}],"collection":[{"href":"https:\/\/tyden.dk\/nb\/wp-json\/wp\/v2\/product"}],"about":[{"href":"https:\/\/tyden.dk\/nb\/wp-json\/wp\/v2\/types\/product"}],"replies":[{"embeddable":true,"href":"https:\/\/tyden.dk\/nb\/wp-json\/wp\/v2\/comments?post=1336"}],"wp:featuredmedia":[{"embeddable":true,"href":"https:\/\/tyden.dk\/nb\/wp-json\/wp\/v2\/media\/1338"}],"wp:attachment":[{"href":"https:\/\/tyden.dk\/nb\/wp-json\/wp\/v2\/media?parent=1336"}],"wp:term":[{"taxonomy":"product_brand","embeddable":true,"href":"https:\/\/tyden.dk\/nb\/wp-json\/wp\/v2\/product_brand?post=1336"},{"taxonomy":"product_cat","embeddable":true,"href":"https:\/\/tyden.dk\/nb\/wp-json\/wp\/v2\/product_cat?post=1336"},{"taxonomy":"product_tag","embeddable":true,"href":"https:\/\/tyden.dk\/nb\/wp-json\/wp\/v2\/product_tag?post=1336"}],"curies":[{"name":"wp","href":"https:\/\/api.w.org\/{rel}","templated":true}]}}