{"id":1326,"date":"2025-06-13T10:30:43","date_gmt":"2025-06-13T09:30:43","guid":{"rendered":"https:\/\/darkorange-jay-383513.hostingersite.com\/?post_type=product&#038;p=1326"},"modified":"2025-08-21T09:52:06","modified_gmt":"2025-08-21T08:52:06","slug":"sikkerhedstape-model-ktl-ktl","status":"publish","type":"product","link":"https:\/\/tyden.dk\/nb\/sikkerhedstape-model-ktl-ktl\/","title":{"rendered":"Sikkerhetsb\u00e5nd - modell KTL og KTL +"},"content":{"rendered":"<div class=\"column step-3-12 step-2-6\">\n<div id=\"site-container-195595\" class=\"Container Placeholder AutoResizable con-121\" data-snap=\"1\">\n<div class=\"row\">\n<div class=\"column step-3-12\">\n<div id=\"site-container-195611\" class=\"Container ModuleElement Textarea AutoResizable con-82\" data-snap=\"1\" data-containertype=\"Textarea\" data-moduleelement=\"53704\">\n<div class=\"Module-53704 Textarea\">\n<p>Det er perforeringer for hver 15. cm, slik at det er ca. 330 individuelle etiketter p\u00e5 en rull - K T L er uten fortl\u00f8pende nummer - hefter p\u00e5 de fleste overflater. K T L + Council-sikkerhetstape i ruller p\u00e5 50 meter - hver 15. cm er perforert, slik at det er ca. 330 individuelle etiketter p\u00e5 en rull - K T L + er fortl\u00f8pende nummerert. Vi har ruller p\u00e5 lager fra 1 stk. og oppover i bl\u00e5tt og r\u00f8dt (r\u00f8dt med nummer)<\/p>\n<\/div>\n<\/div>\n<\/div>\n<\/div>\n<\/div>\n<\/div>","protected":false},"excerpt":{"rendered":"<p>Bl\u00e5 og r\u00f8d sikkerhetsteip i ruller p\u00e5 50 meter - kan skreddersys min. bestill 60 ruller eller 5000 etiketter p\u00e5 ark<\/p>","protected":false},"featured_media":1328,"comment_status":"open","ping_status":"closed","template":"","meta":[],"product_brand":[],"product_cat":[38],"product_tag":[],"class_list":{"0":"post-1326","1":"product","2":"type-product","3":"status-publish","4":"has-post-thumbnail","6":"product_cat-etiketplomber-sikkerhedstape","8":"first","9":"instock","10":"shipping-taxable","11":"product-type-simple"},"yoast_head":"<!-- This site is optimized with the Yoast SEO plugin v27.1.1 - https:\/\/yoast.com\/product\/yoast-seo-wordpress\/ -->\n<title>Sikkerhedstape - Model KTL &amp; KTL + - Tyden<\/title>\n<meta name=\"robots\" content=\"index, follow, max-snippet:-1, max-image-preview:large, max-video-preview:-1\" \/>\n<link rel=\"canonical\" href=\"https:\/\/tyden.dk\/nb\/sikkerhedstape-model-ktl-ktl\/\" \/>\n<meta property=\"og:locale\" content=\"nb_NO\" \/>\n<meta property=\"og:type\" content=\"article\" \/>\n<meta property=\"og:title\" content=\"Sikkerhedstape - Model KTL &amp; KTL + - Tyden\" \/>\n<meta property=\"og:description\" content=\"Bl\u00e5 &amp; R\u00d8D\u00a0 sikkerhedstape i ruller \u00e1 50 meter - kan kundetilpasses min. ordre 60 ruller eller 5000 stk. labels p\u00e5 ark\" \/>\n<meta property=\"og:url\" content=\"https:\/\/tyden.dk\/nb\/sikkerhedstape-model-ktl-ktl\/\" \/>\n<meta property=\"og:site_name\" content=\"Tyden\" \/>\n<meta property=\"article:publisher\" content=\"https:\/\/www.facebook.com\/www.tyden.dk\/\" \/>\n<meta property=\"article:modified_time\" content=\"2025-08-21T08:52:06+00:00\" \/>\n<meta property=\"og:image\" content=\"https:\/\/tyden.dk\/wp-content\/uploads\/2025\/06\/13_288-1_5647.png\" \/>\n\t<meta property=\"og:image:width\" content=\"250\" \/>\n\t<meta property=\"og:image:height\" content=\"334\" \/>\n\t<meta property=\"og:image:type\" content=\"image\/png\" \/>\n<meta name=\"twitter:card\" content=\"summary_large_image\" \/>\n<meta name=\"twitter:label1\" content=\"Ansl. lesetid\" \/>\n\t<meta name=\"twitter:data1\" content=\"1 minutt\" \/>\n<script type=\"application\/ld+json\" class=\"yoast-schema-graph\">{\"@context\":\"https:\/\/schema.org\",\"@graph\":[{\"@type\":\"WebPage\",\"@id\":\"https:\/\/tyden.dk\/nb\/sikkerhedstape-model-ktl-ktl\/\",\"url\":\"https:\/\/tyden.dk\/nb\/sikkerhedstape-model-ktl-ktl\/\",\"name\":\"Sikkerhedstape - Model KTL & KTL + - Tyden\",\"isPartOf\":{\"@id\":\"https:\/\/tyden.dk\/nb\/#website\"},\"primaryImageOfPage\":{\"@id\":\"https:\/\/tyden.dk\/nb\/sikkerhedstape-model-ktl-ktl\/#primaryimage\"},\"image\":{\"@id\":\"https:\/\/tyden.dk\/nb\/sikkerhedstape-model-ktl-ktl\/#primaryimage\"},\"thumbnailUrl\":\"https:\/\/tyden.dk\/wp-content\/uploads\/2025\/06\/13_288-1_5647.png\",\"datePublished\":\"2025-06-13T09:30:43+00:00\",\"dateModified\":\"2025-08-21T08:52:06+00:00\",\"breadcrumb\":{\"@id\":\"https:\/\/tyden.dk\/nb\/sikkerhedstape-model-ktl-ktl\/#breadcrumb\"},\"inLanguage\":\"nb-NO\",\"potentialAction\":[{\"@type\":\"ReadAction\",\"target\":[\"https:\/\/tyden.dk\/nb\/sikkerhedstape-model-ktl-ktl\/\"]}]},{\"@type\":\"ImageObject\",\"inLanguage\":\"nb-NO\",\"@id\":\"https:\/\/tyden.dk\/nb\/sikkerhedstape-model-ktl-ktl\/#primaryimage\",\"url\":\"https:\/\/tyden.dk\/wp-content\/uploads\/2025\/06\/13_288-1_5647.png\",\"contentUrl\":\"https:\/\/tyden.dk\/wp-content\/uploads\/2025\/06\/13_288-1_5647.png\",\"width\":250,\"height\":334},{\"@type\":\"BreadcrumbList\",\"@id\":\"https:\/\/tyden.dk\/nb\/sikkerhedstape-model-ktl-ktl\/#breadcrumb\",\"itemListElement\":[{\"@type\":\"ListItem\",\"position\":1,\"name\":\"Hjem\",\"item\":\"https:\/\/tyden.dk\/\"},{\"@type\":\"ListItem\",\"position\":2,\"name\":\"Varer\",\"item\":\"https:\/\/tyden.dk\/shop\/\"},{\"@type\":\"ListItem\",\"position\":3,\"name\":\"Sikkerhedstape &#8211; Model KTL &#038; KTL +\"}]},{\"@type\":\"WebSite\",\"@id\":\"https:\/\/tyden.dk\/nb\/#website\",\"url\":\"https:\/\/tyden.dk\/nb\/\",\"name\":\"Tyden\",\"description\":\"\",\"publisher\":{\"@id\":\"https:\/\/tyden.dk\/nb\/#organization\"},\"potentialAction\":[{\"@type\":\"SearchAction\",\"target\":{\"@type\":\"EntryPoint\",\"urlTemplate\":\"https:\/\/tyden.dk\/nb\/?s={search_term_string}\"},\"query-input\":{\"@type\":\"PropertyValueSpecification\",\"valueRequired\":true,\"valueName\":\"search_term_string\"}}],\"inLanguage\":\"nb-NO\"},{\"@type\":\"Organization\",\"@id\":\"https:\/\/tyden.dk\/nb\/#organization\",\"name\":\"Tyden\",\"url\":\"https:\/\/tyden.dk\/nb\/\",\"logo\":{\"@type\":\"ImageObject\",\"inLanguage\":\"nb-NO\",\"@id\":\"https:\/\/tyden.dk\/nb\/#\/schema\/logo\/image\/\",\"url\":\"https:\/\/tyden.dk\/wp-content\/uploads\/2025\/05\/logo_3_2_4286.png\",\"contentUrl\":\"https:\/\/tyden.dk\/wp-content\/uploads\/2025\/05\/logo_3_2_4286.png\",\"width\":341,\"height\":80,\"caption\":\"Tyden\"},\"image\":{\"@id\":\"https:\/\/tyden.dk\/nb\/#\/schema\/logo\/image\/\"},\"sameAs\":[\"https:\/\/www.facebook.com\/www.tyden.dk\/\"]}]}<\/script>\n<!-- \/ Yoast SEO plugin. -->","yoast_head_json":{"title":"Sikkerhetsb\u00e5nd - Modell KTL &amp; KTL + - Tyden","robots":{"index":"index","follow":"follow","max-snippet":"max-snippet:-1","max-image-preview":"max-image-preview:large","max-video-preview":"max-video-preview:-1"},"canonical":"https:\/\/tyden.dk\/nb\/sikkerhedstape-model-ktl-ktl\/","og_locale":"nb_NO","og_type":"article","og_title":"Sikkerhedstape - Model KTL & KTL + - Tyden","og_description":"Bl\u00e5 &amp; R\u00d8D\u00a0 sikkerhedstape i ruller \u00e1 50 meter - kan kundetilpasses min. ordre 60 ruller eller 5000 stk. labels p\u00e5 ark","og_url":"https:\/\/tyden.dk\/nb\/sikkerhedstape-model-ktl-ktl\/","og_site_name":"Tyden","article_publisher":"https:\/\/www.facebook.com\/www.tyden.dk\/","article_modified_time":"2025-08-21T08:52:06+00:00","og_image":[{"width":250,"height":334,"url":"https:\/\/tyden.dk\/wp-content\/uploads\/2025\/06\/13_288-1_5647.png","type":"image\/png"}],"twitter_card":"summary_large_image","twitter_misc":{"Ansl. lesetid":"1 minutt"},"schema":{"@context":"https:\/\/schema.org","@graph":[{"@type":"WebPage","@id":"https:\/\/tyden.dk\/nb\/sikkerhedstape-model-ktl-ktl\/","url":"https:\/\/tyden.dk\/nb\/sikkerhedstape-model-ktl-ktl\/","name":"Sikkerhetsb\u00e5nd - Modell KTL &amp; KTL + - Tyden","isPartOf":{"@id":"https:\/\/tyden.dk\/nb\/#website"},"primaryImageOfPage":{"@id":"https:\/\/tyden.dk\/nb\/sikkerhedstape-model-ktl-ktl\/#primaryimage"},"image":{"@id":"https:\/\/tyden.dk\/nb\/sikkerhedstape-model-ktl-ktl\/#primaryimage"},"thumbnailUrl":"https:\/\/tyden.dk\/wp-content\/uploads\/2025\/06\/13_288-1_5647.png","datePublished":"2025-06-13T09:30:43+00:00","dateModified":"2025-08-21T08:52:06+00:00","breadcrumb":{"@id":"https:\/\/tyden.dk\/nb\/sikkerhedstape-model-ktl-ktl\/#breadcrumb"},"inLanguage":"nb-NO","potentialAction":[{"@type":"ReadAction","target":["https:\/\/tyden.dk\/nb\/sikkerhedstape-model-ktl-ktl\/"]}]},{"@type":"ImageObject","inLanguage":"nb-NO","@id":"https:\/\/tyden.dk\/nb\/sikkerhedstape-model-ktl-ktl\/#primaryimage","url":"https:\/\/tyden.dk\/wp-content\/uploads\/2025\/06\/13_288-1_5647.png","contentUrl":"https:\/\/tyden.dk\/wp-content\/uploads\/2025\/06\/13_288-1_5647.png","width":250,"height":334},{"@type":"BreadcrumbList","@id":"https:\/\/tyden.dk\/nb\/sikkerhedstape-model-ktl-ktl\/#breadcrumb","itemListElement":[{"@type":"ListItem","position":1,"name":"Hjem","item":"https:\/\/tyden.dk\/"},{"@type":"ListItem","position":2,"name":"Varer","item":"https:\/\/tyden.dk\/shop\/"},{"@type":"ListItem","position":3,"name":"Sikkerhedstape &#8211; Model KTL &#038; KTL +"}]},{"@type":"WebSite","@id":"https:\/\/tyden.dk\/nb\/#website","url":"https:\/\/tyden.dk\/nb\/","name":"Tyden","description":"","publisher":{"@id":"https:\/\/tyden.dk\/nb\/#organization"},"potentialAction":[{"@type":"SearchAction","target":{"@type":"EntryPoint","urlTemplate":"https:\/\/tyden.dk\/nb\/?s={search_term_string}"},"query-input":{"@type":"PropertyValueSpecification","valueRequired":true,"valueName":"search_term_string"}}],"inLanguage":"nb-NO"},{"@type":"Organization","@id":"https:\/\/tyden.dk\/nb\/#organization","name":"Tyden","url":"https:\/\/tyden.dk\/nb\/","logo":{"@type":"ImageObject","inLanguage":"nb-NO","@id":"https:\/\/tyden.dk\/nb\/#\/schema\/logo\/image\/","url":"https:\/\/tyden.dk\/wp-content\/uploads\/2025\/05\/logo_3_2_4286.png","contentUrl":"https:\/\/tyden.dk\/wp-content\/uploads\/2025\/05\/logo_3_2_4286.png","width":341,"height":80,"caption":"Tyden"},"image":{"@id":"https:\/\/tyden.dk\/nb\/#\/schema\/logo\/image\/"},"sameAs":["https:\/\/www.facebook.com\/www.tyden.dk\/"]}]}},"_links":{"self":[{"href":"https:\/\/tyden.dk\/nb\/wp-json\/wp\/v2\/product\/1326","targetHints":{"allow":["GET"]}}],"collection":[{"href":"https:\/\/tyden.dk\/nb\/wp-json\/wp\/v2\/product"}],"about":[{"href":"https:\/\/tyden.dk\/nb\/wp-json\/wp\/v2\/types\/product"}],"replies":[{"embeddable":true,"href":"https:\/\/tyden.dk\/nb\/wp-json\/wp\/v2\/comments?post=1326"}],"wp:featuredmedia":[{"embeddable":true,"href":"https:\/\/tyden.dk\/nb\/wp-json\/wp\/v2\/media\/1328"}],"wp:attachment":[{"href":"https:\/\/tyden.dk\/nb\/wp-json\/wp\/v2\/media?parent=1326"}],"wp:term":[{"taxonomy":"product_brand","embeddable":true,"href":"https:\/\/tyden.dk\/nb\/wp-json\/wp\/v2\/product_brand?post=1326"},{"taxonomy":"product_cat","embeddable":true,"href":"https:\/\/tyden.dk\/nb\/wp-json\/wp\/v2\/product_cat?post=1326"},{"taxonomy":"product_tag","embeddable":true,"href":"https:\/\/tyden.dk\/nb\/wp-json\/wp\/v2\/product_tag?post=1326"}],"curies":[{"name":"wp","href":"https:\/\/api.w.org\/{rel}","templated":true}]}}