{"id":1186,"date":"2025-06-12T13:24:42","date_gmt":"2025-06-12T12:24:42","guid":{"rendered":"https:\/\/darkorange-jay-383513.hostingersite.com\/?post_type=product&#038;p=1186"},"modified":"2025-08-28T12:44:57","modified_gmt":"2025-08-28T11:44:57","slug":"slidstaerke-nylon-maerker","status":"publish","type":"product","link":"https:\/\/tyden.dk\/nb\/slidstaerke-nylon-maerker\/","title":{"rendered":"Slitesterke nylonmerker"},"content":{"rendered":"<p>2 modeller - 175 mm og 300 mm - pregingsomr\u00e5det p\u00e5 175 mm er 30\u00d79 mm og p\u00e5 300 mm 46x 9 mm<br \/>\nLeveringstid: 3-4 uker - O B S - BETALES P\u00c5 BESTILLINGSDAGEN !!!!!!<\/p>\n<p>Slitesterke nylonbrikker brukes til sikkerhetskontroll av l\u00f8fteutstyr i gruvedrift og tungindustri. Disse inspeksjonsbrikkene kan personaliseres med din logo og fortl\u00f8pende nummerering. Brikkene er spesialdesignet for l\u00f8fteindustrien. Denne robuste brikken t\u00e5ler tidens tann under alle forhold i gruvedrift og tung industri. N\u00e5r brikken strammes til, har du et nesten uknuselig b\u00e5nd som s\u00f8rger for at brikken holder seg p\u00e5 plass selv under t\u00f8ffe forhold. Disse brikkene er laget av verdens beste nylonkvalitet og er stabilisert mot ultrafiolett lys, slik at de aldri falmer.<br \/>\nDet er ogs\u00e5 mulig \u00e5 bruke HOT FOIL-merking, firmalogo, re-testdato og fortl\u00f8pende nummerering.<\/p>\n<ul>\n<li>Kostnadseffektivt<\/li>\n<li>Slitesterk, fleksibel og st\u00f8tsikker<\/li>\n<li>Sammenleggbar slik at etikettene passer p\u00e5 store gjenstander<\/li>\n<\/ul>\n<p>For validering av l\u00f8fteutstyr og selet\u00f8y, drift av utstyr og sikkerhetsinspeksjoner, gruver, offshore-rigger, jernbaneverft eller tekniske anlegg. 3, 6 og 12 m\u00e5neders inspeksjonsvalidering. Produsert av verdens beste UV-stabiliserte NYLON i henhold til ISO-kvalitetsstandarder, er den enkel \u00e5 bruke og ekstremt robust under alle forhold og i alle klimaer. Vi kan levere i l\u00f8pet av to til fire uker. 13 forskjellige sterke farger som ikke falmer. Dyp termisk folietrykk, firmalogo og detaljer stemplet i 3 linjer med data; 7-sifret sekvensiell nummerering tilgjengelig.<\/p>","protected":false},"excerpt":{"rendered":"<p>Brukes til merking av f.eks. fallsikringsutstyr - min. Bestilling 200 stk.<\/p>","protected":false},"featured_media":1650,"comment_status":"open","ping_status":"closed","template":"","meta":[],"product_brand":[],"product_cat":[39,37],"product_tag":[],"class_list":{"0":"post-1186","1":"product","2":"type-product","3":"status-publish","4":"has-post-thumbnail","6":"product_cat-lastbilplomber","7":"product_cat-plastplomber","9":"first","10":"instock","11":"shipping-taxable","12":"product-type-simple"},"yoast_head":"<!-- This site is optimized with the Yoast SEO plugin v27.1.1 - https:\/\/yoast.com\/product\/yoast-seo-wordpress\/ -->\n<title>Slidst\u00e6rke nylon m\u00e6rker - Tyden<\/title>\n<meta name=\"robots\" content=\"index, follow, max-snippet:-1, max-image-preview:large, max-video-preview:-1\" \/>\n<link rel=\"canonical\" href=\"https:\/\/tyden.dk\/nb\/slidstaerke-nylon-maerker\/\" \/>\n<meta property=\"og:locale\" content=\"nb_NO\" \/>\n<meta property=\"og:type\" content=\"article\" \/>\n<meta property=\"og:title\" content=\"Slidst\u00e6rke nylon m\u00e6rker - Tyden\" \/>\n<meta property=\"og:description\" content=\"Bruges til m\u00e6rkning af b.La faldsikrings udstyr - min. Ordre 200 stk.\" \/>\n<meta property=\"og:url\" content=\"https:\/\/tyden.dk\/nb\/slidstaerke-nylon-maerker\/\" \/>\n<meta property=\"og:site_name\" content=\"Tyden\" \/>\n<meta property=\"article:publisher\" content=\"https:\/\/www.facebook.com\/www.tyden.dk\/\" \/>\n<meta property=\"article:modified_time\" content=\"2025-08-28T11:44:57+00:00\" \/>\n<meta property=\"og:image\" content=\"https:\/\/tyden.dk\/wp-content\/uploads\/2025\/06\/jkt-tag-hvid.jpg\" \/>\n\t<meta property=\"og:image:width\" content=\"800\" \/>\n\t<meta property=\"og:image:height\" content=\"576\" \/>\n\t<meta property=\"og:image:type\" content=\"image\/jpeg\" \/>\n<meta name=\"twitter:card\" content=\"summary_large_image\" \/>\n<meta name=\"twitter:label1\" content=\"Ansl. lesetid\" \/>\n\t<meta name=\"twitter:data1\" content=\"2 minutter\" \/>\n<script type=\"application\/ld+json\" class=\"yoast-schema-graph\">{\"@context\":\"https:\/\/schema.org\",\"@graph\":[{\"@type\":\"WebPage\",\"@id\":\"https:\/\/tyden.dk\/nb\/slidstaerke-nylon-maerker\/\",\"url\":\"https:\/\/tyden.dk\/nb\/slidstaerke-nylon-maerker\/\",\"name\":\"Slidst\u00e6rke nylon m\u00e6rker - Tyden\",\"isPartOf\":{\"@id\":\"https:\/\/tyden.dk\/nb\/#website\"},\"primaryImageOfPage\":{\"@id\":\"https:\/\/tyden.dk\/nb\/slidstaerke-nylon-maerker\/#primaryimage\"},\"image\":{\"@id\":\"https:\/\/tyden.dk\/nb\/slidstaerke-nylon-maerker\/#primaryimage\"},\"thumbnailUrl\":\"https:\/\/tyden.dk\/wp-content\/uploads\/2025\/06\/jkt-tag-hvid.jpg\",\"datePublished\":\"2025-06-12T12:24:42+00:00\",\"dateModified\":\"2025-08-28T11:44:57+00:00\",\"breadcrumb\":{\"@id\":\"https:\/\/tyden.dk\/nb\/slidstaerke-nylon-maerker\/#breadcrumb\"},\"inLanguage\":\"nb-NO\",\"potentialAction\":[{\"@type\":\"ReadAction\",\"target\":[\"https:\/\/tyden.dk\/nb\/slidstaerke-nylon-maerker\/\"]}]},{\"@type\":\"ImageObject\",\"inLanguage\":\"nb-NO\",\"@id\":\"https:\/\/tyden.dk\/nb\/slidstaerke-nylon-maerker\/#primaryimage\",\"url\":\"https:\/\/tyden.dk\/wp-content\/uploads\/2025\/06\/jkt-tag-hvid.jpg\",\"contentUrl\":\"https:\/\/tyden.dk\/wp-content\/uploads\/2025\/06\/jkt-tag-hvid.jpg\",\"width\":800,\"height\":576},{\"@type\":\"BreadcrumbList\",\"@id\":\"https:\/\/tyden.dk\/nb\/slidstaerke-nylon-maerker\/#breadcrumb\",\"itemListElement\":[{\"@type\":\"ListItem\",\"position\":1,\"name\":\"Hjem\",\"item\":\"https:\/\/tyden.dk\/\"},{\"@type\":\"ListItem\",\"position\":2,\"name\":\"Varer\",\"item\":\"https:\/\/tyden.dk\/shop\/\"},{\"@type\":\"ListItem\",\"position\":3,\"name\":\"Slidst\u00e6rke nylon m\u00e6rker\"}]},{\"@type\":\"WebSite\",\"@id\":\"https:\/\/tyden.dk\/nb\/#website\",\"url\":\"https:\/\/tyden.dk\/nb\/\",\"name\":\"Tyden\",\"description\":\"\",\"publisher\":{\"@id\":\"https:\/\/tyden.dk\/nb\/#organization\"},\"potentialAction\":[{\"@type\":\"SearchAction\",\"target\":{\"@type\":\"EntryPoint\",\"urlTemplate\":\"https:\/\/tyden.dk\/nb\/?s={search_term_string}\"},\"query-input\":{\"@type\":\"PropertyValueSpecification\",\"valueRequired\":true,\"valueName\":\"search_term_string\"}}],\"inLanguage\":\"nb-NO\"},{\"@type\":\"Organization\",\"@id\":\"https:\/\/tyden.dk\/nb\/#organization\",\"name\":\"Tyden\",\"url\":\"https:\/\/tyden.dk\/nb\/\",\"logo\":{\"@type\":\"ImageObject\",\"inLanguage\":\"nb-NO\",\"@id\":\"https:\/\/tyden.dk\/nb\/#\/schema\/logo\/image\/\",\"url\":\"https:\/\/tyden.dk\/wp-content\/uploads\/2025\/05\/logo_3_2_4286.png\",\"contentUrl\":\"https:\/\/tyden.dk\/wp-content\/uploads\/2025\/05\/logo_3_2_4286.png\",\"width\":341,\"height\":80,\"caption\":\"Tyden\"},\"image\":{\"@id\":\"https:\/\/tyden.dk\/nb\/#\/schema\/logo\/image\/\"},\"sameAs\":[\"https:\/\/www.facebook.com\/www.tyden.dk\/\"]}]}<\/script>\n<!-- \/ Yoast SEO plugin. -->","yoast_head_json":{"title":"Holdbare nylonmerker - Tyden","robots":{"index":"index","follow":"follow","max-snippet":"max-snippet:-1","max-image-preview":"max-image-preview:large","max-video-preview":"max-video-preview:-1"},"canonical":"https:\/\/tyden.dk\/nb\/slidstaerke-nylon-maerker\/","og_locale":"nb_NO","og_type":"article","og_title":"Slidst\u00e6rke nylon m\u00e6rker - Tyden","og_description":"Bruges til m\u00e6rkning af b.La faldsikrings udstyr - min. Ordre 200 stk.","og_url":"https:\/\/tyden.dk\/nb\/slidstaerke-nylon-maerker\/","og_site_name":"Tyden","article_publisher":"https:\/\/www.facebook.com\/www.tyden.dk\/","article_modified_time":"2025-08-28T11:44:57+00:00","og_image":[{"width":800,"height":576,"url":"https:\/\/tyden.dk\/wp-content\/uploads\/2025\/06\/jkt-tag-hvid.jpg","type":"image\/jpeg"}],"twitter_card":"summary_large_image","twitter_misc":{"Ansl. lesetid":"2 minutter"},"schema":{"@context":"https:\/\/schema.org","@graph":[{"@type":"WebPage","@id":"https:\/\/tyden.dk\/nb\/slidstaerke-nylon-maerker\/","url":"https:\/\/tyden.dk\/nb\/slidstaerke-nylon-maerker\/","name":"Holdbare nylonmerker - Tyden","isPartOf":{"@id":"https:\/\/tyden.dk\/nb\/#website"},"primaryImageOfPage":{"@id":"https:\/\/tyden.dk\/nb\/slidstaerke-nylon-maerker\/#primaryimage"},"image":{"@id":"https:\/\/tyden.dk\/nb\/slidstaerke-nylon-maerker\/#primaryimage"},"thumbnailUrl":"https:\/\/tyden.dk\/wp-content\/uploads\/2025\/06\/jkt-tag-hvid.jpg","datePublished":"2025-06-12T12:24:42+00:00","dateModified":"2025-08-28T11:44:57+00:00","breadcrumb":{"@id":"https:\/\/tyden.dk\/nb\/slidstaerke-nylon-maerker\/#breadcrumb"},"inLanguage":"nb-NO","potentialAction":[{"@type":"ReadAction","target":["https:\/\/tyden.dk\/nb\/slidstaerke-nylon-maerker\/"]}]},{"@type":"ImageObject","inLanguage":"nb-NO","@id":"https:\/\/tyden.dk\/nb\/slidstaerke-nylon-maerker\/#primaryimage","url":"https:\/\/tyden.dk\/wp-content\/uploads\/2025\/06\/jkt-tag-hvid.jpg","contentUrl":"https:\/\/tyden.dk\/wp-content\/uploads\/2025\/06\/jkt-tag-hvid.jpg","width":800,"height":576},{"@type":"BreadcrumbList","@id":"https:\/\/tyden.dk\/nb\/slidstaerke-nylon-maerker\/#breadcrumb","itemListElement":[{"@type":"ListItem","position":1,"name":"Hjem","item":"https:\/\/tyden.dk\/"},{"@type":"ListItem","position":2,"name":"Varer","item":"https:\/\/tyden.dk\/shop\/"},{"@type":"ListItem","position":3,"name":"Slidst\u00e6rke nylon m\u00e6rker"}]},{"@type":"WebSite","@id":"https:\/\/tyden.dk\/nb\/#website","url":"https:\/\/tyden.dk\/nb\/","name":"Tyden","description":"","publisher":{"@id":"https:\/\/tyden.dk\/nb\/#organization"},"potentialAction":[{"@type":"SearchAction","target":{"@type":"EntryPoint","urlTemplate":"https:\/\/tyden.dk\/nb\/?s={search_term_string}"},"query-input":{"@type":"PropertyValueSpecification","valueRequired":true,"valueName":"search_term_string"}}],"inLanguage":"nb-NO"},{"@type":"Organization","@id":"https:\/\/tyden.dk\/nb\/#organization","name":"Tyden","url":"https:\/\/tyden.dk\/nb\/","logo":{"@type":"ImageObject","inLanguage":"nb-NO","@id":"https:\/\/tyden.dk\/nb\/#\/schema\/logo\/image\/","url":"https:\/\/tyden.dk\/wp-content\/uploads\/2025\/05\/logo_3_2_4286.png","contentUrl":"https:\/\/tyden.dk\/wp-content\/uploads\/2025\/05\/logo_3_2_4286.png","width":341,"height":80,"caption":"Tyden"},"image":{"@id":"https:\/\/tyden.dk\/nb\/#\/schema\/logo\/image\/"},"sameAs":["https:\/\/www.facebook.com\/www.tyden.dk\/"]}]}},"_links":{"self":[{"href":"https:\/\/tyden.dk\/nb\/wp-json\/wp\/v2\/product\/1186","targetHints":{"allow":["GET"]}}],"collection":[{"href":"https:\/\/tyden.dk\/nb\/wp-json\/wp\/v2\/product"}],"about":[{"href":"https:\/\/tyden.dk\/nb\/wp-json\/wp\/v2\/types\/product"}],"replies":[{"embeddable":true,"href":"https:\/\/tyden.dk\/nb\/wp-json\/wp\/v2\/comments?post=1186"}],"wp:featuredmedia":[{"embeddable":true,"href":"https:\/\/tyden.dk\/nb\/wp-json\/wp\/v2\/media\/1650"}],"wp:attachment":[{"href":"https:\/\/tyden.dk\/nb\/wp-json\/wp\/v2\/media?parent=1186"}],"wp:term":[{"taxonomy":"product_brand","embeddable":true,"href":"https:\/\/tyden.dk\/nb\/wp-json\/wp\/v2\/product_brand?post=1186"},{"taxonomy":"product_cat","embeddable":true,"href":"https:\/\/tyden.dk\/nb\/wp-json\/wp\/v2\/product_cat?post=1186"},{"taxonomy":"product_tag","embeddable":true,"href":"https:\/\/tyden.dk\/nb\/wp-json\/wp\/v2\/product_tag?post=1186"}],"curies":[{"name":"wp","href":"https:\/\/api.w.org\/{rel}","templated":true}]}}