{"id":1126,"date":"2025-06-12T11:40:07","date_gmt":"2025-06-12T10:40:07","guid":{"rendered":"https:\/\/darkorange-jay-383513.hostingersite.com\/?post_type=product&#038;p=1126"},"modified":"2025-06-13T13:13:42","modified_gmt":"2025-06-13T12:13:42","slug":"equilok-justerbar-tetning","status":"publish","type":"product","link":"https:\/\/tyden.dk\/nb\/equilok-justerbar-tetning\/","title":{"rendered":"Equilok Justerbar blytetning"},"content":{"rendered":"<p>Designet for bruk p\u00e5 utstyr som krever en forsegling med en sterk l\u00e5semekanisme og som gir en rimelig vanskelighetsgrad mot fors\u00f8k p\u00e5 \u00e5 tukle med forseglingen. Denne justerbare, opptrekkbare plomben er laget av h\u00f8y tetthet<br \/>\nPolyetylen og Acetal (HDPA), noe som gj\u00f8r at den t\u00e5ler store temperaturvariasjoner. Ring for mer informasjon - farger - hva vi har p\u00e5 lager - ring for mer informasjon.<\/p>","protected":false},"excerpt":{"rendered":"<p>Equilok er en middels sterk, opptrekkbar sikkerhetsplombe.<\/p>","protected":false},"featured_media":1128,"comment_status":"open","ping_status":"closed","template":"","meta":[],"product_brand":[],"product_cat":[39,37],"product_tag":[],"class_list":{"0":"post-1126","1":"product","2":"type-product","3":"status-publish","4":"has-post-thumbnail","6":"product_cat-lastbilplomber","7":"product_cat-plastplomber","9":"first","10":"instock","11":"shipping-taxable","12":"product-type-simple"},"yoast_head":"<!-- This site is optimized with the Yoast SEO plugin v27.1.1 - https:\/\/yoast.com\/product\/yoast-seo-wordpress\/ -->\n<title>Equilok Justerbar plombe - Tyden<\/title>\n<meta name=\"robots\" content=\"index, follow, max-snippet:-1, max-image-preview:large, max-video-preview:-1\" \/>\n<link rel=\"canonical\" href=\"https:\/\/tyden.dk\/nb\/equilok-justerbar-tetning\/\" \/>\n<meta property=\"og:locale\" content=\"nb_NO\" \/>\n<meta property=\"og:type\" content=\"article\" \/>\n<meta property=\"og:title\" content=\"Equilok Justerbar plombe - Tyden\" \/>\n<meta property=\"og:description\" content=\"Equilok er en medium styrke, pull-upp sikkerheds plombe.\" \/>\n<meta property=\"og:url\" content=\"https:\/\/tyden.dk\/nb\/equilok-justerbar-tetning\/\" \/>\n<meta property=\"og:site_name\" content=\"Tyden\" \/>\n<meta property=\"article:publisher\" content=\"https:\/\/www.facebook.com\/www.tyden.dk\/\" \/>\n<meta property=\"article:modified_time\" content=\"2025-06-13T12:13:42+00:00\" \/>\n<meta property=\"og:image\" content=\"https:\/\/tyden.dk\/wp-content\/uploads\/2025\/06\/equilock-justerbar-blaa_5891-e1749724799516.jpg\" \/>\n\t<meta property=\"og:image:width\" content=\"187\" \/>\n\t<meta property=\"og:image:height\" content=\"187\" \/>\n\t<meta property=\"og:image:type\" content=\"image\/jpeg\" \/>\n<meta name=\"twitter:card\" content=\"summary_large_image\" \/>\n<script type=\"application\/ld+json\" class=\"yoast-schema-graph\">{\"@context\":\"https:\/\/schema.org\",\"@graph\":[{\"@type\":\"WebPage\",\"@id\":\"https:\/\/tyden.dk\/nb\/equilok-justerbar-tetning\/\",\"url\":\"https:\/\/tyden.dk\/nb\/equilok-justerbar-tetning\/\",\"name\":\"Equilok Justerbar plombe - Tyden\",\"isPartOf\":{\"@id\":\"https:\/\/tyden.dk\/nb\/#website\"},\"primaryImageOfPage\":{\"@id\":\"https:\/\/tyden.dk\/nb\/equilok-justerbar-tetning\/#primaryimage\"},\"image\":{\"@id\":\"https:\/\/tyden.dk\/nb\/equilok-justerbar-tetning\/#primaryimage\"},\"thumbnailUrl\":\"https:\/\/tyden.dk\/wp-content\/uploads\/2025\/06\/equilock-justerbar-blaa_5891-e1749724799516.jpg\",\"datePublished\":\"2025-06-12T10:40:07+00:00\",\"dateModified\":\"2025-06-13T12:13:42+00:00\",\"breadcrumb\":{\"@id\":\"https:\/\/tyden.dk\/nb\/equilok-justerbar-tetning\/#breadcrumb\"},\"inLanguage\":\"nb-NO\",\"potentialAction\":[{\"@type\":\"ReadAction\",\"target\":[\"https:\/\/tyden.dk\/nb\/equilok-justerbar-tetning\/\"]}]},{\"@type\":\"ImageObject\",\"inLanguage\":\"nb-NO\",\"@id\":\"https:\/\/tyden.dk\/nb\/equilok-justerbar-tetning\/#primaryimage\",\"url\":\"https:\/\/tyden.dk\/wp-content\/uploads\/2025\/06\/equilock-justerbar-blaa_5891-e1749724799516.jpg\",\"contentUrl\":\"https:\/\/tyden.dk\/wp-content\/uploads\/2025\/06\/equilock-justerbar-blaa_5891-e1749724799516.jpg\",\"width\":187,\"height\":187},{\"@type\":\"BreadcrumbList\",\"@id\":\"https:\/\/tyden.dk\/nb\/equilok-justerbar-tetning\/#breadcrumb\",\"itemListElement\":[{\"@type\":\"ListItem\",\"position\":1,\"name\":\"Hjem\",\"item\":\"https:\/\/tyden.dk\/\"},{\"@type\":\"ListItem\",\"position\":2,\"name\":\"Varer\",\"item\":\"https:\/\/tyden.dk\/shop\/\"},{\"@type\":\"ListItem\",\"position\":3,\"name\":\"Equilok Justerbar plombe\"}]},{\"@type\":\"WebSite\",\"@id\":\"https:\/\/tyden.dk\/nb\/#website\",\"url\":\"https:\/\/tyden.dk\/nb\/\",\"name\":\"Tyden\",\"description\":\"\",\"publisher\":{\"@id\":\"https:\/\/tyden.dk\/nb\/#organization\"},\"potentialAction\":[{\"@type\":\"SearchAction\",\"target\":{\"@type\":\"EntryPoint\",\"urlTemplate\":\"https:\/\/tyden.dk\/nb\/?s={search_term_string}\"},\"query-input\":{\"@type\":\"PropertyValueSpecification\",\"valueRequired\":true,\"valueName\":\"search_term_string\"}}],\"inLanguage\":\"nb-NO\"},{\"@type\":\"Organization\",\"@id\":\"https:\/\/tyden.dk\/nb\/#organization\",\"name\":\"Tyden\",\"url\":\"https:\/\/tyden.dk\/nb\/\",\"logo\":{\"@type\":\"ImageObject\",\"inLanguage\":\"nb-NO\",\"@id\":\"https:\/\/tyden.dk\/nb\/#\/schema\/logo\/image\/\",\"url\":\"https:\/\/tyden.dk\/wp-content\/uploads\/2025\/05\/logo_3_2_4286.png\",\"contentUrl\":\"https:\/\/tyden.dk\/wp-content\/uploads\/2025\/05\/logo_3_2_4286.png\",\"width\":341,\"height\":80,\"caption\":\"Tyden\"},\"image\":{\"@id\":\"https:\/\/tyden.dk\/nb\/#\/schema\/logo\/image\/\"},\"sameAs\":[\"https:\/\/www.facebook.com\/www.tyden.dk\/\"]}]}<\/script>\n<!-- \/ Yoast SEO plugin. -->","yoast_head_json":{"title":"Equilok Justerbar blytetning - Tyden","robots":{"index":"index","follow":"follow","max-snippet":"max-snippet:-1","max-image-preview":"max-image-preview:large","max-video-preview":"max-video-preview:-1"},"canonical":"https:\/\/tyden.dk\/nb\/equilok-justerbar-tetning\/","og_locale":"nb_NO","og_type":"article","og_title":"Equilok Justerbar plombe - Tyden","og_description":"Equilok er en medium styrke, pull-upp sikkerheds plombe.","og_url":"https:\/\/tyden.dk\/nb\/equilok-justerbar-tetning\/","og_site_name":"Tyden","article_publisher":"https:\/\/www.facebook.com\/www.tyden.dk\/","article_modified_time":"2025-06-13T12:13:42+00:00","og_image":[{"width":187,"height":187,"url":"https:\/\/tyden.dk\/wp-content\/uploads\/2025\/06\/equilock-justerbar-blaa_5891-e1749724799516.jpg","type":"image\/jpeg"}],"twitter_card":"summary_large_image","schema":{"@context":"https:\/\/schema.org","@graph":[{"@type":"WebPage","@id":"https:\/\/tyden.dk\/nb\/equilok-justerbar-tetning\/","url":"https:\/\/tyden.dk\/nb\/equilok-justerbar-tetning\/","name":"Equilok Justerbar blytetning - Tyden","isPartOf":{"@id":"https:\/\/tyden.dk\/nb\/#website"},"primaryImageOfPage":{"@id":"https:\/\/tyden.dk\/nb\/equilok-justerbar-tetning\/#primaryimage"},"image":{"@id":"https:\/\/tyden.dk\/nb\/equilok-justerbar-tetning\/#primaryimage"},"thumbnailUrl":"https:\/\/tyden.dk\/wp-content\/uploads\/2025\/06\/equilock-justerbar-blaa_5891-e1749724799516.jpg","datePublished":"2025-06-12T10:40:07+00:00","dateModified":"2025-06-13T12:13:42+00:00","breadcrumb":{"@id":"https:\/\/tyden.dk\/nb\/equilok-justerbar-tetning\/#breadcrumb"},"inLanguage":"nb-NO","potentialAction":[{"@type":"ReadAction","target":["https:\/\/tyden.dk\/nb\/equilok-justerbar-tetning\/"]}]},{"@type":"ImageObject","inLanguage":"nb-NO","@id":"https:\/\/tyden.dk\/nb\/equilok-justerbar-tetning\/#primaryimage","url":"https:\/\/tyden.dk\/wp-content\/uploads\/2025\/06\/equilock-justerbar-blaa_5891-e1749724799516.jpg","contentUrl":"https:\/\/tyden.dk\/wp-content\/uploads\/2025\/06\/equilock-justerbar-blaa_5891-e1749724799516.jpg","width":187,"height":187},{"@type":"BreadcrumbList","@id":"https:\/\/tyden.dk\/nb\/equilok-justerbar-tetning\/#breadcrumb","itemListElement":[{"@type":"ListItem","position":1,"name":"Hjem","item":"https:\/\/tyden.dk\/"},{"@type":"ListItem","position":2,"name":"Varer","item":"https:\/\/tyden.dk\/shop\/"},{"@type":"ListItem","position":3,"name":"Equilok Justerbar plombe"}]},{"@type":"WebSite","@id":"https:\/\/tyden.dk\/nb\/#website","url":"https:\/\/tyden.dk\/nb\/","name":"Tyden","description":"","publisher":{"@id":"https:\/\/tyden.dk\/nb\/#organization"},"potentialAction":[{"@type":"SearchAction","target":{"@type":"EntryPoint","urlTemplate":"https:\/\/tyden.dk\/nb\/?s={search_term_string}"},"query-input":{"@type":"PropertyValueSpecification","valueRequired":true,"valueName":"search_term_string"}}],"inLanguage":"nb-NO"},{"@type":"Organization","@id":"https:\/\/tyden.dk\/nb\/#organization","name":"Tyden","url":"https:\/\/tyden.dk\/nb\/","logo":{"@type":"ImageObject","inLanguage":"nb-NO","@id":"https:\/\/tyden.dk\/nb\/#\/schema\/logo\/image\/","url":"https:\/\/tyden.dk\/wp-content\/uploads\/2025\/05\/logo_3_2_4286.png","contentUrl":"https:\/\/tyden.dk\/wp-content\/uploads\/2025\/05\/logo_3_2_4286.png","width":341,"height":80,"caption":"Tyden"},"image":{"@id":"https:\/\/tyden.dk\/nb\/#\/schema\/logo\/image\/"},"sameAs":["https:\/\/www.facebook.com\/www.tyden.dk\/"]}]}},"_links":{"self":[{"href":"https:\/\/tyden.dk\/nb\/wp-json\/wp\/v2\/product\/1126","targetHints":{"allow":["GET"]}}],"collection":[{"href":"https:\/\/tyden.dk\/nb\/wp-json\/wp\/v2\/product"}],"about":[{"href":"https:\/\/tyden.dk\/nb\/wp-json\/wp\/v2\/types\/product"}],"replies":[{"embeddable":true,"href":"https:\/\/tyden.dk\/nb\/wp-json\/wp\/v2\/comments?post=1126"}],"wp:featuredmedia":[{"embeddable":true,"href":"https:\/\/tyden.dk\/nb\/wp-json\/wp\/v2\/media\/1128"}],"wp:attachment":[{"href":"https:\/\/tyden.dk\/nb\/wp-json\/wp\/v2\/media?parent=1126"}],"wp:term":[{"taxonomy":"product_brand","embeddable":true,"href":"https:\/\/tyden.dk\/nb\/wp-json\/wp\/v2\/product_brand?post=1126"},{"taxonomy":"product_cat","embeddable":true,"href":"https:\/\/tyden.dk\/nb\/wp-json\/wp\/v2\/product_cat?post=1126"},{"taxonomy":"product_tag","embeddable":true,"href":"https:\/\/tyden.dk\/nb\/wp-json\/wp\/v2\/product_tag?post=1126"}],"curies":[{"name":"wp","href":"https:\/\/api.w.org\/{rel}","templated":true}]}}