{"id":1106,"date":"2025-06-12T11:12:20","date_gmt":"2025-06-12T10:12:20","guid":{"rendered":"https:\/\/darkorange-jay-383513.hostingersite.com\/?post_type=product&#038;p=1106"},"modified":"2025-12-18T09:45:18","modified_gmt":"2025-12-18T08:45:18","slug":"gjenbrukbare-sjakler-for-sikring-av-grenseloese-baerere","status":"publish","type":"product","link":"https:\/\/tyden.dk\/nb\/gjenbrukbare-sjakler-for-sikring-av-grenseloese-baerere\/","title":{"rendered":"GJENBRUKBARE KLESHENGERE FOR SIKRING AV BYPASS"},"content":{"rendered":"<p>Kan gjenbrukes. V\u00e5re MT 15-tetninger eller THE 95-12W er egnet for tetning - mange andre tetninger kan ogs\u00e5 brukes.<\/p>\n<p>Brukes til \u00e5 feste mutteren p\u00e5 vann-, varme- og gassm\u00e5lere<br \/>\nFarger: HVITT eller TRANSPARENT - esker med 1000 stk.<\/p>\n<p><strong>Egnet for:<\/strong><br \/>\nDN 15 3\/4\u2033 DN 20 1\" DN 25 5\/4\" DN 40 2\"<\/p>","protected":false},"excerpt":{"rendered":"<p>Kan sikres med f.eks. MT 15-metertetning eller THE 95-12 W - men mange andre typer tetninger kan ogs\u00e5 brukes<\/p>","protected":false},"featured_media":1659,"comment_status":"open","ping_status":"closed","template":"","meta":[],"product_brand":[],"product_cat":[42,37,36],"product_tag":[],"class_list":{"0":"post-1106","1":"product","2":"type-product","3":"status-publish","4":"has-post-thumbnail","6":"product_cat-maalerplomber","7":"product_cat-plastplomber","8":"product_cat-plomber-til-maalere-brandslukkere-noedudgange","10":"first","11":"instock","12":"shipping-taxable","13":"product-type-simple"},"yoast_head":"<!-- This site is optimized with the Yoast SEO plugin v27.1.1 - https:\/\/yoast.com\/product\/yoast-seo-wordpress\/ -->\n<title>GENANVENDELIGE B\u00d8JLER TIL SIKRING AF OML\u00d8BERE - Tyden<\/title>\n<meta name=\"robots\" content=\"index, follow, max-snippet:-1, max-image-preview:large, max-video-preview:-1\" \/>\n<link rel=\"canonical\" href=\"https:\/\/tyden.dk\/nb\/gjenbrukbare-sjakler-for-sikring-av-grenseloese-baerere\/\" \/>\n<meta property=\"og:locale\" content=\"nb_NO\" \/>\n<meta property=\"og:type\" content=\"article\" \/>\n<meta property=\"og:title\" content=\"GENANVENDELIGE B\u00d8JLER TIL SIKRING AF OML\u00d8BERE - Tyden\" \/>\n<meta property=\"og:description\" content=\"Kan sikres med f.eks. MT 15 m\u00e5ler plombe eller THE 95-12 W - men mange andre typer plomber kan benyttes\" \/>\n<meta property=\"og:url\" content=\"https:\/\/tyden.dk\/nb\/gjenbrukbare-sjakler-for-sikring-av-grenseloese-baerere\/\" \/>\n<meta property=\"og:site_name\" content=\"Tyden\" \/>\n<meta property=\"article:publisher\" content=\"https:\/\/www.facebook.com\/www.tyden.dk\/\" \/>\n<meta property=\"article:modified_time\" content=\"2025-12-18T08:45:18+00:00\" \/>\n<meta property=\"og:image\" content=\"https:\/\/tyden.dk\/wp-content\/uploads\/2025\/06\/OMLOeBER-BOeJLE-GENANVENDELIG.png\" \/>\n\t<meta property=\"og:image:width\" content=\"1000\" \/>\n\t<meta property=\"og:image:height\" content=\"832\" \/>\n\t<meta property=\"og:image:type\" content=\"image\/png\" \/>\n<meta name=\"twitter:card\" content=\"summary_large_image\" \/>\n<meta name=\"twitter:label1\" content=\"Ansl. lesetid\" \/>\n\t<meta name=\"twitter:data1\" content=\"1 minutt\" \/>\n<script type=\"application\/ld+json\" class=\"yoast-schema-graph\">{\"@context\":\"https:\/\/schema.org\",\"@graph\":[{\"@type\":\"WebPage\",\"@id\":\"https:\/\/tyden.dk\/nb\/gjenbrukbare-sjakler-for-sikring-av-grenseloese-baerere\/\",\"url\":\"https:\/\/tyden.dk\/nb\/gjenbrukbare-sjakler-for-sikring-av-grenseloese-baerere\/\",\"name\":\"GENANVENDELIGE B\u00d8JLER TIL SIKRING AF OML\u00d8BERE - Tyden\",\"isPartOf\":{\"@id\":\"https:\/\/tyden.dk\/nb\/#website\"},\"primaryImageOfPage\":{\"@id\":\"https:\/\/tyden.dk\/nb\/gjenbrukbare-sjakler-for-sikring-av-grenseloese-baerere\/#primaryimage\"},\"image\":{\"@id\":\"https:\/\/tyden.dk\/nb\/gjenbrukbare-sjakler-for-sikring-av-grenseloese-baerere\/#primaryimage\"},\"thumbnailUrl\":\"https:\/\/tyden.dk\/wp-content\/uploads\/2025\/06\/OMLOeBER-BOeJLE-GENANVENDELIG.png\",\"datePublished\":\"2025-06-12T10:12:20+00:00\",\"dateModified\":\"2025-12-18T08:45:18+00:00\",\"breadcrumb\":{\"@id\":\"https:\/\/tyden.dk\/nb\/gjenbrukbare-sjakler-for-sikring-av-grenseloese-baerere\/#breadcrumb\"},\"inLanguage\":\"nb-NO\",\"potentialAction\":[{\"@type\":\"ReadAction\",\"target\":[\"https:\/\/tyden.dk\/nb\/gjenbrukbare-sjakler-for-sikring-av-grenseloese-baerere\/\"]}]},{\"@type\":\"ImageObject\",\"inLanguage\":\"nb-NO\",\"@id\":\"https:\/\/tyden.dk\/nb\/gjenbrukbare-sjakler-for-sikring-av-grenseloese-baerere\/#primaryimage\",\"url\":\"https:\/\/tyden.dk\/wp-content\/uploads\/2025\/06\/OMLOeBER-BOeJLE-GENANVENDELIG.png\",\"contentUrl\":\"https:\/\/tyden.dk\/wp-content\/uploads\/2025\/06\/OMLOeBER-BOeJLE-GENANVENDELIG.png\",\"width\":1000,\"height\":832},{\"@type\":\"BreadcrumbList\",\"@id\":\"https:\/\/tyden.dk\/nb\/gjenbrukbare-sjakler-for-sikring-av-grenseloese-baerere\/#breadcrumb\",\"itemListElement\":[{\"@type\":\"ListItem\",\"position\":1,\"name\":\"Hjem\",\"item\":\"https:\/\/tyden.dk\/\"},{\"@type\":\"ListItem\",\"position\":2,\"name\":\"Varer\",\"item\":\"https:\/\/tyden.dk\/shop\/\"},{\"@type\":\"ListItem\",\"position\":3,\"name\":\"GENANVENDELIGE B\u00d8JLER TIL SIKRING AF OML\u00d8BERE\"}]},{\"@type\":\"WebSite\",\"@id\":\"https:\/\/tyden.dk\/nb\/#website\",\"url\":\"https:\/\/tyden.dk\/nb\/\",\"name\":\"Tyden\",\"description\":\"\",\"publisher\":{\"@id\":\"https:\/\/tyden.dk\/nb\/#organization\"},\"potentialAction\":[{\"@type\":\"SearchAction\",\"target\":{\"@type\":\"EntryPoint\",\"urlTemplate\":\"https:\/\/tyden.dk\/nb\/?s={search_term_string}\"},\"query-input\":{\"@type\":\"PropertyValueSpecification\",\"valueRequired\":true,\"valueName\":\"search_term_string\"}}],\"inLanguage\":\"nb-NO\"},{\"@type\":\"Organization\",\"@id\":\"https:\/\/tyden.dk\/nb\/#organization\",\"name\":\"Tyden\",\"url\":\"https:\/\/tyden.dk\/nb\/\",\"logo\":{\"@type\":\"ImageObject\",\"inLanguage\":\"nb-NO\",\"@id\":\"https:\/\/tyden.dk\/nb\/#\/schema\/logo\/image\/\",\"url\":\"https:\/\/tyden.dk\/wp-content\/uploads\/2025\/05\/logo_3_2_4286.png\",\"contentUrl\":\"https:\/\/tyden.dk\/wp-content\/uploads\/2025\/05\/logo_3_2_4286.png\",\"width\":341,\"height\":80,\"caption\":\"Tyden\"},\"image\":{\"@id\":\"https:\/\/tyden.dk\/nb\/#\/schema\/logo\/image\/\"},\"sameAs\":[\"https:\/\/www.facebook.com\/www.tyden.dk\/\"]}]}<\/script>\n<!-- \/ Yoast SEO plugin. -->","yoast_head_json":{"title":"Gjenbrukbare hjul for sikkerhetsorienterte l\u00f8pere - Tyden","robots":{"index":"index","follow":"follow","max-snippet":"max-snippet:-1","max-image-preview":"max-image-preview:large","max-video-preview":"max-video-preview:-1"},"canonical":"https:\/\/tyden.dk\/nb\/gjenbrukbare-sjakler-for-sikring-av-grenseloese-baerere\/","og_locale":"nb_NO","og_type":"article","og_title":"GENANVENDELIGE B\u00d8JLER TIL SIKRING AF OML\u00d8BERE - Tyden","og_description":"Kan sikres med f.eks. MT 15 m\u00e5ler plombe eller THE 95-12 W - men mange andre typer plomber kan benyttes","og_url":"https:\/\/tyden.dk\/nb\/gjenbrukbare-sjakler-for-sikring-av-grenseloese-baerere\/","og_site_name":"Tyden","article_publisher":"https:\/\/www.facebook.com\/www.tyden.dk\/","article_modified_time":"2025-12-18T08:45:18+00:00","og_image":[{"width":1000,"height":832,"url":"https:\/\/tyden.dk\/wp-content\/uploads\/2025\/06\/OMLOeBER-BOeJLE-GENANVENDELIG.png","type":"image\/png"}],"twitter_card":"summary_large_image","twitter_misc":{"Ansl. lesetid":"1 minutt"},"schema":{"@context":"https:\/\/schema.org","@graph":[{"@type":"WebPage","@id":"https:\/\/tyden.dk\/nb\/gjenbrukbare-sjakler-for-sikring-av-grenseloese-baerere\/","url":"https:\/\/tyden.dk\/nb\/gjenbrukbare-sjakler-for-sikring-av-grenseloese-baerere\/","name":"Gjenbrukbare hjul for sikkerhetsorienterte l\u00f8pere - Tyden","isPartOf":{"@id":"https:\/\/tyden.dk\/nb\/#website"},"primaryImageOfPage":{"@id":"https:\/\/tyden.dk\/nb\/gjenbrukbare-sjakler-for-sikring-av-grenseloese-baerere\/#primaryimage"},"image":{"@id":"https:\/\/tyden.dk\/nb\/gjenbrukbare-sjakler-for-sikring-av-grenseloese-baerere\/#primaryimage"},"thumbnailUrl":"https:\/\/tyden.dk\/wp-content\/uploads\/2025\/06\/OMLOeBER-BOeJLE-GENANVENDELIG.png","datePublished":"2025-06-12T10:12:20+00:00","dateModified":"2025-12-18T08:45:18+00:00","breadcrumb":{"@id":"https:\/\/tyden.dk\/nb\/gjenbrukbare-sjakler-for-sikring-av-grenseloese-baerere\/#breadcrumb"},"inLanguage":"nb-NO","potentialAction":[{"@type":"ReadAction","target":["https:\/\/tyden.dk\/nb\/gjenbrukbare-sjakler-for-sikring-av-grenseloese-baerere\/"]}]},{"@type":"ImageObject","inLanguage":"nb-NO","@id":"https:\/\/tyden.dk\/nb\/gjenbrukbare-sjakler-for-sikring-av-grenseloese-baerere\/#primaryimage","url":"https:\/\/tyden.dk\/wp-content\/uploads\/2025\/06\/OMLOeBER-BOeJLE-GENANVENDELIG.png","contentUrl":"https:\/\/tyden.dk\/wp-content\/uploads\/2025\/06\/OMLOeBER-BOeJLE-GENANVENDELIG.png","width":1000,"height":832},{"@type":"BreadcrumbList","@id":"https:\/\/tyden.dk\/nb\/gjenbrukbare-sjakler-for-sikring-av-grenseloese-baerere\/#breadcrumb","itemListElement":[{"@type":"ListItem","position":1,"name":"Hjem","item":"https:\/\/tyden.dk\/"},{"@type":"ListItem","position":2,"name":"Varer","item":"https:\/\/tyden.dk\/shop\/"},{"@type":"ListItem","position":3,"name":"GENANVENDELIGE B\u00d8JLER TIL SIKRING AF OML\u00d8BERE"}]},{"@type":"WebSite","@id":"https:\/\/tyden.dk\/nb\/#website","url":"https:\/\/tyden.dk\/nb\/","name":"Tyden","description":"","publisher":{"@id":"https:\/\/tyden.dk\/nb\/#organization"},"potentialAction":[{"@type":"SearchAction","target":{"@type":"EntryPoint","urlTemplate":"https:\/\/tyden.dk\/nb\/?s={search_term_string}"},"query-input":{"@type":"PropertyValueSpecification","valueRequired":true,"valueName":"search_term_string"}}],"inLanguage":"nb-NO"},{"@type":"Organization","@id":"https:\/\/tyden.dk\/nb\/#organization","name":"Tyden","url":"https:\/\/tyden.dk\/nb\/","logo":{"@type":"ImageObject","inLanguage":"nb-NO","@id":"https:\/\/tyden.dk\/nb\/#\/schema\/logo\/image\/","url":"https:\/\/tyden.dk\/wp-content\/uploads\/2025\/05\/logo_3_2_4286.png","contentUrl":"https:\/\/tyden.dk\/wp-content\/uploads\/2025\/05\/logo_3_2_4286.png","width":341,"height":80,"caption":"Tyden"},"image":{"@id":"https:\/\/tyden.dk\/nb\/#\/schema\/logo\/image\/"},"sameAs":["https:\/\/www.facebook.com\/www.tyden.dk\/"]}]}},"_links":{"self":[{"href":"https:\/\/tyden.dk\/nb\/wp-json\/wp\/v2\/product\/1106","targetHints":{"allow":["GET"]}}],"collection":[{"href":"https:\/\/tyden.dk\/nb\/wp-json\/wp\/v2\/product"}],"about":[{"href":"https:\/\/tyden.dk\/nb\/wp-json\/wp\/v2\/types\/product"}],"replies":[{"embeddable":true,"href":"https:\/\/tyden.dk\/nb\/wp-json\/wp\/v2\/comments?post=1106"}],"wp:featuredmedia":[{"embeddable":true,"href":"https:\/\/tyden.dk\/nb\/wp-json\/wp\/v2\/media\/1659"}],"wp:attachment":[{"href":"https:\/\/tyden.dk\/nb\/wp-json\/wp\/v2\/media?parent=1106"}],"wp:term":[{"taxonomy":"product_brand","embeddable":true,"href":"https:\/\/tyden.dk\/nb\/wp-json\/wp\/v2\/product_brand?post=1106"},{"taxonomy":"product_cat","embeddable":true,"href":"https:\/\/tyden.dk\/nb\/wp-json\/wp\/v2\/product_cat?post=1106"},{"taxonomy":"product_tag","embeddable":true,"href":"https:\/\/tyden.dk\/nb\/wp-json\/wp\/v2\/product_tag?post=1106"}],"curies":[{"name":"wp","href":"https:\/\/api.w.org\/{rel}","templated":true}]}}