{"id":1058,"date":"2025-06-12T09:08:16","date_gmt":"2025-06-12T08:08:16","guid":{"rendered":"https:\/\/darkorange-jay-383513.hostingersite.com\/?post_type=product&#038;p=1058"},"modified":"2026-04-01T09:13:12","modified_gmt":"2026-04-01T08:13:12","slug":"ez-loc-seal","status":"publish","type":"product","link":"https:\/\/tyden.dk\/nb\/ez-loc-seal\/","title":{"rendered":"EZ LOC Kabeltetning - leveres i 1,5 mm \u00d8 \/ 2,5 mm \u00d8 \/ 3,2 mm \u00d8"},"content":{"rendered":"<p>Tre forskjellige \u00d8 p\u00e5 kabelen \u00f8ker bruksmulighetene.<\/p>\n<ol>\n<li>Mulighet for \u00e5 justere kabelen slik at den passer til alle bruksomr\u00e5der. Kabel \u00d8: 1,5 mm \/ 2,5 mm \/ 3 mm, alle 30 cm lange som standard.<\/li>\n<li>Mulighet for strekkode og\/eller fargekode og\/eller laserpreging. Kan preges med opptil 3 tegn og opptil 6 tall - merkes med TBE og nummer - levering fra dag til dag.<\/li>\n<li>Typisk bruksomr\u00e5de: Containere \/ lastebiler \/ jernbanevogner \/ t\u00f8nneforsegling \/ tankbiler \/ jernbanetankbiler<\/li>\n<\/ol>\n<p>1,5 mm \u00d8 tr\u00e5dlengde \/ 30 cm lang tr\u00e5d - FARGE SORT - min. 250 stk - med din egen preging - levering - 1-3 uker fra bestilling !!!!! - Det samme gjelder for v\u00e5r EZ -LOC 3,2 mm tr\u00e5d \u00d8 - 35 cm tr\u00e5d - fabrikkpreging i Storbritannia - levering innen 1-3 uker - FAST !!!!<\/p>\n<p>N\u00e5 kan vi ogs\u00e5 tilby \u00e5 prege QR-koder p\u00e5 v\u00e5re BLACK E- Z LOC - MIN. BESTILLING - MIN.\u00a0<a class=\"custom7\" href=\"https:\/\/darkorange-jay-383513.hostingersite.com\/kontakt\/\" target=\"_self\">RING FOR MER INFORMASJON<\/a><\/p>\n<p>Kabeltetning 1,5 mm \u00d8 - ISO 17712 Sikkerhet <span class=\"wixui-rich-text__text\">\u200b<\/span>&gt;3 kilonewton \/ 300 kg<\/p>\n<p>Kabeltetning 2,5 mm \u00d8 - ISO 17712 Sikkerhet - &gt;6 kilonewton \/ 600 kg<\/p>\n<p>Kabeltetning 3,5 mm \u00d8 - ISO 17712 HIGH Security &amp; C-TPAT - &gt;12 kilonewton \/ 1200 kg<\/p>\n<p>Kabeltetning 5,0 mm \u00d8 - ISO 17712 HIGH Security &amp; C-TPAT - &gt;16 kilonewton \/ 1 600 kg<\/p>","protected":false},"excerpt":{"rendered":"<p>Middels kraftig l\u00e5s med mange muligheter for merking.<\/p>\n<p>Kabeltetning 1,5 mm \u00d8 - ISO 17712 Sikkerhet <span class=\"wixui-rich-text__text\">\u200b<\/span>&gt;3 kilonewton \/ 300 kg<\/p>\n<p>Kabeltetning 2,5 mm \u00d8 - ISO 17712 Sikkerhet - &gt;6 kilonewton \/ 600 kg<\/p>\n<p>Kabeltetning 3,5 mm \u00d8 - ISO 17712 HIGH Security &amp; C-TPAT - &gt;12 kilonewton \/ 1200 kg<\/p>\n<p>Kabeltetning 5,0 mm \u00d8 - ISO 17712 HIGH Security &amp; C-TPAT - &gt;16 kilonewton \/ 1 600 kg<\/p>","protected":false},"featured_media":1945,"comment_status":"open","ping_status":"closed","template":"","meta":[],"product_brand":[],"product_cat":[44,27,39],"product_tag":[],"class_list":{"0":"post-1058","1":"product","2":"type-product","3":"status-publish","4":"has-post-thumbnail","6":"product_cat-kabelforsegling","7":"product_cat-kabelplomber","8":"product_cat-lastbilplomber","10":"first","11":"instock","12":"shipping-taxable","13":"product-type-simple"},"yoast_head":"<!-- This site is optimized with the Yoast SEO plugin v27.1.1 - https:\/\/yoast.com\/product\/yoast-seo-wordpress\/ -->\n<title>EZ LOC Kabel plombe - kommer i 1,5 mm \u00d8 \/ 2,5 mm \u00d8 \/ 3,2 mm \u00d8 - Tyden<\/title>\n<meta name=\"robots\" content=\"index, follow, max-snippet:-1, max-image-preview:large, max-video-preview:-1\" \/>\n<link rel=\"canonical\" href=\"https:\/\/tyden.dk\/nb\/ez-loc-seal\/\" \/>\n<meta property=\"og:locale\" content=\"nb_NO\" \/>\n<meta property=\"og:type\" content=\"article\" \/>\n<meta property=\"og:title\" content=\"EZ LOC Kabel plombe - kommer i 1,5 mm \u00d8 \/ 2,5 mm \u00d8 \/ 3,2 mm \u00d8 - Tyden\" \/>\n<meta property=\"og:description\" content=\"Medium kraftig l\u00e5s, med mange muligheder for m\u00e6rkning.  Kabelplombe 1,5 mm \u00d8 - ISO 17712 Security - \u200b&gt;3 kilonewton \/ 300kg  Kabelplombe 2,5 mm \u00d8 - ISO 17712 Security - &gt;6 kilonewton \/ 600kg  Kabelplombe 3,5 mm \u00d8 - ISO 17712 HIGH Security &amp; C-TPAT - &gt;12 kilonewton \/ 1.200kg  Kabelplombe 5,0 mm \u00d8 - ISO 17712 HIGH Security &amp; C-TPAT -\u00a0 &gt;16 kilonewton \/ 1.600kg\" \/>\n<meta property=\"og:url\" content=\"https:\/\/tyden.dk\/nb\/ez-loc-seal\/\" \/>\n<meta property=\"og:site_name\" content=\"Tyden\" \/>\n<meta property=\"article:publisher\" content=\"https:\/\/www.facebook.com\/www.tyden.dk\/\" \/>\n<meta property=\"article:modified_time\" content=\"2026-04-01T08:13:12+00:00\" \/>\n<meta property=\"og:image\" content=\"https:\/\/tyden.dk\/wp-content\/uploads\/2025\/06\/EZ-LOC-15-mm-Oe-gul.webp\" \/>\n\t<meta property=\"og:image:width\" content=\"1443\" \/>\n\t<meta property=\"og:image:height\" content=\"1200\" \/>\n\t<meta property=\"og:image:type\" content=\"image\/webp\" \/>\n<meta name=\"twitter:card\" content=\"summary_large_image\" \/>\n<meta name=\"twitter:label1\" content=\"Ansl. lesetid\" \/>\n\t<meta name=\"twitter:data1\" content=\"2 minutter\" \/>\n<script type=\"application\/ld+json\" class=\"yoast-schema-graph\">{\"@context\":\"https:\/\/schema.org\",\"@graph\":[{\"@type\":\"WebPage\",\"@id\":\"https:\/\/tyden.dk\/nb\/ez-loc-seal\/\",\"url\":\"https:\/\/tyden.dk\/nb\/ez-loc-seal\/\",\"name\":\"EZ LOC Kabel plombe - kommer i 1,5 mm \u00d8 \/ 2,5 mm \u00d8 \/ 3,2 mm \u00d8 - Tyden\",\"isPartOf\":{\"@id\":\"https:\/\/tyden.dk\/nb\/#website\"},\"primaryImageOfPage\":{\"@id\":\"https:\/\/tyden.dk\/nb\/ez-loc-seal\/#primaryimage\"},\"image\":{\"@id\":\"https:\/\/tyden.dk\/nb\/ez-loc-seal\/#primaryimage\"},\"thumbnailUrl\":\"https:\/\/tyden.dk\/wp-content\/uploads\/2025\/06\/EZ-LOC-15-mm-Oe-gul.webp\",\"datePublished\":\"2025-06-12T08:08:16+00:00\",\"dateModified\":\"2026-04-01T08:13:12+00:00\",\"breadcrumb\":{\"@id\":\"https:\/\/tyden.dk\/nb\/ez-loc-seal\/#breadcrumb\"},\"inLanguage\":\"nb-NO\",\"potentialAction\":[{\"@type\":\"ReadAction\",\"target\":[\"https:\/\/tyden.dk\/nb\/ez-loc-seal\/\"]}]},{\"@type\":\"ImageObject\",\"inLanguage\":\"nb-NO\",\"@id\":\"https:\/\/tyden.dk\/nb\/ez-loc-seal\/#primaryimage\",\"url\":\"https:\/\/tyden.dk\/wp-content\/uploads\/2025\/06\/EZ-LOC-15-mm-Oe-gul.webp\",\"contentUrl\":\"https:\/\/tyden.dk\/wp-content\/uploads\/2025\/06\/EZ-LOC-15-mm-Oe-gul.webp\",\"width\":1443,\"height\":1200},{\"@type\":\"BreadcrumbList\",\"@id\":\"https:\/\/tyden.dk\/nb\/ez-loc-seal\/#breadcrumb\",\"itemListElement\":[{\"@type\":\"ListItem\",\"position\":1,\"name\":\"Hjem\",\"item\":\"https:\/\/tyden.dk\/\"},{\"@type\":\"ListItem\",\"position\":2,\"name\":\"Varer\",\"item\":\"https:\/\/tyden.dk\/shop\/\"},{\"@type\":\"ListItem\",\"position\":3,\"name\":\"EZ LOC Kabel plombe &#8211; kommer i 1,5 mm \u00d8 \/ 2,5 mm \u00d8 \/ 3,2 mm \u00d8\"}]},{\"@type\":\"WebSite\",\"@id\":\"https:\/\/tyden.dk\/nb\/#website\",\"url\":\"https:\/\/tyden.dk\/nb\/\",\"name\":\"Tyden\",\"description\":\"\",\"publisher\":{\"@id\":\"https:\/\/tyden.dk\/nb\/#organization\"},\"potentialAction\":[{\"@type\":\"SearchAction\",\"target\":{\"@type\":\"EntryPoint\",\"urlTemplate\":\"https:\/\/tyden.dk\/nb\/?s={search_term_string}\"},\"query-input\":{\"@type\":\"PropertyValueSpecification\",\"valueRequired\":true,\"valueName\":\"search_term_string\"}}],\"inLanguage\":\"nb-NO\"},{\"@type\":\"Organization\",\"@id\":\"https:\/\/tyden.dk\/nb\/#organization\",\"name\":\"Tyden\",\"url\":\"https:\/\/tyden.dk\/nb\/\",\"logo\":{\"@type\":\"ImageObject\",\"inLanguage\":\"nb-NO\",\"@id\":\"https:\/\/tyden.dk\/nb\/#\/schema\/logo\/image\/\",\"url\":\"https:\/\/tyden.dk\/wp-content\/uploads\/2025\/05\/logo_3_2_4286.png\",\"contentUrl\":\"https:\/\/tyden.dk\/wp-content\/uploads\/2025\/05\/logo_3_2_4286.png\",\"width\":341,\"height\":80,\"caption\":\"Tyden\"},\"image\":{\"@id\":\"https:\/\/tyden.dk\/nb\/#\/schema\/logo\/image\/\"},\"sameAs\":[\"https:\/\/www.facebook.com\/www.tyden.dk\/\"]}]}<\/script>\n<!-- \/ Yoast SEO plugin. -->","yoast_head_json":{"title":"EZ LOC Kabeltetning - leveres i 1,5 mm \u00d8 \/ 2,5 mm \u00d8 \/ 3,2 mm \u00d8 - Tyden","robots":{"index":"index","follow":"follow","max-snippet":"max-snippet:-1","max-image-preview":"max-image-preview:large","max-video-preview":"max-video-preview:-1"},"canonical":"https:\/\/tyden.dk\/nb\/ez-loc-seal\/","og_locale":"nb_NO","og_type":"article","og_title":"EZ LOC Kabel plombe - kommer i 1,5 mm \u00d8 \/ 2,5 mm \u00d8 \/ 3,2 mm \u00d8 - Tyden","og_description":"Medium kraftig l\u00e5s, med mange muligheder for m\u00e6rkning.  Kabelplombe 1,5 mm \u00d8 - ISO 17712 Security - \u200b&gt;3 kilonewton \/ 300kg  Kabelplombe 2,5 mm \u00d8 - ISO 17712 Security - &gt;6 kilonewton \/ 600kg  Kabelplombe 3,5 mm \u00d8 - ISO 17712 HIGH Security &amp; C-TPAT - &gt;12 kilonewton \/ 1.200kg  Kabelplombe 5,0 mm \u00d8 - ISO 17712 HIGH Security &amp; C-TPAT -\u00a0 &gt;16 kilonewton \/ 1.600kg","og_url":"https:\/\/tyden.dk\/nb\/ez-loc-seal\/","og_site_name":"Tyden","article_publisher":"https:\/\/www.facebook.com\/www.tyden.dk\/","article_modified_time":"2026-04-01T08:13:12+00:00","og_image":[{"width":1443,"height":1200,"url":"https:\/\/tyden.dk\/wp-content\/uploads\/2025\/06\/EZ-LOC-15-mm-Oe-gul.webp","type":"image\/webp"}],"twitter_card":"summary_large_image","twitter_misc":{"Ansl. lesetid":"2 minutter"},"schema":{"@context":"https:\/\/schema.org","@graph":[{"@type":"WebPage","@id":"https:\/\/tyden.dk\/nb\/ez-loc-seal\/","url":"https:\/\/tyden.dk\/nb\/ez-loc-seal\/","name":"EZ LOC Kabeltetning - leveres i 1,5 mm \u00d8 \/ 2,5 mm \u00d8 \/ 3,2 mm \u00d8 - Tyden","isPartOf":{"@id":"https:\/\/tyden.dk\/nb\/#website"},"primaryImageOfPage":{"@id":"https:\/\/tyden.dk\/nb\/ez-loc-seal\/#primaryimage"},"image":{"@id":"https:\/\/tyden.dk\/nb\/ez-loc-seal\/#primaryimage"},"thumbnailUrl":"https:\/\/tyden.dk\/wp-content\/uploads\/2025\/06\/EZ-LOC-15-mm-Oe-gul.webp","datePublished":"2025-06-12T08:08:16+00:00","dateModified":"2026-04-01T08:13:12+00:00","breadcrumb":{"@id":"https:\/\/tyden.dk\/nb\/ez-loc-seal\/#breadcrumb"},"inLanguage":"nb-NO","potentialAction":[{"@type":"ReadAction","target":["https:\/\/tyden.dk\/nb\/ez-loc-seal\/"]}]},{"@type":"ImageObject","inLanguage":"nb-NO","@id":"https:\/\/tyden.dk\/nb\/ez-loc-seal\/#primaryimage","url":"https:\/\/tyden.dk\/wp-content\/uploads\/2025\/06\/EZ-LOC-15-mm-Oe-gul.webp","contentUrl":"https:\/\/tyden.dk\/wp-content\/uploads\/2025\/06\/EZ-LOC-15-mm-Oe-gul.webp","width":1443,"height":1200},{"@type":"BreadcrumbList","@id":"https:\/\/tyden.dk\/nb\/ez-loc-seal\/#breadcrumb","itemListElement":[{"@type":"ListItem","position":1,"name":"Hjem","item":"https:\/\/tyden.dk\/"},{"@type":"ListItem","position":2,"name":"Varer","item":"https:\/\/tyden.dk\/shop\/"},{"@type":"ListItem","position":3,"name":"EZ LOC Kabel plombe &#8211; kommer i 1,5 mm \u00d8 \/ 2,5 mm \u00d8 \/ 3,2 mm \u00d8"}]},{"@type":"WebSite","@id":"https:\/\/tyden.dk\/nb\/#website","url":"https:\/\/tyden.dk\/nb\/","name":"Tyden","description":"","publisher":{"@id":"https:\/\/tyden.dk\/nb\/#organization"},"potentialAction":[{"@type":"SearchAction","target":{"@type":"EntryPoint","urlTemplate":"https:\/\/tyden.dk\/nb\/?s={search_term_string}"},"query-input":{"@type":"PropertyValueSpecification","valueRequired":true,"valueName":"search_term_string"}}],"inLanguage":"nb-NO"},{"@type":"Organization","@id":"https:\/\/tyden.dk\/nb\/#organization","name":"Tyden","url":"https:\/\/tyden.dk\/nb\/","logo":{"@type":"ImageObject","inLanguage":"nb-NO","@id":"https:\/\/tyden.dk\/nb\/#\/schema\/logo\/image\/","url":"https:\/\/tyden.dk\/wp-content\/uploads\/2025\/05\/logo_3_2_4286.png","contentUrl":"https:\/\/tyden.dk\/wp-content\/uploads\/2025\/05\/logo_3_2_4286.png","width":341,"height":80,"caption":"Tyden"},"image":{"@id":"https:\/\/tyden.dk\/nb\/#\/schema\/logo\/image\/"},"sameAs":["https:\/\/www.facebook.com\/www.tyden.dk\/"]}]}},"_links":{"self":[{"href":"https:\/\/tyden.dk\/nb\/wp-json\/wp\/v2\/product\/1058","targetHints":{"allow":["GET"]}}],"collection":[{"href":"https:\/\/tyden.dk\/nb\/wp-json\/wp\/v2\/product"}],"about":[{"href":"https:\/\/tyden.dk\/nb\/wp-json\/wp\/v2\/types\/product"}],"replies":[{"embeddable":true,"href":"https:\/\/tyden.dk\/nb\/wp-json\/wp\/v2\/comments?post=1058"}],"wp:featuredmedia":[{"embeddable":true,"href":"https:\/\/tyden.dk\/nb\/wp-json\/wp\/v2\/media\/1945"}],"wp:attachment":[{"href":"https:\/\/tyden.dk\/nb\/wp-json\/wp\/v2\/media?parent=1058"}],"wp:term":[{"taxonomy":"product_brand","embeddable":true,"href":"https:\/\/tyden.dk\/nb\/wp-json\/wp\/v2\/product_brand?post=1058"},{"taxonomy":"product_cat","embeddable":true,"href":"https:\/\/tyden.dk\/nb\/wp-json\/wp\/v2\/product_cat?post=1058"},{"taxonomy":"product_tag","embeddable":true,"href":"https:\/\/tyden.dk\/nb\/wp-json\/wp\/v2\/product_tag?post=1058"}],"curies":[{"name":"wp","href":"https:\/\/api.w.org\/{rel}","templated":true}]}}