{"id":710,"date":"2025-06-10T19:54:30","date_gmt":"2025-06-10T18:54:30","guid":{"rendered":"https:\/\/darkorange-jay-383513.hostingersite.com\/?page_id=710"},"modified":"2026-03-11T13:20:28","modified_gmt":"2026-03-11T12:20:28","slug":"kontakt","status":"publish","type":"page","link":"https:\/\/tyden.dk\/nb\/kontakt\/","title":{"rendered":"Kontakt"},"content":{"rendered":"\t\t<div data-elementor-type=\"wp-page\" data-elementor-id=\"710\" class=\"elementor elementor-710\" data-elementor-post-type=\"page\">\n\t\t\t\t<div class=\"elementor-element elementor-element-9602b4a e-flex e-con-boxed e-con e-parent\" data-id=\"9602b4a\" data-element_type=\"container\" data-e-type=\"container\" data-settings=\"{&quot;background_background&quot;:&quot;classic&quot;}\">\n\t\t\t\t\t<div class=\"e-con-inner\">\n\t\t<div class=\"elementor-element elementor-element-18f2fd7 e-con-full e-flex e-con e-child\" data-id=\"18f2fd7\" data-element_type=\"container\" data-e-type=\"container\">\n\t\t\t\t<div class=\"elementor-element elementor-element-f7e6b9e elementor-invisible elementor-widget elementor-widget-heading\" data-id=\"f7e6b9e\" data-element_type=\"widget\" data-e-type=\"widget\" data-settings=\"{&quot;_animation&quot;:&quot;fadeInLeft&quot;}\" data-widget_type=\"heading.default\">\n\t\t\t\t<div class=\"elementor-widget-container\">\n\t\t\t\t\t<h1 class=\"elementor-heading-title elementor-size-default\">Kontakt os<\/h1>\t\t\t\t<\/div>\n\t\t\t\t<\/div>\n\t\t\t\t<div class=\"elementor-element elementor-element-61fd624 elementor-widget__width-initial elementor-widget-mobile__width-inherit elementor-invisible elementor-widget elementor-widget-text-editor\" data-id=\"61fd624\" data-element_type=\"widget\" data-e-type=\"widget\" data-settings=\"{&quot;_animation&quot;:&quot;fadeIn&quot;,&quot;_animation_delay&quot;:600}\" data-widget_type=\"text-editor.default\">\n\t\t\t\t<div class=\"elementor-widget-container\">\n\t\t\t\t\t\t\t\t\t<p>Her p\u00e5 siden finder du vores kontaktinformationer.\u200b<\/p>\t\t\t\t\t\t\t\t<\/div>\n\t\t\t\t<\/div>\n\t\t\t\t<\/div>\n\t\t\t\t\t<\/div>\n\t\t\t\t<\/div>\n\t\t\t\t<section class=\"elementor-section elementor-top-section elementor-element elementor-element-7e602f37 elementor-section-boxed elementor-section-height-default elementor-section-height-default\" data-id=\"7e602f37\" data-element_type=\"section\" data-e-type=\"section\">\n\t\t\t\t\t\t<div class=\"elementor-container elementor-column-gap-default\">\n\t\t\t\t\t<div class=\"elementor-column elementor-col-100 elementor-top-column elementor-element elementor-element-49b67dee\" data-id=\"49b67dee\" data-element_type=\"column\" data-e-type=\"column\">\n\t\t\t<div class=\"elementor-widget-wrap elementor-element-populated\">\n\t\t\t\t\t\t<div class=\"elementor-element elementor-element-8f42d73 elementor-widget elementor-widget-elementskit-heading\" data-id=\"8f42d73\" data-element_type=\"widget\" data-e-type=\"widget\" data-widget_type=\"elementskit-heading.default\">\n\t\t\t\t<div class=\"elementor-widget-container\">\n\t\t\t\t\t<div class=\"ekit-wid-con\" ><div class=\"ekit-heading elementskit-section-title-wraper text_center   ekit_heading_tablet-   ekit_heading_mobile-text_left\"><h2 class=\"ekit-heading--title elementskit-section-title \">Kontakt informationer<\/h2><\/div><\/div>\t\t\t\t<\/div>\n\t\t\t\t<\/div>\n\t\t\t\t\t<\/div>\n\t\t<\/div>\n\t\t\t\t\t<\/div>\n\t\t<\/section>\n\t\t\t\t<section class=\"elementor-section elementor-top-section elementor-element elementor-element-3737eaf5 elementor-section-boxed elementor-section-height-default elementor-section-height-default\" data-id=\"3737eaf5\" data-element_type=\"section\" data-e-type=\"section\">\n\t\t\t\t\t\t<div class=\"elementor-container elementor-column-gap-default\">\n\t\t\t\t\t<div class=\"elementor-column elementor-col-33 elementor-top-column elementor-element elementor-element-57328c39 elementor-invisible\" data-id=\"57328c39\" data-element_type=\"column\" data-e-type=\"column\" data-settings=\"{&quot;background_background&quot;:&quot;classic&quot;,&quot;animation&quot;:&quot;zoomIn&quot;}\">\n\t\t\t<div class=\"elementor-widget-wrap elementor-element-populated\">\n\t\t\t\t\t\t<div class=\"elementor-element elementor-element-60b851fe elementor-widget elementor-widget-image\" data-id=\"60b851fe\" data-element_type=\"widget\" data-e-type=\"widget\" data-widget_type=\"image.default\">\n\t\t\t\t<div class=\"elementor-widget-container\">\n\t\t\t\t\t\t\t\t\t\t\t\t\t\t\t<img decoding=\"async\" width=\"48\" height=\"48\" src=\"https:\/\/tyden.dk\/wp-content\/uploads\/2025\/06\/i15.png\" class=\"attachment-full size-full wp-image-713\" alt=\"\" \/>\t\t\t\t\t\t\t\t\t\t\t\t\t\t\t<\/div>\n\t\t\t\t<\/div>\n\t\t\t\t<div class=\"elementor-element elementor-element-1efb863a elementor-widget elementor-widget-heading\" data-id=\"1efb863a\" data-element_type=\"widget\" data-e-type=\"widget\" data-widget_type=\"heading.default\">\n\t\t\t\t<div class=\"elementor-widget-container\">\n\t\t\t\t\t<div class=\"elementor-heading-title elementor-size-default\">Telefon<\/div>\t\t\t\t<\/div>\n\t\t\t\t<\/div>\n\t\t\t\t<div class=\"elementor-element elementor-element-47260f60 elementor-widget elementor-widget-heading\" data-id=\"47260f60\" data-element_type=\"widget\" data-e-type=\"widget\" data-widget_type=\"heading.default\">\n\t\t\t\t<div class=\"elementor-widget-container\">\n\t\t\t\t\t<div class=\"elementor-heading-title elementor-size-default\"><a href=\"tel:(+45)%203968%202634%20%20\">(+45) 3968 2634  \n<\/a><\/div>\t\t\t\t<\/div>\n\t\t\t\t<\/div>\n\t\t\t\t\t<\/div>\n\t\t<\/div>\n\t\t\t\t<div class=\"elementor-column elementor-col-33 elementor-top-column elementor-element elementor-element-6faddbd0 elementor-invisible\" data-id=\"6faddbd0\" data-element_type=\"column\" data-e-type=\"column\" data-settings=\"{&quot;background_background&quot;:&quot;classic&quot;,&quot;animation&quot;:&quot;zoomIn&quot;,&quot;animation_delay&quot;:500}\">\n\t\t\t<div class=\"elementor-widget-wrap elementor-element-populated\">\n\t\t\t\t\t\t<div class=\"elementor-element elementor-element-71266458 elementor-widget elementor-widget-image\" data-id=\"71266458\" data-element_type=\"widget\" data-e-type=\"widget\" data-widget_type=\"image.default\">\n\t\t\t\t<div class=\"elementor-widget-container\">\n\t\t\t\t\t\t\t\t\t\t\t\t\t\t\t<img decoding=\"async\" width=\"48\" height=\"48\" src=\"https:\/\/tyden.dk\/wp-content\/uploads\/2025\/06\/i16.png\" class=\"attachment-full size-full wp-image-714\" alt=\"\" \/>\t\t\t\t\t\t\t\t\t\t\t\t\t\t\t<\/div>\n\t\t\t\t<\/div>\n\t\t\t\t<div class=\"elementor-element elementor-element-300bf4ae elementor-widget elementor-widget-heading\" data-id=\"300bf4ae\" data-element_type=\"widget\" data-e-type=\"widget\" data-widget_type=\"heading.default\">\n\t\t\t\t<div class=\"elementor-widget-container\">\n\t\t\t\t\t<div class=\"elementor-heading-title elementor-size-default\">E-Mail<\/div>\t\t\t\t<\/div>\n\t\t\t\t<\/div>\n\t\t\t\t<div class=\"elementor-element elementor-element-767cabeb elementor-widget elementor-widget-heading\" data-id=\"767cabeb\" data-element_type=\"widget\" data-e-type=\"widget\" data-widget_type=\"heading.default\">\n\t\t\t\t<div class=\"elementor-widget-container\">\n\t\t\t\t\t<div class=\"elementor-heading-title elementor-size-default\"><a href=\"mailto:kontakt@tyden.dk\">kontakt@tyden.dk<\/a><\/div>\t\t\t\t<\/div>\n\t\t\t\t<\/div>\n\t\t\t\t\t<\/div>\n\t\t<\/div>\n\t\t\t\t<div class=\"elementor-column elementor-col-33 elementor-top-column elementor-element elementor-element-2255fd4d elementor-invisible\" data-id=\"2255fd4d\" data-element_type=\"column\" data-e-type=\"column\" data-settings=\"{&quot;background_background&quot;:&quot;classic&quot;,&quot;animation&quot;:&quot;zoomIn&quot;,&quot;animation_delay&quot;:1000}\">\n\t\t\t<div class=\"elementor-widget-wrap elementor-element-populated\">\n\t\t\t\t\t\t<div class=\"elementor-element elementor-element-4330207e elementor-widget elementor-widget-image\" data-id=\"4330207e\" data-element_type=\"widget\" data-e-type=\"widget\" data-widget_type=\"image.default\">\n\t\t\t\t<div class=\"elementor-widget-container\">\n\t\t\t\t\t\t\t\t\t\t\t\t\t\t\t<img decoding=\"async\" width=\"48\" height=\"48\" src=\"https:\/\/tyden.dk\/wp-content\/uploads\/2025\/06\/i17.png\" class=\"attachment-full size-full wp-image-715\" alt=\"\" \/>\t\t\t\t\t\t\t\t\t\t\t\t\t\t\t<\/div>\n\t\t\t\t<\/div>\n\t\t\t\t<div class=\"elementor-element elementor-element-53799caf elementor-widget elementor-widget-heading\" data-id=\"53799caf\" data-element_type=\"widget\" data-e-type=\"widget\" data-widget_type=\"heading.default\">\n\t\t\t\t<div class=\"elementor-widget-container\">\n\t\t\t\t\t<div class=\"elementor-heading-title elementor-size-default\">Adresse<\/div>\t\t\t\t<\/div>\n\t\t\t\t<\/div>\n\t\t\t\t<div class=\"elementor-element elementor-element-36ca5ba5 elementor-widget elementor-widget-heading\" data-id=\"36ca5ba5\" data-element_type=\"widget\" data-e-type=\"widget\" data-widget_type=\"heading.default\">\n\t\t\t\t<div class=\"elementor-widget-container\">\n\t\t\t\t\t<div class=\"elementor-heading-title elementor-size-default\">Stolpeg\u00e5rdsvej 7, \n\n2820 Gentofte<\/div>\t\t\t\t<\/div>\n\t\t\t\t<\/div>\n\t\t\t\t\t<\/div>\n\t\t<\/div>\n\t\t\t\t\t<\/div>\n\t\t<\/section>\n\t\t<div class=\"elementor-element elementor-element-f876736 e-flex e-con-boxed e-con e-parent\" data-id=\"f876736\" data-element_type=\"container\" data-e-type=\"container\">\n\t\t\t\t\t<div class=\"e-con-inner\">\n\t\t<div class=\"elementor-element elementor-element-516511b e-con-full e-flex e-con e-child\" data-id=\"516511b\" data-element_type=\"container\" data-e-type=\"container\">\n\t\t\t\t<div class=\"elementor-element elementor-element-2f886d0 elementor-widget elementor-widget-elementskit-heading\" data-id=\"2f886d0\" data-element_type=\"widget\" data-e-type=\"widget\" data-widget_type=\"elementskit-heading.default\">\n\t\t\t\t<div class=\"elementor-widget-container\">\n\t\t\t\t\t<div class=\"ekit-wid-con\" ><div class=\"ekit-heading elementskit-section-title-wraper text_left   ekit_heading_tablet-   ekit_heading_mobile-\"><h3 class=\"ekit-heading--title elementskit-section-title \">Kontakt os<\/h3><\/div><\/div>\t\t\t\t<\/div>\n\t\t\t\t<\/div>\n\t\t\t\t<div class=\"elementor-element elementor-element-001bfcf elementor-widget elementor-widget-text-editor\" data-id=\"001bfcf\" data-element_type=\"widget\" data-e-type=\"widget\" data-widget_type=\"text-editor.default\">\n\t\t\t\t<div class=\"elementor-widget-container\">\n\t\t\t\t\t\t\t\t\t<p>Hvis du har sp\u00f8rgsm\u00e5l eller \u00f8nsker mere information om vores produkter, er du altid meget velkommen til at kontakte os.<\/p><p>Du kan ogs\u00e5 altid bede om et uforpligtende tilbud, tilpasset dine behov og krav eller foresp\u00f8rgsel p\u00e5 varepr\u00f8ver.<\/p><p>Udfyld formularen eller ring direkte til og p\u00e5 nedenst\u00e5ende link.<\/p>\t\t\t\t\t\t\t\t<\/div>\n\t\t\t\t<\/div>\n\t\t\t\t<div class=\"elementor-element elementor-element-e0d3139 elementor-align-left elementor-widget elementor-widget-button\" data-id=\"e0d3139\" data-element_type=\"widget\" data-e-type=\"widget\" data-widget_type=\"button.default\">\n\t\t\t\t<div class=\"elementor-widget-container\">\n\t\t\t\t\t\t\t\t\t<div class=\"elementor-button-wrapper\">\n\t\t\t\t\t<a class=\"elementor-button elementor-button-link elementor-size-sm\" href=\"tel:%20+45%203968%202634\">\n\t\t\t\t\t\t<span class=\"elementor-button-content-wrapper\">\n\t\t\t\t\t\t<span class=\"elementor-button-icon\">\n\t\t\t\t<svg aria-hidden=\"true\" class=\"e-font-icon-svg e-fas-arrow-right\" viewBox=\"0 0 448 512\" xmlns=\"http:\/\/www.w3.org\/2000\/svg\"><path d=\"M190.5 66.9l22.2-22.2c9.4-9.4 24.6-9.4 33.9 0L441 239c9.4 9.4 9.4 24.6 0 33.9L246.6 467.3c-9.4 9.4-24.6 9.4-33.9 0l-22.2-22.2c-9.5-9.5-9.3-25 .4-34.3L311.4 296H24c-13.3 0-24-10.7-24-24v-32c0-13.3 10.7-24 24-24h287.4L190.9 101.2c-9.8-9.3-10-24.8-.4-34.3z\"><\/path><\/svg>\t\t\t<\/span>\n\t\t\t\t\t\t\t\t\t<span class=\"elementor-button-text\">Ring til os<\/span>\n\t\t\t\t\t<\/span>\n\t\t\t\t\t<\/a>\n\t\t\t\t<\/div>\n\t\t\t\t\t\t\t\t<\/div>\n\t\t\t\t<\/div>\n\t\t\t\t<\/div>\n\t\t<div class=\"elementor-element elementor-element-e9da181 e-con-full e-flex e-con e-child\" data-id=\"e9da181\" data-element_type=\"container\" data-e-type=\"container\">\n\t\t\t\t<div class=\"elementor-element elementor-element-1ef0122 elementor-button-align-start elementor-widget elementor-widget-form\" data-id=\"1ef0122\" data-element_type=\"widget\" data-e-type=\"widget\" data-settings=\"{&quot;step_next_label&quot;:&quot;Next&quot;,&quot;step_previous_label&quot;:&quot;Previous&quot;,&quot;button_width&quot;:&quot;100&quot;,&quot;step_type&quot;:&quot;number_text&quot;,&quot;step_icon_shape&quot;:&quot;circle&quot;}\" data-widget_type=\"form.default\">\n\t\t\t\t<div class=\"elementor-widget-container\">\n\t\t\t\t\t\t\t<form class=\"elementor-form\" method=\"post\" name=\"New Form\">\n\t\t\t<input type=\"hidden\" name=\"post_id\" value=\"710\"\/>\n\t\t\t<input type=\"hidden\" name=\"form_id\" value=\"1ef0122\"\/>\n\t\t\t<input type=\"hidden\" name=\"referer_title\" value=\"Kontakt - Tyden\" \/>\n\n\t\t\t\t\t\t\t<input type=\"hidden\" name=\"queried_id\" value=\"710\"\/>\n\t\t\t\n\t\t\t<div class=\"elementor-form-fields-wrapper elementor-labels-above\">\n\t\t\t\t\t\t\t\t<div class=\"elementor-field-type-text elementor-field-group elementor-column elementor-field-group-name elementor-col-50\">\n\t\t\t\t\t\t\t\t\t\t\t\t<label for=\"form-field-name\" class=\"elementor-field-label\">\n\t\t\t\t\t\t\t\tFornavn\t\t\t\t\t\t\t<\/label>\n\t\t\t\t\t\t\t\t\t\t\t\t\t\t<input size=\"1\" type=\"text\" name=\"form_fields[name]\" id=\"form-field-name\" class=\"elementor-field elementor-size-md  elementor-field-textual\" placeholder=\"Indtast dit fornavn\">\n\t\t\t\t\t\t\t\t\t\t\t<\/div>\n\t\t\t\t\t\t\t\t<div class=\"elementor-field-type-text elementor-field-group elementor-column elementor-field-group-field_558abcc elementor-col-50\">\n\t\t\t\t\t\t\t\t\t\t\t\t<label for=\"form-field-field_558abcc\" class=\"elementor-field-label\">\n\t\t\t\t\t\t\t\tEfternavn\t\t\t\t\t\t\t<\/label>\n\t\t\t\t\t\t\t\t\t\t\t\t\t\t<input size=\"1\" type=\"text\" name=\"form_fields[field_558abcc]\" id=\"form-field-field_558abcc\" class=\"elementor-field elementor-size-md  elementor-field-textual\" placeholder=\"Indtast dit efternavn\">\n\t\t\t\t\t\t\t\t\t\t\t<\/div>\n\t\t\t\t\t\t\t\t<div class=\"elementor-field-type-tel elementor-field-group elementor-column elementor-field-group-field_3864b87 elementor-col-50\">\n\t\t\t\t\t\t\t\t\t\t\t\t<label for=\"form-field-field_3864b87\" class=\"elementor-field-label\">\n\t\t\t\t\t\t\t\tTelefon\t\t\t\t\t\t\t<\/label>\n\t\t\t\t\t\t\t\t<input size=\"1\" type=\"tel\" name=\"form_fields[field_3864b87]\" id=\"form-field-field_3864b87\" class=\"elementor-field elementor-size-md  elementor-field-textual\" placeholder=\"Indtast dit telefonnummer\" pattern=\"[0-9()#&amp;+*-=.]+\" title=\"Kun tal og telefontegn (#, -, * osv.) accepteres.\">\n\n\t\t\t\t\t\t<\/div>\n\t\t\t\t\t\t\t\t<div class=\"elementor-field-type-email elementor-field-group elementor-column elementor-field-group-field_6f07d1a elementor-col-50\">\n\t\t\t\t\t\t\t\t\t\t\t\t<label for=\"form-field-field_6f07d1a\" class=\"elementor-field-label\">\n\t\t\t\t\t\t\t\tE-mail\t\t\t\t\t\t\t<\/label>\n\t\t\t\t\t\t\t\t\t\t\t\t\t\t<input size=\"1\" type=\"email\" name=\"form_fields[field_6f07d1a]\" id=\"form-field-field_6f07d1a\" class=\"elementor-field elementor-size-md  elementor-field-textual\" placeholder=\"Indtast din e-mail\">\n\t\t\t\t\t\t\t\t\t\t\t<\/div>\n\t\t\t\t\t\t\t\t<div class=\"elementor-field-type-textarea elementor-field-group elementor-column elementor-field-group-message elementor-col-100\">\n\t\t\t\t\t\t\t\t\t\t\t\t<label for=\"form-field-message\" class=\"elementor-field-label\">\n\t\t\t\t\t\t\t\tForesp\u00f8rgsel\t\t\t\t\t\t\t<\/label>\n\t\t\t\t\t\t<textarea class=\"elementor-field-textual elementor-field  elementor-size-md\" name=\"form_fields[message]\" id=\"form-field-message\" rows=\"4\" placeholder=\"Hvad kan vi hj\u00e6lpe dig med?\"><\/textarea>\t\t\t\t<\/div>\n\t\t\t\t\t\t\t\t<div class=\"elementor-field-type-recaptcha_v3 elementor-field-group elementor-column elementor-field-group-field_a8913a7 elementor-col-100 recaptcha_v3-bottomright\">\n\t\t\t\t\t<div class=\"elementor-field\" id=\"form-field-field_a8913a7\"><div class=\"elementor-g-recaptcha\" data-sitekey=\"6Ld1zwEsAAAAAKUz2WAhJFd8hYUBhVzK5A4dNB4k\" data-type=\"v3\" data-action=\"Form\" data-badge=\"bottomright\" data-size=\"invisible\"><\/div><\/div>\t\t\t\t<\/div>\n\t\t\t\t\t\t\t\t<div class=\"elementor-field-group elementor-column elementor-field-type-submit elementor-col-100 e-form__buttons\">\n\t\t\t\t\t<button class=\"elementor-button elementor-size-sm\" type=\"submit\">\n\t\t\t\t\t\t<span class=\"elementor-button-content-wrapper\">\n\t\t\t\t\t\t\t\t\t\t\t\t\t\t\t\t\t\t\t\t\t\t<span class=\"elementor-button-text\">SEND besked<\/span>\n\t\t\t\t\t\t\t\t\t\t\t\t\t<\/span>\n\t\t\t\t\t<\/button>\n\t\t\t\t<\/div>\n\t\t\t<\/div>\n\t\t<\/form>\n\t\t\t\t\t\t<\/div>\n\t\t\t\t<\/div>\n\t\t\t\t<\/div>\n\t\t\t\t\t<\/div>\n\t\t\t\t<\/div>\n\t\t\t\t<\/div>\n\t\t","protected":false},"excerpt":{"rendered":"<p>Kontakt os Her p\u00e5 siden finder du vores kontaktinformationer.\u200b Kontakt informationer Telefon (+45) 3968 2634 E-Mail kontakt@tyden.dk Adresse Stolpeg\u00e5rdsvej 7, 2820 Gentofte Kontakt os Hvis du har sp\u00f8rgsm\u00e5l eller \u00f8nsker mere information om vores produkter, er du altid meget velkommen til at kontakte os. Du kan ogs\u00e5 altid bede om et uforpligtende tilbud, tilpasset dine [&hellip;]<\/p>\n","protected":false},"author":1,"featured_media":0,"parent":0,"menu_order":0,"comment_status":"closed","ping_status":"closed","template":"elementor_header_footer","meta":{"footnotes":""},"class_list":["post-710","page","type-page","status-publish","hentry"],"yoast_head":"<!-- This site is optimized with the Yoast SEO plugin v27.1.1 - https:\/\/yoast.com\/product\/yoast-seo-wordpress\/ -->\n<title>Kontakt - Tyden<\/title>\n<meta name=\"robots\" content=\"index, follow, max-snippet:-1, max-image-preview:large, max-video-preview:-1\" \/>\n<link rel=\"canonical\" href=\"https:\/\/tyden.dk\/nb\/kontakt\/\" \/>\n<meta property=\"og:locale\" content=\"nb_NO\" \/>\n<meta property=\"og:type\" content=\"article\" \/>\n<meta property=\"og:title\" content=\"Kontakt - Tyden\" \/>\n<meta property=\"og:description\" content=\"Kontakt os Her p\u00e5 siden finder du vores kontaktinformationer.\u200b Kontakt informationer Telefon (+45) 3968 2634 E-Mail kontakt@tyden.dk Adresse Stolpeg\u00e5rdsvej 7, 2820 Gentofte Kontakt os Hvis du har sp\u00f8rgsm\u00e5l eller \u00f8nsker mere information om vores produkter, er du altid meget velkommen til at kontakte os. Du kan ogs\u00e5 altid bede om et uforpligtende tilbud, tilpasset dine [&hellip;]\" \/>\n<meta property=\"og:url\" content=\"https:\/\/tyden.dk\/nb\/kontakt\/\" \/>\n<meta property=\"og:site_name\" content=\"Tyden\" \/>\n<meta property=\"article:publisher\" content=\"https:\/\/www.facebook.com\/www.tyden.dk\/\" \/>\n<meta property=\"article:modified_time\" content=\"2026-03-11T12:20:28+00:00\" \/>\n<meta property=\"og:image\" content=\"https:\/\/tyden.dk\/wp-content\/uploads\/2025\/06\/i15.png\" \/>\n<meta name=\"twitter:card\" content=\"summary_large_image\" \/>\n<meta name=\"twitter:label1\" content=\"Ansl. lesetid\" \/>\n\t<meta name=\"twitter:data1\" content=\"2 minutter\" \/>\n<script type=\"application\/ld+json\" class=\"yoast-schema-graph\">{\"@context\":\"https:\/\/schema.org\",\"@graph\":[{\"@type\":\"WebPage\",\"@id\":\"https:\/\/tyden.dk\/nb\/kontakt\/\",\"url\":\"https:\/\/tyden.dk\/nb\/kontakt\/\",\"name\":\"Kontakt - Tyden\",\"isPartOf\":{\"@id\":\"https:\/\/tyden.dk\/nb\/#website\"},\"primaryImageOfPage\":{\"@id\":\"https:\/\/tyden.dk\/nb\/kontakt\/#primaryimage\"},\"image\":{\"@id\":\"https:\/\/tyden.dk\/nb\/kontakt\/#primaryimage\"},\"thumbnailUrl\":\"https:\/\/tyden.dk\/wp-content\/uploads\/2025\/06\/i15.png\",\"datePublished\":\"2025-06-10T18:54:30+00:00\",\"dateModified\":\"2026-03-11T12:20:28+00:00\",\"breadcrumb\":{\"@id\":\"https:\/\/tyden.dk\/nb\/kontakt\/#breadcrumb\"},\"inLanguage\":\"nb-NO\",\"potentialAction\":[{\"@type\":\"ReadAction\",\"target\":[\"https:\/\/tyden.dk\/nb\/kontakt\/\"]}]},{\"@type\":\"ImageObject\",\"inLanguage\":\"nb-NO\",\"@id\":\"https:\/\/tyden.dk\/nb\/kontakt\/#primaryimage\",\"url\":\"https:\/\/tyden.dk\/wp-content\/uploads\/2025\/06\/i15.png\",\"contentUrl\":\"https:\/\/tyden.dk\/wp-content\/uploads\/2025\/06\/i15.png\"},{\"@type\":\"BreadcrumbList\",\"@id\":\"https:\/\/tyden.dk\/nb\/kontakt\/#breadcrumb\",\"itemListElement\":[{\"@type\":\"ListItem\",\"position\":1,\"name\":\"Hjem\",\"item\":\"https:\/\/tyden.dk\/\"},{\"@type\":\"ListItem\",\"position\":2,\"name\":\"Kontakt\"}]},{\"@type\":\"WebSite\",\"@id\":\"https:\/\/tyden.dk\/nb\/#website\",\"url\":\"https:\/\/tyden.dk\/nb\/\",\"name\":\"Tyden\",\"description\":\"\",\"publisher\":{\"@id\":\"https:\/\/tyden.dk\/nb\/#organization\"},\"potentialAction\":[{\"@type\":\"SearchAction\",\"target\":{\"@type\":\"EntryPoint\",\"urlTemplate\":\"https:\/\/tyden.dk\/nb\/?s={search_term_string}\"},\"query-input\":{\"@type\":\"PropertyValueSpecification\",\"valueRequired\":true,\"valueName\":\"search_term_string\"}}],\"inLanguage\":\"nb-NO\"},{\"@type\":\"Organization\",\"@id\":\"https:\/\/tyden.dk\/nb\/#organization\",\"name\":\"Tyden\",\"url\":\"https:\/\/tyden.dk\/nb\/\",\"logo\":{\"@type\":\"ImageObject\",\"inLanguage\":\"nb-NO\",\"@id\":\"https:\/\/tyden.dk\/nb\/#\/schema\/logo\/image\/\",\"url\":\"https:\/\/tyden.dk\/wp-content\/uploads\/2025\/05\/logo_3_2_4286.png\",\"contentUrl\":\"https:\/\/tyden.dk\/wp-content\/uploads\/2025\/05\/logo_3_2_4286.png\",\"width\":341,\"height\":80,\"caption\":\"Tyden\"},\"image\":{\"@id\":\"https:\/\/tyden.dk\/nb\/#\/schema\/logo\/image\/\"},\"sameAs\":[\"https:\/\/www.facebook.com\/www.tyden.dk\/\"]}]}<\/script>\n<!-- \/ Yoast SEO plugin. -->","yoast_head_json":{"title":"Kontakt - Tyden","robots":{"index":"index","follow":"follow","max-snippet":"max-snippet:-1","max-image-preview":"max-image-preview:large","max-video-preview":"max-video-preview:-1"},"canonical":"https:\/\/tyden.dk\/nb\/kontakt\/","og_locale":"nb_NO","og_type":"article","og_title":"Kontakt - Tyden","og_description":"Kontakt os Her p\u00e5 siden finder du vores kontaktinformationer.\u200b Kontakt informationer Telefon (+45) 3968 2634 E-Mail kontakt@tyden.dk Adresse Stolpeg\u00e5rdsvej 7, 2820 Gentofte Kontakt os Hvis du har sp\u00f8rgsm\u00e5l eller \u00f8nsker mere information om vores produkter, er du altid meget velkommen til at kontakte os. Du kan ogs\u00e5 altid bede om et uforpligtende tilbud, tilpasset dine [&hellip;]","og_url":"https:\/\/tyden.dk\/nb\/kontakt\/","og_site_name":"Tyden","article_publisher":"https:\/\/www.facebook.com\/www.tyden.dk\/","article_modified_time":"2026-03-11T12:20:28+00:00","og_image":[{"url":"https:\/\/tyden.dk\/wp-content\/uploads\/2025\/06\/i15.png","type":"","width":"","height":""}],"twitter_card":"summary_large_image","twitter_misc":{"Ansl. lesetid":"2 minutter"},"schema":{"@context":"https:\/\/schema.org","@graph":[{"@type":"WebPage","@id":"https:\/\/tyden.dk\/nb\/kontakt\/","url":"https:\/\/tyden.dk\/nb\/kontakt\/","name":"Kontakt - Tyden","isPartOf":{"@id":"https:\/\/tyden.dk\/nb\/#website"},"primaryImageOfPage":{"@id":"https:\/\/tyden.dk\/nb\/kontakt\/#primaryimage"},"image":{"@id":"https:\/\/tyden.dk\/nb\/kontakt\/#primaryimage"},"thumbnailUrl":"https:\/\/tyden.dk\/wp-content\/uploads\/2025\/06\/i15.png","datePublished":"2025-06-10T18:54:30+00:00","dateModified":"2026-03-11T12:20:28+00:00","breadcrumb":{"@id":"https:\/\/tyden.dk\/nb\/kontakt\/#breadcrumb"},"inLanguage":"nb-NO","potentialAction":[{"@type":"ReadAction","target":["https:\/\/tyden.dk\/nb\/kontakt\/"]}]},{"@type":"ImageObject","inLanguage":"nb-NO","@id":"https:\/\/tyden.dk\/nb\/kontakt\/#primaryimage","url":"https:\/\/tyden.dk\/wp-content\/uploads\/2025\/06\/i15.png","contentUrl":"https:\/\/tyden.dk\/wp-content\/uploads\/2025\/06\/i15.png"},{"@type":"BreadcrumbList","@id":"https:\/\/tyden.dk\/nb\/kontakt\/#breadcrumb","itemListElement":[{"@type":"ListItem","position":1,"name":"Hjem","item":"https:\/\/tyden.dk\/"},{"@type":"ListItem","position":2,"name":"Kontakt"}]},{"@type":"WebSite","@id":"https:\/\/tyden.dk\/nb\/#website","url":"https:\/\/tyden.dk\/nb\/","name":"Tyden","description":"","publisher":{"@id":"https:\/\/tyden.dk\/nb\/#organization"},"potentialAction":[{"@type":"SearchAction","target":{"@type":"EntryPoint","urlTemplate":"https:\/\/tyden.dk\/nb\/?s={search_term_string}"},"query-input":{"@type":"PropertyValueSpecification","valueRequired":true,"valueName":"search_term_string"}}],"inLanguage":"nb-NO"},{"@type":"Organization","@id":"https:\/\/tyden.dk\/nb\/#organization","name":"Tyden","url":"https:\/\/tyden.dk\/nb\/","logo":{"@type":"ImageObject","inLanguage":"nb-NO","@id":"https:\/\/tyden.dk\/nb\/#\/schema\/logo\/image\/","url":"https:\/\/tyden.dk\/wp-content\/uploads\/2025\/05\/logo_3_2_4286.png","contentUrl":"https:\/\/tyden.dk\/wp-content\/uploads\/2025\/05\/logo_3_2_4286.png","width":341,"height":80,"caption":"Tyden"},"image":{"@id":"https:\/\/tyden.dk\/nb\/#\/schema\/logo\/image\/"},"sameAs":["https:\/\/www.facebook.com\/www.tyden.dk\/"]}]}},"_links":{"self":[{"href":"https:\/\/tyden.dk\/nb\/wp-json\/wp\/v2\/pages\/710","targetHints":{"allow":["GET"]}}],"collection":[{"href":"https:\/\/tyden.dk\/nb\/wp-json\/wp\/v2\/pages"}],"about":[{"href":"https:\/\/tyden.dk\/nb\/wp-json\/wp\/v2\/types\/page"}],"author":[{"embeddable":true,"href":"https:\/\/tyden.dk\/nb\/wp-json\/wp\/v2\/users\/1"}],"replies":[{"embeddable":true,"href":"https:\/\/tyden.dk\/nb\/wp-json\/wp\/v2\/comments?post=710"}],"version-history":[{"count":24,"href":"https:\/\/tyden.dk\/nb\/wp-json\/wp\/v2\/pages\/710\/revisions"}],"predecessor-version":[{"id":1958,"href":"https:\/\/tyden.dk\/nb\/wp-json\/wp\/v2\/pages\/710\/revisions\/1958"}],"wp:attachment":[{"href":"https:\/\/tyden.dk\/nb\/wp-json\/wp\/v2\/media?parent=710"}],"curies":[{"name":"wp","href":"https:\/\/api.w.org\/{rel}","templated":true}]}}