{"id":555,"date":"2025-06-04T18:42:21","date_gmt":"2025-06-04T17:42:21","guid":{"rendered":"https:\/\/darkorange-jay-383513.hostingersite.com\/?post_type=product&#038;p=555"},"modified":"2025-08-20T11:25:19","modified_gmt":"2025-08-20T10:25:19","slug":"tyden-metal-seals-customs-approved","status":"publish","type":"product","link":"https:\/\/tyden.dk\/en\/tyden-metal-seals-customs-approved\/","title":{"rendered":"Tyden metal seals - customs approved"},"content":{"rendered":"<p>Barcode option \/ can be ordered with coloured seal head \/ coloured band, and also the option to order the seal with rounded edges on the band.<\/p>\n<p>Standard dimensions: 22 x 0.9 cm. Can be embossed with up to 17 characters and numbering from 5 to 9 digits.<\/p>\n<p>Typical application: Containers \/ Trucks \/ Railway wagons and many other purposes.<\/p>\n<p>Extension application - TYDEN TIE - can be ordered in rolls of 30 metres to help where Tyden Metal Strap itself is not long enough.<\/p>\n<p>We always have TYDEN METAL TOLD seals in stock - bundles of 100 pieces - boxes of 1000 pieces labelled with<\/p>\n<p>SEALED and number - Fast delivery<\/p>","protected":false},"excerpt":{"rendered":"<p>Effective \/ simple \/ strong metal seal with double locking rings.<br \/>\nA world standard for more than 100 years.<\/p>","protected":false},"featured_media":1594,"comment_status":"open","ping_status":"closed","template":"","meta":[],"product_brand":[],"product_cat":[39,22],"product_tag":[],"class_list":{"0":"post-555","1":"product","2":"type-product","3":"status-publish","4":"has-post-thumbnail","6":"product_cat-lastbilplomber","7":"product_cat-metalplomber","9":"first","10":"instock","11":"shipping-taxable","12":"product-type-simple"},"yoast_head":"<!-- This site is optimized with the Yoast SEO plugin v27.1.1 - https:\/\/yoast.com\/product\/yoast-seo-wordpress\/ -->\n<title>Tyden metalplomber - toldgodkendt - Tyden<\/title>\n<meta name=\"robots\" content=\"index, follow, max-snippet:-1, max-image-preview:large, max-video-preview:-1\" \/>\n<link rel=\"canonical\" href=\"https:\/\/tyden.dk\/en\/tyden-metal-seals-customs-approved\/\" \/>\n<meta property=\"og:locale\" content=\"en_GB\" \/>\n<meta property=\"og:type\" content=\"article\" \/>\n<meta property=\"og:title\" content=\"Tyden metalplomber - toldgodkendt - Tyden\" \/>\n<meta property=\"og:description\" content=\"Effektiv \/ enkel \/ st\u00e6rk metalplombe med dobbelt l\u00e5se ringe. En verdens standard i mere end 100 \u00e5r.\" \/>\n<meta property=\"og:url\" content=\"https:\/\/tyden.dk\/en\/tyden-metal-seals-customs-approved\/\" \/>\n<meta property=\"og:site_name\" content=\"Tyden\" \/>\n<meta property=\"article:publisher\" content=\"https:\/\/www.facebook.com\/www.tyden.dk\/\" \/>\n<meta property=\"article:modified_time\" content=\"2025-08-20T10:25:19+00:00\" \/>\n<meta property=\"og:image\" content=\"https:\/\/tyden.dk\/wp-content\/uploads\/2025\/06\/Tyden-Metal-Ball-Seal-2.webp\" \/>\n\t<meta property=\"og:image:width\" content=\"960\" \/>\n\t<meta property=\"og:image:height\" content=\"1280\" \/>\n\t<meta property=\"og:image:type\" content=\"image\/webp\" \/>\n<meta name=\"twitter:card\" content=\"summary_large_image\" \/>\n<meta name=\"twitter:label1\" content=\"Estimated reading time\" \/>\n\t<meta name=\"twitter:data1\" content=\"1 minute\" \/>\n<script type=\"application\/ld+json\" class=\"yoast-schema-graph\">{\"@context\":\"https:\/\/schema.org\",\"@graph\":[{\"@type\":\"WebPage\",\"@id\":\"https:\/\/tyden.dk\/en\/tyden-metal-seals-customs-approved\/\",\"url\":\"https:\/\/tyden.dk\/en\/tyden-metal-seals-customs-approved\/\",\"name\":\"Tyden metalplomber - toldgodkendt - Tyden\",\"isPartOf\":{\"@id\":\"https:\/\/tyden.dk\/en\/#website\"},\"primaryImageOfPage\":{\"@id\":\"https:\/\/tyden.dk\/en\/tyden-metal-seals-customs-approved\/#primaryimage\"},\"image\":{\"@id\":\"https:\/\/tyden.dk\/en\/tyden-metal-seals-customs-approved\/#primaryimage\"},\"thumbnailUrl\":\"https:\/\/tyden.dk\/wp-content\/uploads\/2025\/06\/Tyden-Metal-Ball-Seal-2.webp\",\"datePublished\":\"2025-06-04T17:42:21+00:00\",\"dateModified\":\"2025-08-20T10:25:19+00:00\",\"breadcrumb\":{\"@id\":\"https:\/\/tyden.dk\/en\/tyden-metal-seals-customs-approved\/#breadcrumb\"},\"inLanguage\":\"en-GB\",\"potentialAction\":[{\"@type\":\"ReadAction\",\"target\":[\"https:\/\/tyden.dk\/en\/tyden-metal-seals-customs-approved\/\"]}]},{\"@type\":\"ImageObject\",\"inLanguage\":\"en-GB\",\"@id\":\"https:\/\/tyden.dk\/en\/tyden-metal-seals-customs-approved\/#primaryimage\",\"url\":\"https:\/\/tyden.dk\/wp-content\/uploads\/2025\/06\/Tyden-Metal-Ball-Seal-2.webp\",\"contentUrl\":\"https:\/\/tyden.dk\/wp-content\/uploads\/2025\/06\/Tyden-Metal-Ball-Seal-2.webp\",\"width\":960,\"height\":1280},{\"@type\":\"BreadcrumbList\",\"@id\":\"https:\/\/tyden.dk\/en\/tyden-metal-seals-customs-approved\/#breadcrumb\",\"itemListElement\":[{\"@type\":\"ListItem\",\"position\":1,\"name\":\"Hjem\",\"item\":\"https:\/\/tyden.dk\/\"},{\"@type\":\"ListItem\",\"position\":2,\"name\":\"Varer\",\"item\":\"https:\/\/tyden.dk\/shop\/\"},{\"@type\":\"ListItem\",\"position\":3,\"name\":\"Tyden metalplomber &#8211; toldgodkendt\"}]},{\"@type\":\"WebSite\",\"@id\":\"https:\/\/tyden.dk\/en\/#website\",\"url\":\"https:\/\/tyden.dk\/en\/\",\"name\":\"Tyden\",\"description\":\"\",\"publisher\":{\"@id\":\"https:\/\/tyden.dk\/en\/#organization\"},\"potentialAction\":[{\"@type\":\"SearchAction\",\"target\":{\"@type\":\"EntryPoint\",\"urlTemplate\":\"https:\/\/tyden.dk\/en\/?s={search_term_string}\"},\"query-input\":{\"@type\":\"PropertyValueSpecification\",\"valueRequired\":true,\"valueName\":\"search_term_string\"}}],\"inLanguage\":\"en-GB\"},{\"@type\":\"Organization\",\"@id\":\"https:\/\/tyden.dk\/en\/#organization\",\"name\":\"Tyden\",\"url\":\"https:\/\/tyden.dk\/en\/\",\"logo\":{\"@type\":\"ImageObject\",\"inLanguage\":\"en-GB\",\"@id\":\"https:\/\/tyden.dk\/en\/#\/schema\/logo\/image\/\",\"url\":\"https:\/\/tyden.dk\/wp-content\/uploads\/2025\/05\/logo_3_2_4286.png\",\"contentUrl\":\"https:\/\/tyden.dk\/wp-content\/uploads\/2025\/05\/logo_3_2_4286.png\",\"width\":341,\"height\":80,\"caption\":\"Tyden\"},\"image\":{\"@id\":\"https:\/\/tyden.dk\/en\/#\/schema\/logo\/image\/\"},\"sameAs\":[\"https:\/\/www.facebook.com\/www.tyden.dk\/\"]}]}<\/script>\n<!-- \/ Yoast SEO plugin. -->","yoast_head_json":{"title":"Tyden metal seals - customs approved - Tyden","robots":{"index":"index","follow":"follow","max-snippet":"max-snippet:-1","max-image-preview":"max-image-preview:large","max-video-preview":"max-video-preview:-1"},"canonical":"https:\/\/tyden.dk\/en\/tyden-metal-seals-customs-approved\/","og_locale":"en_GB","og_type":"article","og_title":"Tyden metalplomber - toldgodkendt - Tyden","og_description":"Effektiv \/ enkel \/ st\u00e6rk metalplombe med dobbelt l\u00e5se ringe. En verdens standard i mere end 100 \u00e5r.","og_url":"https:\/\/tyden.dk\/en\/tyden-metal-seals-customs-approved\/","og_site_name":"Tyden","article_publisher":"https:\/\/www.facebook.com\/www.tyden.dk\/","article_modified_time":"2025-08-20T10:25:19+00:00","og_image":[{"width":960,"height":1280,"url":"https:\/\/tyden.dk\/wp-content\/uploads\/2025\/06\/Tyden-Metal-Ball-Seal-2.webp","type":"image\/webp"}],"twitter_card":"summary_large_image","twitter_misc":{"Estimated reading time":"1 minute"},"schema":{"@context":"https:\/\/schema.org","@graph":[{"@type":"WebPage","@id":"https:\/\/tyden.dk\/en\/tyden-metal-seals-customs-approved\/","url":"https:\/\/tyden.dk\/en\/tyden-metal-seals-customs-approved\/","name":"Tyden metal seals - customs approved - Tyden","isPartOf":{"@id":"https:\/\/tyden.dk\/en\/#website"},"primaryImageOfPage":{"@id":"https:\/\/tyden.dk\/en\/tyden-metal-seals-customs-approved\/#primaryimage"},"image":{"@id":"https:\/\/tyden.dk\/en\/tyden-metal-seals-customs-approved\/#primaryimage"},"thumbnailUrl":"https:\/\/tyden.dk\/wp-content\/uploads\/2025\/06\/Tyden-Metal-Ball-Seal-2.webp","datePublished":"2025-06-04T17:42:21+00:00","dateModified":"2025-08-20T10:25:19+00:00","breadcrumb":{"@id":"https:\/\/tyden.dk\/en\/tyden-metal-seals-customs-approved\/#breadcrumb"},"inLanguage":"en-GB","potentialAction":[{"@type":"ReadAction","target":["https:\/\/tyden.dk\/en\/tyden-metal-seals-customs-approved\/"]}]},{"@type":"ImageObject","inLanguage":"en-GB","@id":"https:\/\/tyden.dk\/en\/tyden-metal-seals-customs-approved\/#primaryimage","url":"https:\/\/tyden.dk\/wp-content\/uploads\/2025\/06\/Tyden-Metal-Ball-Seal-2.webp","contentUrl":"https:\/\/tyden.dk\/wp-content\/uploads\/2025\/06\/Tyden-Metal-Ball-Seal-2.webp","width":960,"height":1280},{"@type":"BreadcrumbList","@id":"https:\/\/tyden.dk\/en\/tyden-metal-seals-customs-approved\/#breadcrumb","itemListElement":[{"@type":"ListItem","position":1,"name":"Hjem","item":"https:\/\/tyden.dk\/"},{"@type":"ListItem","position":2,"name":"Varer","item":"https:\/\/tyden.dk\/shop\/"},{"@type":"ListItem","position":3,"name":"Tyden metalplomber &#8211; toldgodkendt"}]},{"@type":"WebSite","@id":"https:\/\/tyden.dk\/en\/#website","url":"https:\/\/tyden.dk\/en\/","name":"Tyden","description":"","publisher":{"@id":"https:\/\/tyden.dk\/en\/#organization"},"potentialAction":[{"@type":"SearchAction","target":{"@type":"EntryPoint","urlTemplate":"https:\/\/tyden.dk\/en\/?s={search_term_string}"},"query-input":{"@type":"PropertyValueSpecification","valueRequired":true,"valueName":"search_term_string"}}],"inLanguage":"en-GB"},{"@type":"Organization","@id":"https:\/\/tyden.dk\/en\/#organization","name":"Tyden","url":"https:\/\/tyden.dk\/en\/","logo":{"@type":"ImageObject","inLanguage":"en-GB","@id":"https:\/\/tyden.dk\/en\/#\/schema\/logo\/image\/","url":"https:\/\/tyden.dk\/wp-content\/uploads\/2025\/05\/logo_3_2_4286.png","contentUrl":"https:\/\/tyden.dk\/wp-content\/uploads\/2025\/05\/logo_3_2_4286.png","width":341,"height":80,"caption":"Tyden"},"image":{"@id":"https:\/\/tyden.dk\/en\/#\/schema\/logo\/image\/"},"sameAs":["https:\/\/www.facebook.com\/www.tyden.dk\/"]}]}},"_links":{"self":[{"href":"https:\/\/tyden.dk\/en\/wp-json\/wp\/v2\/product\/555","targetHints":{"allow":["GET"]}}],"collection":[{"href":"https:\/\/tyden.dk\/en\/wp-json\/wp\/v2\/product"}],"about":[{"href":"https:\/\/tyden.dk\/en\/wp-json\/wp\/v2\/types\/product"}],"replies":[{"embeddable":true,"href":"https:\/\/tyden.dk\/en\/wp-json\/wp\/v2\/comments?post=555"}],"wp:featuredmedia":[{"embeddable":true,"href":"https:\/\/tyden.dk\/en\/wp-json\/wp\/v2\/media\/1594"}],"wp:attachment":[{"href":"https:\/\/tyden.dk\/en\/wp-json\/wp\/v2\/media?parent=555"}],"wp:term":[{"taxonomy":"product_brand","embeddable":true,"href":"https:\/\/tyden.dk\/en\/wp-json\/wp\/v2\/product_brand?post=555"},{"taxonomy":"product_cat","embeddable":true,"href":"https:\/\/tyden.dk\/en\/wp-json\/wp\/v2\/product_cat?post=555"},{"taxonomy":"product_tag","embeddable":true,"href":"https:\/\/tyden.dk\/en\/wp-json\/wp\/v2\/product_tag?post=555"}],"curies":[{"name":"wp","href":"https:\/\/api.w.org\/{rel}","templated":true}]}}