{"id":1494,"date":"2025-06-13T15:43:06","date_gmt":"2025-06-13T14:43:06","guid":{"rendered":"https:\/\/darkorange-jay-383513.hostingersite.com\/?post_type=product&#038;p=1494"},"modified":"2025-06-13T15:43:06","modified_gmt":"2025-06-13T14:43:06","slug":"silicone-wrist-strap","status":"publish","type":"product","link":"https:\/\/tyden.dk\/en\/silicone-wrist-strap\/","title":{"rendered":"Silicone wristbands"},"content":{"rendered":"<p>Shiny silicone wristbands are shipped overnight. Min. Order 10 pieces per colour - call for info. We have 12 colours in stock<\/p>\n<p>BLUE, BLACK, ORANGE, FLASHY PINK, PINK, WHITE, YELLOW, RED, LIGHT BLUE, FLASHY GREEN, DARK GREEN, VIOLET<\/p>\n<p>If you want bracelets in different colours with the same print, there may be a minimum order per colour.<\/p>\n<p>We print in 1, 2 and 3 colour printing - delivery time: from 3-4 days depending on printing requirements.<\/p>","protected":false},"excerpt":{"rendered":"<p>Many colours. We can emboss with text and\/or logo, this requires a minimum order of 50 pieces. Today we are selling shiny silicone wristbands for only DKK 3.45 \/ piece.<\/p>","protected":false},"featured_media":1496,"comment_status":"open","ping_status":"closed","template":"","meta":[],"product_brand":[],"product_cat":[49],"product_tag":[],"class_list":{"0":"post-1494","1":"product","2":"type-product","3":"status-publish","4":"has-post-thumbnail","6":"product_cat-adgangsarmbaand","8":"first","9":"instock","10":"shipping-taxable","11":"product-type-simple"},"yoast_head":"<!-- This site is optimized with the Yoast SEO plugin v27.1.1 - https:\/\/yoast.com\/product\/yoast-seo-wordpress\/ -->\n<title>Silikonearmb\u00e5nd - Tyden<\/title>\n<meta name=\"robots\" content=\"index, follow, max-snippet:-1, max-image-preview:large, max-video-preview:-1\" \/>\n<link rel=\"canonical\" href=\"https:\/\/tyden.dk\/en\/silicone-wrist-strap\/\" \/>\n<meta property=\"og:locale\" content=\"en_GB\" \/>\n<meta property=\"og:type\" content=\"article\" \/>\n<meta property=\"og:title\" content=\"Silikonearmb\u00e5nd - Tyden\" \/>\n<meta property=\"og:description\" content=\"Mange farver. Vi kan pr\u00e6ge med tekst og eller logo, dette kr\u00e6ver min. ordre p\u00e5 50 stk. I dag s\u00e6lger vi blanke Silikone armb\u00e5nd til kun dkr. 3,45 \/ stykket.\" \/>\n<meta property=\"og:url\" content=\"https:\/\/tyden.dk\/en\/silicone-wrist-strap\/\" \/>\n<meta property=\"og:site_name\" content=\"Tyden\" \/>\n<meta property=\"article:publisher\" content=\"https:\/\/www.facebook.com\/www.tyden.dk\/\" \/>\n<meta property=\"og:image\" content=\"https:\/\/tyden.dk\/wp-content\/uploads\/2025\/06\/silicone-armbaand-til-voksne-og-boern-200x12-mm.jpg-2_6573-e1749825780672.jpg\" \/>\n\t<meta property=\"og:image:width\" content=\"141\" \/>\n\t<meta property=\"og:image:height\" content=\"141\" \/>\n\t<meta property=\"og:image:type\" content=\"image\/jpeg\" \/>\n<meta name=\"twitter:card\" content=\"summary_large_image\" \/>\n<script type=\"application\/ld+json\" class=\"yoast-schema-graph\">{\"@context\":\"https:\/\/schema.org\",\"@graph\":[{\"@type\":\"WebPage\",\"@id\":\"https:\/\/tyden.dk\/en\/silicone-wrist-strap\/\",\"url\":\"https:\/\/tyden.dk\/en\/silicone-wrist-strap\/\",\"name\":\"Silikonearmb\u00e5nd - Tyden\",\"isPartOf\":{\"@id\":\"https:\/\/tyden.dk\/en\/#website\"},\"primaryImageOfPage\":{\"@id\":\"https:\/\/tyden.dk\/en\/silicone-wrist-strap\/#primaryimage\"},\"image\":{\"@id\":\"https:\/\/tyden.dk\/en\/silicone-wrist-strap\/#primaryimage\"},\"thumbnailUrl\":\"https:\/\/tyden.dk\/wp-content\/uploads\/2025\/06\/silicone-armbaand-til-voksne-og-boern-200x12-mm.jpg-2_6573-e1749825780672.jpg\",\"datePublished\":\"2025-06-13T14:43:06+00:00\",\"breadcrumb\":{\"@id\":\"https:\/\/tyden.dk\/en\/silicone-wrist-strap\/#breadcrumb\"},\"inLanguage\":\"en-GB\",\"potentialAction\":[{\"@type\":\"ReadAction\",\"target\":[\"https:\/\/tyden.dk\/en\/silicone-wrist-strap\/\"]}]},{\"@type\":\"ImageObject\",\"inLanguage\":\"en-GB\",\"@id\":\"https:\/\/tyden.dk\/en\/silicone-wrist-strap\/#primaryimage\",\"url\":\"https:\/\/tyden.dk\/wp-content\/uploads\/2025\/06\/silicone-armbaand-til-voksne-og-boern-200x12-mm.jpg-2_6573-e1749825780672.jpg\",\"contentUrl\":\"https:\/\/tyden.dk\/wp-content\/uploads\/2025\/06\/silicone-armbaand-til-voksne-og-boern-200x12-mm.jpg-2_6573-e1749825780672.jpg\",\"width\":141,\"height\":141},{\"@type\":\"BreadcrumbList\",\"@id\":\"https:\/\/tyden.dk\/en\/silicone-wrist-strap\/#breadcrumb\",\"itemListElement\":[{\"@type\":\"ListItem\",\"position\":1,\"name\":\"Hjem\",\"item\":\"https:\/\/tyden.dk\/\"},{\"@type\":\"ListItem\",\"position\":2,\"name\":\"Varer\",\"item\":\"https:\/\/tyden.dk\/shop\/\"},{\"@type\":\"ListItem\",\"position\":3,\"name\":\"Silikonearmb\u00e5nd\"}]},{\"@type\":\"WebSite\",\"@id\":\"https:\/\/tyden.dk\/en\/#website\",\"url\":\"https:\/\/tyden.dk\/en\/\",\"name\":\"Tyden\",\"description\":\"\",\"publisher\":{\"@id\":\"https:\/\/tyden.dk\/en\/#organization\"},\"potentialAction\":[{\"@type\":\"SearchAction\",\"target\":{\"@type\":\"EntryPoint\",\"urlTemplate\":\"https:\/\/tyden.dk\/en\/?s={search_term_string}\"},\"query-input\":{\"@type\":\"PropertyValueSpecification\",\"valueRequired\":true,\"valueName\":\"search_term_string\"}}],\"inLanguage\":\"en-GB\"},{\"@type\":\"Organization\",\"@id\":\"https:\/\/tyden.dk\/en\/#organization\",\"name\":\"Tyden\",\"url\":\"https:\/\/tyden.dk\/en\/\",\"logo\":{\"@type\":\"ImageObject\",\"inLanguage\":\"en-GB\",\"@id\":\"https:\/\/tyden.dk\/en\/#\/schema\/logo\/image\/\",\"url\":\"https:\/\/tyden.dk\/wp-content\/uploads\/2025\/05\/logo_3_2_4286.png\",\"contentUrl\":\"https:\/\/tyden.dk\/wp-content\/uploads\/2025\/05\/logo_3_2_4286.png\",\"width\":341,\"height\":80,\"caption\":\"Tyden\"},\"image\":{\"@id\":\"https:\/\/tyden.dk\/en\/#\/schema\/logo\/image\/\"},\"sameAs\":[\"https:\/\/www.facebook.com\/www.tyden.dk\/\"]}]}<\/script>\n<!-- \/ Yoast SEO plugin. -->","yoast_head_json":{"title":"Silicone wristbands - Tyden","robots":{"index":"index","follow":"follow","max-snippet":"max-snippet:-1","max-image-preview":"max-image-preview:large","max-video-preview":"max-video-preview:-1"},"canonical":"https:\/\/tyden.dk\/en\/silicone-wrist-strap\/","og_locale":"en_GB","og_type":"article","og_title":"Silikonearmb\u00e5nd - Tyden","og_description":"Mange farver. Vi kan pr\u00e6ge med tekst og eller logo, dette kr\u00e6ver min. ordre p\u00e5 50 stk. I dag s\u00e6lger vi blanke Silikone armb\u00e5nd til kun dkr. 3,45 \/ stykket.","og_url":"https:\/\/tyden.dk\/en\/silicone-wrist-strap\/","og_site_name":"Tyden","article_publisher":"https:\/\/www.facebook.com\/www.tyden.dk\/","og_image":[{"width":141,"height":141,"url":"https:\/\/tyden.dk\/wp-content\/uploads\/2025\/06\/silicone-armbaand-til-voksne-og-boern-200x12-mm.jpg-2_6573-e1749825780672.jpg","type":"image\/jpeg"}],"twitter_card":"summary_large_image","schema":{"@context":"https:\/\/schema.org","@graph":[{"@type":"WebPage","@id":"https:\/\/tyden.dk\/en\/silicone-wrist-strap\/","url":"https:\/\/tyden.dk\/en\/silicone-wrist-strap\/","name":"Silicone wristbands - Tyden","isPartOf":{"@id":"https:\/\/tyden.dk\/en\/#website"},"primaryImageOfPage":{"@id":"https:\/\/tyden.dk\/en\/silicone-wrist-strap\/#primaryimage"},"image":{"@id":"https:\/\/tyden.dk\/en\/silicone-wrist-strap\/#primaryimage"},"thumbnailUrl":"https:\/\/tyden.dk\/wp-content\/uploads\/2025\/06\/silicone-armbaand-til-voksne-og-boern-200x12-mm.jpg-2_6573-e1749825780672.jpg","datePublished":"2025-06-13T14:43:06+00:00","breadcrumb":{"@id":"https:\/\/tyden.dk\/en\/silicone-wrist-strap\/#breadcrumb"},"inLanguage":"en-GB","potentialAction":[{"@type":"ReadAction","target":["https:\/\/tyden.dk\/en\/silicone-wrist-strap\/"]}]},{"@type":"ImageObject","inLanguage":"en-GB","@id":"https:\/\/tyden.dk\/en\/silicone-wrist-strap\/#primaryimage","url":"https:\/\/tyden.dk\/wp-content\/uploads\/2025\/06\/silicone-armbaand-til-voksne-og-boern-200x12-mm.jpg-2_6573-e1749825780672.jpg","contentUrl":"https:\/\/tyden.dk\/wp-content\/uploads\/2025\/06\/silicone-armbaand-til-voksne-og-boern-200x12-mm.jpg-2_6573-e1749825780672.jpg","width":141,"height":141},{"@type":"BreadcrumbList","@id":"https:\/\/tyden.dk\/en\/silicone-wrist-strap\/#breadcrumb","itemListElement":[{"@type":"ListItem","position":1,"name":"Hjem","item":"https:\/\/tyden.dk\/"},{"@type":"ListItem","position":2,"name":"Varer","item":"https:\/\/tyden.dk\/shop\/"},{"@type":"ListItem","position":3,"name":"Silikonearmb\u00e5nd"}]},{"@type":"WebSite","@id":"https:\/\/tyden.dk\/en\/#website","url":"https:\/\/tyden.dk\/en\/","name":"Tyden","description":"","publisher":{"@id":"https:\/\/tyden.dk\/en\/#organization"},"potentialAction":[{"@type":"SearchAction","target":{"@type":"EntryPoint","urlTemplate":"https:\/\/tyden.dk\/en\/?s={search_term_string}"},"query-input":{"@type":"PropertyValueSpecification","valueRequired":true,"valueName":"search_term_string"}}],"inLanguage":"en-GB"},{"@type":"Organization","@id":"https:\/\/tyden.dk\/en\/#organization","name":"Tyden","url":"https:\/\/tyden.dk\/en\/","logo":{"@type":"ImageObject","inLanguage":"en-GB","@id":"https:\/\/tyden.dk\/en\/#\/schema\/logo\/image\/","url":"https:\/\/tyden.dk\/wp-content\/uploads\/2025\/05\/logo_3_2_4286.png","contentUrl":"https:\/\/tyden.dk\/wp-content\/uploads\/2025\/05\/logo_3_2_4286.png","width":341,"height":80,"caption":"Tyden"},"image":{"@id":"https:\/\/tyden.dk\/en\/#\/schema\/logo\/image\/"},"sameAs":["https:\/\/www.facebook.com\/www.tyden.dk\/"]}]}},"_links":{"self":[{"href":"https:\/\/tyden.dk\/en\/wp-json\/wp\/v2\/product\/1494","targetHints":{"allow":["GET"]}}],"collection":[{"href":"https:\/\/tyden.dk\/en\/wp-json\/wp\/v2\/product"}],"about":[{"href":"https:\/\/tyden.dk\/en\/wp-json\/wp\/v2\/types\/product"}],"replies":[{"embeddable":true,"href":"https:\/\/tyden.dk\/en\/wp-json\/wp\/v2\/comments?post=1494"}],"wp:featuredmedia":[{"embeddable":true,"href":"https:\/\/tyden.dk\/en\/wp-json\/wp\/v2\/media\/1496"}],"wp:attachment":[{"href":"https:\/\/tyden.dk\/en\/wp-json\/wp\/v2\/media?parent=1494"}],"wp:term":[{"taxonomy":"product_brand","embeddable":true,"href":"https:\/\/tyden.dk\/en\/wp-json\/wp\/v2\/product_brand?post=1494"},{"taxonomy":"product_cat","embeddable":true,"href":"https:\/\/tyden.dk\/en\/wp-json\/wp\/v2\/product_cat?post=1494"},{"taxonomy":"product_tag","embeddable":true,"href":"https:\/\/tyden.dk\/en\/wp-json\/wp\/v2\/product_tag?post=1494"}],"curies":[{"name":"wp","href":"https:\/\/api.w.org\/{rel}","templated":true}]}}