{"id":1380,"date":"2025-06-13T13:15:43","date_gmt":"2025-06-13T12:15:43","guid":{"rendered":"https:\/\/darkorange-jay-383513.hostingersite.com\/?post_type=product&#038;p=1380"},"modified":"2025-08-28T12:34:57","modified_gmt":"2025-08-28T11:34:57","slug":"poly-check-fixed-length","status":"publish","type":"product","link":"https:\/\/tyden.dk\/en\/poly-check-fixed-length\/","title":{"rendered":"Poly-Check - fixed length seal"},"content":{"rendered":"<p>Fixed length PLASTIC PLUG - Fixed length - click and it's locked.<\/p>\n<p>In stock in boxes of 1000 - 10 inch ( 25 cm )<\/p>","protected":false},"excerpt":{"rendered":"<p>Fixed length PLASTIC PLUG - Fixed length - click and it's locked.<\/p>\n<p>In stock in boxes of 1000 - 10 inch ( 25 cm )<\/p>","protected":false},"featured_media":1602,"comment_status":"open","ping_status":"closed","template":"","meta":[],"product_brand":[],"product_cat":[39,37],"product_tag":[],"class_list":{"0":"post-1380","1":"product","2":"type-product","3":"status-publish","4":"has-post-thumbnail","6":"product_cat-lastbilplomber","7":"product_cat-plastplomber","9":"first","10":"instock","11":"shipping-taxable","12":"product-type-simple"},"yoast_head":"<!-- This site is optimized with the Yoast SEO plugin v27.1.1 - https:\/\/yoast.com\/product\/yoast-seo-wordpress\/ -->\n<title>Poly-Check - fixed l\u00e6ngde plombe - Tyden<\/title>\n<meta name=\"robots\" content=\"index, follow, max-snippet:-1, max-image-preview:large, max-video-preview:-1\" \/>\n<link rel=\"canonical\" href=\"https:\/\/tyden.dk\/en\/poly-check-fixed-length\/\" \/>\n<meta property=\"og:locale\" content=\"en_GB\" \/>\n<meta property=\"og:type\" content=\"article\" \/>\n<meta property=\"og:title\" content=\"Poly-Check - fixed l\u00e6ngde plombe - Tyden\" \/>\n<meta property=\"og:description\" content=\"Fast l\u00e6ngde PLAST PLOMBE - Fix l\u00e6ngde - klik og den er l\u00e5st.  P\u00e5 lager i kasser \u00e1 1000 stk. \u2013 10 tommer ( 25 cm )\" \/>\n<meta property=\"og:url\" content=\"https:\/\/tyden.dk\/en\/poly-check-fixed-length\/\" \/>\n<meta property=\"og:site_name\" content=\"Tyden\" \/>\n<meta property=\"article:publisher\" content=\"https:\/\/www.facebook.com\/www.tyden.dk\/\" \/>\n<meta property=\"article:modified_time\" content=\"2025-08-28T11:34:57+00:00\" \/>\n<meta property=\"og:image\" content=\"https:\/\/tyden.dk\/wp-content\/uploads\/2025\/06\/Poly-Check-Fix-Laengde-Plombe-lastbils-plomber-rotated.jpg\" \/>\n\t<meta property=\"og:image:width\" content=\"1134\" \/>\n\t<meta property=\"og:image:height\" content=\"2016\" \/>\n\t<meta property=\"og:image:type\" content=\"image\/jpeg\" \/>\n<meta name=\"twitter:card\" content=\"summary_large_image\" \/>\n<meta name=\"twitter:label1\" content=\"Estimated reading time\" \/>\n\t<meta name=\"twitter:data1\" content=\"1 minute\" \/>\n<script type=\"application\/ld+json\" class=\"yoast-schema-graph\">{\"@context\":\"https:\/\/schema.org\",\"@graph\":[{\"@type\":\"WebPage\",\"@id\":\"https:\/\/tyden.dk\/en\/poly-check-fixed-length\/\",\"url\":\"https:\/\/tyden.dk\/en\/poly-check-fixed-length\/\",\"name\":\"Poly-Check - fixed l\u00e6ngde plombe - Tyden\",\"isPartOf\":{\"@id\":\"https:\/\/tyden.dk\/en\/#website\"},\"primaryImageOfPage\":{\"@id\":\"https:\/\/tyden.dk\/en\/poly-check-fixed-length\/#primaryimage\"},\"image\":{\"@id\":\"https:\/\/tyden.dk\/en\/poly-check-fixed-length\/#primaryimage\"},\"thumbnailUrl\":\"https:\/\/tyden.dk\/wp-content\/uploads\/2025\/06\/Poly-Check-Fix-Laengde-Plombe-lastbils-plomber-rotated.jpg\",\"datePublished\":\"2025-06-13T12:15:43+00:00\",\"dateModified\":\"2025-08-28T11:34:57+00:00\",\"breadcrumb\":{\"@id\":\"https:\/\/tyden.dk\/en\/poly-check-fixed-length\/#breadcrumb\"},\"inLanguage\":\"en-GB\",\"potentialAction\":[{\"@type\":\"ReadAction\",\"target\":[\"https:\/\/tyden.dk\/en\/poly-check-fixed-length\/\"]}]},{\"@type\":\"ImageObject\",\"inLanguage\":\"en-GB\",\"@id\":\"https:\/\/tyden.dk\/en\/poly-check-fixed-length\/#primaryimage\",\"url\":\"https:\/\/tyden.dk\/wp-content\/uploads\/2025\/06\/Poly-Check-Fix-Laengde-Plombe-lastbils-plomber-rotated.jpg\",\"contentUrl\":\"https:\/\/tyden.dk\/wp-content\/uploads\/2025\/06\/Poly-Check-Fix-Laengde-Plombe-lastbils-plomber-rotated.jpg\",\"width\":1134,\"height\":2016},{\"@type\":\"BreadcrumbList\",\"@id\":\"https:\/\/tyden.dk\/en\/poly-check-fixed-length\/#breadcrumb\",\"itemListElement\":[{\"@type\":\"ListItem\",\"position\":1,\"name\":\"Hjem\",\"item\":\"https:\/\/tyden.dk\/\"},{\"@type\":\"ListItem\",\"position\":2,\"name\":\"Varer\",\"item\":\"https:\/\/tyden.dk\/shop\/\"},{\"@type\":\"ListItem\",\"position\":3,\"name\":\"Poly-Check &#8211; fixed l\u00e6ngde plombe\"}]},{\"@type\":\"WebSite\",\"@id\":\"https:\/\/tyden.dk\/en\/#website\",\"url\":\"https:\/\/tyden.dk\/en\/\",\"name\":\"Tyden\",\"description\":\"\",\"publisher\":{\"@id\":\"https:\/\/tyden.dk\/en\/#organization\"},\"potentialAction\":[{\"@type\":\"SearchAction\",\"target\":{\"@type\":\"EntryPoint\",\"urlTemplate\":\"https:\/\/tyden.dk\/en\/?s={search_term_string}\"},\"query-input\":{\"@type\":\"PropertyValueSpecification\",\"valueRequired\":true,\"valueName\":\"search_term_string\"}}],\"inLanguage\":\"en-GB\"},{\"@type\":\"Organization\",\"@id\":\"https:\/\/tyden.dk\/en\/#organization\",\"name\":\"Tyden\",\"url\":\"https:\/\/tyden.dk\/en\/\",\"logo\":{\"@type\":\"ImageObject\",\"inLanguage\":\"en-GB\",\"@id\":\"https:\/\/tyden.dk\/en\/#\/schema\/logo\/image\/\",\"url\":\"https:\/\/tyden.dk\/wp-content\/uploads\/2025\/05\/logo_3_2_4286.png\",\"contentUrl\":\"https:\/\/tyden.dk\/wp-content\/uploads\/2025\/05\/logo_3_2_4286.png\",\"width\":341,\"height\":80,\"caption\":\"Tyden\"},\"image\":{\"@id\":\"https:\/\/tyden.dk\/en\/#\/schema\/logo\/image\/\"},\"sameAs\":[\"https:\/\/www.facebook.com\/www.tyden.dk\/\"]}]}<\/script>\n<!-- \/ Yoast SEO plugin. -->","yoast_head_json":{"title":"Poly-Check - fixed length seal - Tyden","robots":{"index":"index","follow":"follow","max-snippet":"max-snippet:-1","max-image-preview":"max-image-preview:large","max-video-preview":"max-video-preview:-1"},"canonical":"https:\/\/tyden.dk\/en\/poly-check-fixed-length\/","og_locale":"en_GB","og_type":"article","og_title":"Poly-Check - fixed l\u00e6ngde plombe - Tyden","og_description":"Fast l\u00e6ngde PLAST PLOMBE - Fix l\u00e6ngde - klik og den er l\u00e5st.  P\u00e5 lager i kasser \u00e1 1000 stk. \u2013 10 tommer ( 25 cm )","og_url":"https:\/\/tyden.dk\/en\/poly-check-fixed-length\/","og_site_name":"Tyden","article_publisher":"https:\/\/www.facebook.com\/www.tyden.dk\/","article_modified_time":"2025-08-28T11:34:57+00:00","og_image":[{"width":1134,"height":2016,"url":"https:\/\/tyden.dk\/wp-content\/uploads\/2025\/06\/Poly-Check-Fix-Laengde-Plombe-lastbils-plomber-rotated.jpg","type":"image\/jpeg"}],"twitter_card":"summary_large_image","twitter_misc":{"Estimated reading time":"1 minute"},"schema":{"@context":"https:\/\/schema.org","@graph":[{"@type":"WebPage","@id":"https:\/\/tyden.dk\/en\/poly-check-fixed-length\/","url":"https:\/\/tyden.dk\/en\/poly-check-fixed-length\/","name":"Poly-Check - fixed length seal - Tyden","isPartOf":{"@id":"https:\/\/tyden.dk\/en\/#website"},"primaryImageOfPage":{"@id":"https:\/\/tyden.dk\/en\/poly-check-fixed-length\/#primaryimage"},"image":{"@id":"https:\/\/tyden.dk\/en\/poly-check-fixed-length\/#primaryimage"},"thumbnailUrl":"https:\/\/tyden.dk\/wp-content\/uploads\/2025\/06\/Poly-Check-Fix-Laengde-Plombe-lastbils-plomber-rotated.jpg","datePublished":"2025-06-13T12:15:43+00:00","dateModified":"2025-08-28T11:34:57+00:00","breadcrumb":{"@id":"https:\/\/tyden.dk\/en\/poly-check-fixed-length\/#breadcrumb"},"inLanguage":"en-GB","potentialAction":[{"@type":"ReadAction","target":["https:\/\/tyden.dk\/en\/poly-check-fixed-length\/"]}]},{"@type":"ImageObject","inLanguage":"en-GB","@id":"https:\/\/tyden.dk\/en\/poly-check-fixed-length\/#primaryimage","url":"https:\/\/tyden.dk\/wp-content\/uploads\/2025\/06\/Poly-Check-Fix-Laengde-Plombe-lastbils-plomber-rotated.jpg","contentUrl":"https:\/\/tyden.dk\/wp-content\/uploads\/2025\/06\/Poly-Check-Fix-Laengde-Plombe-lastbils-plomber-rotated.jpg","width":1134,"height":2016},{"@type":"BreadcrumbList","@id":"https:\/\/tyden.dk\/en\/poly-check-fixed-length\/#breadcrumb","itemListElement":[{"@type":"ListItem","position":1,"name":"Hjem","item":"https:\/\/tyden.dk\/"},{"@type":"ListItem","position":2,"name":"Varer","item":"https:\/\/tyden.dk\/shop\/"},{"@type":"ListItem","position":3,"name":"Poly-Check &#8211; fixed l\u00e6ngde plombe"}]},{"@type":"WebSite","@id":"https:\/\/tyden.dk\/en\/#website","url":"https:\/\/tyden.dk\/en\/","name":"Tyden","description":"","publisher":{"@id":"https:\/\/tyden.dk\/en\/#organization"},"potentialAction":[{"@type":"SearchAction","target":{"@type":"EntryPoint","urlTemplate":"https:\/\/tyden.dk\/en\/?s={search_term_string}"},"query-input":{"@type":"PropertyValueSpecification","valueRequired":true,"valueName":"search_term_string"}}],"inLanguage":"en-GB"},{"@type":"Organization","@id":"https:\/\/tyden.dk\/en\/#organization","name":"Tyden","url":"https:\/\/tyden.dk\/en\/","logo":{"@type":"ImageObject","inLanguage":"en-GB","@id":"https:\/\/tyden.dk\/en\/#\/schema\/logo\/image\/","url":"https:\/\/tyden.dk\/wp-content\/uploads\/2025\/05\/logo_3_2_4286.png","contentUrl":"https:\/\/tyden.dk\/wp-content\/uploads\/2025\/05\/logo_3_2_4286.png","width":341,"height":80,"caption":"Tyden"},"image":{"@id":"https:\/\/tyden.dk\/en\/#\/schema\/logo\/image\/"},"sameAs":["https:\/\/www.facebook.com\/www.tyden.dk\/"]}]}},"_links":{"self":[{"href":"https:\/\/tyden.dk\/en\/wp-json\/wp\/v2\/product\/1380","targetHints":{"allow":["GET"]}}],"collection":[{"href":"https:\/\/tyden.dk\/en\/wp-json\/wp\/v2\/product"}],"about":[{"href":"https:\/\/tyden.dk\/en\/wp-json\/wp\/v2\/types\/product"}],"replies":[{"embeddable":true,"href":"https:\/\/tyden.dk\/en\/wp-json\/wp\/v2\/comments?post=1380"}],"wp:featuredmedia":[{"embeddable":true,"href":"https:\/\/tyden.dk\/en\/wp-json\/wp\/v2\/media\/1602"}],"wp:attachment":[{"href":"https:\/\/tyden.dk\/en\/wp-json\/wp\/v2\/media?parent=1380"}],"wp:term":[{"taxonomy":"product_brand","embeddable":true,"href":"https:\/\/tyden.dk\/en\/wp-json\/wp\/v2\/product_brand?post=1380"},{"taxonomy":"product_cat","embeddable":true,"href":"https:\/\/tyden.dk\/en\/wp-json\/wp\/v2\/product_cat?post=1380"},{"taxonomy":"product_tag","embeddable":true,"href":"https:\/\/tyden.dk\/en\/wp-json\/wp\/v2\/product_tag?post=1380"}],"curies":[{"name":"wp","href":"https:\/\/api.w.org\/{rel}","templated":true}]}}