{"id":1186,"date":"2025-06-12T13:24:42","date_gmt":"2025-06-12T12:24:42","guid":{"rendered":"https:\/\/darkorange-jay-383513.hostingersite.com\/?post_type=product&#038;p=1186"},"modified":"2025-08-28T12:44:57","modified_gmt":"2025-08-28T11:44:57","slug":"slidstaerke-nylon-maerker","status":"publish","type":"product","link":"https:\/\/tyden.dk\/en\/slidstaerke-nylon-maerker\/","title":{"rendered":"Durable nylon brands"},"content":{"rendered":"<p>2 models - 175 mm and 300 mm - embossing area on 175 mm is 30\u00d79 mm and on 300 mm 46x 9 mm<br \/>\nDelivery time: 3-4 weeks - O B S - TO BE PAID ON DAY OF ORDER !!!!!!<\/p>\n<p>Durable nylon tags are used for safety inspection of lifting equipment in all mining and heavy industrial conditions. These inspection tags can be personalised with your logo and sequential numbering. The tags are specially designed for the lifting industry. This robust tag will stand the test of time in all mining and heavy industrial conditions. When the tag is tightened, you have an almost unbreakable band that ensures that the tag stays in place even in tough conditions. Made from the world's finest quality Nylon, ultraviolet light stabilised, these tags never fade.<br \/>\nHOT FOIL labelling, company logo, re-test date and consecutive numbering are also possible.<\/p>\n<ul>\n<li>Cost-effective<\/li>\n<li>Durable, flexible, impact resistant<\/li>\n<li>Collapsible to fit labels on large objects<\/li>\n<\/ul>\n<p>For validation of lifting gear and harnesses, equipment operation and safety inspections, mines, offshore rigs, railway yards or technical facilities. 3, 6 and 12 months inspection validation. Manufactured from the world's highest grade UV-stabilised NYLON to ISO quality standards, it is easy to use and extremely robust in all conditions and climates. We can deliver within two to 4 weeks. 13 different strong colours that won't fade. Deep thermal foil print, company logo &amp; details stamped in 3 lines of data; 7-digit sequential numbering available.<\/p>","protected":false},"excerpt":{"rendered":"<p>Used for labelling e.g. fall protection equipment - min. Order 200 pieces.<\/p>","protected":false},"featured_media":1650,"comment_status":"open","ping_status":"closed","template":"","meta":[],"product_brand":[],"product_cat":[39,37],"product_tag":[],"class_list":{"0":"post-1186","1":"product","2":"type-product","3":"status-publish","4":"has-post-thumbnail","6":"product_cat-lastbilplomber","7":"product_cat-plastplomber","9":"first","10":"instock","11":"shipping-taxable","12":"product-type-simple"},"yoast_head":"<!-- This site is optimized with the Yoast SEO plugin v27.1.1 - https:\/\/yoast.com\/product\/yoast-seo-wordpress\/ -->\n<title>Slidst\u00e6rke nylon m\u00e6rker - Tyden<\/title>\n<meta name=\"robots\" content=\"index, follow, max-snippet:-1, max-image-preview:large, max-video-preview:-1\" \/>\n<link rel=\"canonical\" href=\"https:\/\/tyden.dk\/en\/slidstaerke-nylon-maerker\/\" \/>\n<meta property=\"og:locale\" content=\"en_GB\" \/>\n<meta property=\"og:type\" content=\"article\" \/>\n<meta property=\"og:title\" content=\"Slidst\u00e6rke nylon m\u00e6rker - Tyden\" \/>\n<meta property=\"og:description\" content=\"Bruges til m\u00e6rkning af b.La faldsikrings udstyr - min. Ordre 200 stk.\" \/>\n<meta property=\"og:url\" content=\"https:\/\/tyden.dk\/en\/slidstaerke-nylon-maerker\/\" \/>\n<meta property=\"og:site_name\" content=\"Tyden\" \/>\n<meta property=\"article:publisher\" content=\"https:\/\/www.facebook.com\/www.tyden.dk\/\" \/>\n<meta property=\"article:modified_time\" content=\"2025-08-28T11:44:57+00:00\" \/>\n<meta property=\"og:image\" content=\"https:\/\/tyden.dk\/wp-content\/uploads\/2025\/06\/jkt-tag-hvid.jpg\" \/>\n\t<meta property=\"og:image:width\" content=\"800\" \/>\n\t<meta property=\"og:image:height\" content=\"576\" \/>\n\t<meta property=\"og:image:type\" content=\"image\/jpeg\" \/>\n<meta name=\"twitter:card\" content=\"summary_large_image\" \/>\n<meta name=\"twitter:label1\" content=\"Estimated reading time\" \/>\n\t<meta name=\"twitter:data1\" content=\"2 minutes\" \/>\n<script type=\"application\/ld+json\" class=\"yoast-schema-graph\">{\"@context\":\"https:\/\/schema.org\",\"@graph\":[{\"@type\":\"WebPage\",\"@id\":\"https:\/\/tyden.dk\/en\/slidstaerke-nylon-maerker\/\",\"url\":\"https:\/\/tyden.dk\/en\/slidstaerke-nylon-maerker\/\",\"name\":\"Slidst\u00e6rke nylon m\u00e6rker - Tyden\",\"isPartOf\":{\"@id\":\"https:\/\/tyden.dk\/en\/#website\"},\"primaryImageOfPage\":{\"@id\":\"https:\/\/tyden.dk\/en\/slidstaerke-nylon-maerker\/#primaryimage\"},\"image\":{\"@id\":\"https:\/\/tyden.dk\/en\/slidstaerke-nylon-maerker\/#primaryimage\"},\"thumbnailUrl\":\"https:\/\/tyden.dk\/wp-content\/uploads\/2025\/06\/jkt-tag-hvid.jpg\",\"datePublished\":\"2025-06-12T12:24:42+00:00\",\"dateModified\":\"2025-08-28T11:44:57+00:00\",\"breadcrumb\":{\"@id\":\"https:\/\/tyden.dk\/en\/slidstaerke-nylon-maerker\/#breadcrumb\"},\"inLanguage\":\"en-GB\",\"potentialAction\":[{\"@type\":\"ReadAction\",\"target\":[\"https:\/\/tyden.dk\/en\/slidstaerke-nylon-maerker\/\"]}]},{\"@type\":\"ImageObject\",\"inLanguage\":\"en-GB\",\"@id\":\"https:\/\/tyden.dk\/en\/slidstaerke-nylon-maerker\/#primaryimage\",\"url\":\"https:\/\/tyden.dk\/wp-content\/uploads\/2025\/06\/jkt-tag-hvid.jpg\",\"contentUrl\":\"https:\/\/tyden.dk\/wp-content\/uploads\/2025\/06\/jkt-tag-hvid.jpg\",\"width\":800,\"height\":576},{\"@type\":\"BreadcrumbList\",\"@id\":\"https:\/\/tyden.dk\/en\/slidstaerke-nylon-maerker\/#breadcrumb\",\"itemListElement\":[{\"@type\":\"ListItem\",\"position\":1,\"name\":\"Hjem\",\"item\":\"https:\/\/tyden.dk\/\"},{\"@type\":\"ListItem\",\"position\":2,\"name\":\"Varer\",\"item\":\"https:\/\/tyden.dk\/shop\/\"},{\"@type\":\"ListItem\",\"position\":3,\"name\":\"Slidst\u00e6rke nylon m\u00e6rker\"}]},{\"@type\":\"WebSite\",\"@id\":\"https:\/\/tyden.dk\/en\/#website\",\"url\":\"https:\/\/tyden.dk\/en\/\",\"name\":\"Tyden\",\"description\":\"\",\"publisher\":{\"@id\":\"https:\/\/tyden.dk\/en\/#organization\"},\"potentialAction\":[{\"@type\":\"SearchAction\",\"target\":{\"@type\":\"EntryPoint\",\"urlTemplate\":\"https:\/\/tyden.dk\/en\/?s={search_term_string}\"},\"query-input\":{\"@type\":\"PropertyValueSpecification\",\"valueRequired\":true,\"valueName\":\"search_term_string\"}}],\"inLanguage\":\"en-GB\"},{\"@type\":\"Organization\",\"@id\":\"https:\/\/tyden.dk\/en\/#organization\",\"name\":\"Tyden\",\"url\":\"https:\/\/tyden.dk\/en\/\",\"logo\":{\"@type\":\"ImageObject\",\"inLanguage\":\"en-GB\",\"@id\":\"https:\/\/tyden.dk\/en\/#\/schema\/logo\/image\/\",\"url\":\"https:\/\/tyden.dk\/wp-content\/uploads\/2025\/05\/logo_3_2_4286.png\",\"contentUrl\":\"https:\/\/tyden.dk\/wp-content\/uploads\/2025\/05\/logo_3_2_4286.png\",\"width\":341,\"height\":80,\"caption\":\"Tyden\"},\"image\":{\"@id\":\"https:\/\/tyden.dk\/en\/#\/schema\/logo\/image\/\"},\"sameAs\":[\"https:\/\/www.facebook.com\/www.tyden.dk\/\"]}]}<\/script>\n<!-- \/ Yoast SEO plugin. -->","yoast_head_json":{"title":"Durable nylon brands - Tyden","robots":{"index":"index","follow":"follow","max-snippet":"max-snippet:-1","max-image-preview":"max-image-preview:large","max-video-preview":"max-video-preview:-1"},"canonical":"https:\/\/tyden.dk\/en\/slidstaerke-nylon-maerker\/","og_locale":"en_GB","og_type":"article","og_title":"Slidst\u00e6rke nylon m\u00e6rker - Tyden","og_description":"Bruges til m\u00e6rkning af b.La faldsikrings udstyr - min. Ordre 200 stk.","og_url":"https:\/\/tyden.dk\/en\/slidstaerke-nylon-maerker\/","og_site_name":"Tyden","article_publisher":"https:\/\/www.facebook.com\/www.tyden.dk\/","article_modified_time":"2025-08-28T11:44:57+00:00","og_image":[{"width":800,"height":576,"url":"https:\/\/tyden.dk\/wp-content\/uploads\/2025\/06\/jkt-tag-hvid.jpg","type":"image\/jpeg"}],"twitter_card":"summary_large_image","twitter_misc":{"Estimated reading time":"2 minutes"},"schema":{"@context":"https:\/\/schema.org","@graph":[{"@type":"WebPage","@id":"https:\/\/tyden.dk\/en\/slidstaerke-nylon-maerker\/","url":"https:\/\/tyden.dk\/en\/slidstaerke-nylon-maerker\/","name":"Durable nylon brands - Tyden","isPartOf":{"@id":"https:\/\/tyden.dk\/en\/#website"},"primaryImageOfPage":{"@id":"https:\/\/tyden.dk\/en\/slidstaerke-nylon-maerker\/#primaryimage"},"image":{"@id":"https:\/\/tyden.dk\/en\/slidstaerke-nylon-maerker\/#primaryimage"},"thumbnailUrl":"https:\/\/tyden.dk\/wp-content\/uploads\/2025\/06\/jkt-tag-hvid.jpg","datePublished":"2025-06-12T12:24:42+00:00","dateModified":"2025-08-28T11:44:57+00:00","breadcrumb":{"@id":"https:\/\/tyden.dk\/en\/slidstaerke-nylon-maerker\/#breadcrumb"},"inLanguage":"en-GB","potentialAction":[{"@type":"ReadAction","target":["https:\/\/tyden.dk\/en\/slidstaerke-nylon-maerker\/"]}]},{"@type":"ImageObject","inLanguage":"en-GB","@id":"https:\/\/tyden.dk\/en\/slidstaerke-nylon-maerker\/#primaryimage","url":"https:\/\/tyden.dk\/wp-content\/uploads\/2025\/06\/jkt-tag-hvid.jpg","contentUrl":"https:\/\/tyden.dk\/wp-content\/uploads\/2025\/06\/jkt-tag-hvid.jpg","width":800,"height":576},{"@type":"BreadcrumbList","@id":"https:\/\/tyden.dk\/en\/slidstaerke-nylon-maerker\/#breadcrumb","itemListElement":[{"@type":"ListItem","position":1,"name":"Hjem","item":"https:\/\/tyden.dk\/"},{"@type":"ListItem","position":2,"name":"Varer","item":"https:\/\/tyden.dk\/shop\/"},{"@type":"ListItem","position":3,"name":"Slidst\u00e6rke nylon m\u00e6rker"}]},{"@type":"WebSite","@id":"https:\/\/tyden.dk\/en\/#website","url":"https:\/\/tyden.dk\/en\/","name":"Tyden","description":"","publisher":{"@id":"https:\/\/tyden.dk\/en\/#organization"},"potentialAction":[{"@type":"SearchAction","target":{"@type":"EntryPoint","urlTemplate":"https:\/\/tyden.dk\/en\/?s={search_term_string}"},"query-input":{"@type":"PropertyValueSpecification","valueRequired":true,"valueName":"search_term_string"}}],"inLanguage":"en-GB"},{"@type":"Organization","@id":"https:\/\/tyden.dk\/en\/#organization","name":"Tyden","url":"https:\/\/tyden.dk\/en\/","logo":{"@type":"ImageObject","inLanguage":"en-GB","@id":"https:\/\/tyden.dk\/en\/#\/schema\/logo\/image\/","url":"https:\/\/tyden.dk\/wp-content\/uploads\/2025\/05\/logo_3_2_4286.png","contentUrl":"https:\/\/tyden.dk\/wp-content\/uploads\/2025\/05\/logo_3_2_4286.png","width":341,"height":80,"caption":"Tyden"},"image":{"@id":"https:\/\/tyden.dk\/en\/#\/schema\/logo\/image\/"},"sameAs":["https:\/\/www.facebook.com\/www.tyden.dk\/"]}]}},"_links":{"self":[{"href":"https:\/\/tyden.dk\/en\/wp-json\/wp\/v2\/product\/1186","targetHints":{"allow":["GET"]}}],"collection":[{"href":"https:\/\/tyden.dk\/en\/wp-json\/wp\/v2\/product"}],"about":[{"href":"https:\/\/tyden.dk\/en\/wp-json\/wp\/v2\/types\/product"}],"replies":[{"embeddable":true,"href":"https:\/\/tyden.dk\/en\/wp-json\/wp\/v2\/comments?post=1186"}],"wp:featuredmedia":[{"embeddable":true,"href":"https:\/\/tyden.dk\/en\/wp-json\/wp\/v2\/media\/1650"}],"wp:attachment":[{"href":"https:\/\/tyden.dk\/en\/wp-json\/wp\/v2\/media?parent=1186"}],"wp:term":[{"taxonomy":"product_brand","embeddable":true,"href":"https:\/\/tyden.dk\/en\/wp-json\/wp\/v2\/product_brand?post=1186"},{"taxonomy":"product_cat","embeddable":true,"href":"https:\/\/tyden.dk\/en\/wp-json\/wp\/v2\/product_cat?post=1186"},{"taxonomy":"product_tag","embeddable":true,"href":"https:\/\/tyden.dk\/en\/wp-json\/wp\/v2\/product_tag?post=1186"}],"curies":[{"name":"wp","href":"https:\/\/api.w.org\/{rel}","templated":true}]}}