{"id":1138,"date":"2025-06-12T11:50:24","date_gmt":"2025-06-12T10:50:24","guid":{"rendered":"https:\/\/darkorange-jay-383513.hostingersite.com\/?post_type=product&#038;p=1138"},"modified":"2025-08-28T12:30:53","modified_gmt":"2025-08-28T11:30:53","slug":"plastic-truck-seal","status":"publish","type":"product","link":"https:\/\/tyden.dk\/en\/plastic-truck-seal\/","title":{"rendered":"Plastic Truck Seal - PTS"},"content":{"rendered":"<p>PTS or Plastic Truck Seal<\/p>\n<p>Simple effective plastic seal, with one-time lock \/ Fixed length seal. Length 19 cm Width 0.9 cm.<br \/>\nCan be embossed with up to 20 characters and up to 7 numbers. Barcode labels possible.<br \/>\nAvailable in many different colours.<\/p>\n<p>Typical application: Containers \/ Trucks \/ Rail wagons.<\/p>","protected":false},"excerpt":{"rendered":"<p>PTS or Plastic Truck Seal Simple effective plastic seal, with one time lock \/ Fix length seal. Length 19 cm Width 0.9 cm. Can be embossed with up to 20 characters and up to 7 numbers. Option for barcode labels. Available in many different colours. Typical application: Containers \/ Lorries \/ Rail wagons.<\/p>","protected":false},"featured_media":1606,"comment_status":"open","ping_status":"closed","template":"","meta":[],"product_brand":[],"product_cat":[39,37],"product_tag":[],"class_list":{"0":"post-1138","1":"product","2":"type-product","3":"status-publish","4":"has-post-thumbnail","6":"product_cat-lastbilplomber","7":"product_cat-plastplomber","9":"first","10":"instock","11":"shipping-taxable","12":"product-type-simple"},"yoast_head":"<!-- This site is optimized with the Yoast SEO plugin v27.1.1 - https:\/\/yoast.com\/product\/yoast-seo-wordpress\/ -->\n<title>\u200bPlastic Truck Seal - PTS - Tyden<\/title>\n<meta name=\"robots\" content=\"index, follow, max-snippet:-1, max-image-preview:large, max-video-preview:-1\" \/>\n<link rel=\"canonical\" href=\"https:\/\/tyden.dk\/en\/plastic-truck-seal\/\" \/>\n<meta property=\"og:locale\" content=\"en_GB\" \/>\n<meta property=\"og:type\" content=\"article\" \/>\n<meta property=\"og:title\" content=\"\u200bPlastic Truck Seal - PTS - Tyden\" \/>\n<meta property=\"og:description\" content=\"PTS eller Plastic Truck Seal Enkel effektiv plastplombe, med en gangs l\u00e5s \/ Fix l\u00e6ngde plombe . L\u00e6ngde 19 cm Bredde 0,9 cm. Kan pr\u00e6ges med op til 20 karakterer og op til 7 numre. Mulighed for stregkode labels. F\u00f8res i mange forskellige farver. Typisk applikation: Containere \/ Lastbiler \/ Banevogne.\" \/>\n<meta property=\"og:url\" content=\"https:\/\/tyden.dk\/en\/plastic-truck-seal\/\" \/>\n<meta property=\"og:site_name\" content=\"Tyden\" \/>\n<meta property=\"article:publisher\" content=\"https:\/\/www.facebook.com\/www.tyden.dk\/\" \/>\n<meta property=\"article:modified_time\" content=\"2025-08-28T11:30:53+00:00\" \/>\n<meta property=\"og:image\" content=\"https:\/\/tyden.dk\/wp-content\/uploads\/2025\/06\/pts-7-5-red-closed.webp\" \/>\n\t<meta property=\"og:image:width\" content=\"1280\" \/>\n\t<meta property=\"og:image:height\" content=\"720\" \/>\n\t<meta property=\"og:image:type\" content=\"image\/webp\" \/>\n<meta name=\"twitter:card\" content=\"summary_large_image\" \/>\n<meta name=\"twitter:label1\" content=\"Estimated reading time\" \/>\n\t<meta name=\"twitter:data1\" content=\"1 minute\" \/>\n<script type=\"application\/ld+json\" class=\"yoast-schema-graph\">{\"@context\":\"https:\/\/schema.org\",\"@graph\":[{\"@type\":\"WebPage\",\"@id\":\"https:\/\/tyden.dk\/en\/plastic-truck-seal\/\",\"url\":\"https:\/\/tyden.dk\/en\/plastic-truck-seal\/\",\"name\":\"\u200bPlastic Truck Seal - PTS - Tyden\",\"isPartOf\":{\"@id\":\"https:\/\/tyden.dk\/en\/#website\"},\"primaryImageOfPage\":{\"@id\":\"https:\/\/tyden.dk\/en\/plastic-truck-seal\/#primaryimage\"},\"image\":{\"@id\":\"https:\/\/tyden.dk\/en\/plastic-truck-seal\/#primaryimage\"},\"thumbnailUrl\":\"https:\/\/tyden.dk\/wp-content\/uploads\/2025\/06\/pts-7-5-red-closed.webp\",\"datePublished\":\"2025-06-12T10:50:24+00:00\",\"dateModified\":\"2025-08-28T11:30:53+00:00\",\"breadcrumb\":{\"@id\":\"https:\/\/tyden.dk\/en\/plastic-truck-seal\/#breadcrumb\"},\"inLanguage\":\"en-GB\",\"potentialAction\":[{\"@type\":\"ReadAction\",\"target\":[\"https:\/\/tyden.dk\/en\/plastic-truck-seal\/\"]}]},{\"@type\":\"ImageObject\",\"inLanguage\":\"en-GB\",\"@id\":\"https:\/\/tyden.dk\/en\/plastic-truck-seal\/#primaryimage\",\"url\":\"https:\/\/tyden.dk\/wp-content\/uploads\/2025\/06\/pts-7-5-red-closed.webp\",\"contentUrl\":\"https:\/\/tyden.dk\/wp-content\/uploads\/2025\/06\/pts-7-5-red-closed.webp\",\"width\":1280,\"height\":720},{\"@type\":\"BreadcrumbList\",\"@id\":\"https:\/\/tyden.dk\/en\/plastic-truck-seal\/#breadcrumb\",\"itemListElement\":[{\"@type\":\"ListItem\",\"position\":1,\"name\":\"Hjem\",\"item\":\"https:\/\/tyden.dk\/\"},{\"@type\":\"ListItem\",\"position\":2,\"name\":\"Varer\",\"item\":\"https:\/\/tyden.dk\/shop\/\"},{\"@type\":\"ListItem\",\"position\":3,\"name\":\"\u200bPlastic Truck Seal &#8211; PTS\"}]},{\"@type\":\"WebSite\",\"@id\":\"https:\/\/tyden.dk\/en\/#website\",\"url\":\"https:\/\/tyden.dk\/en\/\",\"name\":\"Tyden\",\"description\":\"\",\"publisher\":{\"@id\":\"https:\/\/tyden.dk\/en\/#organization\"},\"potentialAction\":[{\"@type\":\"SearchAction\",\"target\":{\"@type\":\"EntryPoint\",\"urlTemplate\":\"https:\/\/tyden.dk\/en\/?s={search_term_string}\"},\"query-input\":{\"@type\":\"PropertyValueSpecification\",\"valueRequired\":true,\"valueName\":\"search_term_string\"}}],\"inLanguage\":\"en-GB\"},{\"@type\":\"Organization\",\"@id\":\"https:\/\/tyden.dk\/en\/#organization\",\"name\":\"Tyden\",\"url\":\"https:\/\/tyden.dk\/en\/\",\"logo\":{\"@type\":\"ImageObject\",\"inLanguage\":\"en-GB\",\"@id\":\"https:\/\/tyden.dk\/en\/#\/schema\/logo\/image\/\",\"url\":\"https:\/\/tyden.dk\/wp-content\/uploads\/2025\/05\/logo_3_2_4286.png\",\"contentUrl\":\"https:\/\/tyden.dk\/wp-content\/uploads\/2025\/05\/logo_3_2_4286.png\",\"width\":341,\"height\":80,\"caption\":\"Tyden\"},\"image\":{\"@id\":\"https:\/\/tyden.dk\/en\/#\/schema\/logo\/image\/\"},\"sameAs\":[\"https:\/\/www.facebook.com\/www.tyden.dk\/\"]}]}<\/script>\n<!-- \/ Yoast SEO plugin. -->","yoast_head_json":{"title":"Plastic Truck Seal - PTS - Tyden","robots":{"index":"index","follow":"follow","max-snippet":"max-snippet:-1","max-image-preview":"max-image-preview:large","max-video-preview":"max-video-preview:-1"},"canonical":"https:\/\/tyden.dk\/en\/plastic-truck-seal\/","og_locale":"en_GB","og_type":"article","og_title":"\u200bPlastic Truck Seal - PTS - Tyden","og_description":"PTS eller Plastic Truck Seal Enkel effektiv plastplombe, med en gangs l\u00e5s \/ Fix l\u00e6ngde plombe . L\u00e6ngde 19 cm Bredde 0,9 cm. Kan pr\u00e6ges med op til 20 karakterer og op til 7 numre. Mulighed for stregkode labels. F\u00f8res i mange forskellige farver. Typisk applikation: Containere \/ Lastbiler \/ Banevogne.","og_url":"https:\/\/tyden.dk\/en\/plastic-truck-seal\/","og_site_name":"Tyden","article_publisher":"https:\/\/www.facebook.com\/www.tyden.dk\/","article_modified_time":"2025-08-28T11:30:53+00:00","og_image":[{"width":1280,"height":720,"url":"https:\/\/tyden.dk\/wp-content\/uploads\/2025\/06\/pts-7-5-red-closed.webp","type":"image\/webp"}],"twitter_card":"summary_large_image","twitter_misc":{"Estimated reading time":"1 minute"},"schema":{"@context":"https:\/\/schema.org","@graph":[{"@type":"WebPage","@id":"https:\/\/tyden.dk\/en\/plastic-truck-seal\/","url":"https:\/\/tyden.dk\/en\/plastic-truck-seal\/","name":"Plastic Truck Seal - PTS - Tyden","isPartOf":{"@id":"https:\/\/tyden.dk\/en\/#website"},"primaryImageOfPage":{"@id":"https:\/\/tyden.dk\/en\/plastic-truck-seal\/#primaryimage"},"image":{"@id":"https:\/\/tyden.dk\/en\/plastic-truck-seal\/#primaryimage"},"thumbnailUrl":"https:\/\/tyden.dk\/wp-content\/uploads\/2025\/06\/pts-7-5-red-closed.webp","datePublished":"2025-06-12T10:50:24+00:00","dateModified":"2025-08-28T11:30:53+00:00","breadcrumb":{"@id":"https:\/\/tyden.dk\/en\/plastic-truck-seal\/#breadcrumb"},"inLanguage":"en-GB","potentialAction":[{"@type":"ReadAction","target":["https:\/\/tyden.dk\/en\/plastic-truck-seal\/"]}]},{"@type":"ImageObject","inLanguage":"en-GB","@id":"https:\/\/tyden.dk\/en\/plastic-truck-seal\/#primaryimage","url":"https:\/\/tyden.dk\/wp-content\/uploads\/2025\/06\/pts-7-5-red-closed.webp","contentUrl":"https:\/\/tyden.dk\/wp-content\/uploads\/2025\/06\/pts-7-5-red-closed.webp","width":1280,"height":720},{"@type":"BreadcrumbList","@id":"https:\/\/tyden.dk\/en\/plastic-truck-seal\/#breadcrumb","itemListElement":[{"@type":"ListItem","position":1,"name":"Hjem","item":"https:\/\/tyden.dk\/"},{"@type":"ListItem","position":2,"name":"Varer","item":"https:\/\/tyden.dk\/shop\/"},{"@type":"ListItem","position":3,"name":"\u200bPlastic Truck Seal &#8211; PTS"}]},{"@type":"WebSite","@id":"https:\/\/tyden.dk\/en\/#website","url":"https:\/\/tyden.dk\/en\/","name":"Tyden","description":"","publisher":{"@id":"https:\/\/tyden.dk\/en\/#organization"},"potentialAction":[{"@type":"SearchAction","target":{"@type":"EntryPoint","urlTemplate":"https:\/\/tyden.dk\/en\/?s={search_term_string}"},"query-input":{"@type":"PropertyValueSpecification","valueRequired":true,"valueName":"search_term_string"}}],"inLanguage":"en-GB"},{"@type":"Organization","@id":"https:\/\/tyden.dk\/en\/#organization","name":"Tyden","url":"https:\/\/tyden.dk\/en\/","logo":{"@type":"ImageObject","inLanguage":"en-GB","@id":"https:\/\/tyden.dk\/en\/#\/schema\/logo\/image\/","url":"https:\/\/tyden.dk\/wp-content\/uploads\/2025\/05\/logo_3_2_4286.png","contentUrl":"https:\/\/tyden.dk\/wp-content\/uploads\/2025\/05\/logo_3_2_4286.png","width":341,"height":80,"caption":"Tyden"},"image":{"@id":"https:\/\/tyden.dk\/en\/#\/schema\/logo\/image\/"},"sameAs":["https:\/\/www.facebook.com\/www.tyden.dk\/"]}]}},"_links":{"self":[{"href":"https:\/\/tyden.dk\/en\/wp-json\/wp\/v2\/product\/1138","targetHints":{"allow":["GET"]}}],"collection":[{"href":"https:\/\/tyden.dk\/en\/wp-json\/wp\/v2\/product"}],"about":[{"href":"https:\/\/tyden.dk\/en\/wp-json\/wp\/v2\/types\/product"}],"replies":[{"embeddable":true,"href":"https:\/\/tyden.dk\/en\/wp-json\/wp\/v2\/comments?post=1138"}],"wp:featuredmedia":[{"embeddable":true,"href":"https:\/\/tyden.dk\/en\/wp-json\/wp\/v2\/media\/1606"}],"wp:attachment":[{"href":"https:\/\/tyden.dk\/en\/wp-json\/wp\/v2\/media?parent=1138"}],"wp:term":[{"taxonomy":"product_brand","embeddable":true,"href":"https:\/\/tyden.dk\/en\/wp-json\/wp\/v2\/product_brand?post=1138"},{"taxonomy":"product_cat","embeddable":true,"href":"https:\/\/tyden.dk\/en\/wp-json\/wp\/v2\/product_cat?post=1138"},{"taxonomy":"product_tag","embeddable":true,"href":"https:\/\/tyden.dk\/en\/wp-json\/wp\/v2\/product_tag?post=1138"}],"curies":[{"name":"wp","href":"https:\/\/api.w.org\/{rel}","templated":true}]}}