{"id":1119,"date":"2025-06-12T11:33:56","date_gmt":"2025-06-12T10:33:56","guid":{"rendered":"https:\/\/darkorange-jay-383513.hostingersite.com\/?post_type=product&#038;p=1119"},"modified":"2025-10-30T17:16:16","modified_gmt":"2025-10-30T16:16:16","slug":"gemini-tote-seal","status":"publish","type":"product","link":"https:\/\/tyden.dk\/en\/gemini-tote-seal\/","title":{"rendered":"Gemini tote Seal - RED"},"content":{"rendered":"<p>This model is being phased out of our range.<\/p>\n<p>We have a batch of RED left in stock - comes in sets - 2 seals with the same number = 1000 pieces per box = 500 seals x 2<\/p>\n<p>&nbsp;<\/p>","protected":false},"excerpt":{"rendered":"<p>RED Medicine box seal in sets of 2 with identical number, comes in boxes of 1000 = 500 Numbers<\/p>","protected":false},"featured_media":1121,"comment_status":"open","ping_status":"closed","template":"","meta":[],"product_brand":[],"product_cat":[39,37],"product_tag":[],"class_list":{"0":"post-1119","1":"product","2":"type-product","3":"status-publish","4":"has-post-thumbnail","6":"product_cat-lastbilplomber","7":"product_cat-plastplomber","9":"first","10":"instock","11":"shipping-taxable","12":"product-type-simple"},"yoast_head":"<!-- This site is optimized with the Yoast SEO plugin v27.1.1 - https:\/\/yoast.com\/product\/yoast-seo-wordpress\/ -->\n<title>Gemini tote Seal - R\u00d8D - Tyden<\/title>\n<meta name=\"robots\" content=\"index, follow, max-snippet:-1, max-image-preview:large, max-video-preview:-1\" \/>\n<link rel=\"canonical\" href=\"https:\/\/tyden.dk\/en\/gemini-tote-seal\/\" \/>\n<meta property=\"og:locale\" content=\"en_GB\" \/>\n<meta property=\"og:type\" content=\"article\" \/>\n<meta property=\"og:title\" content=\"Gemini tote Seal - R\u00d8D - Tyden\" \/>\n<meta property=\"og:description\" content=\"R\u00d8D Medicin kasse plombe i s\u00e6t \u00e1 2 stk. med identisk nummer, kommer i kasser \u00e1 1000 stk. = 500 Numre\" \/>\n<meta property=\"og:url\" content=\"https:\/\/tyden.dk\/en\/gemini-tote-seal\/\" \/>\n<meta property=\"og:site_name\" content=\"Tyden\" \/>\n<meta property=\"article:publisher\" content=\"https:\/\/www.facebook.com\/www.tyden.dk\/\" \/>\n<meta property=\"article:modified_time\" content=\"2025-10-30T16:16:16+00:00\" \/>\n<meta property=\"og:image\" content=\"https:\/\/darkorange-jay-383513.hostingersite.com\/wp-content\/uploads\/2025\/06\/10_1009_5458-e1749724429994.jpg\" \/>\n\t<meta property=\"og:image:width\" content=\"154\" \/>\n\t<meta property=\"og:image:height\" content=\"153\" \/>\n\t<meta property=\"og:image:type\" content=\"image\/jpeg\" \/>\n<meta name=\"twitter:card\" content=\"summary_large_image\" \/>\n<meta name=\"twitter:label1\" content=\"Estimated reading time\" \/>\n\t<meta name=\"twitter:data1\" content=\"1 minute\" \/>\n<script type=\"application\/ld+json\" class=\"yoast-schema-graph\">{\"@context\":\"https:\/\/schema.org\",\"@graph\":[{\"@type\":\"WebPage\",\"@id\":\"https:\/\/tyden.dk\/en\/gemini-tote-seal\/\",\"url\":\"https:\/\/tyden.dk\/en\/gemini-tote-seal\/\",\"name\":\"Gemini tote Seal - R\u00d8D - Tyden\",\"isPartOf\":{\"@id\":\"https:\/\/tyden.dk\/en\/#website\"},\"primaryImageOfPage\":{\"@id\":\"https:\/\/tyden.dk\/en\/gemini-tote-seal\/#primaryimage\"},\"image\":{\"@id\":\"https:\/\/tyden.dk\/en\/gemini-tote-seal\/#primaryimage\"},\"thumbnailUrl\":\"https:\/\/tyden.dk\/wp-content\/uploads\/2025\/06\/10_1009_5458-e1749724429994.jpg\",\"datePublished\":\"2025-06-12T10:33:56+00:00\",\"dateModified\":\"2025-10-30T16:16:16+00:00\",\"breadcrumb\":{\"@id\":\"https:\/\/tyden.dk\/en\/gemini-tote-seal\/#breadcrumb\"},\"inLanguage\":\"en-GB\",\"potentialAction\":[{\"@type\":\"ReadAction\",\"target\":[\"https:\/\/tyden.dk\/en\/gemini-tote-seal\/\"]}]},{\"@type\":\"ImageObject\",\"inLanguage\":\"en-GB\",\"@id\":\"https:\/\/tyden.dk\/en\/gemini-tote-seal\/#primaryimage\",\"url\":\"https:\/\/tyden.dk\/wp-content\/uploads\/2025\/06\/10_1009_5458-e1749724429994.jpg\",\"contentUrl\":\"https:\/\/tyden.dk\/wp-content\/uploads\/2025\/06\/10_1009_5458-e1749724429994.jpg\",\"width\":154,\"height\":153},{\"@type\":\"BreadcrumbList\",\"@id\":\"https:\/\/tyden.dk\/en\/gemini-tote-seal\/#breadcrumb\",\"itemListElement\":[{\"@type\":\"ListItem\",\"position\":1,\"name\":\"Hjem\",\"item\":\"https:\/\/tyden.dk\/\"},{\"@type\":\"ListItem\",\"position\":2,\"name\":\"Varer\",\"item\":\"https:\/\/tyden.dk\/shop\/\"},{\"@type\":\"ListItem\",\"position\":3,\"name\":\"Gemini tote Seal &#8211; R\u00d8D\"}]},{\"@type\":\"WebSite\",\"@id\":\"https:\/\/tyden.dk\/en\/#website\",\"url\":\"https:\/\/tyden.dk\/en\/\",\"name\":\"Tyden\",\"description\":\"\",\"publisher\":{\"@id\":\"https:\/\/tyden.dk\/en\/#organization\"},\"potentialAction\":[{\"@type\":\"SearchAction\",\"target\":{\"@type\":\"EntryPoint\",\"urlTemplate\":\"https:\/\/tyden.dk\/en\/?s={search_term_string}\"},\"query-input\":{\"@type\":\"PropertyValueSpecification\",\"valueRequired\":true,\"valueName\":\"search_term_string\"}}],\"inLanguage\":\"en-GB\"},{\"@type\":\"Organization\",\"@id\":\"https:\/\/tyden.dk\/en\/#organization\",\"name\":\"Tyden\",\"url\":\"https:\/\/tyden.dk\/en\/\",\"logo\":{\"@type\":\"ImageObject\",\"inLanguage\":\"en-GB\",\"@id\":\"https:\/\/tyden.dk\/en\/#\/schema\/logo\/image\/\",\"url\":\"https:\/\/tyden.dk\/wp-content\/uploads\/2025\/05\/logo_3_2_4286.png\",\"contentUrl\":\"https:\/\/tyden.dk\/wp-content\/uploads\/2025\/05\/logo_3_2_4286.png\",\"width\":341,\"height\":80,\"caption\":\"Tyden\"},\"image\":{\"@id\":\"https:\/\/tyden.dk\/en\/#\/schema\/logo\/image\/\"},\"sameAs\":[\"https:\/\/www.facebook.com\/www.tyden.dk\/\"]}]}<\/script>\n<!-- \/ Yoast SEO plugin. -->","yoast_head_json":{"title":"Gemini tote Seal - RED - Tyden","robots":{"index":"index","follow":"follow","max-snippet":"max-snippet:-1","max-image-preview":"max-image-preview:large","max-video-preview":"max-video-preview:-1"},"canonical":"https:\/\/tyden.dk\/en\/gemini-tote-seal\/","og_locale":"en_GB","og_type":"article","og_title":"Gemini tote Seal - R\u00d8D - Tyden","og_description":"R\u00d8D Medicin kasse plombe i s\u00e6t \u00e1 2 stk. med identisk nummer, kommer i kasser \u00e1 1000 stk. = 500 Numre","og_url":"https:\/\/tyden.dk\/en\/gemini-tote-seal\/","og_site_name":"Tyden","article_publisher":"https:\/\/www.facebook.com\/www.tyden.dk\/","article_modified_time":"2025-10-30T16:16:16+00:00","og_image":[{"width":154,"height":153,"url":"https:\/\/darkorange-jay-383513.hostingersite.com\/wp-content\/uploads\/2025\/06\/10_1009_5458-e1749724429994.jpg","type":"image\/jpeg"}],"twitter_card":"summary_large_image","twitter_misc":{"Estimated reading time":"1 minute"},"schema":{"@context":"https:\/\/schema.org","@graph":[{"@type":"WebPage","@id":"https:\/\/tyden.dk\/en\/gemini-tote-seal\/","url":"https:\/\/tyden.dk\/en\/gemini-tote-seal\/","name":"Gemini tote Seal - RED - Tyden","isPartOf":{"@id":"https:\/\/tyden.dk\/en\/#website"},"primaryImageOfPage":{"@id":"https:\/\/tyden.dk\/en\/gemini-tote-seal\/#primaryimage"},"image":{"@id":"https:\/\/tyden.dk\/en\/gemini-tote-seal\/#primaryimage"},"thumbnailUrl":"https:\/\/tyden.dk\/wp-content\/uploads\/2025\/06\/10_1009_5458-e1749724429994.jpg","datePublished":"2025-06-12T10:33:56+00:00","dateModified":"2025-10-30T16:16:16+00:00","breadcrumb":{"@id":"https:\/\/tyden.dk\/en\/gemini-tote-seal\/#breadcrumb"},"inLanguage":"en-GB","potentialAction":[{"@type":"ReadAction","target":["https:\/\/tyden.dk\/en\/gemini-tote-seal\/"]}]},{"@type":"ImageObject","inLanguage":"en-GB","@id":"https:\/\/tyden.dk\/en\/gemini-tote-seal\/#primaryimage","url":"https:\/\/tyden.dk\/wp-content\/uploads\/2025\/06\/10_1009_5458-e1749724429994.jpg","contentUrl":"https:\/\/tyden.dk\/wp-content\/uploads\/2025\/06\/10_1009_5458-e1749724429994.jpg","width":154,"height":153},{"@type":"BreadcrumbList","@id":"https:\/\/tyden.dk\/en\/gemini-tote-seal\/#breadcrumb","itemListElement":[{"@type":"ListItem","position":1,"name":"Hjem","item":"https:\/\/tyden.dk\/"},{"@type":"ListItem","position":2,"name":"Varer","item":"https:\/\/tyden.dk\/shop\/"},{"@type":"ListItem","position":3,"name":"Gemini tote Seal &#8211; R\u00d8D"}]},{"@type":"WebSite","@id":"https:\/\/tyden.dk\/en\/#website","url":"https:\/\/tyden.dk\/en\/","name":"Tyden","description":"","publisher":{"@id":"https:\/\/tyden.dk\/en\/#organization"},"potentialAction":[{"@type":"SearchAction","target":{"@type":"EntryPoint","urlTemplate":"https:\/\/tyden.dk\/en\/?s={search_term_string}"},"query-input":{"@type":"PropertyValueSpecification","valueRequired":true,"valueName":"search_term_string"}}],"inLanguage":"en-GB"},{"@type":"Organization","@id":"https:\/\/tyden.dk\/en\/#organization","name":"Tyden","url":"https:\/\/tyden.dk\/en\/","logo":{"@type":"ImageObject","inLanguage":"en-GB","@id":"https:\/\/tyden.dk\/en\/#\/schema\/logo\/image\/","url":"https:\/\/tyden.dk\/wp-content\/uploads\/2025\/05\/logo_3_2_4286.png","contentUrl":"https:\/\/tyden.dk\/wp-content\/uploads\/2025\/05\/logo_3_2_4286.png","width":341,"height":80,"caption":"Tyden"},"image":{"@id":"https:\/\/tyden.dk\/en\/#\/schema\/logo\/image\/"},"sameAs":["https:\/\/www.facebook.com\/www.tyden.dk\/"]}]}},"_links":{"self":[{"href":"https:\/\/tyden.dk\/en\/wp-json\/wp\/v2\/product\/1119","targetHints":{"allow":["GET"]}}],"collection":[{"href":"https:\/\/tyden.dk\/en\/wp-json\/wp\/v2\/product"}],"about":[{"href":"https:\/\/tyden.dk\/en\/wp-json\/wp\/v2\/types\/product"}],"replies":[{"embeddable":true,"href":"https:\/\/tyden.dk\/en\/wp-json\/wp\/v2\/comments?post=1119"}],"wp:featuredmedia":[{"embeddable":true,"href":"https:\/\/tyden.dk\/en\/wp-json\/wp\/v2\/media\/1121"}],"wp:attachment":[{"href":"https:\/\/tyden.dk\/en\/wp-json\/wp\/v2\/media?parent=1119"}],"wp:term":[{"taxonomy":"product_brand","embeddable":true,"href":"https:\/\/tyden.dk\/en\/wp-json\/wp\/v2\/product_brand?post=1119"},{"taxonomy":"product_cat","embeddable":true,"href":"https:\/\/tyden.dk\/en\/wp-json\/wp\/v2\/product_cat?post=1119"},{"taxonomy":"product_tag","embeddable":true,"href":"https:\/\/tyden.dk\/en\/wp-json\/wp\/v2\/product_tag?post=1119"}],"curies":[{"name":"wp","href":"https:\/\/api.w.org\/{rel}","templated":true}]}}