{"id":1106,"date":"2025-06-12T11:12:20","date_gmt":"2025-06-12T10:12:20","guid":{"rendered":"https:\/\/darkorange-jay-383513.hostingersite.com\/?post_type=product&#038;p=1106"},"modified":"2025-12-18T09:45:18","modified_gmt":"2025-12-18T08:45:18","slug":"reusable-shackles-for-securing-straddle-carriers","status":"publish","type":"product","link":"https:\/\/tyden.dk\/en\/reusable-shackles-for-securing-straddle-carriers\/","title":{"rendered":"REUSABLE HANGERS FOR SECURING BYPASSES"},"content":{"rendered":"<p>Can be reused. Our MT 15 gauge seals or THE 95-12W are suitable for use when sealing - many other seals can also be used.<\/p>\n<p>Used to secure the union nut on water, heat and gas meters<br \/>\nColours: WHITE or TRANSPARENT - boxes of 1000 pcs.<\/p>\n<p><strong>Suitable for:<\/strong><br \/>\nDN 15 3\/4\u2033 DN 20 1\" DN 25 5\/4\" DN 40 2\"<\/p>","protected":false},"excerpt":{"rendered":"<p>Can be secured with e.g. MT 15 meter seal or THE 95-12 W - but many other types of seals can be used<\/p>","protected":false},"featured_media":1659,"comment_status":"open","ping_status":"closed","template":"","meta":[],"product_brand":[],"product_cat":[42,37,36],"product_tag":[],"class_list":{"0":"post-1106","1":"product","2":"type-product","3":"status-publish","4":"has-post-thumbnail","6":"product_cat-maalerplomber","7":"product_cat-plastplomber","8":"product_cat-plomber-til-maalere-brandslukkere-noedudgange","10":"first","11":"instock","12":"shipping-taxable","13":"product-type-simple"},"yoast_head":"<!-- This site is optimized with the Yoast SEO plugin v27.1.1 - https:\/\/yoast.com\/product\/yoast-seo-wordpress\/ -->\n<title>GENANVENDELIGE B\u00d8JLER TIL SIKRING AF OML\u00d8BERE - Tyden<\/title>\n<meta name=\"robots\" content=\"index, follow, max-snippet:-1, max-image-preview:large, max-video-preview:-1\" \/>\n<link rel=\"canonical\" href=\"https:\/\/tyden.dk\/en\/reusable-shackles-for-securing-straddle-carriers\/\" \/>\n<meta property=\"og:locale\" content=\"en_GB\" \/>\n<meta property=\"og:type\" content=\"article\" \/>\n<meta property=\"og:title\" content=\"GENANVENDELIGE B\u00d8JLER TIL SIKRING AF OML\u00d8BERE - Tyden\" \/>\n<meta property=\"og:description\" content=\"Kan sikres med f.eks. MT 15 m\u00e5ler plombe eller THE 95-12 W - men mange andre typer plomber kan benyttes\" \/>\n<meta property=\"og:url\" content=\"https:\/\/tyden.dk\/en\/reusable-shackles-for-securing-straddle-carriers\/\" \/>\n<meta property=\"og:site_name\" content=\"Tyden\" \/>\n<meta property=\"article:publisher\" content=\"https:\/\/www.facebook.com\/www.tyden.dk\/\" \/>\n<meta property=\"article:modified_time\" content=\"2025-12-18T08:45:18+00:00\" \/>\n<meta property=\"og:image\" content=\"https:\/\/tyden.dk\/wp-content\/uploads\/2025\/06\/OMLOeBER-BOeJLE-GENANVENDELIG.png\" \/>\n\t<meta property=\"og:image:width\" content=\"1000\" \/>\n\t<meta property=\"og:image:height\" content=\"832\" \/>\n\t<meta property=\"og:image:type\" content=\"image\/png\" \/>\n<meta name=\"twitter:card\" content=\"summary_large_image\" \/>\n<meta name=\"twitter:label1\" content=\"Estimated reading time\" \/>\n\t<meta name=\"twitter:data1\" content=\"1 minute\" \/>\n<script type=\"application\/ld+json\" class=\"yoast-schema-graph\">{\"@context\":\"https:\/\/schema.org\",\"@graph\":[{\"@type\":\"WebPage\",\"@id\":\"https:\/\/tyden.dk\/en\/reusable-shackles-for-securing-straddle-carriers\/\",\"url\":\"https:\/\/tyden.dk\/en\/reusable-shackles-for-securing-straddle-carriers\/\",\"name\":\"GENANVENDELIGE B\u00d8JLER TIL SIKRING AF OML\u00d8BERE - Tyden\",\"isPartOf\":{\"@id\":\"https:\/\/tyden.dk\/en\/#website\"},\"primaryImageOfPage\":{\"@id\":\"https:\/\/tyden.dk\/en\/reusable-shackles-for-securing-straddle-carriers\/#primaryimage\"},\"image\":{\"@id\":\"https:\/\/tyden.dk\/en\/reusable-shackles-for-securing-straddle-carriers\/#primaryimage\"},\"thumbnailUrl\":\"https:\/\/tyden.dk\/wp-content\/uploads\/2025\/06\/OMLOeBER-BOeJLE-GENANVENDELIG.png\",\"datePublished\":\"2025-06-12T10:12:20+00:00\",\"dateModified\":\"2025-12-18T08:45:18+00:00\",\"breadcrumb\":{\"@id\":\"https:\/\/tyden.dk\/en\/reusable-shackles-for-securing-straddle-carriers\/#breadcrumb\"},\"inLanguage\":\"en-GB\",\"potentialAction\":[{\"@type\":\"ReadAction\",\"target\":[\"https:\/\/tyden.dk\/en\/reusable-shackles-for-securing-straddle-carriers\/\"]}]},{\"@type\":\"ImageObject\",\"inLanguage\":\"en-GB\",\"@id\":\"https:\/\/tyden.dk\/en\/reusable-shackles-for-securing-straddle-carriers\/#primaryimage\",\"url\":\"https:\/\/tyden.dk\/wp-content\/uploads\/2025\/06\/OMLOeBER-BOeJLE-GENANVENDELIG.png\",\"contentUrl\":\"https:\/\/tyden.dk\/wp-content\/uploads\/2025\/06\/OMLOeBER-BOeJLE-GENANVENDELIG.png\",\"width\":1000,\"height\":832},{\"@type\":\"BreadcrumbList\",\"@id\":\"https:\/\/tyden.dk\/en\/reusable-shackles-for-securing-straddle-carriers\/#breadcrumb\",\"itemListElement\":[{\"@type\":\"ListItem\",\"position\":1,\"name\":\"Hjem\",\"item\":\"https:\/\/tyden.dk\/\"},{\"@type\":\"ListItem\",\"position\":2,\"name\":\"Varer\",\"item\":\"https:\/\/tyden.dk\/shop\/\"},{\"@type\":\"ListItem\",\"position\":3,\"name\":\"GENANVENDELIGE B\u00d8JLER TIL SIKRING AF OML\u00d8BERE\"}]},{\"@type\":\"WebSite\",\"@id\":\"https:\/\/tyden.dk\/en\/#website\",\"url\":\"https:\/\/tyden.dk\/en\/\",\"name\":\"Tyden\",\"description\":\"\",\"publisher\":{\"@id\":\"https:\/\/tyden.dk\/en\/#organization\"},\"potentialAction\":[{\"@type\":\"SearchAction\",\"target\":{\"@type\":\"EntryPoint\",\"urlTemplate\":\"https:\/\/tyden.dk\/en\/?s={search_term_string}\"},\"query-input\":{\"@type\":\"PropertyValueSpecification\",\"valueRequired\":true,\"valueName\":\"search_term_string\"}}],\"inLanguage\":\"en-GB\"},{\"@type\":\"Organization\",\"@id\":\"https:\/\/tyden.dk\/en\/#organization\",\"name\":\"Tyden\",\"url\":\"https:\/\/tyden.dk\/en\/\",\"logo\":{\"@type\":\"ImageObject\",\"inLanguage\":\"en-GB\",\"@id\":\"https:\/\/tyden.dk\/en\/#\/schema\/logo\/image\/\",\"url\":\"https:\/\/tyden.dk\/wp-content\/uploads\/2025\/05\/logo_3_2_4286.png\",\"contentUrl\":\"https:\/\/tyden.dk\/wp-content\/uploads\/2025\/05\/logo_3_2_4286.png\",\"width\":341,\"height\":80,\"caption\":\"Tyden\"},\"image\":{\"@id\":\"https:\/\/tyden.dk\/en\/#\/schema\/logo\/image\/\"},\"sameAs\":[\"https:\/\/www.facebook.com\/www.tyden.dk\/\"]}]}<\/script>\n<!-- \/ Yoast SEO plugin. -->","yoast_head_json":{"title":"REUSABLE WHEELS FOR SAFEGUARDING ORIENTED RUNNERS - Tyden","robots":{"index":"index","follow":"follow","max-snippet":"max-snippet:-1","max-image-preview":"max-image-preview:large","max-video-preview":"max-video-preview:-1"},"canonical":"https:\/\/tyden.dk\/en\/reusable-shackles-for-securing-straddle-carriers\/","og_locale":"en_GB","og_type":"article","og_title":"GENANVENDELIGE B\u00d8JLER TIL SIKRING AF OML\u00d8BERE - Tyden","og_description":"Kan sikres med f.eks. MT 15 m\u00e5ler plombe eller THE 95-12 W - men mange andre typer plomber kan benyttes","og_url":"https:\/\/tyden.dk\/en\/reusable-shackles-for-securing-straddle-carriers\/","og_site_name":"Tyden","article_publisher":"https:\/\/www.facebook.com\/www.tyden.dk\/","article_modified_time":"2025-12-18T08:45:18+00:00","og_image":[{"width":1000,"height":832,"url":"https:\/\/tyden.dk\/wp-content\/uploads\/2025\/06\/OMLOeBER-BOeJLE-GENANVENDELIG.png","type":"image\/png"}],"twitter_card":"summary_large_image","twitter_misc":{"Estimated reading time":"1 minute"},"schema":{"@context":"https:\/\/schema.org","@graph":[{"@type":"WebPage","@id":"https:\/\/tyden.dk\/en\/reusable-shackles-for-securing-straddle-carriers\/","url":"https:\/\/tyden.dk\/en\/reusable-shackles-for-securing-straddle-carriers\/","name":"REUSABLE WHEELS FOR SAFEGUARDING ORIENTED RUNNERS - Tyden","isPartOf":{"@id":"https:\/\/tyden.dk\/en\/#website"},"primaryImageOfPage":{"@id":"https:\/\/tyden.dk\/en\/reusable-shackles-for-securing-straddle-carriers\/#primaryimage"},"image":{"@id":"https:\/\/tyden.dk\/en\/reusable-shackles-for-securing-straddle-carriers\/#primaryimage"},"thumbnailUrl":"https:\/\/tyden.dk\/wp-content\/uploads\/2025\/06\/OMLOeBER-BOeJLE-GENANVENDELIG.png","datePublished":"2025-06-12T10:12:20+00:00","dateModified":"2025-12-18T08:45:18+00:00","breadcrumb":{"@id":"https:\/\/tyden.dk\/en\/reusable-shackles-for-securing-straddle-carriers\/#breadcrumb"},"inLanguage":"en-GB","potentialAction":[{"@type":"ReadAction","target":["https:\/\/tyden.dk\/en\/reusable-shackles-for-securing-straddle-carriers\/"]}]},{"@type":"ImageObject","inLanguage":"en-GB","@id":"https:\/\/tyden.dk\/en\/reusable-shackles-for-securing-straddle-carriers\/#primaryimage","url":"https:\/\/tyden.dk\/wp-content\/uploads\/2025\/06\/OMLOeBER-BOeJLE-GENANVENDELIG.png","contentUrl":"https:\/\/tyden.dk\/wp-content\/uploads\/2025\/06\/OMLOeBER-BOeJLE-GENANVENDELIG.png","width":1000,"height":832},{"@type":"BreadcrumbList","@id":"https:\/\/tyden.dk\/en\/reusable-shackles-for-securing-straddle-carriers\/#breadcrumb","itemListElement":[{"@type":"ListItem","position":1,"name":"Hjem","item":"https:\/\/tyden.dk\/"},{"@type":"ListItem","position":2,"name":"Varer","item":"https:\/\/tyden.dk\/shop\/"},{"@type":"ListItem","position":3,"name":"GENANVENDELIGE B\u00d8JLER TIL SIKRING AF OML\u00d8BERE"}]},{"@type":"WebSite","@id":"https:\/\/tyden.dk\/en\/#website","url":"https:\/\/tyden.dk\/en\/","name":"Tyden","description":"","publisher":{"@id":"https:\/\/tyden.dk\/en\/#organization"},"potentialAction":[{"@type":"SearchAction","target":{"@type":"EntryPoint","urlTemplate":"https:\/\/tyden.dk\/en\/?s={search_term_string}"},"query-input":{"@type":"PropertyValueSpecification","valueRequired":true,"valueName":"search_term_string"}}],"inLanguage":"en-GB"},{"@type":"Organization","@id":"https:\/\/tyden.dk\/en\/#organization","name":"Tyden","url":"https:\/\/tyden.dk\/en\/","logo":{"@type":"ImageObject","inLanguage":"en-GB","@id":"https:\/\/tyden.dk\/en\/#\/schema\/logo\/image\/","url":"https:\/\/tyden.dk\/wp-content\/uploads\/2025\/05\/logo_3_2_4286.png","contentUrl":"https:\/\/tyden.dk\/wp-content\/uploads\/2025\/05\/logo_3_2_4286.png","width":341,"height":80,"caption":"Tyden"},"image":{"@id":"https:\/\/tyden.dk\/en\/#\/schema\/logo\/image\/"},"sameAs":["https:\/\/www.facebook.com\/www.tyden.dk\/"]}]}},"_links":{"self":[{"href":"https:\/\/tyden.dk\/en\/wp-json\/wp\/v2\/product\/1106","targetHints":{"allow":["GET"]}}],"collection":[{"href":"https:\/\/tyden.dk\/en\/wp-json\/wp\/v2\/product"}],"about":[{"href":"https:\/\/tyden.dk\/en\/wp-json\/wp\/v2\/types\/product"}],"replies":[{"embeddable":true,"href":"https:\/\/tyden.dk\/en\/wp-json\/wp\/v2\/comments?post=1106"}],"wp:featuredmedia":[{"embeddable":true,"href":"https:\/\/tyden.dk\/en\/wp-json\/wp\/v2\/media\/1659"}],"wp:attachment":[{"href":"https:\/\/tyden.dk\/en\/wp-json\/wp\/v2\/media?parent=1106"}],"wp:term":[{"taxonomy":"product_brand","embeddable":true,"href":"https:\/\/tyden.dk\/en\/wp-json\/wp\/v2\/product_brand?post=1106"},{"taxonomy":"product_cat","embeddable":true,"href":"https:\/\/tyden.dk\/en\/wp-json\/wp\/v2\/product_cat?post=1106"},{"taxonomy":"product_tag","embeddable":true,"href":"https:\/\/tyden.dk\/en\/wp-json\/wp\/v2\/product_tag?post=1106"}],"curies":[{"name":"wp","href":"https:\/\/api.w.org\/{rel}","templated":true}]}}